{"id":574,"date":"2016-10-17T01:45:59","date_gmt":"2016-10-16T23:45:59","guid":{"rendered":"http:\/\/caminosantiagoacaballo.com\/2016\/fr\/camino-primitivo\/"},"modified":"2022-10-06T18:20:57","modified_gmt":"2022-10-06T16:20:57","slug":"chemin-primitif","status":"publish","type":"page","link":"https:\/\/www.caminosantiagoacaballo.com\/fr\/chemin-primitif\/","title":{"rendered":"Chemin primitif"},"content":{"rendered":"<\/p>\n<p><center><iframe src=\"https:\/\/www.google.com\/maps\/d\/embed?mid=1IAHj_96MtJ57yWGyA9CwST3GUeM\" width=\"95%\" height=\"480\" data-mce-fragment=\"1\"><\/iframe><\/center><center><\/center><\/p>\n<p>Le fait que ce beau Camino soit connu sous le nom de Camino Primitivo n&rsquo;est \u00e9videmment pas un hasard. Peu de temps apr\u00e8s la d\u00e9couverte du tombeau de l&rsquo;Ap\u00f4tre, \u00e0 travers la belle histoire ou la l\u00e9gende qui est pass\u00e9e \u00e0 la post\u00e9rit\u00e9, la premi\u00e8re personne \u00e0 apprendre cette d\u00e9couverte fut le roi des Asturies de l&rsquo;\u00e9poque, Alphonse II le Chaste, qui fut \u00e9galement le premier monarque \u00e0 effectuer le p\u00e8lerinage, en empruntant la route qui traverse l&rsquo;int\u00e9rieur des Asturies en direction de Lugo et plus tard vers la capitale de Compostelle. Cet itin\u00e9raire primitif, rude et accident\u00e9, mais impressionnant et magnifique, est pr\u00e9serv\u00e9 avec tout son charme, \u00e0 l&rsquo;exception des modifications occasionnelles que les infrastructures modernes rendent n\u00e9cessaires, comme c&rsquo;est le cas pour toutes les routes ou chemins. La fin de l&rsquo;itin\u00e9raire, tout pr\u00e8s de Saint-Jacques-de-Compostelle, se confond avec le grand chemin de p\u00e8lerinage, le Chemin fran\u00e7ais. Nous pouvons assurer que le passage des p\u00e8lerins par d&rsquo;innombrables coins charmants, des villages, des villes comme Grado, Salas, Tineo, Grandas de Salime, parmi beaucoup d&rsquo;autres, et surtout l&rsquo;ancienne Lugo, font de ce p\u00e8lerinage l&rsquo;un des plus int\u00e9ressants, attachants et embl\u00e9matiques. Le Chemin Primitif de p\u00e8lerinage \u00e0 Compostelle \u00e9tait celui utilis\u00e9 par les premiers d\u00e9vots, qui venaient du royaume naissant des Asturies. Il s&rsquo;agit donc du premier itin\u00e9raire jacob\u00e9en, d&rsquo;o\u00f9 son nom actuel.<\/p>\n<p>Le Chemin Primitif avait son principal point d&rsquo;origine dans la ville d&rsquo;Oviedo, mais il \u00e9tait \u00e9galement suivi par des p\u00e8lerins d&rsquo;autres r\u00e9gions du nord de l&rsquo;Espagne et d&rsquo;Europe. Il se peut qu&rsquo;il s&rsquo;agisse d&rsquo;une route s\u00fbre et fr\u00e9quent\u00e9e jusqu&rsquo;au milieu du 20e si\u00e8cle. X, l&rsquo;actuelle route fran\u00e7aise a \u00e9t\u00e9 consolid\u00e9e depuis Le\u00f3n, la nouvelle capitale du Royaume. Malgr\u00e9 cela, la route d&rsquo;Oviedo vers Compostelle restait une alternative pertinente.<\/p>\n<p><strong>ITIN\u00c9RAIRE<\/strong><\/p>\n<p>Le Chemin Primitif quitte les Asturies par la ville de Bustelo del Camino. Il entre en Galice par le beau et difficile col d&rsquo;O Acebo (1 030 m). D&rsquo;ici, le p\u00e8lerin a encore 144 kilom\u00e8tres \u00e0 parcourir jusqu&rsquo;\u00e0 Santiago.<\/p>\n<p><img fetchpriority=\"high\" decoding=\"async\" src=\"https:\/\/www.caminosantiagoacaballo.com\/wp-content\/uploads\/2022\/09\/camino-primitivo-1.jpg\" alt=\"\" width=\"500\" height=\"373\"><\/p>\n<p>Au milieu d&rsquo;un paysage de haute montagne spectaculaire, vous atteignez bient\u00f4t le premier village galicien sur la route. Il s&rsquo;agit du village de Fonfr\u00eda. L&rsquo;une des routes m\u00e8ne directement \u00e0 A Fonsagrada (952 m), capitale de la municipalit\u00e9 et de la vaste r\u00e9gion du m\u00eame nom et plus grande ville avant d&rsquo;atteindre la ville de Lugo. Depuis A Fonsagrada, le Chemin, apr\u00e8s avoir travers\u00e9, entre autres, la ville de San Xo\u00e1n de Padr\u00f3n, atteint bient\u00f4t le lieu de Montouto, o\u00f9 la route redevient unique. L&rsquo;itin\u00e9raire que propose la route depuis Paradanova conduit les p\u00e8lerins \u00e0 A Pobra de Bur\u00f3n. Le passage de la route de p\u00e8lerinage par cette ancienne ville est document\u00e9 depuis le 15e si\u00e8cle. XIII, mentionn\u00e9 comme \u00ab\u00a0Cammo d&rsquo;Ovedo\u00a0\u00bb.<\/p>\n<p>Depuis A Pobra de Bur\u00f3n, le p\u00e8lerin part en direction de Xestoso et de l&rsquo;h\u00f4pital voisin de Montouto (1 050 m), o\u00f9 ce chemin rejoint celui qui vient de A Fonsagrada. Le Chemin Primitif continue \u00e0 travers des terres ardois\u00e9es jusqu&rsquo;\u00e0 Parada Vella, une belle ville qui conserve une grande partie de son aspect ancien. O C\u00e1davo (71 O m), capitale de la municipalit\u00e9 de Baleira, est la deuxi\u00e8me ville importante que le p\u00e8lerin rencontre sur le Chemin Primitif de Galice. Le chemin de p\u00e8lerinage continue vers l&rsquo;ouest par l&rsquo;Alto de A Vaqueriza (840 m), pour atteindre Vilabade.<\/p>\n<p><img decoding=\"async\" src=\"https:\/\/www.caminosantiagoacaballo.com\/wp-content\/uploads\/2022\/09\/camino-primitivo-2.jpg\" alt=\"\" width=\"500\" height=\"373\"><\/p>\n<p>Vilabade est d\u00e9j\u00e0 aux portes de Castroverde (540 m), capitale de la commune du m\u00eame nom. \u00c0 partir de Castro Verde, on assiste \u00e0 une prolif\u00e9ration de r\u00e9f\u00e9rences au Chemin, tant documentaires (le Chemin est aussi appel\u00e9 \u00ab\u00a0fran\u00e7ais\u00a0\u00bb ici) que toponymiques, ainsi que de petits villages. Entre champs cultiv\u00e9s et villages continus, le Chemin traverse des lieux \u00e0 la toponymie jacob\u00e9enne indubitable, comme la Casa do Hospital. Les villages de Carballido, Fazai et Santiago de Castelo annoncent l&rsquo;entr\u00e9e de Lugo (475 m).<\/p>\n<p>La Voie Primitive entre dans l&rsquo;ancien Lucus Augusti par le mur de la ville. En quittant la ville et en passant par le village de O Franc\u00e9s (\u00e9galement connu sous le nom de \u00ab\u00a0Hospital\u00a0\u00bb), le Chemin entre dans la municipalit\u00e9 de Gunt\u00edn. \u00c0 partir de l\u00e0, l&rsquo;itin\u00e9raire emprunte d&rsquo;anciennes routes, presque toujours tr\u00e8s fr\u00e9quent\u00e9es, qui relient d&rsquo;innombrables petits villages ruraux, tels que Seixalbos, Xende, Ferreira, Augas Santas ou Merl\u00e1n, et entre dans la province de La Corogne apr\u00e8s avoir travers\u00e9 la cha\u00eene de montagnes du Care\u00f3n, sur le chemin du village jacob\u00e9en historique de Melide. Le Chemin Primitif se termine dans la ville de M\u00e9line, o\u00f9 il rejoint le Chemin Fran\u00e7ais.<\/p>\n<p>Melide (450m), une ville consid\u00e9r\u00e9e comme le centre g\u00e9ographique de la Galice. Apr\u00e8s Melide se trouve Casta\u00f1eda et plus loin, le p\u00e8lerin traverse la rivi\u00e8re Iso sur un petit pont jusqu&rsquo;\u00e0 l&rsquo;h\u00f4pital de Ribadiso. \u00c0 partir d&rsquo;Arz\u00faa, le Chemin traverse des prairies, des ch\u00eanes et des eucalyptus qui entourent de petits villages tels que : Calzada, Calle, Ferreiros, Salceda, Brea, Santa Irene, R\u00faa et O Pino, la derni\u00e8re municipalit\u00e9 avant Santiago.<\/p>\n<p><img decoding=\"async\" src=\"https:\/\/www.caminosantiagoacaballo.com\/wp-content\/uploads\/2022\/09\/camino-primitivo-3.jpg\" alt=\"\" width=\"500\" height=\"373\"><\/p>\n<p>D\u00e9j\u00e0 dans la municipalit\u00e9 de Santiago, et apr\u00e8s \u00eatre pass\u00e9 par les environs de l&rsquo;a\u00e9roport de la ville, le p\u00e8lerin arrive au centre de A Lavacolla. En laissant Lavacolla derri\u00e8re, le Monte do Gozo (380 m) est tout proche. Pendant la premi\u00e8re partie de ce tron\u00e7on, les p\u00e8lerins s&rsquo;attardaient joyeusement, proclamant comme \u00ab\u00a0roi du p\u00e8lerinage\u00a0\u00bb le premier du groupe qui avait atteint le sommet du Monte do Gozo.<\/p>\n<p><img loading=\"lazy\" decoding=\"async\" src=\"https:\/\/www.caminosantiagoacaballo.com\/wp-content\/uploads\/2022\/09\/camino-primitivo-4.jpg\" alt=\"\" width=\"500\" height=\"373\"><\/p>\n","protected":false},"excerpt":{"rendered":"<p>Le fait que ce beau Camino soit connu sous le nom de Camino Primitivo n&rsquo;est \u00e9videmment pas un hasard. Peu de temps apr\u00e8s la d\u00e9couverte du tombeau de l&rsquo;Ap\u00f4tre, \u00e0 travers la belle histoire ou la l\u00e9gende qui est pass\u00e9e \u00e0 la post\u00e9rit\u00e9, la premi\u00e8re personne \u00e0 apprendre cette d\u00e9couverte fut le roi des Asturies [&hellip;]<\/p>\n","protected":false},"author":1,"featured_media":0,"parent":0,"menu_order":0,"comment_status":"closed","ping_status":"closed","template":"","meta":{"_joinchat":[],"footnotes":""},"class_list":["post-574","page","type-page","status-publish","hentry"],"yoast_head":"<!-- This site is optimized with the Yoast SEO plugin v26.9 - https:\/\/yoast.com\/product\/yoast-seo-wordpress\/ -->\n<title>Chemin Primitif - Chemin de St Jacques \u00e0 cheval<\/title>\n<meta name=\"description\" content=\"Camino Primitivo, Asturies, Lugo, nous organisons des itin\u00e9raires \u00e0 cheval le long des voies fran\u00e7aises, portugaises, Via de la Plata, anglaises et autres.\" \/>\n<meta name=\"robots\" content=\"index, follow, max-snippet:-1, max-image-preview:large, max-video-preview:-1\" \/>\n<link rel=\"canonical\" href=\"https:\/\/www.caminosantiagoacaballo.com\/fr\/chemin-primitif\/\" \/>\n<meta property=\"og:locale\" content=\"fr_FR\" \/>\n<meta property=\"og:type\" content=\"article\" \/>\n<meta property=\"og:title\" content=\"Chemin Primitif - Chemin de St Jacques \u00e0 cheval\" \/>\n<meta property=\"og:description\" content=\"Camino Primitivo, Asturies, Lugo, nous organisons des itin\u00e9raires \u00e0 cheval le long des voies fran\u00e7aises, portugaises, Via de la Plata, anglaises et autres.\" \/>\n<meta property=\"og:url\" content=\"https:\/\/www.caminosantiagoacaballo.com\/fr\/chemin-primitif\/\" \/>\n<meta property=\"og:site_name\" content=\"Camino de Santiago a Caballo\" \/>\n<meta property=\"article:modified_time\" content=\"2022-10-06T16:20:57+00:00\" \/>\n<meta property=\"og:image\" content=\"https:\/\/www.caminosantiagoacaballo.com\/wp-content\/uploads\/2022\/09\/camino-primitivo-1.jpg\" \/>\n<meta name=\"twitter:card\" content=\"summary_large_image\" \/>\n<script type=\"application\/ld+json\" class=\"yoast-schema-graph\">{\"@context\":\"https:\/\/schema.org\",\"@graph\":[{\"@type\":\"WebPage\",\"@id\":\"https:\/\/www.caminosantiagoacaballo.com\/fr\/chemin-primitif\/\",\"url\":\"https:\/\/www.caminosantiagoacaballo.com\/fr\/chemin-primitif\/\",\"name\":\"Chemin Primitif - Chemin de St Jacques \u00e0 cheval\",\"isPartOf\":{\"@id\":\"https:\/\/www.caminosantiagoacaballo.com\/fr\/#website\"},\"primaryImageOfPage\":{\"@id\":\"https:\/\/www.caminosantiagoacaballo.com\/fr\/chemin-primitif\/#primaryimage\"},\"image\":{\"@id\":\"https:\/\/www.caminosantiagoacaballo.com\/fr\/chemin-primitif\/#primaryimage\"},\"thumbnailUrl\":\"https:\/\/www.caminosantiagoacaballo.com\/wp-content\/uploads\/2022\/09\/camino-primitivo-1.jpg\",\"datePublished\":\"2016-10-16T23:45:59+00:00\",\"dateModified\":\"2022-10-06T16:20:57+00:00\",\"description\":\"Camino Primitivo, Asturies, Lugo, nous organisons des itin\u00e9raires \u00e0 cheval le long des voies fran\u00e7aises, portugaises, Via de la Plata, anglaises et autres.\",\"breadcrumb\":{\"@id\":\"https:\/\/www.caminosantiagoacaballo.com\/fr\/chemin-primitif\/#breadcrumb\"},\"inLanguage\":\"fr-FR\",\"potentialAction\":[{\"@type\":\"ReadAction\",\"target\":[\"https:\/\/www.caminosantiagoacaballo.com\/fr\/chemin-primitif\/\"]}]},{\"@type\":\"ImageObject\",\"inLanguage\":\"fr-FR\",\"@id\":\"https:\/\/www.caminosantiagoacaballo.com\/fr\/chemin-primitif\/#primaryimage\",\"url\":\"https:\/\/www.caminosantiagoacaballo.com\/wp-content\/uploads\/2022\/09\/camino-primitivo-1.jpg\",\"contentUrl\":\"https:\/\/www.caminosantiagoacaballo.com\/wp-content\/uploads\/2022\/09\/camino-primitivo-1.jpg\"},{\"@type\":\"BreadcrumbList\",\"@id\":\"https:\/\/www.caminosantiagoacaballo.com\/fr\/chemin-primitif\/#breadcrumb\",\"itemListElement\":[{\"@type\":\"ListItem\",\"position\":1,\"name\":\"Portada\",\"item\":\"https:\/\/www.caminosantiagoacaballo.com\/fr\/\"},{\"@type\":\"ListItem\",\"position\":2,\"name\":\"Chemin primitif\"}]},{\"@type\":\"WebSite\",\"@id\":\"https:\/\/www.caminosantiagoacaballo.com\/fr\/#website\",\"url\":\"https:\/\/www.caminosantiagoacaballo.com\/fr\/\",\"name\":\"Camino de Santiago a Caballo\",\"description\":\"Realiza el Camino de Santiago con la mayor seguridad y comodidad a caballo\",\"publisher\":{\"@id\":\"https:\/\/www.caminosantiagoacaballo.com\/fr\/#organization\"},\"potentialAction\":[{\"@type\":\"SearchAction\",\"target\":{\"@type\":\"EntryPoint\",\"urlTemplate\":\"https:\/\/www.caminosantiagoacaballo.com\/fr\/?s={search_term_string}\"},\"query-input\":{\"@type\":\"PropertyValueSpecification\",\"valueRequired\":true,\"valueName\":\"search_term_string\"}}],\"inLanguage\":\"fr-FR\"},{\"@type\":\"Organization\",\"@id\":\"https:\/\/www.caminosantiagoacaballo.com\/fr\/#organization\",\"name\":\"Camino de Santiago a Caballo\",\"url\":\"https:\/\/www.caminosantiagoacaballo.com\/fr\/\",\"logo\":{\"@type\":\"ImageObject\",\"inLanguage\":\"fr-FR\",\"@id\":\"https:\/\/www.caminosantiagoacaballo.com\/fr\/#\/schema\/logo\/image\/\",\"url\":\"https:\/\/www.caminosantiagoacaballo.com\/wp-content\/uploads\/2022\/09\/camino-santiago-a-caballo-logo.jpg\",\"contentUrl\":\"https:\/\/www.caminosantiagoacaballo.com\/wp-content\/uploads\/2022\/09\/camino-santiago-a-caballo-logo.jpg\",\"width\":199,\"height\":180,\"caption\":\"Camino de Santiago a Caballo\"},\"image\":{\"@id\":\"https:\/\/www.caminosantiagoacaballo.com\/fr\/#\/schema\/logo\/image\/\"}}]}<\/script>\n<!-- \/ Yoast SEO plugin. -->","yoast_head_json":{"title":"Chemin Primitif - Chemin de St Jacques \u00e0 cheval","description":"Camino Primitivo, Asturies, Lugo, nous organisons des itin\u00e9raires \u00e0 cheval le long des voies fran\u00e7aises, portugaises, Via de la Plata, anglaises et autres.","robots":{"index":"index","follow":"follow","max-snippet":"max-snippet:-1","max-image-preview":"max-image-preview:large","max-video-preview":"max-video-preview:-1"},"canonical":"https:\/\/www.caminosantiagoacaballo.com\/fr\/chemin-primitif\/","og_locale":"fr_FR","og_type":"article","og_title":"Chemin Primitif - Chemin de St Jacques \u00e0 cheval","og_description":"Camino Primitivo, Asturies, Lugo, nous organisons des itin\u00e9raires \u00e0 cheval le long des voies fran\u00e7aises, portugaises, Via de la Plata, anglaises et autres.","og_url":"https:\/\/www.caminosantiagoacaballo.com\/fr\/chemin-primitif\/","og_site_name":"Camino de Santiago a Caballo","article_modified_time":"2022-10-06T16:20:57+00:00","og_image":[{"url":"https:\/\/www.caminosantiagoacaballo.com\/wp-content\/uploads\/2022\/09\/camino-primitivo-1.jpg","type":"","width":"","height":""}],"twitter_card":"summary_large_image","schema":{"@context":"https:\/\/schema.org","@graph":[{"@type":"WebPage","@id":"https:\/\/www.caminosantiagoacaballo.com\/fr\/chemin-primitif\/","url":"https:\/\/www.caminosantiagoacaballo.com\/fr\/chemin-primitif\/","name":"Chemin Primitif - Chemin de St Jacques \u00e0 cheval","isPartOf":{"@id":"https:\/\/www.caminosantiagoacaballo.com\/fr\/#website"},"primaryImageOfPage":{"@id":"https:\/\/www.caminosantiagoacaballo.com\/fr\/chemin-primitif\/#primaryimage"},"image":{"@id":"https:\/\/www.caminosantiagoacaballo.com\/fr\/chemin-primitif\/#primaryimage"},"thumbnailUrl":"https:\/\/www.caminosantiagoacaballo.com\/wp-content\/uploads\/2022\/09\/camino-primitivo-1.jpg","datePublished":"2016-10-16T23:45:59+00:00","dateModified":"2022-10-06T16:20:57+00:00","description":"Camino Primitivo, Asturies, Lugo, nous organisons des itin\u00e9raires \u00e0 cheval le long des voies fran\u00e7aises, portugaises, Via de la Plata, anglaises et autres.","breadcrumb":{"@id":"https:\/\/www.caminosantiagoacaballo.com\/fr\/chemin-primitif\/#breadcrumb"},"inLanguage":"fr-FR","potentialAction":[{"@type":"ReadAction","target":["https:\/\/www.caminosantiagoacaballo.com\/fr\/chemin-primitif\/"]}]},{"@type":"ImageObject","inLanguage":"fr-FR","@id":"https:\/\/www.caminosantiagoacaballo.com\/fr\/chemin-primitif\/#primaryimage","url":"https:\/\/www.caminosantiagoacaballo.com\/wp-content\/uploads\/2022\/09\/camino-primitivo-1.jpg","contentUrl":"https:\/\/www.caminosantiagoacaballo.com\/wp-content\/uploads\/2022\/09\/camino-primitivo-1.jpg"},{"@type":"BreadcrumbList","@id":"https:\/\/www.caminosantiagoacaballo.com\/fr\/chemin-primitif\/#breadcrumb","itemListElement":[{"@type":"ListItem","position":1,"name":"Portada","item":"https:\/\/www.caminosantiagoacaballo.com\/fr\/"},{"@type":"ListItem","position":2,"name":"Chemin primitif"}]},{"@type":"WebSite","@id":"https:\/\/www.caminosantiagoacaballo.com\/fr\/#website","url":"https:\/\/www.caminosantiagoacaballo.com\/fr\/","name":"Camino de Santiago a Caballo","description":"Realiza el Camino de Santiago con la mayor seguridad y comodidad a caballo","publisher":{"@id":"https:\/\/www.caminosantiagoacaballo.com\/fr\/#organization"},"potentialAction":[{"@type":"SearchAction","target":{"@type":"EntryPoint","urlTemplate":"https:\/\/www.caminosantiagoacaballo.com\/fr\/?s={search_term_string}"},"query-input":{"@type":"PropertyValueSpecification","valueRequired":true,"valueName":"search_term_string"}}],"inLanguage":"fr-FR"},{"@type":"Organization","@id":"https:\/\/www.caminosantiagoacaballo.com\/fr\/#organization","name":"Camino de Santiago a Caballo","url":"https:\/\/www.caminosantiagoacaballo.com\/fr\/","logo":{"@type":"ImageObject","inLanguage":"fr-FR","@id":"https:\/\/www.caminosantiagoacaballo.com\/fr\/#\/schema\/logo\/image\/","url":"https:\/\/www.caminosantiagoacaballo.com\/wp-content\/uploads\/2022\/09\/camino-santiago-a-caballo-logo.jpg","contentUrl":"https:\/\/www.caminosantiagoacaballo.com\/wp-content\/uploads\/2022\/09\/camino-santiago-a-caballo-logo.jpg","width":199,"height":180,"caption":"Camino de Santiago a Caballo"},"image":{"@id":"https:\/\/www.caminosantiagoacaballo.com\/fr\/#\/schema\/logo\/image\/"}}]}},"publishpress_future_workflow_manual_trigger":{"enabledWorkflows":[]},"_links":{"self":[{"href":"https:\/\/www.caminosantiagoacaballo.com\/fr\/wp-json\/wp\/v2\/pages\/574","targetHints":{"allow":["GET"]}}],"collection":[{"href":"https:\/\/www.caminosantiagoacaballo.com\/fr\/wp-json\/wp\/v2\/pages"}],"about":[{"href":"https:\/\/www.caminosantiagoacaballo.com\/fr\/wp-json\/wp\/v2\/types\/page"}],"author":[{"embeddable":true,"href":"https:\/\/www.caminosantiagoacaballo.com\/fr\/wp-json\/wp\/v2\/users\/1"}],"replies":[{"embeddable":true,"href":"https:\/\/www.caminosantiagoacaballo.com\/fr\/wp-json\/wp\/v2\/comments?post=574"}],"version-history":[{"count":0,"href":"https:\/\/www.caminosantiagoacaballo.com\/fr\/wp-json\/wp\/v2\/pages\/574\/revisions"}],"wp:attachment":[{"href":"https:\/\/www.caminosantiagoacaballo.com\/fr\/wp-json\/wp\/v2\/media?parent=574"}],"curies":[{"name":"wp","href":"https:\/\/api.w.org\/{rel}","templated":true}]}}