{"id":5654,"date":"2022-09-20T22:09:40","date_gmt":"2022-09-20T20:09:40","guid":{"rendered":"https:\/\/www.caminosantiagoacaballo.com\/\/politique-de-recrutement-et-de-reservation\/"},"modified":"2024-03-15T14:33:48","modified_gmt":"2024-03-15T13:33:48","slug":"politique-de-recrutement-et-de-reservation","status":"publish","type":"page","link":"https:\/\/www.caminosantiagoacaballo.com\/fr\/politique-de-recrutement-et-de-reservation\/","title":{"rendered":"Politique de recrutement et de r\u00e9servation"},"content":{"rendered":"<p>La r\u00e9servation et la conclusion d&rsquo;un contrat pour l&rsquo;un des itin\u00e9raires inclus dans ce programme impliquent la pleine acceptation de la pr\u00e9sente <strong>politique de r\u00e9servation et<\/strong> des conditions g\u00e9n\u00e9rales de vente. <a href=\"https:\/\/www.caminosantiagoacaballo.com\/\/terminos-y-condiciones-generales-de-venta\/\"><br \/>\n  <strong>Conditions g\u00e9n\u00e9rales de vente.<\/strong><br \/>\n<\/a><\/p>\n<p>Le client est responsable des donn\u00e9es fournies dans le formulaire de r\u00e9servation. CAMINOS DE GALICIA, S.L. n&rsquo;est pas responsable des cons\u00e9quences qui peuvent d\u00e9couler de l&rsquo;introduction de donn\u00e9es fausses ou incorrectes par le client.<\/p>\n<h2>ORGANISATION<\/h2>\n<p>L&rsquo;organisation technique des itin\u00e9raires inclus dans ce programme a \u00e9t\u00e9 r\u00e9alis\u00e9e par :<\/p>\n<p>CAMINOS DE GALICIA, S.L.<br \/>\nCIF: B36253995<br \/>\nCaritel 2, Ponte Caldelas<br \/>\n36829 Pontevedra<br \/>\n+34 606 716 002<br \/>\ncaminosgalicia@hotmail.com<\/p>\n<p>CAMINOS DE GALICIA, S.L. dispose d&rsquo;une assurance responsabilit\u00e9 civile obligatoire comme l&rsquo;exige la loi. De m\u00eame, tous nos itin\u00e9raires comprennent une assurance d&rsquo;assistance routi\u00e8re.<\/p>\n<p>&nbsp;<\/p>\n<h2>CE QUI EST INCLUS<\/h2>\n<p><strong>Notre logistique comprend tous les services et moyens dont vous avez besoin pour effectuer le voyage \u00e0 cheval :<\/strong><\/p>\n<ul>\n<li>Transferts de l&rsquo;a\u00e9roport (Santiago de Compostela ou Vigo), de la gare ferroviaire ou routi\u00e8re au point de d\u00e9part.<\/li>\n<li>R\u00e9servation d&rsquo;h\u00e9bergement : nous logerons dans les meilleurs h\u00f4tels, maisons rurales, pazos, paradors&#8230; disponibles le long de l&rsquo;itin\u00e9raire et \u00e0 proximit\u00e9, selon notre exp\u00e9rience et nos connaissances. Une liste vous sera envoy\u00e9e.<\/li>\n<li>Pension compl\u00e8te : petits-d\u00e9jeuners, d\u00e9jeuners et d\u00eeners, en choisissant parmi une vari\u00e9t\u00e9 de premiers et seconds plats dans des endroits o\u00f9 l&rsquo;on fait de la bonne cuisine en laquelle nous avons confiance.<\/li>\n<li>Chevaux, \u00e9quipement, sacoches de selle et v\u00eatements imperm\u00e9ables si n\u00e9cessaire.<\/li>\n<li>Guide \u00e0 cheval.<\/li>\n<li>Personnel charg\u00e9 de s&rsquo;occuper des chevaux et de changer les bagages quotidiennement entre les logements.<\/li>\n<li>V\u00e9hicule de soutien.<\/li>\n<li>Camion pr\u00e9par\u00e9 avec des bo\u00eetes et des chevaux de rechange, si n\u00e9cessaire. Nous pensons qu&rsquo;\u00e9tant donn\u00e9 que le cheval est si central dans cet \u00e9v\u00e9nement, il peut \u00eatre n\u00e9cessaire de prendre des pr\u00e9cautions et de les garder \u00e0 port\u00e9e de main.<\/li>\n<li>Assurance activit\u00e9 et responsabilit\u00e9 civile.<\/li>\n<li>Pour justifier l&rsquo;ach\u00e8vement du parcours, nous nous chargeons de demander la cr\u00e9ance du p\u00e8lerin, en la tamponnant tout au long du chemin pour obtenir la compostelana \u00e0 la fin de celui-ci.<\/li>\n<\/ul>\n<p>&nbsp;<\/p>\n<h3>NON INCLUS<\/h3>\n<ul>\n<li><strong>L&rsquo;itin\u00e9raire contractuel ne comprend pas le paiement de boissons alcoolis\u00e9es ou de collations aux arr\u00eats et\/ou aux aires de repos.<\/strong><\/li>\n<\/ul>\n<p>&nbsp;<\/p>\n<h3>NOTES IMPORTANTES<\/h3>\n<ul>\n<li><strong>Nous nous r\u00e9servons le droit d&rsquo;admission si nous consid\u00e9rons que le client ne convient pas aux activit\u00e9s \u00e9questres.<\/strong><\/li>\n<li><strong>L&rsquo;\u00e9quitation est consid\u00e9r\u00e9e comme une activit\u00e9 dangereuse. Une certaine connaissance et une exp\u00e9rience minimale de cette activit\u00e9 sont requises.<\/strong><\/li>\n<li>Tous nos itin\u00e9raires peuvent se terminer par une visite \u00e0 cheval de la Plaza del Obradoiro (cath\u00e9drale).<\/li>\n<li>Possibilit\u00e9 de se joindre \u00e0 diff\u00e9rents points du parcours.<\/li>\n<li><strong>Nos services d\u00e9buteront \u00e0 16 heures le premier jour au point de rencontre de votre choix (a\u00e9roports, gares routi\u00e8res ou ferroviaires).<\/strong><\/li>\n<li>Les services se terminent le dernier jour apr\u00e8s le petit-d\u00e9jeuner et vous serez transf\u00e9r\u00e9 au point de rencontre si vous partez le m\u00eame jour avant 12 heures.<\/li>\n<li>Les prix indiqu\u00e9s sont valables pour des groupes d&rsquo;au moins 4 personnes.<\/li>\n<li>Nos prix s&rsquo;entendent par personne en occupation double.<\/li>\n<li>Les services se termineront le dernier jour apr\u00e8s le petit-d\u00e9jeuner et le transfert au point de rencontre.<\/li>\n<li>Un suppl\u00e9ment par chambre individuelle sera appliqu\u00e9 en fonction du nombre de nuits et de l&rsquo;itin\u00e9raire choisi.<\/li>\n<li>Les prix d\u00e9pendent du nombre de jours et de nuits. Voir les informations dans la section \u00ab\u00a0dates et prix\u00a0\u00bb.<\/li>\n<li>\n<div dir=\"auto\">Les enfants \u00e0 partir de 9 ans sont admis accompagn\u00e9s de leurs tuteurs et avec une autorisation sign\u00e9e.<\/div>\n<\/li>\n<li>Prix pour les accompagnateurs \u00e0 pied ou en voiture d&rsquo;assistance, veuillez nous consulter.<\/li>\n<li>Les dates recommand\u00e9es pour les sentiers sont entre le 15 mars et le 15 octobre.<\/li>\n<\/ul>\n<p>&nbsp;<\/p>\n<h2>\u00c9TAPES \u00c0 SUIVRE POUR FORMALISER LA R\u00c9SERVATION<\/h2>\n<p><strong>1\/ R\u00c9SERVATION ET GESTION<\/strong><\/p>\n<p>Remplissez et envoyez l&rsquo;un des formulaires de r\u00e9servation disponibles sur https:\/\/www.caminosantiagoacaballo.com\/.<\/p>\n<p><strong>2\/ PAIEMENT DE LA R\u00c9SERVATION<\/strong><\/p>\n<p>Versez un acompte (20 % du montant total de la r\u00e9servation) pour formaliser la r\u00e9servation.<\/p>\n<p>M\u00e9thodes de paiement :<\/p>\n<ul>\n<li>Virement bancaire<br \/>\nPropri\u00e9taire : CAMINOS DE GALICIA, S.L.<br \/>\nIBAN : ES42 0049 1033 8021 1004 7714<br \/>\nNom de la banque : BANCO SANTANDER<\/li>\n<li>Carte de cr\u00e9dit ou de d\u00e9bit<\/li>\n<\/ul>\n<p>&nbsp;<\/p>\n<p><strong>3\/ COMMUNICATION<\/strong><\/p>\n<p>En cas de paiement par virement bancaire, veuillez envoyer un e-mail \u00e0 caminosgalicia@hotmail.com pour nous informer du paiement et nous acc\u00e9l\u00e9rerons la proc\u00e9dure. En cas de paiement par carte de cr\u00e9dit, la notification par e-mail est automatique.<\/p>\n<p>&nbsp;<\/p>\n<p><strong>4\/ CONFIRMATION DE LA R\u00c9SERVATION<\/strong><\/p>\n<p>La r\u00e9servation ne sera consid\u00e9r\u00e9e comme confirm\u00e9e que lorsque nous aurons re\u00e7u le montant total de la r\u00e9servation et le formulaire de r\u00e9servation correspondant. Une fois confirm\u00e9, nous vous enverrons la communication avec la confirmation officielle de la r\u00e9servation. Ce d\u00e9p\u00f4t sera imput\u00e9 au prix final de l&rsquo;itin\u00e9raire.<\/p>\n<p>&nbsp;<\/p>\n<p><strong>5\/ PAIEMENT DU MONTANT RESTANT<\/strong><\/p>\n<p>Le reste du paiement doit \u00eatre r\u00e9gl\u00e9 bien \u00e0 l&rsquo;avance, de mani\u00e8re \u00e0 ce que le montant total de l&rsquo;excursion soit pay\u00e9 en totalit\u00e9 \u00e0 l&rsquo;arriv\u00e9e. Nous vous contacterons pour proc\u00e9der au paiement du montant restant de l&rsquo;itin\u00e9raire. Les m\u00e9thodes de paiement disponibles pour effectuer le paiement du montant restant sont les suivantes :<\/p>\n<ul>\n<li>Virement bancaire (le compte indiqu\u00e9 ci-dessus)<\/li>\n<li>Carte de cr\u00e9dit ou de d\u00e9bit. Vous pourrez effectuer le paiement restant de la visite le jour de votre arriv\u00e9e, par carte de cr\u00e9dit ou de d\u00e9bit.<\/li>\n<\/ul>\n<p>&nbsp;<\/p>\n<p><strong>6\/ LES SERVICES INCLUS ET OPTIONNELS<\/strong><\/p>\n<p>Les services inclus et optionnels sont ceux sp\u00e9cifi\u00e9s dans les sp\u00e9cifications techniques des diff\u00e9rents itin\u00e9raires publi\u00e9s sur le site https:\/\/www.caminosantiagoacaballo.com\/.<\/p>\n","protected":false},"excerpt":{"rendered":"<p>La r\u00e9servation et la conclusion d&rsquo;un contrat pour l&rsquo;un des itin\u00e9raires inclus dans ce programme impliquent la pleine acceptation de la pr\u00e9sente politique de r\u00e9servation et des conditions g\u00e9n\u00e9rales de vente. Conditions g\u00e9n\u00e9rales de vente. Le client est responsable des donn\u00e9es fournies dans le formulaire de r\u00e9servation. CAMINOS DE GALICIA, S.L. n&rsquo;est pas responsable des [&hellip;]<\/p>\n","protected":false},"author":1,"featured_media":0,"parent":0,"menu_order":0,"comment_status":"closed","ping_status":"closed","template":"","meta":{"_joinchat":[],"footnotes":""},"class_list":["post-5654","page","type-page","status-publish","hentry"],"yoast_head":"<!-- This site is optimized with the Yoast SEO plugin v26.9 - https:\/\/yoast.com\/product\/yoast-seo-wordpress\/ -->\n<title>Politique de recrutement et de r\u00e9servation - Camino de Santiago a Caballo<\/title>\n<meta name=\"robots\" content=\"noindex, follow\" \/>\n<meta property=\"og:locale\" content=\"fr_FR\" \/>\n<meta property=\"og:type\" content=\"article\" \/>\n<meta property=\"og:title\" content=\"Politique de recrutement et de r\u00e9servation - Camino de Santiago a Caballo\" \/>\n<meta property=\"og:description\" content=\"La r\u00e9servation et la conclusion d&rsquo;un contrat pour l&rsquo;un des itin\u00e9raires inclus dans ce programme impliquent la pleine acceptation de la pr\u00e9sente politique de r\u00e9servation et des conditions g\u00e9n\u00e9rales de vente. Conditions g\u00e9n\u00e9rales de vente. Le client est responsable des donn\u00e9es fournies dans le formulaire de r\u00e9servation. CAMINOS DE GALICIA, S.L. n&rsquo;est pas responsable des [&hellip;]\" \/>\n<meta property=\"og:url\" content=\"https:\/\/www.caminosantiagoacaballo.com\/fr\/politique-de-recrutement-et-de-reservation\/\" \/>\n<meta property=\"og:site_name\" content=\"Camino de Santiago a Caballo\" \/>\n<meta property=\"article:modified_time\" content=\"2024-03-15T13:33:48+00:00\" \/>\n<meta name=\"twitter:card\" content=\"summary_large_image\" \/>\n<script type=\"application\/ld+json\" class=\"yoast-schema-graph\">{\"@context\":\"https:\/\/schema.org\",\"@graph\":[{\"@type\":\"WebPage\",\"@id\":\"https:\/\/www.caminosantiagoacaballo.com\/fr\/politique-de-recrutement-et-de-reservation\/\",\"url\":\"https:\/\/www.caminosantiagoacaballo.com\/fr\/politique-de-recrutement-et-de-reservation\/\",\"name\":\"Politique de recrutement et de r\u00e9servation - Camino de Santiago a Caballo\",\"isPartOf\":{\"@id\":\"https:\/\/www.caminosantiagoacaballo.com\/fr\/#website\"},\"datePublished\":\"2022-09-20T20:09:40+00:00\",\"dateModified\":\"2024-03-15T13:33:48+00:00\",\"breadcrumb\":{\"@id\":\"https:\/\/www.caminosantiagoacaballo.com\/fr\/politique-de-recrutement-et-de-reservation\/#breadcrumb\"},\"inLanguage\":\"fr-FR\",\"potentialAction\":[{\"@type\":\"ReadAction\",\"target\":[\"https:\/\/www.caminosantiagoacaballo.com\/fr\/politique-de-recrutement-et-de-reservation\/\"]}]},{\"@type\":\"BreadcrumbList\",\"@id\":\"https:\/\/www.caminosantiagoacaballo.com\/fr\/politique-de-recrutement-et-de-reservation\/#breadcrumb\",\"itemListElement\":[{\"@type\":\"ListItem\",\"position\":1,\"name\":\"Portada\",\"item\":\"https:\/\/www.caminosantiagoacaballo.com\/fr\/\"},{\"@type\":\"ListItem\",\"position\":2,\"name\":\"Politique de recrutement et de r\u00e9servation\"}]},{\"@type\":\"WebSite\",\"@id\":\"https:\/\/www.caminosantiagoacaballo.com\/fr\/#website\",\"url\":\"https:\/\/www.caminosantiagoacaballo.com\/fr\/\",\"name\":\"Camino de Santiago a Caballo\",\"description\":\"Realiza el Camino de Santiago con la mayor seguridad y comodidad a caballo\",\"publisher\":{\"@id\":\"https:\/\/www.caminosantiagoacaballo.com\/fr\/#organization\"},\"potentialAction\":[{\"@type\":\"SearchAction\",\"target\":{\"@type\":\"EntryPoint\",\"urlTemplate\":\"https:\/\/www.caminosantiagoacaballo.com\/fr\/?s={search_term_string}\"},\"query-input\":{\"@type\":\"PropertyValueSpecification\",\"valueRequired\":true,\"valueName\":\"search_term_string\"}}],\"inLanguage\":\"fr-FR\"},{\"@type\":\"Organization\",\"@id\":\"https:\/\/www.caminosantiagoacaballo.com\/fr\/#organization\",\"name\":\"Camino de Santiago a Caballo\",\"url\":\"https:\/\/www.caminosantiagoacaballo.com\/fr\/\",\"logo\":{\"@type\":\"ImageObject\",\"inLanguage\":\"fr-FR\",\"@id\":\"https:\/\/www.caminosantiagoacaballo.com\/fr\/#\/schema\/logo\/image\/\",\"url\":\"https:\/\/www.caminosantiagoacaballo.com\/wp-content\/uploads\/2022\/09\/camino-santiago-a-caballo-logo.jpg\",\"contentUrl\":\"https:\/\/www.caminosantiagoacaballo.com\/wp-content\/uploads\/2022\/09\/camino-santiago-a-caballo-logo.jpg\",\"width\":199,\"height\":180,\"caption\":\"Camino de Santiago a Caballo\"},\"image\":{\"@id\":\"https:\/\/www.caminosantiagoacaballo.com\/fr\/#\/schema\/logo\/image\/\"}}]}<\/script>\n<!-- \/ Yoast SEO plugin. -->","yoast_head_json":{"title":"Politique de recrutement et de r\u00e9servation - Camino de Santiago a Caballo","robots":{"index":"noindex","follow":"follow"},"og_locale":"fr_FR","og_type":"article","og_title":"Politique de recrutement et de r\u00e9servation - Camino de Santiago a Caballo","og_description":"La r\u00e9servation et la conclusion d&rsquo;un contrat pour l&rsquo;un des itin\u00e9raires inclus dans ce programme impliquent la pleine acceptation de la pr\u00e9sente politique de r\u00e9servation et des conditions g\u00e9n\u00e9rales de vente. Conditions g\u00e9n\u00e9rales de vente. Le client est responsable des donn\u00e9es fournies dans le formulaire de r\u00e9servation. CAMINOS DE GALICIA, S.L. n&rsquo;est pas responsable des [&hellip;]","og_url":"https:\/\/www.caminosantiagoacaballo.com\/fr\/politique-de-recrutement-et-de-reservation\/","og_site_name":"Camino de Santiago a Caballo","article_modified_time":"2024-03-15T13:33:48+00:00","twitter_card":"summary_large_image","schema":{"@context":"https:\/\/schema.org","@graph":[{"@type":"WebPage","@id":"https:\/\/www.caminosantiagoacaballo.com\/fr\/politique-de-recrutement-et-de-reservation\/","url":"https:\/\/www.caminosantiagoacaballo.com\/fr\/politique-de-recrutement-et-de-reservation\/","name":"Politique de recrutement et de r\u00e9servation - Camino de Santiago a Caballo","isPartOf":{"@id":"https:\/\/www.caminosantiagoacaballo.com\/fr\/#website"},"datePublished":"2022-09-20T20:09:40+00:00","dateModified":"2024-03-15T13:33:48+00:00","breadcrumb":{"@id":"https:\/\/www.caminosantiagoacaballo.com\/fr\/politique-de-recrutement-et-de-reservation\/#breadcrumb"},"inLanguage":"fr-FR","potentialAction":[{"@type":"ReadAction","target":["https:\/\/www.caminosantiagoacaballo.com\/fr\/politique-de-recrutement-et-de-reservation\/"]}]},{"@type":"BreadcrumbList","@id":"https:\/\/www.caminosantiagoacaballo.com\/fr\/politique-de-recrutement-et-de-reservation\/#breadcrumb","itemListElement":[{"@type":"ListItem","position":1,"name":"Portada","item":"https:\/\/www.caminosantiagoacaballo.com\/fr\/"},{"@type":"ListItem","position":2,"name":"Politique de recrutement et de r\u00e9servation"}]},{"@type":"WebSite","@id":"https:\/\/www.caminosantiagoacaballo.com\/fr\/#website","url":"https:\/\/www.caminosantiagoacaballo.com\/fr\/","name":"Camino de Santiago a Caballo","description":"Realiza el Camino de Santiago con la mayor seguridad y comodidad a caballo","publisher":{"@id":"https:\/\/www.caminosantiagoacaballo.com\/fr\/#organization"},"potentialAction":[{"@type":"SearchAction","target":{"@type":"EntryPoint","urlTemplate":"https:\/\/www.caminosantiagoacaballo.com\/fr\/?s={search_term_string}"},"query-input":{"@type":"PropertyValueSpecification","valueRequired":true,"valueName":"search_term_string"}}],"inLanguage":"fr-FR"},{"@type":"Organization","@id":"https:\/\/www.caminosantiagoacaballo.com\/fr\/#organization","name":"Camino de Santiago a Caballo","url":"https:\/\/www.caminosantiagoacaballo.com\/fr\/","logo":{"@type":"ImageObject","inLanguage":"fr-FR","@id":"https:\/\/www.caminosantiagoacaballo.com\/fr\/#\/schema\/logo\/image\/","url":"https:\/\/www.caminosantiagoacaballo.com\/wp-content\/uploads\/2022\/09\/camino-santiago-a-caballo-logo.jpg","contentUrl":"https:\/\/www.caminosantiagoacaballo.com\/wp-content\/uploads\/2022\/09\/camino-santiago-a-caballo-logo.jpg","width":199,"height":180,"caption":"Camino de Santiago a Caballo"},"image":{"@id":"https:\/\/www.caminosantiagoacaballo.com\/fr\/#\/schema\/logo\/image\/"}}]}},"publishpress_future_workflow_manual_trigger":{"enabledWorkflows":[]},"_links":{"self":[{"href":"https:\/\/www.caminosantiagoacaballo.com\/fr\/wp-json\/wp\/v2\/pages\/5654","targetHints":{"allow":["GET"]}}],"collection":[{"href":"https:\/\/www.caminosantiagoacaballo.com\/fr\/wp-json\/wp\/v2\/pages"}],"about":[{"href":"https:\/\/www.caminosantiagoacaballo.com\/fr\/wp-json\/wp\/v2\/types\/page"}],"author":[{"embeddable":true,"href":"https:\/\/www.caminosantiagoacaballo.com\/fr\/wp-json\/wp\/v2\/users\/1"}],"replies":[{"embeddable":true,"href":"https:\/\/www.caminosantiagoacaballo.com\/fr\/wp-json\/wp\/v2\/comments?post=5654"}],"version-history":[{"count":0,"href":"https:\/\/www.caminosantiagoacaballo.com\/fr\/wp-json\/wp\/v2\/pages\/5654\/revisions"}],"wp:attachment":[{"href":"https:\/\/www.caminosantiagoacaballo.com\/fr\/wp-json\/wp\/v2\/media?parent=5654"}],"curies":[{"name":"wp","href":"https:\/\/api.w.org\/{rel}","templated":true}]}}