{"id":5643,"date":"2022-09-20T22:00:14","date_gmt":"2022-09-20T20:00:14","guid":{"rendered":"https:\/\/www.caminosantiagoacaballo.com\/\/conditions-generales-de-vente\/"},"modified":"2022-10-06T12:43:33","modified_gmt":"2022-10-06T10:43:33","slug":"conditions-generales-de-vente","status":"publish","type":"page","link":"https:\/\/www.caminosantiagoacaballo.com\/fr\/conditions-generales-de-vente\/","title":{"rendered":"Conditions g\u00e9n\u00e9rales de vente"},"content":{"rendered":"<p>La r\u00e9servation de l&rsquo;une des activit\u00e9s, excursions ou voyages \u00e0 forfait propos\u00e9s par CAMINOS DE GALICIA, S.L., implique la pleine acceptation de ces termes et conditions.  <strong>Conditions g\u00e9n\u00e9rales de vente  <\/strong>et le  <a href=\"https:\/\/www.caminosantiagoacaballo.com\/\/politica-de-contratacion-y-reservas\/\"><strong>Politique de recrutement et de r\u00e9servation<\/strong><\/a>Ces conditions sont r\u00e9put\u00e9es \u00eatre automatiquement incorpor\u00e9es au contrat sans qu&rsquo;il soit n\u00e9cessaire de les transcrire par \u00e9crit dans le contrat.<\/p>\n<p>Les informations suppl\u00e9mentaires et les \u00e9ventuelles modifications (le cas \u00e9ch\u00e9ant) seront refl\u00e9t\u00e9es dans les informations sp\u00e9cifiques \u00e0 chaque produit, qui seront remises au client et qui, avec les conditions g\u00e9n\u00e9rales, feront office de contrat d\u00e9finitif.<\/p>\n<h2>R\u00e9glementation juridique applicable au contrat de voyage \u00e0 forfait et acceptation des Conditions g\u00e9n\u00e9rales.<\/h2>\n<p>Les pr\u00e9sentes conditions g\u00e9n\u00e9rales sont soumises aux dispositions du d\u00e9cret-loi royal 1\/2007 du 16 novembre, approuvant le texte r\u00e9vis\u00e9 de la loi g\u00e9n\u00e9rale pour la d\u00e9fense des consommateurs et des utilisateurs (B.O.E.). 30-11-2007), ainsi que le d\u00e9cret 42\/2001 du 1er f\u00e9vrier, sur la refonte des agences de voyages, des guides touristiques et du tourisme actif (DOG), le d\u00e9cret 25\/2018, du 22 f\u00e9vrier, modifiant l&rsquo;article 16 du d\u00e9cret 42\/2001, du 1er f\u00e9vrier, et le d\u00e9cret 25\/2018, du 22 f\u00e9vrier, modifiant l&rsquo;article 16 du d\u00e9cret 42\/2001, du 1er f\u00e9vrier, sur la refonte des agences de voyages, des guides touristiques et du tourisme actif (DOG), sur la refonte des agences de voyage, des guides touristiques et du tourisme actif, la directive (UE) 2015\/2302 du 25 novembre 2015 sur les voyages \u00e0 forfait et les services de voyage li\u00e9s, et la loi 7\/2011 du 27 octobre 2011 sur le tourisme en Galice (DOG).<\/p>\n<h2>3.- Le retrait des consommateurs. Cessions, annulations et modifications du produit.<\/h2>\n<h3>Retrait<\/h3>\n<p>\u00c0 tout moment, l&rsquo;utilisateur ou le consommateur peut renoncer aux produits command\u00e9s ou contract\u00e9s, en ayant droit au remboursement de tout ou partie du montant pay\u00e9 pour la r\u00e9servation de l&rsquo;itin\u00e9raire, mais il doit indemniser CAMINOS DE GALICIA, S.L. pour les concepts indiqu\u00e9s ci-dessous :<\/p>\n<ul>\n<li>Pr\u00e9paration des chevaux<\/li>\n<li>Paiement anticip\u00e9 pour les h\u00f4tels situ\u00e9s sur l&rsquo;itin\u00e9raire contractuel<\/li>\n<\/ul>\n<p>Le remboursement du montant pay\u00e9 par le client est r\u00e9gi par les hypoth\u00e8ses suivantes :<\/p>\n<ul>\n<li>Annulation de l&rsquo;itin\u00e9raire plus de 15 jours avant le jour de l&rsquo;arriv\u00e9e.  <strong>100 % des frais de r\u00e9servation seront rembours\u00e9s.<\/strong><\/li>\n<li>Annulation du voyage 15 jours (ou moins) et plus de 10 jours avant le jour d&rsquo;arriv\u00e9e. <strong>50% du montant de la r\u00e9servation sera rembours\u00e9<\/strong>.<\/li>\n<li>Annulation de l&rsquo;itin\u00e9raire 10 jours (ou moins) avant le jour de l&rsquo;arriv\u00e9e.  <strong>Aucun remboursement ne sera effectu\u00e9, sauf en cas d&rsquo;annulation conform\u00e9ment au point 3.3-Annulations.<\/strong><\/li>\n<li>Si le consommateur ne se pr\u00e9sente pas \u00e0 l&rsquo;heure de d\u00e9part pr\u00e9vue le premier jour du circuit, il n&rsquo;a droit \u00e0 aucun remboursement du montant pay\u00e9, sauf accord contraire entre les parties.<\/li>\n<\/ul>\n<p>Les annulations doivent \u00eatre communiqu\u00e9es d\u00e8s que possible, par t\u00e9l\u00e9phone ou par e-mail. Dans les deux cas, il sera n\u00e9cessaire de la formaliser par \u00e9crit, au moyen d&rsquo;un Document d&rsquo;Annulation qui sera dat\u00e9 par CAMINOS DE GALICIA, S.L. avec le jour de sa r\u00e9ception et dont une copie sera envoy\u00e9e au consommateur.<\/p>\n<h3>3.2.-Transferts<\/h3>\n<p>Le consommateur du produit peut transf\u00e9rer sa r\u00e9servation \u00e0 un tiers par demande \u00e9crite 10 jours avant la date de d\u00e9but du voyage, sauf si les parties conviennent d&rsquo;un d\u00e9lai plus court dans le contrat. Le cessionnaire devra remplir les m\u00eames conditions que le c\u00e9dant, qui sont g\u00e9n\u00e9ralement requises pour le produit, et tous deux seront solidairement responsables envers CAMINOS DE GALICIA, S.L. du paiement du prix du voyage et des frais suppl\u00e9mentaires justifi\u00e9s de la cession.<\/p>\n<h3>Annulations<\/h3>\n<p>En cas de force majeure, l&rsquo;utilisateur est seul responsable des frais d&rsquo;annulation, le cas \u00e9ch\u00e9ant, et des frais administratifs.<\/p>\n<p>On entend par force majeure les causes qui dispensent le consommateur du paiement des frais de gestion et des p\u00e9nalit\u00e9s lorsque se produisent des circonstances impossibles \u00e0 \u00e9viter ou \u00e0 pr\u00e9voir, et qui sont dues \u00e0 des circonstances ind\u00e9pendantes de la volont\u00e9 des parties concern\u00e9es, m\u00eame si elles ont agi avec la diligence requise.<\/p>\n<h3>3.4.-Modifications<\/h3>\n<p>L&rsquo;utilisateur ou le consommateur peut choisir, avec l&rsquo;accord pr\u00e9alable de CAMINOS DE GALICIA, S.L., et en cas de force majeure ou en cas de pr\u00e9avis de trente jours avant la date initiale du voyage, de modifier la date du voyage, sans qu&rsquo;aucune p\u00e9nalit\u00e9 ne soit applicable dans ce cas.<\/p>\n<h3>  4.-Remboursements<\/h3>\n<p>Tous les remboursements, pour quelque raison que ce soit, seront toujours effectu\u00e9s par l&rsquo;interm\u00e9diaire de CAMINOS DE GALICIA, S.L., et aucun remboursement ne sera effectu\u00e9 pour des services non utilis\u00e9s volontairement par le consommateur. Aucun remboursement ne sera effectu\u00e9 dans les cas suivants :<\/p>\n<ul>\n<li>Qu&rsquo;il s&rsquo;agit d&rsquo;une offre \u00ab\u00a0non remboursable\u00a0\u00bb. Ce type d&rsquo;offre ne peut \u00eatre ni modifi\u00e9 ni annul\u00e9.<\/li>\n<li>Ne pas respecter les d\u00e9lais d&rsquo;annulation ou de modification. Ils varient en fonction du type de produit et sont indiqu\u00e9s dans chaque contrat.<\/li>\n<\/ul>\n<p>Aucun remboursement ne sera effectu\u00e9 pour la non-utilisation de tout type de service inclus dans le produit contract\u00e9, dans le cas o\u00f9 la raison de la non-utilisation est la responsabilit\u00e9 directe du client :<\/p>\n<ol>\n<li>Retard ou non-pr\u00e9sentation \u00e0 l&rsquo;heure indiqu\u00e9e pour le d\u00e9but du voyage.<\/li>\n<li>La non-possession des documents n\u00e9cessaires et obligatoires pour le voyage et\/ou la destination.<\/li>\n<li>Services non utilis\u00e9s volontairement par le client, quelle que soit la cause de la non-utilisation.<\/li>\n<li>Abandon volontaire de tout ou partie du voyage apr\u00e8s le d\u00e9but du voyage.<\/li>\n<li>Un comportement inappropri\u00e9 qui met le groupe ou les organisateurs en danger et qui oblige les responsables du groupe \u00e0 r\u00e9agir avec l&rsquo;autorit\u00e9 dont ils sont investis.<\/li>\n<li>Autres situations caus\u00e9es par le client et \u00e9chappant au contr\u00f4le de CAMINOS DE GALICIA, S.L.<\/li>\n<\/ol>\n","protected":false},"excerpt":{"rendered":"<p>La r\u00e9servation de l&rsquo;une des activit\u00e9s, excursions ou voyages \u00e0 forfait propos\u00e9s par CAMINOS DE GALICIA, S.L., implique la pleine acceptation de ces termes et conditions. Conditions g\u00e9n\u00e9rales de vente et le Politique de recrutement et de r\u00e9servationCes conditions sont r\u00e9put\u00e9es \u00eatre automatiquement incorpor\u00e9es au contrat sans qu&rsquo;il soit n\u00e9cessaire de les transcrire par \u00e9crit [&hellip;]<\/p>\n","protected":false},"author":1,"featured_media":0,"parent":0,"menu_order":0,"comment_status":"closed","ping_status":"closed","template":"","meta":{"_joinchat":[],"footnotes":""},"class_list":["post-5643","page","type-page","status-publish","hentry"],"yoast_head":"<!-- This site is optimized with the Yoast SEO plugin v26.9 - https:\/\/yoast.com\/product\/yoast-seo-wordpress\/ -->\n<title>Conditions g\u00e9n\u00e9rales de vente - Camino de Santiago a Caballo<\/title>\n<meta name=\"robots\" content=\"noindex, follow\" \/>\n<meta property=\"og:locale\" content=\"fr_FR\" \/>\n<meta property=\"og:type\" content=\"article\" \/>\n<meta property=\"og:title\" content=\"Conditions g\u00e9n\u00e9rales de vente - Camino de Santiago a Caballo\" \/>\n<meta property=\"og:description\" content=\"La r\u00e9servation de l&rsquo;une des activit\u00e9s, excursions ou voyages \u00e0 forfait propos\u00e9s par CAMINOS DE GALICIA, S.L., implique la pleine acceptation de ces termes et conditions. Conditions g\u00e9n\u00e9rales de vente et le Politique de recrutement et de r\u00e9servationCes conditions sont r\u00e9put\u00e9es \u00eatre automatiquement incorpor\u00e9es au contrat sans qu&rsquo;il soit n\u00e9cessaire de les transcrire par \u00e9crit [&hellip;]\" \/>\n<meta property=\"og:url\" content=\"https:\/\/www.caminosantiagoacaballo.com\/fr\/conditions-generales-de-vente\/\" \/>\n<meta property=\"og:site_name\" content=\"Camino de Santiago a Caballo\" \/>\n<meta property=\"article:modified_time\" content=\"2022-10-06T10:43:33+00:00\" \/>\n<meta name=\"twitter:card\" content=\"summary_large_image\" \/>\n<script type=\"application\/ld+json\" class=\"yoast-schema-graph\">{\"@context\":\"https:\/\/schema.org\",\"@graph\":[{\"@type\":\"WebPage\",\"@id\":\"https:\/\/www.caminosantiagoacaballo.com\/fr\/conditions-generales-de-vente\/\",\"url\":\"https:\/\/www.caminosantiagoacaballo.com\/fr\/conditions-generales-de-vente\/\",\"name\":\"Conditions g\u00e9n\u00e9rales de vente - Camino de Santiago a Caballo\",\"isPartOf\":{\"@id\":\"https:\/\/www.caminosantiagoacaballo.com\/fr\/#website\"},\"datePublished\":\"2022-09-20T20:00:14+00:00\",\"dateModified\":\"2022-10-06T10:43:33+00:00\",\"breadcrumb\":{\"@id\":\"https:\/\/www.caminosantiagoacaballo.com\/fr\/conditions-generales-de-vente\/#breadcrumb\"},\"inLanguage\":\"fr-FR\",\"potentialAction\":[{\"@type\":\"ReadAction\",\"target\":[\"https:\/\/www.caminosantiagoacaballo.com\/fr\/conditions-generales-de-vente\/\"]}]},{\"@type\":\"BreadcrumbList\",\"@id\":\"https:\/\/www.caminosantiagoacaballo.com\/fr\/conditions-generales-de-vente\/#breadcrumb\",\"itemListElement\":[{\"@type\":\"ListItem\",\"position\":1,\"name\":\"Portada\",\"item\":\"https:\/\/www.caminosantiagoacaballo.com\/fr\/\"},{\"@type\":\"ListItem\",\"position\":2,\"name\":\"Conditions g\u00e9n\u00e9rales de vente\"}]},{\"@type\":\"WebSite\",\"@id\":\"https:\/\/www.caminosantiagoacaballo.com\/fr\/#website\",\"url\":\"https:\/\/www.caminosantiagoacaballo.com\/fr\/\",\"name\":\"Camino de Santiago a Caballo\",\"description\":\"Realiza el Camino de Santiago con la mayor seguridad y comodidad a caballo\",\"publisher\":{\"@id\":\"https:\/\/www.caminosantiagoacaballo.com\/fr\/#organization\"},\"potentialAction\":[{\"@type\":\"SearchAction\",\"target\":{\"@type\":\"EntryPoint\",\"urlTemplate\":\"https:\/\/www.caminosantiagoacaballo.com\/fr\/?s={search_term_string}\"},\"query-input\":{\"@type\":\"PropertyValueSpecification\",\"valueRequired\":true,\"valueName\":\"search_term_string\"}}],\"inLanguage\":\"fr-FR\"},{\"@type\":\"Organization\",\"@id\":\"https:\/\/www.caminosantiagoacaballo.com\/fr\/#organization\",\"name\":\"Camino de Santiago a Caballo\",\"url\":\"https:\/\/www.caminosantiagoacaballo.com\/fr\/\",\"logo\":{\"@type\":\"ImageObject\",\"inLanguage\":\"fr-FR\",\"@id\":\"https:\/\/www.caminosantiagoacaballo.com\/fr\/#\/schema\/logo\/image\/\",\"url\":\"https:\/\/www.caminosantiagoacaballo.com\/wp-content\/uploads\/2022\/09\/camino-santiago-a-caballo-logo.jpg\",\"contentUrl\":\"https:\/\/www.caminosantiagoacaballo.com\/wp-content\/uploads\/2022\/09\/camino-santiago-a-caballo-logo.jpg\",\"width\":199,\"height\":180,\"caption\":\"Camino de Santiago a Caballo\"},\"image\":{\"@id\":\"https:\/\/www.caminosantiagoacaballo.com\/fr\/#\/schema\/logo\/image\/\"}}]}<\/script>\n<!-- \/ Yoast SEO plugin. -->","yoast_head_json":{"title":"Conditions g\u00e9n\u00e9rales de vente - Camino de Santiago a Caballo","robots":{"index":"noindex","follow":"follow"},"og_locale":"fr_FR","og_type":"article","og_title":"Conditions g\u00e9n\u00e9rales de vente - Camino de Santiago a Caballo","og_description":"La r\u00e9servation de l&rsquo;une des activit\u00e9s, excursions ou voyages \u00e0 forfait propos\u00e9s par CAMINOS DE GALICIA, S.L., implique la pleine acceptation de ces termes et conditions. Conditions g\u00e9n\u00e9rales de vente et le Politique de recrutement et de r\u00e9servationCes conditions sont r\u00e9put\u00e9es \u00eatre automatiquement incorpor\u00e9es au contrat sans qu&rsquo;il soit n\u00e9cessaire de les transcrire par \u00e9crit [&hellip;]","og_url":"https:\/\/www.caminosantiagoacaballo.com\/fr\/conditions-generales-de-vente\/","og_site_name":"Camino de Santiago a Caballo","article_modified_time":"2022-10-06T10:43:33+00:00","twitter_card":"summary_large_image","schema":{"@context":"https:\/\/schema.org","@graph":[{"@type":"WebPage","@id":"https:\/\/www.caminosantiagoacaballo.com\/fr\/conditions-generales-de-vente\/","url":"https:\/\/www.caminosantiagoacaballo.com\/fr\/conditions-generales-de-vente\/","name":"Conditions g\u00e9n\u00e9rales de vente - Camino de Santiago a Caballo","isPartOf":{"@id":"https:\/\/www.caminosantiagoacaballo.com\/fr\/#website"},"datePublished":"2022-09-20T20:00:14+00:00","dateModified":"2022-10-06T10:43:33+00:00","breadcrumb":{"@id":"https:\/\/www.caminosantiagoacaballo.com\/fr\/conditions-generales-de-vente\/#breadcrumb"},"inLanguage":"fr-FR","potentialAction":[{"@type":"ReadAction","target":["https:\/\/www.caminosantiagoacaballo.com\/fr\/conditions-generales-de-vente\/"]}]},{"@type":"BreadcrumbList","@id":"https:\/\/www.caminosantiagoacaballo.com\/fr\/conditions-generales-de-vente\/#breadcrumb","itemListElement":[{"@type":"ListItem","position":1,"name":"Portada","item":"https:\/\/www.caminosantiagoacaballo.com\/fr\/"},{"@type":"ListItem","position":2,"name":"Conditions g\u00e9n\u00e9rales de vente"}]},{"@type":"WebSite","@id":"https:\/\/www.caminosantiagoacaballo.com\/fr\/#website","url":"https:\/\/www.caminosantiagoacaballo.com\/fr\/","name":"Camino de Santiago a Caballo","description":"Realiza el Camino de Santiago con la mayor seguridad y comodidad a caballo","publisher":{"@id":"https:\/\/www.caminosantiagoacaballo.com\/fr\/#organization"},"potentialAction":[{"@type":"SearchAction","target":{"@type":"EntryPoint","urlTemplate":"https:\/\/www.caminosantiagoacaballo.com\/fr\/?s={search_term_string}"},"query-input":{"@type":"PropertyValueSpecification","valueRequired":true,"valueName":"search_term_string"}}],"inLanguage":"fr-FR"},{"@type":"Organization","@id":"https:\/\/www.caminosantiagoacaballo.com\/fr\/#organization","name":"Camino de Santiago a Caballo","url":"https:\/\/www.caminosantiagoacaballo.com\/fr\/","logo":{"@type":"ImageObject","inLanguage":"fr-FR","@id":"https:\/\/www.caminosantiagoacaballo.com\/fr\/#\/schema\/logo\/image\/","url":"https:\/\/www.caminosantiagoacaballo.com\/wp-content\/uploads\/2022\/09\/camino-santiago-a-caballo-logo.jpg","contentUrl":"https:\/\/www.caminosantiagoacaballo.com\/wp-content\/uploads\/2022\/09\/camino-santiago-a-caballo-logo.jpg","width":199,"height":180,"caption":"Camino de Santiago a Caballo"},"image":{"@id":"https:\/\/www.caminosantiagoacaballo.com\/fr\/#\/schema\/logo\/image\/"}}]}},"publishpress_future_workflow_manual_trigger":{"enabledWorkflows":[]},"_links":{"self":[{"href":"https:\/\/www.caminosantiagoacaballo.com\/fr\/wp-json\/wp\/v2\/pages\/5643","targetHints":{"allow":["GET"]}}],"collection":[{"href":"https:\/\/www.caminosantiagoacaballo.com\/fr\/wp-json\/wp\/v2\/pages"}],"about":[{"href":"https:\/\/www.caminosantiagoacaballo.com\/fr\/wp-json\/wp\/v2\/types\/page"}],"author":[{"embeddable":true,"href":"https:\/\/www.caminosantiagoacaballo.com\/fr\/wp-json\/wp\/v2\/users\/1"}],"replies":[{"embeddable":true,"href":"https:\/\/www.caminosantiagoacaballo.com\/fr\/wp-json\/wp\/v2\/comments?post=5643"}],"version-history":[{"count":0,"href":"https:\/\/www.caminosantiagoacaballo.com\/fr\/wp-json\/wp\/v2\/pages\/5643\/revisions"}],"wp:attachment":[{"href":"https:\/\/www.caminosantiagoacaballo.com\/fr\/wp-json\/wp\/v2\/media?parent=5643"}],"curies":[{"name":"wp","href":"https:\/\/api.w.org\/{rel}","templated":true}]}}