{"id":550,"date":"2016-10-17T01:16:13","date_gmt":"2016-10-16T23:16:13","guid":{"rendered":"http:\/\/caminosantiagoacaballo.com\/2016\/fr\/camino-ingles\/"},"modified":"2022-10-06T18:20:55","modified_gmt":"2022-10-06T16:20:55","slug":"chemin-anglais","status":"publish","type":"page","link":"https:\/\/www.caminosantiagoacaballo.com\/fr\/chemin-anglais\/","title":{"rendered":"La voie anglaise"},"content":{"rendered":"<\/p>\n<p><center><iframe src=\"https:\/\/www.google.com\/maps\/d\/embed?mid=1ZjQjFdEa8HOtFzxhOHFO8gx5b0g\" width=\"95%\" height=\"480\" data-mce-fragment=\"1\"><\/iframe><\/center><center><\/center><\/p>\n<p>Le p\u00e8lerinage jacob\u00e9en a connu une grande renomm\u00e9e dans toute l&rsquo;Europe m\u00e9di\u00e9vale. Scandinaves, Flamands, Anglais, \u00c9cossais et Irlandais ont utilis\u00e9 les routes maritimes avec une grande intensit\u00e9 pour atteindre Ribadeo, Viveiro, Ferrol ou La Corogne avec l&rsquo;intention d&rsquo;effectuer le p\u00e8lerinage \u00e0 Saint-Jacques. Ces deux derni\u00e8res enclaves c\u00f4ti\u00e8res, gr\u00e2ce \u00e0 leur situation strat\u00e9gique exceptionnelle, sont les points de d\u00e9part des deux alternatives de l&rsquo;English Way. La route A Coru\u00f1a-Santiago est longue de 74 km ; les sections Ferrol-Santiago totalisent 118 km.<\/p>\n<p><strong>ITIN\u00c9RAIRE<\/strong><\/p>\n<p>En partant de Ferrol, le Chemin Anglais commence aux docks de Curuxeiras vers la ville de Nar\u00f3n, continue jusqu&rsquo;\u00e0 ce qu&rsquo;il rejoigne la route d&rsquo;O Salto, passe par le moulin \u00e0 mar\u00e9e d&rsquo;As Aceas de Lembeie et traverse le pont sur la rivi\u00e8re Xubia pour entrer dans Neda.<\/p>\n<p><img fetchpriority=\"high\" decoding=\"async\" src=\"https:\/\/www.caminosantiagoacaballo.com\/wp-content\/uploads\/2022\/09\/camino-ingles-1.jpg\" alt=\"\" width=\"500\" height=\"373\"><\/p>\n<p>Nous laissons Neda derri\u00e8re nous pour continuer vers Fene. En quittant la ville, le chemin rejoint la route royale pour atteindre Cabanas, au milieu de l&rsquo;estuaire de l&rsquo;Eume, le p\u00e8lerin peut se reposer sur la plage d&rsquo;A Madalena, avant de continuer sur la promenade, de traverser le pont et d&rsquo;entrer dans Pontedeume.<\/p>\n<p><img decoding=\"async\" src=\"https:\/\/www.caminosantiagoacaballo.com\/wp-content\/uploads\/2022\/09\/camino-ingles-2.jpg\" alt=\"\" width=\"500\" height=\"669\"><\/p>\n<p>En laissant Pontedeume derri\u00e8re nous, nous arrivons \u00e0 une \u00e9glise d&rsquo;o\u00f9 nous avons une excellente vue panoramique sur les estuaires de Ferrol, Betanzos et Ares, en continuant vers le village de Bu\u00ed\u00f1a jusqu&rsquo;\u00e0 atteindre Mi\u00f1o.<\/p>\n<p><img decoding=\"async\" src=\"https:\/\/www.caminosantiagoacaballo.com\/wp-content\/uploads\/2022\/09\/camino-ingles-3.jpg\" alt=\"\" width=\"500\" height=\"373\"><\/p>\n<p>La route descend et commence une nouvelle ascension vers Matacabalos, en passant par Chantada et Guende. La route traverse un terrain plat avant de descendre vers Betanzos, une route qui offre une bonne vue panoramique sur l&rsquo;estuaire de Betanzos et ses marais.<\/p>\n<p>Le p\u00e8lerin traverse la rivi\u00e8re Mandeo \u00e0 A Ponte Vella et entre dans Betanzos, l&rsquo;ancienne capitale de l&rsquo;une des sept provinces du Royaume de Galice, par les portes de la muraille m\u00e9di\u00e9vale.<\/p>\n<p><img loading=\"lazy\" decoding=\"async\" src=\"https:\/\/www.caminosantiagoacaballo.com\/wp-content\/uploads\/2022\/09\/camino-ingles-4.jpg\" alt=\"\" width=\"500\" height=\"373\"><\/p>\n<p>De Betanzos, nous arrivons \u00e0 Coru\u00f1a. Nous quittons la ville en direction du pont de Sig\u00fceiro sur la rivi\u00e8re Tambre o\u00f9 le p\u00e8lerin entre dans la municipalit\u00e9 de Santiago. L&rsquo;itin\u00e9raire est parall\u00e8le \u00e0 la rivi\u00e8re et continue jusqu&rsquo;\u00e0 la \u00ab\u00a0Fonte do Ingl\u00e9s\u00a0\u00bb et laisse derri\u00e8re lui la zone industrielle de Tambre.<\/p>\n<p><img loading=\"lazy\" decoding=\"async\" src=\"https:\/\/www.caminosantiagoacaballo.com\/wp-content\/uploads\/2022\/09\/camino-ingles-5.jpg\" alt=\"\" width=\"500\" height=\"373\"><\/p>\n<p>L&rsquo;itin\u00e9raire entre dans le centre-ville de Santiago, en passant devant le b\u00e2timent administratif de la Xunta de Galicia, \u00e0 San Caetano, et le monument au p\u00e8lerin, repr\u00e9sent\u00e9 par une \u00e9mouvante statue de bronze du sculpteur Jos\u00e9 Mar\u00eda Acu\u00f1a.<\/p>\n<p>Apr\u00e8s avoir visit\u00e9 la cath\u00e9drale de Saint-Jacques-de-Compostelle, point d&rsquo;arriv\u00e9e et de rencontre des p\u00e8lerins, la ville de Saint-Jacques s&rsquo;offre au visiteur dans toute sa splendeur historique, dans toute sa diversit\u00e9 et son dynamisme actuels.<\/p>\n<p><img loading=\"lazy\" decoding=\"async\" src=\"https:\/\/www.caminosantiagoacaballo.com\/wp-content\/uploads\/2022\/09\/camino-ingles-6.jpg\" alt=\"\" width=\"500\" height=\"373\"><\/p>\n<p>Une fois pass\u00e9 le pont de Sig\u00fceiro sur le Tambre, le p\u00e8lerin entre dans la municipalit\u00e9 de Santiago. La route est parall\u00e8le \u00e0 la rivi\u00e8re et m\u00e8ne \u00e0 l&rsquo;\u00e9glise de Barciela ; elle continue jusqu&rsquo;\u00e0 la \u00ab\u00a0Fonte do Ingl\u00e9s\u00a0\u00bb et laisse derri\u00e8re elle la zone industrielle de Tambre, en passant par la route Galileo et la rue Tambre. L&rsquo;itin\u00e9raire arrive \u00e0 Meixonfr\u00edo, o\u00f9 se trouvait une auberge o\u00f9 les p\u00e8lerins et les voyageurs se rafra\u00eechissaient.<\/p>\n","protected":false},"excerpt":{"rendered":"<p>Le p\u00e8lerinage jacob\u00e9en a connu une grande renomm\u00e9e dans toute l&rsquo;Europe m\u00e9di\u00e9vale. Scandinaves, Flamands, Anglais, \u00c9cossais et Irlandais ont utilis\u00e9 les routes maritimes avec une grande intensit\u00e9 pour atteindre Ribadeo, Viveiro, Ferrol ou La Corogne avec l&rsquo;intention d&rsquo;effectuer le p\u00e8lerinage \u00e0 Saint-Jacques. Ces deux derni\u00e8res enclaves c\u00f4ti\u00e8res, gr\u00e2ce \u00e0 leur situation strat\u00e9gique exceptionnelle, sont les [&hellip;]<\/p>\n","protected":false},"author":1,"featured_media":0,"parent":0,"menu_order":0,"comment_status":"closed","ping_status":"closed","template":"","meta":{"_joinchat":[],"footnotes":""},"class_list":["post-550","page","type-page","status-publish","hentry"],"yoast_head":"<!-- This site is optimized with the Yoast SEO plugin v26.9 - https:\/\/yoast.com\/product\/yoast-seo-wordpress\/ -->\n<title>Chemin anglais - Camino de Santiago \u00e0 cheval<\/title>\n<meta name=\"description\" content=\"P\u00e8lerinage jacob\u00e9en, nous organisons des itin\u00e9raires \u00e0 cheval le long des routes fran\u00e7aise, portugaise, Via de la Plata, anglaise et autres options.\" \/>\n<meta name=\"robots\" content=\"index, follow, max-snippet:-1, max-image-preview:large, max-video-preview:-1\" \/>\n<link rel=\"canonical\" href=\"https:\/\/www.caminosantiagoacaballo.com\/fr\/chemin-anglais\/\" \/>\n<meta property=\"og:locale\" content=\"fr_FR\" \/>\n<meta property=\"og:type\" content=\"article\" \/>\n<meta property=\"og:title\" content=\"Chemin anglais - Camino de Santiago \u00e0 cheval\" \/>\n<meta property=\"og:description\" content=\"P\u00e8lerinage jacob\u00e9en, nous organisons des itin\u00e9raires \u00e0 cheval le long des routes fran\u00e7aise, portugaise, Via de la Plata, anglaise et autres options.\" \/>\n<meta property=\"og:url\" content=\"https:\/\/www.caminosantiagoacaballo.com\/fr\/chemin-anglais\/\" \/>\n<meta property=\"og:site_name\" content=\"Camino de Santiago a Caballo\" \/>\n<meta property=\"article:modified_time\" content=\"2022-10-06T16:20:55+00:00\" \/>\n<meta property=\"og:image\" content=\"https:\/\/www.caminosantiagoacaballo.com\/wp-content\/uploads\/2022\/09\/camino-ingles-1.jpg\" \/>\n<meta name=\"twitter:card\" content=\"summary_large_image\" \/>\n<script type=\"application\/ld+json\" class=\"yoast-schema-graph\">{\"@context\":\"https:\/\/schema.org\",\"@graph\":[{\"@type\":\"WebPage\",\"@id\":\"https:\/\/www.caminosantiagoacaballo.com\/fr\/chemin-anglais\/\",\"url\":\"https:\/\/www.caminosantiagoacaballo.com\/fr\/chemin-anglais\/\",\"name\":\"Chemin anglais - Camino de Santiago \u00e0 cheval\",\"isPartOf\":{\"@id\":\"https:\/\/www.caminosantiagoacaballo.com\/fr\/#website\"},\"primaryImageOfPage\":{\"@id\":\"https:\/\/www.caminosantiagoacaballo.com\/fr\/chemin-anglais\/#primaryimage\"},\"image\":{\"@id\":\"https:\/\/www.caminosantiagoacaballo.com\/fr\/chemin-anglais\/#primaryimage\"},\"thumbnailUrl\":\"https:\/\/www.caminosantiagoacaballo.com\/wp-content\/uploads\/2022\/09\/camino-ingles-1.jpg\",\"datePublished\":\"2016-10-16T23:16:13+00:00\",\"dateModified\":\"2022-10-06T16:20:55+00:00\",\"description\":\"P\u00e8lerinage jacob\u00e9en, nous organisons des itin\u00e9raires \u00e0 cheval le long des routes fran\u00e7aise, portugaise, Via de la Plata, anglaise et autres options.\",\"breadcrumb\":{\"@id\":\"https:\/\/www.caminosantiagoacaballo.com\/fr\/chemin-anglais\/#breadcrumb\"},\"inLanguage\":\"fr-FR\",\"potentialAction\":[{\"@type\":\"ReadAction\",\"target\":[\"https:\/\/www.caminosantiagoacaballo.com\/fr\/chemin-anglais\/\"]}]},{\"@type\":\"ImageObject\",\"inLanguage\":\"fr-FR\",\"@id\":\"https:\/\/www.caminosantiagoacaballo.com\/fr\/chemin-anglais\/#primaryimage\",\"url\":\"https:\/\/www.caminosantiagoacaballo.com\/wp-content\/uploads\/2022\/09\/camino-ingles-1.jpg\",\"contentUrl\":\"https:\/\/www.caminosantiagoacaballo.com\/wp-content\/uploads\/2022\/09\/camino-ingles-1.jpg\"},{\"@type\":\"BreadcrumbList\",\"@id\":\"https:\/\/www.caminosantiagoacaballo.com\/fr\/chemin-anglais\/#breadcrumb\",\"itemListElement\":[{\"@type\":\"ListItem\",\"position\":1,\"name\":\"Portada\",\"item\":\"https:\/\/www.caminosantiagoacaballo.com\/fr\/\"},{\"@type\":\"ListItem\",\"position\":2,\"name\":\"La voie anglaise\"}]},{\"@type\":\"WebSite\",\"@id\":\"https:\/\/www.caminosantiagoacaballo.com\/fr\/#website\",\"url\":\"https:\/\/www.caminosantiagoacaballo.com\/fr\/\",\"name\":\"Camino de Santiago a Caballo\",\"description\":\"Realiza el Camino de Santiago con la mayor seguridad y comodidad a caballo\",\"publisher\":{\"@id\":\"https:\/\/www.caminosantiagoacaballo.com\/fr\/#organization\"},\"potentialAction\":[{\"@type\":\"SearchAction\",\"target\":{\"@type\":\"EntryPoint\",\"urlTemplate\":\"https:\/\/www.caminosantiagoacaballo.com\/fr\/?s={search_term_string}\"},\"query-input\":{\"@type\":\"PropertyValueSpecification\",\"valueRequired\":true,\"valueName\":\"search_term_string\"}}],\"inLanguage\":\"fr-FR\"},{\"@type\":\"Organization\",\"@id\":\"https:\/\/www.caminosantiagoacaballo.com\/fr\/#organization\",\"name\":\"Camino de Santiago a Caballo\",\"url\":\"https:\/\/www.caminosantiagoacaballo.com\/fr\/\",\"logo\":{\"@type\":\"ImageObject\",\"inLanguage\":\"fr-FR\",\"@id\":\"https:\/\/www.caminosantiagoacaballo.com\/fr\/#\/schema\/logo\/image\/\",\"url\":\"https:\/\/www.caminosantiagoacaballo.com\/wp-content\/uploads\/2022\/09\/camino-santiago-a-caballo-logo.jpg\",\"contentUrl\":\"https:\/\/www.caminosantiagoacaballo.com\/wp-content\/uploads\/2022\/09\/camino-santiago-a-caballo-logo.jpg\",\"width\":199,\"height\":180,\"caption\":\"Camino de Santiago a Caballo\"},\"image\":{\"@id\":\"https:\/\/www.caminosantiagoacaballo.com\/fr\/#\/schema\/logo\/image\/\"}}]}<\/script>\n<!-- \/ Yoast SEO plugin. -->","yoast_head_json":{"title":"Chemin anglais - Camino de Santiago \u00e0 cheval","description":"P\u00e8lerinage jacob\u00e9en, nous organisons des itin\u00e9raires \u00e0 cheval le long des routes fran\u00e7aise, portugaise, Via de la Plata, anglaise et autres options.","robots":{"index":"index","follow":"follow","max-snippet":"max-snippet:-1","max-image-preview":"max-image-preview:large","max-video-preview":"max-video-preview:-1"},"canonical":"https:\/\/www.caminosantiagoacaballo.com\/fr\/chemin-anglais\/","og_locale":"fr_FR","og_type":"article","og_title":"Chemin anglais - Camino de Santiago \u00e0 cheval","og_description":"P\u00e8lerinage jacob\u00e9en, nous organisons des itin\u00e9raires \u00e0 cheval le long des routes fran\u00e7aise, portugaise, Via de la Plata, anglaise et autres options.","og_url":"https:\/\/www.caminosantiagoacaballo.com\/fr\/chemin-anglais\/","og_site_name":"Camino de Santiago a Caballo","article_modified_time":"2022-10-06T16:20:55+00:00","og_image":[{"url":"https:\/\/www.caminosantiagoacaballo.com\/wp-content\/uploads\/2022\/09\/camino-ingles-1.jpg","type":"","width":"","height":""}],"twitter_card":"summary_large_image","schema":{"@context":"https:\/\/schema.org","@graph":[{"@type":"WebPage","@id":"https:\/\/www.caminosantiagoacaballo.com\/fr\/chemin-anglais\/","url":"https:\/\/www.caminosantiagoacaballo.com\/fr\/chemin-anglais\/","name":"Chemin anglais - Camino de Santiago \u00e0 cheval","isPartOf":{"@id":"https:\/\/www.caminosantiagoacaballo.com\/fr\/#website"},"primaryImageOfPage":{"@id":"https:\/\/www.caminosantiagoacaballo.com\/fr\/chemin-anglais\/#primaryimage"},"image":{"@id":"https:\/\/www.caminosantiagoacaballo.com\/fr\/chemin-anglais\/#primaryimage"},"thumbnailUrl":"https:\/\/www.caminosantiagoacaballo.com\/wp-content\/uploads\/2022\/09\/camino-ingles-1.jpg","datePublished":"2016-10-16T23:16:13+00:00","dateModified":"2022-10-06T16:20:55+00:00","description":"P\u00e8lerinage jacob\u00e9en, nous organisons des itin\u00e9raires \u00e0 cheval le long des routes fran\u00e7aise, portugaise, Via de la Plata, anglaise et autres options.","breadcrumb":{"@id":"https:\/\/www.caminosantiagoacaballo.com\/fr\/chemin-anglais\/#breadcrumb"},"inLanguage":"fr-FR","potentialAction":[{"@type":"ReadAction","target":["https:\/\/www.caminosantiagoacaballo.com\/fr\/chemin-anglais\/"]}]},{"@type":"ImageObject","inLanguage":"fr-FR","@id":"https:\/\/www.caminosantiagoacaballo.com\/fr\/chemin-anglais\/#primaryimage","url":"https:\/\/www.caminosantiagoacaballo.com\/wp-content\/uploads\/2022\/09\/camino-ingles-1.jpg","contentUrl":"https:\/\/www.caminosantiagoacaballo.com\/wp-content\/uploads\/2022\/09\/camino-ingles-1.jpg"},{"@type":"BreadcrumbList","@id":"https:\/\/www.caminosantiagoacaballo.com\/fr\/chemin-anglais\/#breadcrumb","itemListElement":[{"@type":"ListItem","position":1,"name":"Portada","item":"https:\/\/www.caminosantiagoacaballo.com\/fr\/"},{"@type":"ListItem","position":2,"name":"La voie anglaise"}]},{"@type":"WebSite","@id":"https:\/\/www.caminosantiagoacaballo.com\/fr\/#website","url":"https:\/\/www.caminosantiagoacaballo.com\/fr\/","name":"Camino de Santiago a Caballo","description":"Realiza el Camino de Santiago con la mayor seguridad y comodidad a caballo","publisher":{"@id":"https:\/\/www.caminosantiagoacaballo.com\/fr\/#organization"},"potentialAction":[{"@type":"SearchAction","target":{"@type":"EntryPoint","urlTemplate":"https:\/\/www.caminosantiagoacaballo.com\/fr\/?s={search_term_string}"},"query-input":{"@type":"PropertyValueSpecification","valueRequired":true,"valueName":"search_term_string"}}],"inLanguage":"fr-FR"},{"@type":"Organization","@id":"https:\/\/www.caminosantiagoacaballo.com\/fr\/#organization","name":"Camino de Santiago a Caballo","url":"https:\/\/www.caminosantiagoacaballo.com\/fr\/","logo":{"@type":"ImageObject","inLanguage":"fr-FR","@id":"https:\/\/www.caminosantiagoacaballo.com\/fr\/#\/schema\/logo\/image\/","url":"https:\/\/www.caminosantiagoacaballo.com\/wp-content\/uploads\/2022\/09\/camino-santiago-a-caballo-logo.jpg","contentUrl":"https:\/\/www.caminosantiagoacaballo.com\/wp-content\/uploads\/2022\/09\/camino-santiago-a-caballo-logo.jpg","width":199,"height":180,"caption":"Camino de Santiago a Caballo"},"image":{"@id":"https:\/\/www.caminosantiagoacaballo.com\/fr\/#\/schema\/logo\/image\/"}}]}},"publishpress_future_workflow_manual_trigger":{"enabledWorkflows":[]},"_links":{"self":[{"href":"https:\/\/www.caminosantiagoacaballo.com\/fr\/wp-json\/wp\/v2\/pages\/550","targetHints":{"allow":["GET"]}}],"collection":[{"href":"https:\/\/www.caminosantiagoacaballo.com\/fr\/wp-json\/wp\/v2\/pages"}],"about":[{"href":"https:\/\/www.caminosantiagoacaballo.com\/fr\/wp-json\/wp\/v2\/types\/page"}],"author":[{"embeddable":true,"href":"https:\/\/www.caminosantiagoacaballo.com\/fr\/wp-json\/wp\/v2\/users\/1"}],"replies":[{"embeddable":true,"href":"https:\/\/www.caminosantiagoacaballo.com\/fr\/wp-json\/wp\/v2\/comments?post=550"}],"version-history":[{"count":0,"href":"https:\/\/www.caminosantiagoacaballo.com\/fr\/wp-json\/wp\/v2\/pages\/550\/revisions"}],"wp:attachment":[{"href":"https:\/\/www.caminosantiagoacaballo.com\/fr\/wp-json\/wp\/v2\/media?parent=550"}],"curies":[{"name":"wp","href":"https:\/\/api.w.org\/{rel}","templated":true}]}}