{"id":528,"date":"2016-10-16T16:49:37","date_gmt":"2016-10-16T14:49:37","guid":{"rendered":"http:\/\/caminosantiagoacaballo.com\/2016\/fr\/camino-del-norte\/"},"modified":"2022-10-06T12:43:32","modified_gmt":"2022-10-06T10:43:32","slug":"chemin-nord","status":"publish","type":"page","link":"https:\/\/www.caminosantiagoacaballo.com\/fr\/chemin-nord\/","title":{"rendered":"Camino Del Norte"},"content":{"rendered":"<p><center><iframe src=\"https:\/\/www.google.com\/maps\/d\/embed?mid=1PzaUzx61T0gevQZVa6oKC3XCMcE\" width=\"95%\" height=\"480\" data-mce-fragment=\"1\"><\/iframe><\/center><\/p>\n<p>L&rsquo;origine du p\u00e8lerinage de Saint-Jacques le long de la route c\u00f4ti\u00e8re Astur-Galice remonte \u00e0 l&rsquo;\u00e9poque qui a suivi imm\u00e9diatement la d\u00e9couverte de la tombe de l&rsquo;ap\u00f4tre Saint-Jacques le Majeur (vers 820).<\/p>\n<p>Le tron\u00e7on galicien de cette route est actuellement balis\u00e9 tout au long de ses 170 kilom\u00e8tres, entre R\u00edbadeo et Santiago, par des cairns en pierre d\u00e9cor\u00e9s d&rsquo;une coquille Saint-Jacques en c\u00e9ramique et d&rsquo;une information pr\u00e9cieuse pour le p\u00e8lerin : le point kilom\u00e9trique auquel il se trouve. En plus de la fameuse fl\u00e8che jaune, ces bornes aident \u00e0 identifier le Camino sans difficult\u00e9, car elles sont situ\u00e9es \u00e0 des endroits strat\u00e9giques, comme les carrefours et les d\u00e9tours.<\/p>\n<p>La ville de R\u00edbadeo, importante enclave touristique et capitale municipale, est le point de d\u00e9part du Chemin du Nord sur son chemin vers la Galice. Ribadeo est la porte d&rsquo;entr\u00e9e de la route de p\u00e8lerinage la plus septentrionale qui relie les sanctuaires d&rsquo;Oviedo et de Santiago. Il convient de rappeler qu&rsquo;entre les 13e et 18e si\u00e8cles, elle \u00e9tait consid\u00e9r\u00e9e comme la \u00ab\u00a0d\u00e9fense de la mer Cantabrique\u00a0\u00bb.<\/p>\n<p>En quittant la ville c\u00f4ti\u00e8re, prenez la direction d&rsquo;Obe, et dirigez-vous vers la montagne de Santa Cruz, o\u00f9 se trouve l&rsquo;ermitage de Santa Cruz.<\/p>\n<p><img fetchpriority=\"high\" decoding=\"async\" src=\"https:\/\/www.caminosantiagoacaballo.com\/wp-content\/uploads\/2022\/09\/camino-del-norte-1.jpg\" alt=\"\" width=\"500\" height=\"333\"><\/p>\n<p>Le Chemin du Nord m\u00e8ne ensuite \u00e0 Vilela, Cedofeita et continue vers Lourenz\u00e1, Cubelas, Vilamart\u00edn, Vilanova, Gond\u00e1n et Curveiro. La route continue ensuite son parcours en passant par la chapelle de San Nicol\u00e1s et les lieux de L\u00f3ngaras, San Esteban, Trapa&#8230;<\/p>\n<p>En quittant Vilanova de Lourenz\u00e1, l&rsquo;ancienne route jacobine du nord continue d&#8217;emprunter, dans ce tron\u00e7on, la route m\u00e9di\u00e9vale \u00ab\u00a0pitch\u00a0\u00bb : un axe routier venant des Asturies en direction de Lugo, qui entre dans Mondo\u00f1edo par le m\u00e9di\u00e9val et \u00e9vocateur Ponte do Pasa Tempo.<\/p>\n<p><img decoding=\"async\" src=\"https:\/\/www.caminosantiagoacaballo.com\/wp-content\/uploads\/2022\/09\/camino-del-norte-2.jpg\" alt=\"\" width=\"500\" height=\"373\"><\/p>\n<p>La ville de Mondo\u00f1edo est l&rsquo;un des si\u00e8ges \u00e9piscopaux galiciens ayant la plus longue tradition culturelle et l&rsquo;un des centres historiques les plus importants de Galice. Le Chemin passe par le quartier d&rsquo;Os Mu\u00ed\u00f1os, r\u00faa de Sind\u00edn, qui communiquait avec le centre urbain \u00e0 l&rsquo;int\u00e9rieur des murs de la ville et qui, en v\u00e9rit\u00e9, \u00e9tait la voie royale qui entrait dans la ville. \u00c0 Mondo\u00f1edo, d&rsquo;autres b\u00e2timents historiques tels que des \u00e9glises, des h\u00f4pitaux ou des palais embellissent les rues et les places de la ville.<\/p>\n<p>Aux abords du couvent de San Marti\u00f1o de Vilalourente, \u00ab\u00a0Os Picos\u00a0\u00bb (XVIIIe si\u00e8cle). Vilalba peut d\u00e9sormais rivaliser avec l&rsquo;attraction de la ville de Lugo, contribuant ainsi \u00e0 cr\u00e9er un itin\u00e9raire plus court vers Compostelle. Cette route m\u00e9di\u00e9vale basse quitte Mondo\u00f1edo et monte vers les petits villages de San Caetano via Vali\u00f1adares et Mariz. La route m\u00e9di\u00e9vale se poursuit au fond de la vall\u00e9e baign\u00e9e par la rivi\u00e8re Vali\u00f1adares, en passant par les villages de Vali\u00f1a, Pacios et Lousada&#8230;<\/p>\n<p>Il continue ensuite vers P\u00e9da Ponte, As corgas, Gont\u00e1n, Pobecende et entre dans la ville d&rsquo;Abad\u00edn. Depuis Abad\u00edn, le Chemin traverse la Terra Ch\u00e1 en passant par les paroisses de Castromaior, Goiriz, Ponterroxal, traverse la rivi\u00e8re Arnela sur un pont m\u00e9di\u00e9val, atteint Castromaior et passe sur le magnifique pont m\u00e9di\u00e9val de Pontevella, qui fait traverser aux p\u00e8lerins une zone non peupl\u00e9e. La route continue vers Santiago, en suivant le petit village de O Franc\u00e9s (un nom de lieu clairement li\u00e9 au ph\u00e9nom\u00e8ne des p\u00e8lerinages \u00e0 Santiago), continue vers As Chonzas et entre dans Vilalba. De Vilalba, la route continue vers Baamonde, quitte Baamonde par la route N-VI, parall\u00e8le au chemin de fer et \u00e0 la rivi\u00e8re Parga, pour atteindre Santa Leocadia de Parga.<\/p>\n<p><img decoding=\"async\" src=\"https:\/\/www.caminosantiagoacaballo.com\/wp-content\/uploads\/2022\/09\/camino-del-norte-3.jpg\" alt=\"\" width=\"500\" height=\"373\"><\/p>\n<p>Le Chemin continue par Ponte Leijosa et atteint Santiago de Miraz, Pedramaior et Marco das P\u00edas, \u00e0 la fronti\u00e8re de la province de Lugo. De l\u00e0, en passant par Esgueva, vous atteignez Sobrado dos Monxes (A Coru\u00f1a) et Carelle. Nous atteignons ensuite Corredoiras et passons un carrefour avant de nous diriger vers Boimorto et G\u00e1ndara.<\/p>\n<p>Le Chemin du Nord rejoint finalement le Chemin Fran\u00e7ais dans la ville d&rsquo;Arz\u00faa.<\/p>\n<p><img loading=\"lazy\" decoding=\"async\" src=\"https:\/\/www.caminosantiagoacaballo.com\/wp-content\/uploads\/2022\/09\/camino-del-norte-4.jpg\" alt=\"\" width=\"500\" height=\"373\"><\/p>\n","protected":false},"excerpt":{"rendered":"<p>L&rsquo;origine du p\u00e8lerinage de Saint-Jacques le long de la route c\u00f4ti\u00e8re Astur-Galice remonte \u00e0 l&rsquo;\u00e9poque qui a suivi imm\u00e9diatement la d\u00e9couverte de la tombe de l&rsquo;ap\u00f4tre Saint-Jacques le Majeur (vers 820). Le tron\u00e7on galicien de cette route est actuellement balis\u00e9 tout au long de ses 170 kilom\u00e8tres, entre R\u00edbadeo et Santiago, par des cairns en [&hellip;]<\/p>\n","protected":false},"author":1,"featured_media":0,"parent":0,"menu_order":0,"comment_status":"closed","ping_status":"closed","template":"","meta":{"_joinchat":[],"footnotes":""},"class_list":["post-528","page","type-page","status-publish","hentry"],"yoast_head":"<!-- This site is optimized with the Yoast SEO plugin v26.9 - https:\/\/yoast.com\/product\/yoast-seo-wordpress\/ -->\n<title>Camino del Norte - Camino de Santiago \u00e0 cheval<\/title>\n<meta name=\"description\" content=\"Galice, Cantabrico, Santiago, Oviedo, nous organisons des itin\u00e9raires \u00e0 cheval le long de la route fran\u00e7aise, portugaise, Via de la Plata, anglaise et autres options.\" \/>\n<meta name=\"robots\" content=\"index, follow, max-snippet:-1, max-image-preview:large, max-video-preview:-1\" \/>\n<link rel=\"canonical\" href=\"https:\/\/www.caminosantiagoacaballo.com\/fr\/chemin-nord\/\" \/>\n<meta property=\"og:locale\" content=\"fr_FR\" \/>\n<meta property=\"og:type\" content=\"article\" \/>\n<meta property=\"og:title\" content=\"Camino del Norte - Camino de Santiago \u00e0 cheval\" \/>\n<meta property=\"og:description\" content=\"Galice, Cantabrico, Santiago, Oviedo, nous organisons des itin\u00e9raires \u00e0 cheval le long de la route fran\u00e7aise, portugaise, Via de la Plata, anglaise et autres options.\" \/>\n<meta property=\"og:url\" content=\"https:\/\/www.caminosantiagoacaballo.com\/fr\/chemin-nord\/\" \/>\n<meta property=\"og:site_name\" content=\"Camino de Santiago a Caballo\" \/>\n<meta property=\"article:modified_time\" content=\"2022-10-06T10:43:32+00:00\" \/>\n<meta property=\"og:image\" content=\"https:\/\/www.caminosantiagoacaballo.com\/wp-content\/uploads\/2022\/09\/camino-del-norte-1.jpg\" \/>\n<meta name=\"twitter:card\" content=\"summary_large_image\" \/>\n<script type=\"application\/ld+json\" class=\"yoast-schema-graph\">{\"@context\":\"https:\/\/schema.org\",\"@graph\":[{\"@type\":\"WebPage\",\"@id\":\"https:\/\/www.caminosantiagoacaballo.com\/fr\/chemin-nord\/\",\"url\":\"https:\/\/www.caminosantiagoacaballo.com\/fr\/chemin-nord\/\",\"name\":\"Camino del Norte - Camino de Santiago \u00e0 cheval\",\"isPartOf\":{\"@id\":\"https:\/\/www.caminosantiagoacaballo.com\/fr\/#website\"},\"primaryImageOfPage\":{\"@id\":\"https:\/\/www.caminosantiagoacaballo.com\/fr\/chemin-nord\/#primaryimage\"},\"image\":{\"@id\":\"https:\/\/www.caminosantiagoacaballo.com\/fr\/chemin-nord\/#primaryimage\"},\"thumbnailUrl\":\"https:\/\/www.caminosantiagoacaballo.com\/wp-content\/uploads\/2022\/09\/camino-del-norte-1.jpg\",\"datePublished\":\"2016-10-16T14:49:37+00:00\",\"dateModified\":\"2022-10-06T10:43:32+00:00\",\"description\":\"Galice, Cantabrico, Santiago, Oviedo, nous organisons des itin\u00e9raires \u00e0 cheval le long de la route fran\u00e7aise, portugaise, Via de la Plata, anglaise et autres options.\",\"breadcrumb\":{\"@id\":\"https:\/\/www.caminosantiagoacaballo.com\/fr\/chemin-nord\/#breadcrumb\"},\"inLanguage\":\"fr-FR\",\"potentialAction\":[{\"@type\":\"ReadAction\",\"target\":[\"https:\/\/www.caminosantiagoacaballo.com\/fr\/chemin-nord\/\"]}]},{\"@type\":\"ImageObject\",\"inLanguage\":\"fr-FR\",\"@id\":\"https:\/\/www.caminosantiagoacaballo.com\/fr\/chemin-nord\/#primaryimage\",\"url\":\"https:\/\/www.caminosantiagoacaballo.com\/wp-content\/uploads\/2022\/09\/camino-del-norte-1.jpg\",\"contentUrl\":\"https:\/\/www.caminosantiagoacaballo.com\/wp-content\/uploads\/2022\/09\/camino-del-norte-1.jpg\"},{\"@type\":\"BreadcrumbList\",\"@id\":\"https:\/\/www.caminosantiagoacaballo.com\/fr\/chemin-nord\/#breadcrumb\",\"itemListElement\":[{\"@type\":\"ListItem\",\"position\":1,\"name\":\"Portada\",\"item\":\"https:\/\/www.caminosantiagoacaballo.com\/fr\/\"},{\"@type\":\"ListItem\",\"position\":2,\"name\":\"Camino Del Norte\"}]},{\"@type\":\"WebSite\",\"@id\":\"https:\/\/www.caminosantiagoacaballo.com\/fr\/#website\",\"url\":\"https:\/\/www.caminosantiagoacaballo.com\/fr\/\",\"name\":\"Camino de Santiago a Caballo\",\"description\":\"Realiza el Camino de Santiago con la mayor seguridad y comodidad a caballo\",\"publisher\":{\"@id\":\"https:\/\/www.caminosantiagoacaballo.com\/fr\/#organization\"},\"potentialAction\":[{\"@type\":\"SearchAction\",\"target\":{\"@type\":\"EntryPoint\",\"urlTemplate\":\"https:\/\/www.caminosantiagoacaballo.com\/fr\/?s={search_term_string}\"},\"query-input\":{\"@type\":\"PropertyValueSpecification\",\"valueRequired\":true,\"valueName\":\"search_term_string\"}}],\"inLanguage\":\"fr-FR\"},{\"@type\":\"Organization\",\"@id\":\"https:\/\/www.caminosantiagoacaballo.com\/fr\/#organization\",\"name\":\"Camino de Santiago a Caballo\",\"url\":\"https:\/\/www.caminosantiagoacaballo.com\/fr\/\",\"logo\":{\"@type\":\"ImageObject\",\"inLanguage\":\"fr-FR\",\"@id\":\"https:\/\/www.caminosantiagoacaballo.com\/fr\/#\/schema\/logo\/image\/\",\"url\":\"https:\/\/www.caminosantiagoacaballo.com\/wp-content\/uploads\/2022\/09\/camino-santiago-a-caballo-logo.jpg\",\"contentUrl\":\"https:\/\/www.caminosantiagoacaballo.com\/wp-content\/uploads\/2022\/09\/camino-santiago-a-caballo-logo.jpg\",\"width\":199,\"height\":180,\"caption\":\"Camino de Santiago a Caballo\"},\"image\":{\"@id\":\"https:\/\/www.caminosantiagoacaballo.com\/fr\/#\/schema\/logo\/image\/\"}}]}<\/script>\n<!-- \/ Yoast SEO plugin. -->","yoast_head_json":{"title":"Camino del Norte - Camino de Santiago \u00e0 cheval","description":"Galice, Cantabrico, Santiago, Oviedo, nous organisons des itin\u00e9raires \u00e0 cheval le long de la route fran\u00e7aise, portugaise, Via de la Plata, anglaise et autres options.","robots":{"index":"index","follow":"follow","max-snippet":"max-snippet:-1","max-image-preview":"max-image-preview:large","max-video-preview":"max-video-preview:-1"},"canonical":"https:\/\/www.caminosantiagoacaballo.com\/fr\/chemin-nord\/","og_locale":"fr_FR","og_type":"article","og_title":"Camino del Norte - Camino de Santiago \u00e0 cheval","og_description":"Galice, Cantabrico, Santiago, Oviedo, nous organisons des itin\u00e9raires \u00e0 cheval le long de la route fran\u00e7aise, portugaise, Via de la Plata, anglaise et autres options.","og_url":"https:\/\/www.caminosantiagoacaballo.com\/fr\/chemin-nord\/","og_site_name":"Camino de Santiago a Caballo","article_modified_time":"2022-10-06T10:43:32+00:00","og_image":[{"url":"https:\/\/www.caminosantiagoacaballo.com\/wp-content\/uploads\/2022\/09\/camino-del-norte-1.jpg","type":"","width":"","height":""}],"twitter_card":"summary_large_image","schema":{"@context":"https:\/\/schema.org","@graph":[{"@type":"WebPage","@id":"https:\/\/www.caminosantiagoacaballo.com\/fr\/chemin-nord\/","url":"https:\/\/www.caminosantiagoacaballo.com\/fr\/chemin-nord\/","name":"Camino del Norte - Camino de Santiago \u00e0 cheval","isPartOf":{"@id":"https:\/\/www.caminosantiagoacaballo.com\/fr\/#website"},"primaryImageOfPage":{"@id":"https:\/\/www.caminosantiagoacaballo.com\/fr\/chemin-nord\/#primaryimage"},"image":{"@id":"https:\/\/www.caminosantiagoacaballo.com\/fr\/chemin-nord\/#primaryimage"},"thumbnailUrl":"https:\/\/www.caminosantiagoacaballo.com\/wp-content\/uploads\/2022\/09\/camino-del-norte-1.jpg","datePublished":"2016-10-16T14:49:37+00:00","dateModified":"2022-10-06T10:43:32+00:00","description":"Galice, Cantabrico, Santiago, Oviedo, nous organisons des itin\u00e9raires \u00e0 cheval le long de la route fran\u00e7aise, portugaise, Via de la Plata, anglaise et autres options.","breadcrumb":{"@id":"https:\/\/www.caminosantiagoacaballo.com\/fr\/chemin-nord\/#breadcrumb"},"inLanguage":"fr-FR","potentialAction":[{"@type":"ReadAction","target":["https:\/\/www.caminosantiagoacaballo.com\/fr\/chemin-nord\/"]}]},{"@type":"ImageObject","inLanguage":"fr-FR","@id":"https:\/\/www.caminosantiagoacaballo.com\/fr\/chemin-nord\/#primaryimage","url":"https:\/\/www.caminosantiagoacaballo.com\/wp-content\/uploads\/2022\/09\/camino-del-norte-1.jpg","contentUrl":"https:\/\/www.caminosantiagoacaballo.com\/wp-content\/uploads\/2022\/09\/camino-del-norte-1.jpg"},{"@type":"BreadcrumbList","@id":"https:\/\/www.caminosantiagoacaballo.com\/fr\/chemin-nord\/#breadcrumb","itemListElement":[{"@type":"ListItem","position":1,"name":"Portada","item":"https:\/\/www.caminosantiagoacaballo.com\/fr\/"},{"@type":"ListItem","position":2,"name":"Camino Del Norte"}]},{"@type":"WebSite","@id":"https:\/\/www.caminosantiagoacaballo.com\/fr\/#website","url":"https:\/\/www.caminosantiagoacaballo.com\/fr\/","name":"Camino de Santiago a Caballo","description":"Realiza el Camino de Santiago con la mayor seguridad y comodidad a caballo","publisher":{"@id":"https:\/\/www.caminosantiagoacaballo.com\/fr\/#organization"},"potentialAction":[{"@type":"SearchAction","target":{"@type":"EntryPoint","urlTemplate":"https:\/\/www.caminosantiagoacaballo.com\/fr\/?s={search_term_string}"},"query-input":{"@type":"PropertyValueSpecification","valueRequired":true,"valueName":"search_term_string"}}],"inLanguage":"fr-FR"},{"@type":"Organization","@id":"https:\/\/www.caminosantiagoacaballo.com\/fr\/#organization","name":"Camino de Santiago a Caballo","url":"https:\/\/www.caminosantiagoacaballo.com\/fr\/","logo":{"@type":"ImageObject","inLanguage":"fr-FR","@id":"https:\/\/www.caminosantiagoacaballo.com\/fr\/#\/schema\/logo\/image\/","url":"https:\/\/www.caminosantiagoacaballo.com\/wp-content\/uploads\/2022\/09\/camino-santiago-a-caballo-logo.jpg","contentUrl":"https:\/\/www.caminosantiagoacaballo.com\/wp-content\/uploads\/2022\/09\/camino-santiago-a-caballo-logo.jpg","width":199,"height":180,"caption":"Camino de Santiago a Caballo"},"image":{"@id":"https:\/\/www.caminosantiagoacaballo.com\/fr\/#\/schema\/logo\/image\/"}}]}},"publishpress_future_workflow_manual_trigger":{"enabledWorkflows":[]},"_links":{"self":[{"href":"https:\/\/www.caminosantiagoacaballo.com\/fr\/wp-json\/wp\/v2\/pages\/528","targetHints":{"allow":["GET"]}}],"collection":[{"href":"https:\/\/www.caminosantiagoacaballo.com\/fr\/wp-json\/wp\/v2\/pages"}],"about":[{"href":"https:\/\/www.caminosantiagoacaballo.com\/fr\/wp-json\/wp\/v2\/types\/page"}],"author":[{"embeddable":true,"href":"https:\/\/www.caminosantiagoacaballo.com\/fr\/wp-json\/wp\/v2\/users\/1"}],"replies":[{"embeddable":true,"href":"https:\/\/www.caminosantiagoacaballo.com\/fr\/wp-json\/wp\/v2\/comments?post=528"}],"version-history":[{"count":0,"href":"https:\/\/www.caminosantiagoacaballo.com\/fr\/wp-json\/wp\/v2\/pages\/528\/revisions"}],"wp:attachment":[{"href":"https:\/\/www.caminosantiagoacaballo.com\/fr\/wp-json\/wp\/v2\/media?parent=528"}],"curies":[{"name":"wp","href":"https:\/\/api.w.org\/{rel}","templated":true}]}}