{"id":5206,"date":"2016-10-16T15:02:02","date_gmt":"2016-10-16T13:02:02","guid":{"rendered":"https:\/\/caminosantiagoacaballo.com\/\/via-de-la-plata\/"},"modified":"2022-10-06T12:43:22","modified_gmt":"2022-10-06T10:43:22","slug":"via-de-la-plata","status":"publish","type":"page","link":"https:\/\/www.caminosantiagoacaballo.com\/fr\/via-de-la-plata\/","title":{"rendered":"Via de la Plata"},"content":{"rendered":"<p><center><iframe src=\"https:\/\/www.google.com\/maps\/d\/embed?mid=12qC1OElqjMaK8wgMaPeiAhkOht0\" width=\"95%\" height=\"480\" data-mce-fragment=\"1\"><\/iframe><\/center>Il s<strong>&lsquo;agit du plus long chemin de p\u00e8lerinage de Galice<\/strong>.<\/p>\n<p>Il passe par les provinces d&rsquo;Ourense, de Pontevedra et de La Corogne, traversant des zones naturelles d&rsquo;une grande beaut\u00e9, avec un riche patrimoine culturel et \u00e9cologique. En raison de son long parcours, il offre des alternatives et plusieurs acc\u00e8s \u00e0 la Galice depuis le nord-est du Portugal et par le bassin du Sil, une entr\u00e9e traditionnelle en Galice depuis l&rsquo;Antiquit\u00e9. Le Chemin du Sud-Est est une extension de la voie romaine connue sous le nom de V\u00eda de la Plata, qui reliait M\u00e9rida \u00e0 Astorga, traversant l&rsquo;ouest de la p\u00e9ninsule du sud au nord et franchissant les fleuves Tajo et Duero.<\/p>\n<p>Le terme \u00ab\u00a0V\u00eda de la Plata\u00a0\u00bb d\u00e9rive pr\u00e9cis\u00e9ment de la signification \u00e9tymologique originale de l&rsquo;arabe Banatta, par lequel les musulmans d\u00e9signaient cette large voie publique pav\u00e9e au trac\u00e9 solide qui se dirigeait vers le nord chr\u00e9tien. Le nom V\u00eda de la Plata ne fait donc pas r\u00e9f\u00e9rence \u00e0 quoi que ce soit en rapport avec l&rsquo;exploitation ou le commerce du m\u00e9tal pr\u00e9cieux.<\/p>\n<p><strong>ITIN\u00c9RAIRE<\/strong><\/p>\n<p>Le Chemin de p\u00e8lerinage, une extension de la Route de l&rsquo;argent, entre dans la province d&rsquo;Ourense par le port de Portela da Canda, dans la municipalit\u00e9 de A Mezquita, et continue jusqu&rsquo;aux lieux de A Canda et A Gudi\u00f1a. En quittant le centre urbain d&rsquo;A Gudi\u00f1a, le chemin de p\u00e8lerinage pouvait emprunter la route plus courte de la Verea Sur, vers Laza, ou continuer jusqu&rsquo;\u00e0 Ver\u00edn, un carrefour. La route continue vers Monterrei, avec la silhouette de la forteresse comtale qui domine toute la vall\u00e9e.<\/p>\n<p><img fetchpriority=\"high\" decoding=\"async\" src=\"https:\/\/www.caminosantiagoacaballo.com\/wp-content\/uploads\/2022\/09\/via-de-la-plata-1.jpg\" alt=\"\" width=\"500\" height=\"375\"><\/p>\n<p>A) Monterrei-Trasmiras-Xinzo de Limia<\/p>\n<p>Laissant derri\u00e8re lui Monterrei, l&rsquo;itin\u00e9raire continue vers le village d&rsquo;Albarellos, dont l&rsquo;\u00e9glise paroissiale est d\u00e9di\u00e9e \u00e0 l&rsquo;ap\u00f4tre, pour continuer vers le village d&rsquo;Infesta et entrer dans la municipalit\u00e9 de Cualedro, en passant par le village de Rebordondo et le village de Pena Verde. Il continue ensuite vers As Estivadas, passe par Viladerrei et se dirige vers Trasmiras, en profitant des facilit\u00e9s de la vall\u00e9e de A Limia, en passant par les lieux de Zos et Boado, avant d&rsquo;atteindre Xinzo de Limia.<\/p>\n<p>B) Xinzo de Limia-Sandi\u00e1s-Allariz<\/p>\n<p>La route continue jusqu&rsquo;\u00e0 Vilarillo das Poldras, Couso de Limi et Vilar de Sandi\u00e1s, puis jusqu&rsquo;au village de Pi\u00f1eira de Arcos, avant de traverser la vall\u00e9e qui relie Allariz. Dans cette municipalit\u00e9. 1 le p\u00e8lerin passe par Coedo, Outeiro de Torneiros, Paradilias et Torneiros, avant d&rsquo;atteindre le village de Pened\u00f3s, puis la ville d&rsquo;Allariz.<\/p>\n<p>C) AIlariz-Ourense<\/p>\n<p>Apr\u00e8s AIlariz, le p\u00e8lerin continue vers A Frieira, traverse la paroisse de Santiago de Folgoso et passe par Roiriz de Abaixo, Roirizde Arriba, Rubi\u00e1s, Espilieiros, A Vila et Augasantas. L&rsquo;itin\u00e9raire entre \u00e0 Taboa de la,cmz \u00e0 la paroisse de Santiago de Rabeda, continue \u00e0 Pereiras et entre \u00e0 San Cibrao das Vi\u00f1as, en passant par A Castellana et Ponte Noalla. \u00c0 Ourense, il passe par San Breixo de Seixalbo. Laissant derri\u00e8re lui la ville d&rsquo;A Gudma, l&rsquo;itin\u00e9raire emprunte le chemin Verea Vella ou Vere a Sur qui traverse les paysages impressionnants d&rsquo;A Serra Seca, en passant par la Venda do Espmo et la Venda da Teresa. Comme il n&rsquo;y a pas de lieux habit\u00e9s dans ces paysages \u00e9crasants, les ventes continuent le long de l&rsquo;oued. Apr\u00e8s ce parcours accident\u00e9, marchant \u00e0 plus de mille m\u00e8tres d&rsquo;altitude, A Serra Seca se termine \u00e0 Santiago de Campo Becerros, o\u00f9 la mta est appel\u00e9e A Vrea Vella et o\u00f9 les p\u00e8lerins pouvaient compter sur l&rsquo;aide des chevaliers de l&rsquo;Ordre de Santiago.<\/p>\n<p>La route se rend \u00e0 Porto Camba, dans une vall\u00e9e de montagne de la Serra de San Mamede qui appartenait au sealor\u00edo monastique de Montederramo et aux chanoines r\u00e9guliers de Xunqueira de Amb\u00eda. Ce chemin de p\u00e8lerinage vient de Chaves (Portugal), traverse la fronti\u00e8re et passe par le village de Fecesde Abaixo, sur les rives du T\u00e1mega, et le lieu de Mand\u00edn. Une fois dans la municipalit\u00e9 de Ver\u00edn, il continue vers Tamaguelos, dont l&rsquo;\u00e9glise est d\u00e9di\u00e9e \u00e0 Santiago, et passe par Mourazos, Tamagos et Cabreiro\u00e1, c\u00e9l\u00e8bre pour sa station thermale d&rsquo;eau lithique, avant d&rsquo;atteindre le centre de Verin. Apr\u00e8s \u00eatre pass\u00e9 pr\u00e8s du ch\u00e2teau de Monterrei, l&rsquo;itin\u00e9raire laisse derri\u00e8re lui les lieux de A Pousa et Mix\u00f3s.<\/p>\n<p>Apr\u00e8s avoir travers\u00e9 Estev\u00cd\u00f1os, Vences et Arcucelos, l&rsquo;itin\u00e9raire atteint A Retorta, toujours dans la vall\u00e9e de Monterrevieiras. Laza est un carrefour o\u00f9 cet itin\u00e9raire rencontre le Verea Sur, l&rsquo;ancien et traditionnel Camino de Castilla.<\/p>\n<p><img decoding=\"async\" src=\"https:\/\/www.caminosantiagoacaballo.com\/wp-content\/uploads\/2022\/09\/via-de-la-plata-2.jpg\" alt=\"\" width=\"500\" height=\"373\"><\/p>\n<p>D) Laza-Vilar de Barrio-Xunqueira de Amb\u00eda.<\/p>\n<p>Apr\u00e8s Laza, la route continue vers Soutelo Verde et Santa Mar\u00eda de Alberguer\u00eda, un point de rep\u00e8re important sur cette route, car il y avait une auberge pour les voyageurs, ainsi qu&rsquo;un h\u00f4pital de charit\u00e9 pour les p\u00e8lerins. Une fois \u00e0 Vilar de Barrio, le p\u00e8lerin entre dans la capitale municipale, continue jusqu&rsquo;\u00e0 la place de Santa Mar\u00eda de B\u00f3veda, o\u00f9 se trouve le manoir du marquis de B\u00f3veda de Limia, chevalier de Santiago, et une chapelle fond\u00e9e par lui dans l&rsquo;\u00e9glise paroissiale, et continue jusqu&rsquo;\u00e0 Vilar de Gumareites. \u00c0 partir de ce point, le chemin s&rsquo;appelle Vrea de Santiago, est confortablement large, partiellement inond\u00e9 en hiver, et a un rev\u00eatement de dalles de pierre tr\u00e8s us\u00e9es. Peu apr\u00e8s, elle entre dans la municipalit\u00e9 de Xunqueira de Amb\u00eda, passe par la paroisse de Sobradelo et traverse la voie romaine XVIII de l&rsquo;Itin\u00e9raire Antonin. La route continue vers Bovadel et Cima de Vila, avant d&rsquo;entrer dans Xunqueira de Amb\u00eda.<\/p>\n<p>E)Xunqueira de Amb\u00eda-Ourense<\/p>\n<p>Apr\u00e8s Xunqueira, la route passe par le lieu-dit San Xillau et continue jusqu&rsquo;\u00e0 A Pausa, laissant derri\u00e8re elle la chapelle de la Virgen del Camino. Vient ensuite le lieu de Vila Nava, o\u00f9 l&rsquo;on trouve des maisons orn\u00e9es de croix d&rsquo;ordres militaires et de coquilles de Saint-Jacques, et se poursuit jusqu&rsquo;\u00e0 Salgueiros et Os Casares ; d&rsquo;ici, de nombreux p\u00e8lerins faisaient un d\u00e9tour par Santa Maril1a de Augasantas. La route traverse ensuite l&rsquo;extr\u00e9mit\u00e9 ouest de la municipalit\u00e9 de Baf\u00edos de Molgas, en passant par Gaspar, et entre dans les terres de Padernede Allariz, laissant derri\u00e8re elle Canto\u00f1a et Ousende. La Verea atteint la municipalit\u00e9 de Taboa de la, traverse la paroisse de Santiago de Rabeda, et continue jusqu&rsquo;\u00e0 Venda do R\u00edoy Pereiras. \u00c0 Pereiras, cet itin\u00e9raire rejoint celui de Xinzo et d&rsquo;Allariz. Il passe ensuite par A Castellana, Ponte Noalla, San Breixo de Seixalbo et entre \u00e0 Ourense. L&rsquo;itin\u00e9raire entre dans le centre-ville de la capitale aurignacienne, pour visiter la cath\u00e9drale et sa chapelle du Santo Cristo, la fontaine de Burgas, les rues, les places et les ponts sur le fleuve Mi\u00f1o.<\/p>\n<p>F) Ourense-Cea<\/p>\n<p>En quittant Ourense, l&rsquo;itin\u00e9raire passe par Cudeiro et Sart\u00e9digos. Peu apr\u00e8s, elle entre dans la municipalit\u00e9 d&rsquo;Amoeiro et traverse la paroisse de San Paio de B\u00f3veda, avant d&rsquo;atteindre Tamallancos. \u00c0 Sobreira, il y a une bifurcation qui m\u00e8ne au pazo-castle de Vilamar\u00edn, l&rsquo;ancienne forteresse r\u00e9sidentielle des comtes de Rivadavia. \u00c0 Ponte Sobreira, vous traversez la rivi\u00e8re Barbanti\u00f1o sur un pont historique et entrez dans la municipalit\u00e9 de Cea, en passant par les villages pittoresques de Faramontaos, Viduedo et As Casas Novas. Le chemin arrive peu apr\u00e8s au centre de San Cristovo de Cea. Dans le tron\u00e7on Ourense-Casas Navas (Cea), il existe une autre alternative plus moderne qui, dans un premier temps, suit la direction du Millo sur sa rive droite et continue jusqu&rsquo;au lieu-dit Quinte1a, toujours dans la municipalit\u00e9 d&rsquo;Ourense, continue jusqu&rsquo;\u00e0 Li\u00f1ares et Cimadevila, deux lieux de la municipalit\u00e9 d&rsquo;Amoeiro, et entre dans Casas Navas apr\u00e8s avoir travers\u00e9 Mandr\u00e1s et Pulledo.<\/p>\n<p><img decoding=\"async\" src=\"https:\/\/www.caminosantiagoacaballo.com\/wp-content\/uploads\/2022\/09\/via-de-la-plata-3.jpg\" alt=\"\" width=\"500\" height=\"373\"><\/p>\n<p>G) Cea-Castro de Doz\u00f3n-Prado (lal\u00edn)-Silleda<\/p>\n<p>Apr\u00e8s Cea, de nombreux p\u00e8lerins bifurquent vers le monast\u00e8re d&rsquo;Oseira. Depuis Oseira, le chemin revient \u00e0 Castro de Doz\u00f3n, en passant par Carballeidi\u00f1a et Coiras. Une autre possibilit\u00e9 pour le p\u00e8lerin est de suivre un chemin plus court et plus direct de Cea \u00e0 Doz\u00f3n, en passant par Porto do Souto, Cotelas, Pi\u00f1or, Arenteiro, O Reino et Cargalleda, dans la municipalit\u00e9 de PUlor. Les deux possibilit\u00e9s conduisent le p\u00e8lerin au centre de Castro de Moz\u00f3n. Le chemin arrive \u00e0 l&rsquo;Alto de Santo Domingo, o\u00f9 se trouve une chapelle d\u00e9di\u00e9e \u00e0 ce saint, entre \u00e0 Lal\u00edn (Pontevedra), traverse la paroisse de Santiago de Catasos, passe par Puxallos, et continue vers Pontenoufe, A Xesta et Medelo. Il passe ensuite par Mes\u00f3n de Cu\u00fcarro, Donsi\u00f3n, Empedrada et Prado, puis traverse la paroisse de Santiago de Tabeada (Silleda), franchit un pont m\u00e9di\u00e9val sur la rivi\u00e8re Deza et continue vers la capitale municipale.<\/p>\n<p><img loading=\"lazy\" decoding=\"async\" src=\"https:\/\/www.caminosantiagoacaballo.com\/wp-content\/uploads\/2022\/09\/via-de-la-plata-4.jpg\" alt=\"\" width=\"500\" height=\"333\"><\/p>\n<p>H) SilIeda-Santiago<\/p>\n<p>Le dernier tron\u00e7on de ce chemin de p\u00e8lerinage passe par les municipalit\u00e9s de Silleda, A Estrada, Vedra, Boqueix\u00f3n et Santiago. En quittant Silleda, la route passe par Foxo, Margaride et Chapa. Apr\u00e8s avoir travers\u00e9 Chapa, elle continue vers Bandeira, Codeseira, Pi\u00f1eiro et Castrovite (A Estrada) ; la route continue vers Santa Mar\u00eda de Loimil. L&rsquo;itin\u00e9raire passe par Casares et Carballas et traverse la paroisse de Santo Esteva de Oca.<\/p>\n<p>La route continue vers Valboa, Arnois, A Calzada et Veiga. Elle entre dans Vedra par Ponte Ulla, traverse le cours de la rivi\u00e8re Ulla sur un pont historique et entre dans la province de La Corogne. La route m\u00e8ne aux lieux d&rsquo;Eiravedra, Franc\u00e9s, Cumbraos et Sobredo. Un peu plus loin, elle entre dans la municipalit\u00e9 de Boqueix\u00f3n, en passant par Ruibal ; laissant derri\u00e8re elle Rubial et Dexeiro de Arriba, la route atteint la municipalit\u00e9 de Santiago et laisse derri\u00e8re elle le village de A Susana. Il revient \u00e0 Vedra, en passant par Paradela, et entre finalement \u00e0 Santiago par Corexo, Angrois et Cruceiro de Sar, \u00e0 la p\u00e9riph\u00e9rie de la ville historique. Laissant derri\u00e8re lui la Coll\u00e9giale de Sar et son int\u00e9ressant Mus\u00e9e d&rsquo;Art Sacr\u00e9, le p\u00e8lerin doit faire un dernier effort avant d&rsquo;entrer dans la ville historique, en traversant la r\u00faa Vires da Cerca, laissant derri\u00e8re lui le couvent baroque des M\u00e8res Merc\u00e9daires, Prado. Traversez la Porta de Mazarelos, la seule partie restante de la muraille de la ville, et arrivez \u00e0 la Praza da Universidade.<\/p>\n<p>Le p\u00e8lerin continue le long de la R\u00faa da Caldeireria anim\u00e9e, descend la Costa de Xelm\u00edrez et arrive \u00e0 la c\u00e9l\u00e8bre Praza das Praterias. Par cette porte sud, le p\u00e8lerin entre dans la cath\u00e9drale de Saint-Jacques-de-Compostelle, le but du p\u00e8lerinage occidental.<\/p>\n","protected":false},"excerpt":{"rendered":"<p>Il s&lsquo;agit du plus long chemin de p\u00e8lerinage de Galice. Il passe par les provinces d&rsquo;Ourense, de Pontevedra et de La Corogne, traversant des zones naturelles d&rsquo;une grande beaut\u00e9, avec un riche patrimoine culturel et \u00e9cologique. En raison de son long parcours, il offre des alternatives et plusieurs acc\u00e8s \u00e0 la Galice depuis le nord-est [&hellip;]<\/p>\n","protected":false},"author":1,"featured_media":0,"parent":0,"menu_order":0,"comment_status":"closed","ping_status":"closed","template":"","meta":{"_joinchat":[],"footnotes":""},"class_list":["post-5206","page","type-page","status-publish","hentry"],"yoast_head":"<!-- This site is optimized with the Yoast SEO plugin v26.9 - https:\/\/yoast.com\/product\/yoast-seo-wordpress\/ -->\n<title>Via de la plata - Camino de Santiago \u00e0 cheval<\/title>\n<meta name=\"description\" content=\"Nous organisons des itin\u00e9raires \u00e9questres le long des routes fran\u00e7aises, portugaises, de la Via de la Plata, anglaises et autres.\" \/>\n<meta name=\"robots\" content=\"index, follow, max-snippet:-1, max-image-preview:large, max-video-preview:-1\" \/>\n<link rel=\"canonical\" href=\"https:\/\/www.caminosantiagoacaballo.com\/fr\/via-de-la-plata\/\" \/>\n<meta property=\"og:locale\" content=\"fr_FR\" \/>\n<meta property=\"og:type\" content=\"article\" \/>\n<meta property=\"og:title\" content=\"Via de la plata - Camino de Santiago \u00e0 cheval\" \/>\n<meta property=\"og:description\" content=\"Nous organisons des itin\u00e9raires \u00e9questres le long des routes fran\u00e7aises, portugaises, de la Via de la Plata, anglaises et autres.\" \/>\n<meta property=\"og:url\" content=\"https:\/\/www.caminosantiagoacaballo.com\/fr\/via-de-la-plata\/\" \/>\n<meta property=\"og:site_name\" content=\"Camino de Santiago a Caballo\" \/>\n<meta property=\"article:modified_time\" content=\"2022-10-06T10:43:22+00:00\" \/>\n<meta property=\"og:image\" content=\"https:\/\/www.caminosantiagoacaballo.com\/wp-content\/uploads\/2022\/09\/via-de-la-plata-1.jpg\" \/>\n<meta name=\"twitter:card\" content=\"summary_large_image\" \/>\n<script type=\"application\/ld+json\" class=\"yoast-schema-graph\">{\"@context\":\"https:\/\/schema.org\",\"@graph\":[{\"@type\":\"WebPage\",\"@id\":\"https:\/\/www.caminosantiagoacaballo.com\/fr\/via-de-la-plata\/\",\"url\":\"https:\/\/www.caminosantiagoacaballo.com\/fr\/via-de-la-plata\/\",\"name\":\"Via de la plata - Camino de Santiago \u00e0 cheval\",\"isPartOf\":{\"@id\":\"https:\/\/www.caminosantiagoacaballo.com\/fr\/#website\"},\"primaryImageOfPage\":{\"@id\":\"https:\/\/www.caminosantiagoacaballo.com\/fr\/via-de-la-plata\/#primaryimage\"},\"image\":{\"@id\":\"https:\/\/www.caminosantiagoacaballo.com\/fr\/via-de-la-plata\/#primaryimage\"},\"thumbnailUrl\":\"https:\/\/www.caminosantiagoacaballo.com\/wp-content\/uploads\/2022\/09\/via-de-la-plata-1.jpg\",\"datePublished\":\"2016-10-16T13:02:02+00:00\",\"dateModified\":\"2022-10-06T10:43:22+00:00\",\"description\":\"Nous organisons des itin\u00e9raires \u00e9questres le long des routes fran\u00e7aises, portugaises, de la Via de la Plata, anglaises et autres.\",\"breadcrumb\":{\"@id\":\"https:\/\/www.caminosantiagoacaballo.com\/fr\/via-de-la-plata\/#breadcrumb\"},\"inLanguage\":\"fr-FR\",\"potentialAction\":[{\"@type\":\"ReadAction\",\"target\":[\"https:\/\/www.caminosantiagoacaballo.com\/fr\/via-de-la-plata\/\"]}]},{\"@type\":\"ImageObject\",\"inLanguage\":\"fr-FR\",\"@id\":\"https:\/\/www.caminosantiagoacaballo.com\/fr\/via-de-la-plata\/#primaryimage\",\"url\":\"https:\/\/www.caminosantiagoacaballo.com\/wp-content\/uploads\/2022\/09\/via-de-la-plata-1.jpg\",\"contentUrl\":\"https:\/\/www.caminosantiagoacaballo.com\/wp-content\/uploads\/2022\/09\/via-de-la-plata-1.jpg\"},{\"@type\":\"BreadcrumbList\",\"@id\":\"https:\/\/www.caminosantiagoacaballo.com\/fr\/via-de-la-plata\/#breadcrumb\",\"itemListElement\":[{\"@type\":\"ListItem\",\"position\":1,\"name\":\"Portada\",\"item\":\"https:\/\/www.caminosantiagoacaballo.com\/fr\/\"},{\"@type\":\"ListItem\",\"position\":2,\"name\":\"Via de la Plata\"}]},{\"@type\":\"WebSite\",\"@id\":\"https:\/\/www.caminosantiagoacaballo.com\/fr\/#website\",\"url\":\"https:\/\/www.caminosantiagoacaballo.com\/fr\/\",\"name\":\"Camino de Santiago a Caballo\",\"description\":\"Realiza el Camino de Santiago con la mayor seguridad y comodidad a caballo\",\"publisher\":{\"@id\":\"https:\/\/www.caminosantiagoacaballo.com\/fr\/#organization\"},\"potentialAction\":[{\"@type\":\"SearchAction\",\"target\":{\"@type\":\"EntryPoint\",\"urlTemplate\":\"https:\/\/www.caminosantiagoacaballo.com\/fr\/?s={search_term_string}\"},\"query-input\":{\"@type\":\"PropertyValueSpecification\",\"valueRequired\":true,\"valueName\":\"search_term_string\"}}],\"inLanguage\":\"fr-FR\"},{\"@type\":\"Organization\",\"@id\":\"https:\/\/www.caminosantiagoacaballo.com\/fr\/#organization\",\"name\":\"Camino de Santiago a Caballo\",\"url\":\"https:\/\/www.caminosantiagoacaballo.com\/fr\/\",\"logo\":{\"@type\":\"ImageObject\",\"inLanguage\":\"fr-FR\",\"@id\":\"https:\/\/www.caminosantiagoacaballo.com\/fr\/#\/schema\/logo\/image\/\",\"url\":\"https:\/\/www.caminosantiagoacaballo.com\/wp-content\/uploads\/2022\/09\/camino-santiago-a-caballo-logo.jpg\",\"contentUrl\":\"https:\/\/www.caminosantiagoacaballo.com\/wp-content\/uploads\/2022\/09\/camino-santiago-a-caballo-logo.jpg\",\"width\":199,\"height\":180,\"caption\":\"Camino de Santiago a Caballo\"},\"image\":{\"@id\":\"https:\/\/www.caminosantiagoacaballo.com\/fr\/#\/schema\/logo\/image\/\"}}]}<\/script>\n<!-- \/ Yoast SEO plugin. -->","yoast_head_json":{"title":"Via de la plata - Camino de Santiago \u00e0 cheval","description":"Nous organisons des itin\u00e9raires \u00e9questres le long des routes fran\u00e7aises, portugaises, de la Via de la Plata, anglaises et autres.","robots":{"index":"index","follow":"follow","max-snippet":"max-snippet:-1","max-image-preview":"max-image-preview:large","max-video-preview":"max-video-preview:-1"},"canonical":"https:\/\/www.caminosantiagoacaballo.com\/fr\/via-de-la-plata\/","og_locale":"fr_FR","og_type":"article","og_title":"Via de la plata - Camino de Santiago \u00e0 cheval","og_description":"Nous organisons des itin\u00e9raires \u00e9questres le long des routes fran\u00e7aises, portugaises, de la Via de la Plata, anglaises et autres.","og_url":"https:\/\/www.caminosantiagoacaballo.com\/fr\/via-de-la-plata\/","og_site_name":"Camino de Santiago a Caballo","article_modified_time":"2022-10-06T10:43:22+00:00","og_image":[{"url":"https:\/\/www.caminosantiagoacaballo.com\/wp-content\/uploads\/2022\/09\/via-de-la-plata-1.jpg","type":"","width":"","height":""}],"twitter_card":"summary_large_image","schema":{"@context":"https:\/\/schema.org","@graph":[{"@type":"WebPage","@id":"https:\/\/www.caminosantiagoacaballo.com\/fr\/via-de-la-plata\/","url":"https:\/\/www.caminosantiagoacaballo.com\/fr\/via-de-la-plata\/","name":"Via de la plata - Camino de Santiago \u00e0 cheval","isPartOf":{"@id":"https:\/\/www.caminosantiagoacaballo.com\/fr\/#website"},"primaryImageOfPage":{"@id":"https:\/\/www.caminosantiagoacaballo.com\/fr\/via-de-la-plata\/#primaryimage"},"image":{"@id":"https:\/\/www.caminosantiagoacaballo.com\/fr\/via-de-la-plata\/#primaryimage"},"thumbnailUrl":"https:\/\/www.caminosantiagoacaballo.com\/wp-content\/uploads\/2022\/09\/via-de-la-plata-1.jpg","datePublished":"2016-10-16T13:02:02+00:00","dateModified":"2022-10-06T10:43:22+00:00","description":"Nous organisons des itin\u00e9raires \u00e9questres le long des routes fran\u00e7aises, portugaises, de la Via de la Plata, anglaises et autres.","breadcrumb":{"@id":"https:\/\/www.caminosantiagoacaballo.com\/fr\/via-de-la-plata\/#breadcrumb"},"inLanguage":"fr-FR","potentialAction":[{"@type":"ReadAction","target":["https:\/\/www.caminosantiagoacaballo.com\/fr\/via-de-la-plata\/"]}]},{"@type":"ImageObject","inLanguage":"fr-FR","@id":"https:\/\/www.caminosantiagoacaballo.com\/fr\/via-de-la-plata\/#primaryimage","url":"https:\/\/www.caminosantiagoacaballo.com\/wp-content\/uploads\/2022\/09\/via-de-la-plata-1.jpg","contentUrl":"https:\/\/www.caminosantiagoacaballo.com\/wp-content\/uploads\/2022\/09\/via-de-la-plata-1.jpg"},{"@type":"BreadcrumbList","@id":"https:\/\/www.caminosantiagoacaballo.com\/fr\/via-de-la-plata\/#breadcrumb","itemListElement":[{"@type":"ListItem","position":1,"name":"Portada","item":"https:\/\/www.caminosantiagoacaballo.com\/fr\/"},{"@type":"ListItem","position":2,"name":"Via de la Plata"}]},{"@type":"WebSite","@id":"https:\/\/www.caminosantiagoacaballo.com\/fr\/#website","url":"https:\/\/www.caminosantiagoacaballo.com\/fr\/","name":"Camino de Santiago a Caballo","description":"Realiza el Camino de Santiago con la mayor seguridad y comodidad a caballo","publisher":{"@id":"https:\/\/www.caminosantiagoacaballo.com\/fr\/#organization"},"potentialAction":[{"@type":"SearchAction","target":{"@type":"EntryPoint","urlTemplate":"https:\/\/www.caminosantiagoacaballo.com\/fr\/?s={search_term_string}"},"query-input":{"@type":"PropertyValueSpecification","valueRequired":true,"valueName":"search_term_string"}}],"inLanguage":"fr-FR"},{"@type":"Organization","@id":"https:\/\/www.caminosantiagoacaballo.com\/fr\/#organization","name":"Camino de Santiago a Caballo","url":"https:\/\/www.caminosantiagoacaballo.com\/fr\/","logo":{"@type":"ImageObject","inLanguage":"fr-FR","@id":"https:\/\/www.caminosantiagoacaballo.com\/fr\/#\/schema\/logo\/image\/","url":"https:\/\/www.caminosantiagoacaballo.com\/wp-content\/uploads\/2022\/09\/camino-santiago-a-caballo-logo.jpg","contentUrl":"https:\/\/www.caminosantiagoacaballo.com\/wp-content\/uploads\/2022\/09\/camino-santiago-a-caballo-logo.jpg","width":199,"height":180,"caption":"Camino de Santiago a Caballo"},"image":{"@id":"https:\/\/www.caminosantiagoacaballo.com\/fr\/#\/schema\/logo\/image\/"}}]}},"publishpress_future_workflow_manual_trigger":{"enabledWorkflows":[]},"_links":{"self":[{"href":"https:\/\/www.caminosantiagoacaballo.com\/fr\/wp-json\/wp\/v2\/pages\/5206","targetHints":{"allow":["GET"]}}],"collection":[{"href":"https:\/\/www.caminosantiagoacaballo.com\/fr\/wp-json\/wp\/v2\/pages"}],"about":[{"href":"https:\/\/www.caminosantiagoacaballo.com\/fr\/wp-json\/wp\/v2\/types\/page"}],"author":[{"embeddable":true,"href":"https:\/\/www.caminosantiagoacaballo.com\/fr\/wp-json\/wp\/v2\/users\/1"}],"replies":[{"embeddable":true,"href":"https:\/\/www.caminosantiagoacaballo.com\/fr\/wp-json\/wp\/v2\/comments?post=5206"}],"version-history":[{"count":0,"href":"https:\/\/www.caminosantiagoacaballo.com\/fr\/wp-json\/wp\/v2\/pages\/5206\/revisions"}],"wp:attachment":[{"href":"https:\/\/www.caminosantiagoacaballo.com\/fr\/wp-json\/wp\/v2\/media?parent=5206"}],"curies":[{"name":"wp","href":"https:\/\/api.w.org\/{rel}","templated":true}]}}