{"id":483,"date":"2017-01-08T18:43:44","date_gmt":"2017-01-08T17:43:44","guid":{"rendered":"http:\/\/localhost:70\/caminosantiago\/fr\/?page_id=483"},"modified":"2022-10-06T18:21:01","modified_gmt":"2022-10-06T16:21:01","slug":"route-de-la-mer","status":"publish","type":"page","link":"https:\/\/www.caminosantiagoacaballo.com\/fr\/route-de-la-mer\/","title":{"rendered":"Route de la mer"},"content":{"rendered":"<p><center><iframe src=\"https:\/\/www.google.com\/maps\/d\/embed?mid=1xQkdDBopIa7atgy0sBrkO2dTtrc\" width=\"95%\" height=\"480\" data-mce-fragment=\"1\"><\/iframe><\/center>\t\t<\/p>\n<p>La route maritime, o\u00f9 est entr\u00e9 le corps de l&rsquo;Ap\u00f4tre, est une route sp\u00e9ciale, merveilleuse, avec des vues spectaculaires sur la mer, le ciel et la terre, d&rsquo;o\u00f9 l&rsquo;on peut voir presque tous les R\u00edas Bajas. C&rsquo;est un parcours int\u00e9ressant, ludique et vertueux.<\/p>\n<p><img fetchpriority=\"high\" decoding=\"async\" src=\"https:\/\/www.caminosantiagoacaballo.com\/wp-content\/uploads\/2022\/09\/ruta-del-mar-1.jpg\" alt=\"\" width=\"500\" height=\"333\"><\/p>\n<p>Vous y trouverez les meilleurs paradors, pazos, maisons rurales et h\u00f4tels pour vous reposer, ainsi que des restaurants o\u00f9 vous pourrez d\u00e9guster les meilleurs fruits de mer, poissons, viandes et vins qui sont si caract\u00e9ristiques de cette terre. C&rsquo;est un parcours pour se d\u00e9connecter de la vie quotidienne, se d\u00e9tendre et profiter du cheval et des amiti\u00e9s, et en m\u00eame temps, rendre visite \u00e0 notre meilleur ami et cavalier L&rsquo;APOSTLE SANTIAGO afin qu&rsquo;il continue \u00e0 veiller sur nous et \u00e0 nous donner la sant\u00e9 pour profiter de la vie.<\/p>\n<p><img decoding=\"async\" src=\"https:\/\/www.caminosantiagoacaballo.com\/wp-content\/uploads\/2022\/09\/ruta-del-mar-2.jpg\" alt=\"\" width=\"500\" height=\"373\"><\/p>\n<p>Si vous voulez profiter d&rsquo;une route touristique \u00e0 cheval, \u00e9questre, de loisirs, de divertissement, en visitant le sud de la Galice &#8211; Las R\u00edas Bajas-, la route des vins, la route des muletiers, les caves albari\u00f1o, les restaurants, les spas, les ports de p\u00eache, les march\u00e9s aux poissons, les plages, les rivi\u00e8res, les villages, les monuments, &#8230; n&rsquo;h\u00e9sitez pas \u00e0 faire cette route, vous ne le regretterez pas. C&rsquo;est un itin\u00e9raire imbattable \u00e0 faire \u00e0 cheval.<\/p>\n<p><img decoding=\"async\" src=\"https:\/\/www.caminosantiagoacaballo.com\/wp-content\/uploads\/2022\/09\/ruta-del-mar-3.jpg\" alt=\"\" width=\"500\" height=\"373\"><\/p>\n<p>La route maritime devrait commencer \u00e0 Tuy, \u00e0 la fronti\u00e8re entre la Galice et le Portugal, pour laquelle il faudrait 10 jours et 9 nuits depuis Tuy, en passant par La Guardia, Baiona, Vigo, R\u00eda de Arcade (hu\u00eetres), Puentesampaio, Pontevedra, Alto de los Montes de Poyo, le terrain de golf de Meis, Sanxenxo, Portonovo, la plage de La Lanzada, El Grove (port de p\u00eache), Isla de la Toja, Cambados, Villagarc\u00eda, Catoira, Padr\u00f3n et Santiago. En fonction de la disponibilit\u00e9, elle peut \u00eatre plus courte ou plus longue.<\/p>\n<p><img loading=\"lazy\" decoding=\"async\" src=\"https:\/\/www.caminosantiagoacaballo.com\/wp-content\/uploads\/2022\/09\/ruta-del-mar-4.jpg\" alt=\"\" width=\"500\" height=\"375\"><\/p>\n<p>Caminos Galicia propose \u00e9galement deux options pour faire le parcours : avec nos chevaux, ou si vous le souhaitez, avec vos propres chevaux, nous offrons un service de transport au cas o\u00f9 le groupe atteindrait environ 8 chevaux (uniquement en territoire p\u00e9ninsulaire).<\/p>\n<p><img loading=\"lazy\" decoding=\"async\" src=\"https:\/\/www.caminosantiagoacaballo.com\/wp-content\/uploads\/2022\/09\/ruta-del-mar-5.jpg\" alt=\"\" width=\"500\" height=\"333\"><\/p>\n<p>\u00c0 la fin de la journ\u00e9e de marche, nous passerons la nuit et profiterons d&rsquo;un d\u00eener d&rsquo;adieu. Le lendemain, nous prendrons le petit-d\u00e9jeuner et vous accompagnerons \u00e0 votre point de retour. Nous esp\u00e9rons que vous avez appr\u00e9ci\u00e9 le Camino et nos services et nous nous r\u00e9jouissons de vous revoir. Bon voyage !<\/p>\n<p><img loading=\"lazy\" decoding=\"async\" src=\"https:\/\/www.caminosantiagoacaballo.com\/wp-content\/uploads\/2022\/09\/ruta-del-mar-6.jpg\" alt=\"\" width=\"500\" height=\"333\"><\/p>\n","protected":false},"excerpt":{"rendered":"<p>La route maritime, o\u00f9 est entr\u00e9 le corps de l&rsquo;Ap\u00f4tre, est une route sp\u00e9ciale, merveilleuse, avec des vues spectaculaires sur la mer, le ciel et la terre, d&rsquo;o\u00f9 l&rsquo;on peut voir presque tous les R\u00edas Bajas. C&rsquo;est un parcours int\u00e9ressant, ludique et vertueux. Vous y trouverez les meilleurs paradors, pazos, maisons rurales et h\u00f4tels pour [&hellip;]<\/p>\n","protected":false},"author":1,"featured_media":0,"parent":0,"menu_order":0,"comment_status":"closed","ping_status":"closed","template":"","meta":{"_joinchat":[],"footnotes":""},"class_list":["post-483","page","type-page","status-publish","hentry"],"yoast_head":"<!-- This site is optimized with the Yoast SEO plugin v26.9 - https:\/\/yoast.com\/product\/yoast-seo-wordpress\/ -->\n<title>Chemin de la mer - Variante spirituelle - Le chemin de Saint-Jacques \u00e0 cheval<\/title>\n<meta name=\"description\" content=\"Nous organisons des itin\u00e9raires \u00e9questres le long des routes fran\u00e7aises, portugaises, de la Via de la Plata, anglaises et autres.\" \/>\n<meta name=\"robots\" content=\"index, follow, max-snippet:-1, max-image-preview:large, max-video-preview:-1\" \/>\n<link rel=\"canonical\" href=\"https:\/\/www.caminosantiagoacaballo.com\/fr\/route-de-la-mer\/\" \/>\n<meta property=\"og:locale\" content=\"fr_FR\" \/>\n<meta property=\"og:type\" content=\"article\" \/>\n<meta property=\"og:title\" content=\"Chemin de la mer - Variante spirituelle - Le chemin de Saint-Jacques \u00e0 cheval\" \/>\n<meta property=\"og:description\" content=\"Nous organisons des itin\u00e9raires \u00e9questres le long des routes fran\u00e7aises, portugaises, de la Via de la Plata, anglaises et autres.\" \/>\n<meta property=\"og:url\" content=\"https:\/\/www.caminosantiagoacaballo.com\/fr\/route-de-la-mer\/\" \/>\n<meta property=\"og:site_name\" content=\"Camino de Santiago a Caballo\" \/>\n<meta property=\"article:modified_time\" content=\"2022-10-06T16:21:01+00:00\" \/>\n<meta property=\"og:image\" content=\"https:\/\/www.caminosantiagoacaballo.com\/wp-content\/uploads\/2022\/09\/ruta-del-mar-1.jpg\" \/>\n<meta name=\"twitter:card\" content=\"summary_large_image\" \/>\n<script type=\"application\/ld+json\" class=\"yoast-schema-graph\">{\"@context\":\"https:\/\/schema.org\",\"@graph\":[{\"@type\":\"WebPage\",\"@id\":\"https:\/\/www.caminosantiagoacaballo.com\/fr\/route-de-la-mer\/\",\"url\":\"https:\/\/www.caminosantiagoacaballo.com\/fr\/route-de-la-mer\/\",\"name\":\"Chemin de la mer - Variante spirituelle - Le chemin de Saint-Jacques \u00e0 cheval\",\"isPartOf\":{\"@id\":\"https:\/\/www.caminosantiagoacaballo.com\/fr\/#website\"},\"primaryImageOfPage\":{\"@id\":\"https:\/\/www.caminosantiagoacaballo.com\/fr\/route-de-la-mer\/#primaryimage\"},\"image\":{\"@id\":\"https:\/\/www.caminosantiagoacaballo.com\/fr\/route-de-la-mer\/#primaryimage\"},\"thumbnailUrl\":\"https:\/\/www.caminosantiagoacaballo.com\/wp-content\/uploads\/2022\/09\/ruta-del-mar-1.jpg\",\"datePublished\":\"2017-01-08T17:43:44+00:00\",\"dateModified\":\"2022-10-06T16:21:01+00:00\",\"description\":\"Nous organisons des itin\u00e9raires \u00e9questres le long des routes fran\u00e7aises, portugaises, de la Via de la Plata, anglaises et autres.\",\"breadcrumb\":{\"@id\":\"https:\/\/www.caminosantiagoacaballo.com\/fr\/route-de-la-mer\/#breadcrumb\"},\"inLanguage\":\"fr-FR\",\"potentialAction\":[{\"@type\":\"ReadAction\",\"target\":[\"https:\/\/www.caminosantiagoacaballo.com\/fr\/route-de-la-mer\/\"]}]},{\"@type\":\"ImageObject\",\"inLanguage\":\"fr-FR\",\"@id\":\"https:\/\/www.caminosantiagoacaballo.com\/fr\/route-de-la-mer\/#primaryimage\",\"url\":\"https:\/\/www.caminosantiagoacaballo.com\/wp-content\/uploads\/2022\/09\/ruta-del-mar-1.jpg\",\"contentUrl\":\"https:\/\/www.caminosantiagoacaballo.com\/wp-content\/uploads\/2022\/09\/ruta-del-mar-1.jpg\"},{\"@type\":\"BreadcrumbList\",\"@id\":\"https:\/\/www.caminosantiagoacaballo.com\/fr\/route-de-la-mer\/#breadcrumb\",\"itemListElement\":[{\"@type\":\"ListItem\",\"position\":1,\"name\":\"Portada\",\"item\":\"https:\/\/www.caminosantiagoacaballo.com\/fr\/\"},{\"@type\":\"ListItem\",\"position\":2,\"name\":\"Route de la mer\"}]},{\"@type\":\"WebSite\",\"@id\":\"https:\/\/www.caminosantiagoacaballo.com\/fr\/#website\",\"url\":\"https:\/\/www.caminosantiagoacaballo.com\/fr\/\",\"name\":\"Camino de Santiago a Caballo\",\"description\":\"Realiza el Camino de Santiago con la mayor seguridad y comodidad a caballo\",\"publisher\":{\"@id\":\"https:\/\/www.caminosantiagoacaballo.com\/fr\/#organization\"},\"potentialAction\":[{\"@type\":\"SearchAction\",\"target\":{\"@type\":\"EntryPoint\",\"urlTemplate\":\"https:\/\/www.caminosantiagoacaballo.com\/fr\/?s={search_term_string}\"},\"query-input\":{\"@type\":\"PropertyValueSpecification\",\"valueRequired\":true,\"valueName\":\"search_term_string\"}}],\"inLanguage\":\"fr-FR\"},{\"@type\":\"Organization\",\"@id\":\"https:\/\/www.caminosantiagoacaballo.com\/fr\/#organization\",\"name\":\"Camino de Santiago a Caballo\",\"url\":\"https:\/\/www.caminosantiagoacaballo.com\/fr\/\",\"logo\":{\"@type\":\"ImageObject\",\"inLanguage\":\"fr-FR\",\"@id\":\"https:\/\/www.caminosantiagoacaballo.com\/fr\/#\/schema\/logo\/image\/\",\"url\":\"https:\/\/www.caminosantiagoacaballo.com\/wp-content\/uploads\/2022\/09\/camino-santiago-a-caballo-logo.jpg\",\"contentUrl\":\"https:\/\/www.caminosantiagoacaballo.com\/wp-content\/uploads\/2022\/09\/camino-santiago-a-caballo-logo.jpg\",\"width\":199,\"height\":180,\"caption\":\"Camino de Santiago a Caballo\"},\"image\":{\"@id\":\"https:\/\/www.caminosantiagoacaballo.com\/fr\/#\/schema\/logo\/image\/\"}}]}<\/script>\n<!-- \/ Yoast SEO plugin. -->","yoast_head_json":{"title":"Chemin de la mer - Variante spirituelle - Le chemin de Saint-Jacques \u00e0 cheval","description":"Nous organisons des itin\u00e9raires \u00e9questres le long des routes fran\u00e7aises, portugaises, de la Via de la Plata, anglaises et autres.","robots":{"index":"index","follow":"follow","max-snippet":"max-snippet:-1","max-image-preview":"max-image-preview:large","max-video-preview":"max-video-preview:-1"},"canonical":"https:\/\/www.caminosantiagoacaballo.com\/fr\/route-de-la-mer\/","og_locale":"fr_FR","og_type":"article","og_title":"Chemin de la mer - Variante spirituelle - Le chemin de Saint-Jacques \u00e0 cheval","og_description":"Nous organisons des itin\u00e9raires \u00e9questres le long des routes fran\u00e7aises, portugaises, de la Via de la Plata, anglaises et autres.","og_url":"https:\/\/www.caminosantiagoacaballo.com\/fr\/route-de-la-mer\/","og_site_name":"Camino de Santiago a Caballo","article_modified_time":"2022-10-06T16:21:01+00:00","og_image":[{"url":"https:\/\/www.caminosantiagoacaballo.com\/wp-content\/uploads\/2022\/09\/ruta-del-mar-1.jpg","type":"","width":"","height":""}],"twitter_card":"summary_large_image","schema":{"@context":"https:\/\/schema.org","@graph":[{"@type":"WebPage","@id":"https:\/\/www.caminosantiagoacaballo.com\/fr\/route-de-la-mer\/","url":"https:\/\/www.caminosantiagoacaballo.com\/fr\/route-de-la-mer\/","name":"Chemin de la mer - Variante spirituelle - Le chemin de Saint-Jacques \u00e0 cheval","isPartOf":{"@id":"https:\/\/www.caminosantiagoacaballo.com\/fr\/#website"},"primaryImageOfPage":{"@id":"https:\/\/www.caminosantiagoacaballo.com\/fr\/route-de-la-mer\/#primaryimage"},"image":{"@id":"https:\/\/www.caminosantiagoacaballo.com\/fr\/route-de-la-mer\/#primaryimage"},"thumbnailUrl":"https:\/\/www.caminosantiagoacaballo.com\/wp-content\/uploads\/2022\/09\/ruta-del-mar-1.jpg","datePublished":"2017-01-08T17:43:44+00:00","dateModified":"2022-10-06T16:21:01+00:00","description":"Nous organisons des itin\u00e9raires \u00e9questres le long des routes fran\u00e7aises, portugaises, de la Via de la Plata, anglaises et autres.","breadcrumb":{"@id":"https:\/\/www.caminosantiagoacaballo.com\/fr\/route-de-la-mer\/#breadcrumb"},"inLanguage":"fr-FR","potentialAction":[{"@type":"ReadAction","target":["https:\/\/www.caminosantiagoacaballo.com\/fr\/route-de-la-mer\/"]}]},{"@type":"ImageObject","inLanguage":"fr-FR","@id":"https:\/\/www.caminosantiagoacaballo.com\/fr\/route-de-la-mer\/#primaryimage","url":"https:\/\/www.caminosantiagoacaballo.com\/wp-content\/uploads\/2022\/09\/ruta-del-mar-1.jpg","contentUrl":"https:\/\/www.caminosantiagoacaballo.com\/wp-content\/uploads\/2022\/09\/ruta-del-mar-1.jpg"},{"@type":"BreadcrumbList","@id":"https:\/\/www.caminosantiagoacaballo.com\/fr\/route-de-la-mer\/#breadcrumb","itemListElement":[{"@type":"ListItem","position":1,"name":"Portada","item":"https:\/\/www.caminosantiagoacaballo.com\/fr\/"},{"@type":"ListItem","position":2,"name":"Route de la mer"}]},{"@type":"WebSite","@id":"https:\/\/www.caminosantiagoacaballo.com\/fr\/#website","url":"https:\/\/www.caminosantiagoacaballo.com\/fr\/","name":"Camino de Santiago a Caballo","description":"Realiza el Camino de Santiago con la mayor seguridad y comodidad a caballo","publisher":{"@id":"https:\/\/www.caminosantiagoacaballo.com\/fr\/#organization"},"potentialAction":[{"@type":"SearchAction","target":{"@type":"EntryPoint","urlTemplate":"https:\/\/www.caminosantiagoacaballo.com\/fr\/?s={search_term_string}"},"query-input":{"@type":"PropertyValueSpecification","valueRequired":true,"valueName":"search_term_string"}}],"inLanguage":"fr-FR"},{"@type":"Organization","@id":"https:\/\/www.caminosantiagoacaballo.com\/fr\/#organization","name":"Camino de Santiago a Caballo","url":"https:\/\/www.caminosantiagoacaballo.com\/fr\/","logo":{"@type":"ImageObject","inLanguage":"fr-FR","@id":"https:\/\/www.caminosantiagoacaballo.com\/fr\/#\/schema\/logo\/image\/","url":"https:\/\/www.caminosantiagoacaballo.com\/wp-content\/uploads\/2022\/09\/camino-santiago-a-caballo-logo.jpg","contentUrl":"https:\/\/www.caminosantiagoacaballo.com\/wp-content\/uploads\/2022\/09\/camino-santiago-a-caballo-logo.jpg","width":199,"height":180,"caption":"Camino de Santiago a Caballo"},"image":{"@id":"https:\/\/www.caminosantiagoacaballo.com\/fr\/#\/schema\/logo\/image\/"}}]}},"publishpress_future_workflow_manual_trigger":{"enabledWorkflows":[]},"_links":{"self":[{"href":"https:\/\/www.caminosantiagoacaballo.com\/fr\/wp-json\/wp\/v2\/pages\/483","targetHints":{"allow":["GET"]}}],"collection":[{"href":"https:\/\/www.caminosantiagoacaballo.com\/fr\/wp-json\/wp\/v2\/pages"}],"about":[{"href":"https:\/\/www.caminosantiagoacaballo.com\/fr\/wp-json\/wp\/v2\/types\/page"}],"author":[{"embeddable":true,"href":"https:\/\/www.caminosantiagoacaballo.com\/fr\/wp-json\/wp\/v2\/users\/1"}],"replies":[{"embeddable":true,"href":"https:\/\/www.caminosantiagoacaballo.com\/fr\/wp-json\/wp\/v2\/comments?post=483"}],"version-history":[{"count":0,"href":"https:\/\/www.caminosantiagoacaballo.com\/fr\/wp-json\/wp\/v2\/pages\/483\/revisions"}],"wp:attachment":[{"href":"https:\/\/www.caminosantiagoacaballo.com\/fr\/wp-json\/wp\/v2\/media?parent=483"}],"curies":[{"name":"wp","href":"https:\/\/api.w.org\/{rel}","templated":true}]}}