{"id":4792,"date":"2021-11-19T19:00:14","date_gmt":"2021-11-19T18:00:14","guid":{"rendered":"https:\/\/caminosantiagoacaballo.com\/\/offres-speciales\/"},"modified":"2025-10-22T18:22:49","modified_gmt":"2025-10-22T16:22:49","slug":"offres-speciales","status":"publish","type":"page","link":"https:\/\/www.caminosantiagoacaballo.com\/fr\/offres-speciales\/","title":{"rendered":"Offres sp\u00e9ciales"},"content":{"rendered":"","protected":false},"excerpt":{"rendered":"","protected":false},"author":1,"featured_media":0,"parent":0,"menu_order":0,"comment_status":"closed","ping_status":"closed","template":"","meta":{"_joinchat":[],"footnotes":""},"class_list":["post-4792","page","type-page","status-publish","hentry"],"yoast_head":"<!-- This site is optimized with the Yoast SEO plugin v26.9 - https:\/\/yoast.com\/product\/yoast-seo-wordpress\/ -->\n<title>Offres sp\u00e9ciales - Camino de Santiago a Caballo<\/title>\n<meta name=\"description\" content=\"Consultez nos offres sp\u00e9ciales et promotions pour cet \u00e9t\u00e9. Itin\u00e9raires et options pour faire le Camino de Santiago \u00e0 cheval.\" \/>\n<meta name=\"robots\" content=\"index, follow, max-snippet:-1, max-image-preview:large, max-video-preview:-1\" \/>\n<link rel=\"canonical\" href=\"https:\/\/www.caminosantiagoacaballo.com\/fr\/offres-speciales\/\" \/>\n<meta property=\"og:locale\" content=\"fr_FR\" \/>\n<meta property=\"og:type\" content=\"article\" \/>\n<meta property=\"og:title\" content=\"Offres sp\u00e9ciales - Camino de Santiago a Caballo\" \/>\n<meta property=\"og:description\" content=\"Consultez nos offres sp\u00e9ciales et promotions pour cet \u00e9t\u00e9. Itin\u00e9raires et options pour faire le Camino de Santiago \u00e0 cheval.\" \/>\n<meta property=\"og:url\" content=\"https:\/\/www.caminosantiagoacaballo.com\/fr\/offres-speciales\/\" \/>\n<meta property=\"og:site_name\" content=\"Camino de Santiago a Caballo\" \/>\n<meta property=\"article:modified_time\" content=\"2025-10-22T16:22:49+00:00\" \/>\n<meta name=\"twitter:card\" content=\"summary_large_image\" \/>\n<script type=\"application\/ld+json\" class=\"yoast-schema-graph\">{\"@context\":\"https:\/\/schema.org\",\"@graph\":[{\"@type\":\"WebPage\",\"@id\":\"https:\/\/www.caminosantiagoacaballo.com\/fr\/offres-speciales\/\",\"url\":\"https:\/\/www.caminosantiagoacaballo.com\/fr\/offres-speciales\/\",\"name\":\"Offres sp\u00e9ciales - Camino de Santiago a Caballo\",\"isPartOf\":{\"@id\":\"https:\/\/www.caminosantiagoacaballo.com\/fr\/#website\"},\"datePublished\":\"2021-11-19T18:00:14+00:00\",\"dateModified\":\"2025-10-22T16:22:49+00:00\",\"description\":\"Consultez nos offres sp\u00e9ciales et promotions pour cet \u00e9t\u00e9. Itin\u00e9raires et options pour faire le Camino de Santiago \u00e0 cheval.\",\"breadcrumb\":{\"@id\":\"https:\/\/www.caminosantiagoacaballo.com\/fr\/offres-speciales\/#breadcrumb\"},\"inLanguage\":\"fr-FR\",\"potentialAction\":[{\"@type\":\"ReadAction\",\"target\":[\"https:\/\/www.caminosantiagoacaballo.com\/fr\/offres-speciales\/\"]}]},{\"@type\":\"BreadcrumbList\",\"@id\":\"https:\/\/www.caminosantiagoacaballo.com\/fr\/offres-speciales\/#breadcrumb\",\"itemListElement\":[{\"@type\":\"ListItem\",\"position\":1,\"name\":\"Portada\",\"item\":\"https:\/\/www.caminosantiagoacaballo.com\/fr\/\"},{\"@type\":\"ListItem\",\"position\":2,\"name\":\"Offres sp\u00e9ciales\"}]},{\"@type\":\"WebSite\",\"@id\":\"https:\/\/www.caminosantiagoacaballo.com\/fr\/#website\",\"url\":\"https:\/\/www.caminosantiagoacaballo.com\/fr\/\",\"name\":\"Camino de Santiago a Caballo\",\"description\":\"Realiza el Camino de Santiago con la mayor seguridad y comodidad a caballo\",\"publisher\":{\"@id\":\"https:\/\/www.caminosantiagoacaballo.com\/fr\/#organization\"},\"potentialAction\":[{\"@type\":\"SearchAction\",\"target\":{\"@type\":\"EntryPoint\",\"urlTemplate\":\"https:\/\/www.caminosantiagoacaballo.com\/fr\/?s={search_term_string}\"},\"query-input\":{\"@type\":\"PropertyValueSpecification\",\"valueRequired\":true,\"valueName\":\"search_term_string\"}}],\"inLanguage\":\"fr-FR\"},{\"@type\":\"Organization\",\"@id\":\"https:\/\/www.caminosantiagoacaballo.com\/fr\/#organization\",\"name\":\"Camino de Santiago a Caballo\",\"url\":\"https:\/\/www.caminosantiagoacaballo.com\/fr\/\",\"logo\":{\"@type\":\"ImageObject\",\"inLanguage\":\"fr-FR\",\"@id\":\"https:\/\/www.caminosantiagoacaballo.com\/fr\/#\/schema\/logo\/image\/\",\"url\":\"https:\/\/www.caminosantiagoacaballo.com\/wp-content\/uploads\/2022\/09\/camino-santiago-a-caballo-logo.jpg\",\"contentUrl\":\"https:\/\/www.caminosantiagoacaballo.com\/wp-content\/uploads\/2022\/09\/camino-santiago-a-caballo-logo.jpg\",\"width\":199,\"height\":180,\"caption\":\"Camino de Santiago a Caballo\"},\"image\":{\"@id\":\"https:\/\/www.caminosantiagoacaballo.com\/fr\/#\/schema\/logo\/image\/\"}}]}<\/script>\n<!-- \/ Yoast SEO plugin. -->","yoast_head_json":{"title":"Offres sp\u00e9ciales - Camino de Santiago a Caballo","description":"Consultez nos offres sp\u00e9ciales et promotions pour cet \u00e9t\u00e9. Itin\u00e9raires et options pour faire le Camino de Santiago \u00e0 cheval.","robots":{"index":"index","follow":"follow","max-snippet":"max-snippet:-1","max-image-preview":"max-image-preview:large","max-video-preview":"max-video-preview:-1"},"canonical":"https:\/\/www.caminosantiagoacaballo.com\/fr\/offres-speciales\/","og_locale":"fr_FR","og_type":"article","og_title":"Offres sp\u00e9ciales - Camino de Santiago a Caballo","og_description":"Consultez nos offres sp\u00e9ciales et promotions pour cet \u00e9t\u00e9. Itin\u00e9raires et options pour faire le Camino de Santiago \u00e0 cheval.","og_url":"https:\/\/www.caminosantiagoacaballo.com\/fr\/offres-speciales\/","og_site_name":"Camino de Santiago a Caballo","article_modified_time":"2025-10-22T16:22:49+00:00","twitter_card":"summary_large_image","schema":{"@context":"https:\/\/schema.org","@graph":[{"@type":"WebPage","@id":"https:\/\/www.caminosantiagoacaballo.com\/fr\/offres-speciales\/","url":"https:\/\/www.caminosantiagoacaballo.com\/fr\/offres-speciales\/","name":"Offres sp\u00e9ciales - Camino de Santiago a Caballo","isPartOf":{"@id":"https:\/\/www.caminosantiagoacaballo.com\/fr\/#website"},"datePublished":"2021-11-19T18:00:14+00:00","dateModified":"2025-10-22T16:22:49+00:00","description":"Consultez nos offres sp\u00e9ciales et promotions pour cet \u00e9t\u00e9. Itin\u00e9raires et options pour faire le Camino de Santiago \u00e0 cheval.","breadcrumb":{"@id":"https:\/\/www.caminosantiagoacaballo.com\/fr\/offres-speciales\/#breadcrumb"},"inLanguage":"fr-FR","potentialAction":[{"@type":"ReadAction","target":["https:\/\/www.caminosantiagoacaballo.com\/fr\/offres-speciales\/"]}]},{"@type":"BreadcrumbList","@id":"https:\/\/www.caminosantiagoacaballo.com\/fr\/offres-speciales\/#breadcrumb","itemListElement":[{"@type":"ListItem","position":1,"name":"Portada","item":"https:\/\/www.caminosantiagoacaballo.com\/fr\/"},{"@type":"ListItem","position":2,"name":"Offres sp\u00e9ciales"}]},{"@type":"WebSite","@id":"https:\/\/www.caminosantiagoacaballo.com\/fr\/#website","url":"https:\/\/www.caminosantiagoacaballo.com\/fr\/","name":"Camino de Santiago a Caballo","description":"Realiza el Camino de Santiago con la mayor seguridad y comodidad a caballo","publisher":{"@id":"https:\/\/www.caminosantiagoacaballo.com\/fr\/#organization"},"potentialAction":[{"@type":"SearchAction","target":{"@type":"EntryPoint","urlTemplate":"https:\/\/www.caminosantiagoacaballo.com\/fr\/?s={search_term_string}"},"query-input":{"@type":"PropertyValueSpecification","valueRequired":true,"valueName":"search_term_string"}}],"inLanguage":"fr-FR"},{"@type":"Organization","@id":"https:\/\/www.caminosantiagoacaballo.com\/fr\/#organization","name":"Camino de Santiago a Caballo","url":"https:\/\/www.caminosantiagoacaballo.com\/fr\/","logo":{"@type":"ImageObject","inLanguage":"fr-FR","@id":"https:\/\/www.caminosantiagoacaballo.com\/fr\/#\/schema\/logo\/image\/","url":"https:\/\/www.caminosantiagoacaballo.com\/wp-content\/uploads\/2022\/09\/camino-santiago-a-caballo-logo.jpg","contentUrl":"https:\/\/www.caminosantiagoacaballo.com\/wp-content\/uploads\/2022\/09\/camino-santiago-a-caballo-logo.jpg","width":199,"height":180,"caption":"Camino de Santiago a Caballo"},"image":{"@id":"https:\/\/www.caminosantiagoacaballo.com\/fr\/#\/schema\/logo\/image\/"}}]}},"publishpress_future_workflow_manual_trigger":{"enabledWorkflows":[]},"_links":{"self":[{"href":"https:\/\/www.caminosantiagoacaballo.com\/fr\/wp-json\/wp\/v2\/pages\/4792","targetHints":{"allow":["GET"]}}],"collection":[{"href":"https:\/\/www.caminosantiagoacaballo.com\/fr\/wp-json\/wp\/v2\/pages"}],"about":[{"href":"https:\/\/www.caminosantiagoacaballo.com\/fr\/wp-json\/wp\/v2\/types\/page"}],"author":[{"embeddable":true,"href":"https:\/\/www.caminosantiagoacaballo.com\/fr\/wp-json\/wp\/v2\/users\/1"}],"replies":[{"embeddable":true,"href":"https:\/\/www.caminosantiagoacaballo.com\/fr\/wp-json\/wp\/v2\/comments?post=4792"}],"version-history":[{"count":0,"href":"https:\/\/www.caminosantiagoacaballo.com\/fr\/wp-json\/wp\/v2\/pages\/4792\/revisions"}],"wp:attachment":[{"href":"https:\/\/www.caminosantiagoacaballo.com\/fr\/wp-json\/wp\/v2\/media?parent=4792"}],"curies":[{"name":"wp","href":"https:\/\/api.w.org\/{rel}","templated":true}]}}