{"id":4762,"date":"2016-10-13T17:31:24","date_gmt":"2016-10-13T15:31:24","guid":{"rendered":"https:\/\/caminosantiagoacaballo.com\/\/page-daccueil\/"},"modified":"2022-10-06T12:43:27","modified_gmt":"2022-10-06T10:43:27","slug":"page-principale","status":"publish","type":"page","link":"https:\/\/www.caminosantiagoacaballo.com\/fr\/","title":{"rendered":"Page d&rsquo;accueil"},"content":{"rendered":"\t\t<div data-elementor-type=\"wp-page\" data-elementor-id=\"4762\" class=\"elementor elementor-4762 elementor-18 elementor-bc-flex-widget\" data-elementor-post-type=\"page\">\n\t\t\t\t\t\t<section class=\"elementor-section elementor-top-section elementor-element elementor-element-227cb89f elementor-section-boxed elementor-section-height-default elementor-section-height-default\" data-id=\"227cb89f\" data-element_type=\"section\" data-e-type=\"section\">\n\t\t\t\t\t\t<div class=\"elementor-container elementor-column-gap-default\">\n\t\t\t\t\t<div class=\"elementor-column elementor-col-100 elementor-top-column elementor-element elementor-element-1222dac2\" data-id=\"1222dac2\" data-element_type=\"column\" data-e-type=\"column\">\n\t\t\t<div class=\"elementor-widget-wrap elementor-element-populated\">\n\t\t\t\t\t\t<div class=\"elementor-element elementor-element-d0b67d8 elementor-pagination-position-outside elementor-widget elementor-widget-image-carousel\" data-id=\"d0b67d8\" data-element_type=\"widget\" data-e-type=\"widget\" data-settings=\"{&quot;slides_to_show&quot;:&quot;1&quot;,&quot;navigation&quot;:&quot;dots&quot;,&quot;lazyload&quot;:&quot;yes&quot;,&quot;autoplay&quot;:&quot;yes&quot;,&quot;pause_on_hover&quot;:&quot;yes&quot;,&quot;pause_on_interaction&quot;:&quot;yes&quot;,&quot;autoplay_speed&quot;:5000,&quot;infinite&quot;:&quot;yes&quot;,&quot;effect&quot;:&quot;slide&quot;,&quot;speed&quot;:500}\" data-widget_type=\"image-carousel.default\">\n\t\t\t\t<div class=\"elementor-widget-container\">\n\t\t\t\t\t\t\t<div class=\"elementor-image-carousel-wrapper swiper\" role=\"region\" aria-roledescription=\"carousel\" aria-label=\"Carrousel d\u2019images\" dir=\"ltr\">\n\t\t\t<div class=\"elementor-image-carousel swiper-wrapper\" aria-live=\"off\">\n\t\t\t\t\t\t\t\t<div class=\"swiper-slide\" role=\"group\" aria-roledescription=\"slide\" aria-label=\"1 sur 6\"><figure class=\"swiper-slide-inner\"><img class=\"swiper-slide-image swiper-lazy\" data-src=\"https:\/\/www.caminosantiagoacaballo.com\/wp-content\/uploads\/elementor\/thumbs\/camino-santiago-caballo-slider-6-pubvktp8k5t86t1e4lyon9qkhw1qrj0jop53o0sywc.jpg\" alt=\"camino-santiago-caballo-slider-6\" \/><div class=\"swiper-lazy-preloader\"><\/div><\/figure><\/div><div class=\"swiper-slide\" role=\"group\" aria-roledescription=\"slide\" aria-label=\"2 sur 6\"><figure class=\"swiper-slide-inner\"><img class=\"swiper-slide-image swiper-lazy\" data-src=\"https:\/\/www.caminosantiagoacaballo.com\/wp-content\/uploads\/elementor\/thumbs\/camino-santiago-caballo-slider-1-pubvkun2qzuiif00z4db7ri139x3z84a0tsl5arkq4.jpg\" alt=\"camino-santiago-caballo-slider-1\" \/><div class=\"swiper-lazy-preloader\"><\/div><\/figure><\/div><div class=\"swiper-slide\" role=\"group\" aria-roledescription=\"slide\" aria-label=\"3 sur 6\"><figure class=\"swiper-slide-inner\"><img class=\"swiper-slide-image swiper-lazy\" data-src=\"https:\/\/www.caminosantiagoacaballo.com\/wp-content\/uploads\/elementor\/thumbs\/camino-santiago-caballo-slider-2-pubvkun2qzuiif00z4db7ri139x3z84a0tsl5arkq4.jpg\" alt=\"camino-santiago-caballo-slider-2\" \/><div class=\"swiper-lazy-preloader\"><\/div><\/figure><\/div><div class=\"swiper-slide\" role=\"group\" aria-roledescription=\"slide\" aria-label=\"4 sur 6\"><figure class=\"swiper-slide-inner\"><img class=\"swiper-slide-image swiper-lazy\" data-src=\"https:\/\/www.caminosantiagoacaballo.com\/wp-content\/uploads\/elementor\/thumbs\/camino-santiago-caballo-slider-3-pubvkvkwxtvsu0yntmrxs99honsh6x80cyg2mkq6jw.jpg\" alt=\"camino-santiago-caballo-slider-3\" \/><div class=\"swiper-lazy-preloader\"><\/div><\/figure><\/div><div class=\"swiper-slide\" role=\"group\" aria-roledescription=\"slide\" aria-label=\"5 sur 6\"><figure class=\"swiper-slide-inner\"><img class=\"swiper-slide-image swiper-lazy\" data-src=\"https:\/\/www.caminosantiagoacaballo.com\/wp-content\/uploads\/elementor\/thumbs\/camino-santiago-caballo-slider-4-pubvkwir4nx35mxao56kcr0ya1nuembqp33k3uosdo.jpg\" alt=\"camino-santiago-caballo-slider-4\" \/><div class=\"swiper-lazy-preloader\"><\/div><\/figure><\/div><div class=\"swiper-slide\" role=\"group\" aria-roledescription=\"slide\" aria-label=\"6 sur 6\"><figure class=\"swiper-slide-inner\"><img class=\"swiper-slide-image swiper-lazy\" data-src=\"https:\/\/www.caminosantiagoacaballo.com\/wp-content\/uploads\/elementor\/thumbs\/camino-santiago-caballo-slider-5-pubvkwir4nx35mxao56kcr0ya1nuembqp33k3uosdo.jpg\" alt=\"camino-santiago-caballo-slider-5\" \/><div class=\"swiper-lazy-preloader\"><\/div><\/figure><\/div>\t\t\t<\/div>\n\t\t\t\t\t\t\t\n\t\t\t\t\t\t\t\t\t<div class=\"swiper-pagination\"><\/div>\n\t\t\t\t\t\t\t\t\t<\/div>\n\t\t\t\t\t\t<\/div>\n\t\t\t\t<\/div>\n\t\t\t\t<div class=\"elementor-element elementor-element-4a5b57cd elementor-widget elementor-widget-text-editor\" data-id=\"4a5b57cd\" data-element_type=\"widget\" data-e-type=\"widget\" data-widget_type=\"text-editor.default\">\n\t\t\t\t<div class=\"elementor-widget-container\">\n\t\t\t\t\t\t\t\t\t<p style=\"text-align: center; color: #852d48;\"><strong><a href=\"http:\/\/caminosantiagoacaballo.com\/fechas\">DATES ET PRIX<\/a><\/strong><\/p>\n<p style=\"text-align: center; color: #852d48;\"><strong><a href=\"http:\/\/caminosantiagoacaballo.com\/ofertas-especiales\">OFFRES SPECIALES<\/a><\/strong><\/p>\n\t\t\t\t\t\t\t\t<\/div>\n\t\t\t\t<\/div>\n\t\t\t\t<div class=\"elementor-element elementor-element-fb75032 elementor-widget elementor-widget-image\" data-id=\"fb75032\" data-element_type=\"widget\" data-e-type=\"widget\" data-widget_type=\"image.default\">\n\t\t\t\t<div class=\"elementor-widget-container\">\n\t\t\t\t\t\t\t\t\t\t\t\t\t\t\t<img fetchpriority=\"high\" decoding=\"async\" width=\"538\" height=\"409\" src=\"https:\/\/www.caminosantiagoacaballo.com\/wp-content\/uploads\/2022\/09\/mapa_rutas.jpg\" class=\"attachment-full size-full wp-image-4749\" alt=\"\" srcset=\"https:\/\/www.caminosantiagoacaballo.com\/wp-content\/uploads\/2022\/09\/mapa_rutas.jpg 538w, https:\/\/www.caminosantiagoacaballo.com\/wp-content\/uploads\/2022\/09\/mapa_rutas-300x228.jpg 300w\" sizes=\"(max-width: 538px) 100vw, 538px\" \/>\t\t\t\t\t\t\t\t\t\t\t\t\t\t\t<\/div>\n\t\t\t\t<\/div>\n\t\t\t\t<div class=\"elementor-element elementor-element-84c2e89 elementor-widget elementor-widget-text-editor\" data-id=\"84c2e89\" data-element_type=\"widget\" data-e-type=\"widget\" data-widget_type=\"text-editor.default\">\n\t\t\t\t<div class=\"elementor-widget-container\">\n\t\t\t\t\t\t\t\t\t<h1>CAMINO DE SANTIAGO A CABALLO<\/h1>\n<p>Bienvenue sur le site du Camino de Santiago \u00e0 cheval.<\/p>\n<p>Avec nous, vous pourrez faire le Camino de Santiago avec la plus grande s\u00e9curit\u00e9 et le plus grand confort \u00e0 cheval. Notre exp\u00e9rience et nos connaissances nous permettent de vous fournir tous les moyens dont vous pourriez avoir besoin pour profiter des attraits de cette Galice verte et charmante et, qui plus est, \u00e0 cheval.<\/p>\n<p>Cet itin\u00e9raire jacob\u00e9en est l&rsquo;une des grandes exp\u00e9riences pour les amateurs d&rsquo;itin\u00e9raires \u00e9questres du monde entier. Il s&rsquo;agit de combiner l&rsquo;exercice physique avec un contact sain avec la nature, en respectant l&rsquo;environnement et les animaux. Partir en p\u00e8lerinage \u00e0 Saint-Jacques, c&rsquo;est rencontrer les racines religieuses et historiques de l&rsquo;Europe, c&rsquo;est marcher au rythme des si\u00e8cles l&#8217;empreinte laiss\u00e9e par les innombrables p\u00e8lerins dans leur sillage, c&rsquo;est une aventure physique, sportive, r\u00e9cr\u00e9ative et spirituelle \u00e0 vivre en m\u00eame temps.<\/p>\n<p><em><strong>Pour r\u00e9aliser ces parcours, nous mettons \u00e0 votre disposition toute notre exp\u00e9rience et nos connaissances.<\/strong><\/em><\/p>\n<p>Nous connaissons parfaitement ces terres, villages, paysages, chemins, traditions et coutumes, car nous aimons beaucoup ces terres et les parcourir \u00e0 cheval. Nous nous ferons un plaisir de vous accompagner pour les rencontrer et partager avec vous des moments aussi agr\u00e9ables.<\/p>\n\t\t\t\t\t\t\t\t<\/div>\n\t\t\t\t<\/div>\n\t\t\t\t\t<\/div>\n\t\t<\/div>\n\t\t\t\t\t<\/div>\n\t\t<\/section>\n\t\t\t\t<\/div>\n\t\t","protected":false},"excerpt":{"rendered":"<p>DATES ET PRIX OFFRES SPECIALES CAMINO DE SANTIAGO A CABALLO Bienvenue sur le site du Camino de Santiago \u00e0 cheval. Avec nous, vous pourrez faire le Camino de Santiago avec la plus grande s\u00e9curit\u00e9 et le plus grand confort \u00e0 cheval. Notre exp\u00e9rience et nos connaissances nous permettent de vous fournir tous les moyens dont [&hellip;]<\/p>\n","protected":false},"author":1,"featured_media":0,"parent":0,"menu_order":0,"comment_status":"closed","ping_status":"closed","template":"","meta":{"_joinchat":[],"footnotes":""},"class_list":["post-4762","page","type-page","status-publish","hentry"],"yoast_head":"<!-- This site is optimized with the Yoast SEO plugin v26.9 - https:\/\/yoast.com\/product\/yoast-seo-wordpress\/ -->\n<title>Camino de Santiago \u00e0 cheval. Chemin de Compostelle \u00e0 cheval. Chemin fran\u00e7ais<\/title>\n<meta name=\"description\" content=\"Nous organisons des itin\u00e9raires \u00e9questres le long des routes fran\u00e7aises, portugaises, de la Via de la Plata, anglaises et autres.\" \/>\n<meta name=\"robots\" content=\"index, follow, max-snippet:-1, max-image-preview:large, max-video-preview:-1\" \/>\n<link rel=\"canonical\" href=\"https:\/\/www.caminosantiagoacaballo.com\/fr\/\" \/>\n<meta property=\"og:locale\" content=\"fr_FR\" \/>\n<meta property=\"og:type\" content=\"article\" \/>\n<meta property=\"og:title\" content=\"Camino de Santiago \u00e0 cheval. Chemin de Compostelle \u00e0 cheval. Chemin fran\u00e7ais\" \/>\n<meta property=\"og:description\" content=\"Nous organisons des itin\u00e9raires \u00e9questres le long des routes fran\u00e7aises, portugaises, de la Via de la Plata, anglaises et autres.\" \/>\n<meta property=\"og:url\" content=\"https:\/\/www.caminosantiagoacaballo.com\/fr\/\" \/>\n<meta property=\"og:site_name\" content=\"Camino de Santiago a Caballo\" \/>\n<meta property=\"article:modified_time\" content=\"2022-10-06T10:43:27+00:00\" \/>\n<meta property=\"og:image\" content=\"https:\/\/www.caminosantiagoacaballo.com\/wp-content\/uploads\/elementor\/thumbs\/camino-santiago-caballo-slider-6-pubvktp8k5t86t1e4lyon9qkhw1qrj0jop53o0sywc.jpg\" \/>\n<meta name=\"twitter:card\" content=\"summary_large_image\" \/>\n<script type=\"application\/ld+json\" class=\"yoast-schema-graph\">{\"@context\":\"https:\/\/schema.org\",\"@graph\":[{\"@type\":\"WebPage\",\"@id\":\"https:\/\/www.caminosantiagoacaballo.com\/fr\/\",\"url\":\"https:\/\/www.caminosantiagoacaballo.com\/fr\/\",\"name\":\"Camino de Santiago \u00e0 cheval. Chemin de Compostelle \u00e0 cheval. Chemin fran\u00e7ais\",\"isPartOf\":{\"@id\":\"https:\/\/www.caminosantiagoacaballo.com\/fr\/#website\"},\"primaryImageOfPage\":{\"@id\":\"https:\/\/www.caminosantiagoacaballo.com\/fr\/#primaryimage\"},\"image\":{\"@id\":\"https:\/\/www.caminosantiagoacaballo.com\/fr\/#primaryimage\"},\"thumbnailUrl\":\"https:\/\/www.caminosantiagoacaballo.com\/wp-content\/uploads\/elementor\/thumbs\/camino-santiago-caballo-slider-6-pubvktp8k5t86t1e4lyon9qkhw1qrj0jop53o0sywc.jpg\",\"datePublished\":\"2016-10-13T15:31:24+00:00\",\"dateModified\":\"2022-10-06T10:43:27+00:00\",\"description\":\"Nous organisons des itin\u00e9raires \u00e9questres le long des routes fran\u00e7aises, portugaises, de la Via de la Plata, anglaises et autres.\",\"breadcrumb\":{\"@id\":\"https:\/\/www.caminosantiagoacaballo.com\/fr\/#breadcrumb\"},\"inLanguage\":\"fr-FR\",\"potentialAction\":[{\"@type\":\"ReadAction\",\"target\":[\"https:\/\/www.caminosantiagoacaballo.com\/fr\/\"]}]},{\"@type\":\"ImageObject\",\"inLanguage\":\"fr-FR\",\"@id\":\"https:\/\/www.caminosantiagoacaballo.com\/fr\/#primaryimage\",\"url\":\"https:\/\/www.caminosantiagoacaballo.com\/wp-content\/uploads\/elementor\/thumbs\/camino-santiago-caballo-slider-6-pubvktp8k5t86t1e4lyon9qkhw1qrj0jop53o0sywc.jpg\",\"contentUrl\":\"https:\/\/www.caminosantiagoacaballo.com\/wp-content\/uploads\/elementor\/thumbs\/camino-santiago-caballo-slider-6-pubvktp8k5t86t1e4lyon9qkhw1qrj0jop53o0sywc.jpg\"},{\"@type\":\"BreadcrumbList\",\"@id\":\"https:\/\/www.caminosantiagoacaballo.com\/fr\/#breadcrumb\",\"itemListElement\":[{\"@type\":\"ListItem\",\"position\":1,\"name\":\"Portada\",\"item\":\"https:\/\/www.caminosantiagoacaballo.com\/fr\/\"},{\"@type\":\"ListItem\",\"position\":2,\"name\":\"Page d&rsquo;accueil\"}]},{\"@type\":\"WebSite\",\"@id\":\"https:\/\/www.caminosantiagoacaballo.com\/fr\/#website\",\"url\":\"https:\/\/www.caminosantiagoacaballo.com\/fr\/\",\"name\":\"Camino de Santiago a Caballo\",\"description\":\"Realiza el Camino de Santiago con la mayor seguridad y comodidad a caballo\",\"publisher\":{\"@id\":\"https:\/\/www.caminosantiagoacaballo.com\/fr\/#organization\"},\"potentialAction\":[{\"@type\":\"SearchAction\",\"target\":{\"@type\":\"EntryPoint\",\"urlTemplate\":\"https:\/\/www.caminosantiagoacaballo.com\/fr\/?s={search_term_string}\"},\"query-input\":{\"@type\":\"PropertyValueSpecification\",\"valueRequired\":true,\"valueName\":\"search_term_string\"}}],\"inLanguage\":\"fr-FR\"},{\"@type\":\"Organization\",\"@id\":\"https:\/\/www.caminosantiagoacaballo.com\/fr\/#organization\",\"name\":\"Camino de Santiago a Caballo\",\"url\":\"https:\/\/www.caminosantiagoacaballo.com\/fr\/\",\"logo\":{\"@type\":\"ImageObject\",\"inLanguage\":\"fr-FR\",\"@id\":\"https:\/\/www.caminosantiagoacaballo.com\/fr\/#\/schema\/logo\/image\/\",\"url\":\"https:\/\/www.caminosantiagoacaballo.com\/wp-content\/uploads\/2022\/09\/camino-santiago-a-caballo-logo.jpg\",\"contentUrl\":\"https:\/\/www.caminosantiagoacaballo.com\/wp-content\/uploads\/2022\/09\/camino-santiago-a-caballo-logo.jpg\",\"width\":199,\"height\":180,\"caption\":\"Camino de Santiago a Caballo\"},\"image\":{\"@id\":\"https:\/\/www.caminosantiagoacaballo.com\/fr\/#\/schema\/logo\/image\/\"}}]}<\/script>\n<!-- \/ Yoast SEO plugin. -->","yoast_head_json":{"title":"Camino de Santiago \u00e0 cheval. Chemin de Compostelle \u00e0 cheval. Chemin fran\u00e7ais","description":"Nous organisons des itin\u00e9raires \u00e9questres le long des routes fran\u00e7aises, portugaises, de la Via de la Plata, anglaises et autres.","robots":{"index":"index","follow":"follow","max-snippet":"max-snippet:-1","max-image-preview":"max-image-preview:large","max-video-preview":"max-video-preview:-1"},"canonical":"https:\/\/www.caminosantiagoacaballo.com\/fr\/","og_locale":"fr_FR","og_type":"article","og_title":"Camino de Santiago \u00e0 cheval. Chemin de Compostelle \u00e0 cheval. Chemin fran\u00e7ais","og_description":"Nous organisons des itin\u00e9raires \u00e9questres le long des routes fran\u00e7aises, portugaises, de la Via de la Plata, anglaises et autres.","og_url":"https:\/\/www.caminosantiagoacaballo.com\/fr\/","og_site_name":"Camino de Santiago a Caballo","article_modified_time":"2022-10-06T10:43:27+00:00","og_image":[{"url":"https:\/\/www.caminosantiagoacaballo.com\/wp-content\/uploads\/elementor\/thumbs\/camino-santiago-caballo-slider-6-pubvktp8k5t86t1e4lyon9qkhw1qrj0jop53o0sywc.jpg","type":"","width":"","height":""}],"twitter_card":"summary_large_image","schema":{"@context":"https:\/\/schema.org","@graph":[{"@type":"WebPage","@id":"https:\/\/www.caminosantiagoacaballo.com\/fr\/","url":"https:\/\/www.caminosantiagoacaballo.com\/fr\/","name":"Camino de Santiago \u00e0 cheval. Chemin de Compostelle \u00e0 cheval. Chemin fran\u00e7ais","isPartOf":{"@id":"https:\/\/www.caminosantiagoacaballo.com\/fr\/#website"},"primaryImageOfPage":{"@id":"https:\/\/www.caminosantiagoacaballo.com\/fr\/#primaryimage"},"image":{"@id":"https:\/\/www.caminosantiagoacaballo.com\/fr\/#primaryimage"},"thumbnailUrl":"https:\/\/www.caminosantiagoacaballo.com\/wp-content\/uploads\/elementor\/thumbs\/camino-santiago-caballo-slider-6-pubvktp8k5t86t1e4lyon9qkhw1qrj0jop53o0sywc.jpg","datePublished":"2016-10-13T15:31:24+00:00","dateModified":"2022-10-06T10:43:27+00:00","description":"Nous organisons des itin\u00e9raires \u00e9questres le long des routes fran\u00e7aises, portugaises, de la Via de la Plata, anglaises et autres.","breadcrumb":{"@id":"https:\/\/www.caminosantiagoacaballo.com\/fr\/#breadcrumb"},"inLanguage":"fr-FR","potentialAction":[{"@type":"ReadAction","target":["https:\/\/www.caminosantiagoacaballo.com\/fr\/"]}]},{"@type":"ImageObject","inLanguage":"fr-FR","@id":"https:\/\/www.caminosantiagoacaballo.com\/fr\/#primaryimage","url":"https:\/\/www.caminosantiagoacaballo.com\/wp-content\/uploads\/elementor\/thumbs\/camino-santiago-caballo-slider-6-pubvktp8k5t86t1e4lyon9qkhw1qrj0jop53o0sywc.jpg","contentUrl":"https:\/\/www.caminosantiagoacaballo.com\/wp-content\/uploads\/elementor\/thumbs\/camino-santiago-caballo-slider-6-pubvktp8k5t86t1e4lyon9qkhw1qrj0jop53o0sywc.jpg"},{"@type":"BreadcrumbList","@id":"https:\/\/www.caminosantiagoacaballo.com\/fr\/#breadcrumb","itemListElement":[{"@type":"ListItem","position":1,"name":"Portada","item":"https:\/\/www.caminosantiagoacaballo.com\/fr\/"},{"@type":"ListItem","position":2,"name":"Page d&rsquo;accueil"}]},{"@type":"WebSite","@id":"https:\/\/www.caminosantiagoacaballo.com\/fr\/#website","url":"https:\/\/www.caminosantiagoacaballo.com\/fr\/","name":"Camino de Santiago a Caballo","description":"Realiza el Camino de Santiago con la mayor seguridad y comodidad a caballo","publisher":{"@id":"https:\/\/www.caminosantiagoacaballo.com\/fr\/#organization"},"potentialAction":[{"@type":"SearchAction","target":{"@type":"EntryPoint","urlTemplate":"https:\/\/www.caminosantiagoacaballo.com\/fr\/?s={search_term_string}"},"query-input":{"@type":"PropertyValueSpecification","valueRequired":true,"valueName":"search_term_string"}}],"inLanguage":"fr-FR"},{"@type":"Organization","@id":"https:\/\/www.caminosantiagoacaballo.com\/fr\/#organization","name":"Camino de Santiago a Caballo","url":"https:\/\/www.caminosantiagoacaballo.com\/fr\/","logo":{"@type":"ImageObject","inLanguage":"fr-FR","@id":"https:\/\/www.caminosantiagoacaballo.com\/fr\/#\/schema\/logo\/image\/","url":"https:\/\/www.caminosantiagoacaballo.com\/wp-content\/uploads\/2022\/09\/camino-santiago-a-caballo-logo.jpg","contentUrl":"https:\/\/www.caminosantiagoacaballo.com\/wp-content\/uploads\/2022\/09\/camino-santiago-a-caballo-logo.jpg","width":199,"height":180,"caption":"Camino de Santiago a Caballo"},"image":{"@id":"https:\/\/www.caminosantiagoacaballo.com\/fr\/#\/schema\/logo\/image\/"}}]}},"publishpress_future_workflow_manual_trigger":{"enabledWorkflows":[]},"_links":{"self":[{"href":"https:\/\/www.caminosantiagoacaballo.com\/fr\/wp-json\/wp\/v2\/pages\/4762","targetHints":{"allow":["GET"]}}],"collection":[{"href":"https:\/\/www.caminosantiagoacaballo.com\/fr\/wp-json\/wp\/v2\/pages"}],"about":[{"href":"https:\/\/www.caminosantiagoacaballo.com\/fr\/wp-json\/wp\/v2\/types\/page"}],"author":[{"embeddable":true,"href":"https:\/\/www.caminosantiagoacaballo.com\/fr\/wp-json\/wp\/v2\/users\/1"}],"replies":[{"embeddable":true,"href":"https:\/\/www.caminosantiagoacaballo.com\/fr\/wp-json\/wp\/v2\/comments?post=4762"}],"version-history":[{"count":0,"href":"https:\/\/www.caminosantiagoacaballo.com\/fr\/wp-json\/wp\/v2\/pages\/4762\/revisions"}],"wp:attachment":[{"href":"https:\/\/www.caminosantiagoacaballo.com\/fr\/wp-json\/wp\/v2\/media?parent=4762"}],"curies":[{"name":"wp","href":"https:\/\/api.w.org\/{rel}","templated":true}]}}