{"id":453,"date":"2017-01-08T17:38:43","date_gmt":"2017-01-08T16:38:43","guid":{"rendered":"http:\/\/localhost:70\/caminosantiago\/fr\/?page_id=453"},"modified":"2022-10-06T18:21:01","modified_gmt":"2022-10-06T16:21:01","slug":"chemin-francais","status":"publish","type":"page","link":"https:\/\/www.caminosantiagoacaballo.com\/fr\/chemin-francais\/","title":{"rendered":"Chemin Fran\u00e7ais"},"content":{"rendered":"<p><center><iframe src=\"https:\/\/www.google.com\/maps\/d\/embed?mid=1rGfJc1F4cmpx3zWeErucWycZm5s\" width=\"95%\" height=\"480\"><\/iframe><\/center>\t\t<\/p>\n<p><strong>Le Chemin Fran\u00e7ais \u00e0 cheval &#8211; Introduction historique<\/strong><\/p>\n<p>Le Chemin fran\u00e7ais est l&rsquo;itin\u00e9raire jacob\u00e9en ayant la plus longue tradition historique et le plus reconnu internationalement. Son itin\u00e9raire \u00e0 travers le nord de la p\u00e9ninsule ib\u00e9rique a \u00e9t\u00e9 pr\u00e9cis\u00e9ment \u00e9tabli vers 1135 dans le Codex Calixtinus, un livre fondamental de l&rsquo;h\u00e9ritage jacob\u00e9en.<\/p>\n<p>Ce guide, attribu\u00e9 \u00e0 l&rsquo;eccl\u00e9siastique fran\u00e7ais Aymeric Picaud, t\u00e9moigne d&rsquo;une volont\u00e9 politico-religieuse de promouvoir le sanctuaire de Compostelle et d&rsquo;en faciliter l&rsquo;acc\u00e8s, mais il d\u00e9montre \u00e9galement l&rsquo;existence d&rsquo;une demande pour ce type d&rsquo;information. Lorsque ce livre a \u00e9t\u00e9 \u00e9crit, les p\u00e8lerinages ont atteint leur apog\u00e9e et le Chemin Fran\u00e7ais a atteint son plus grand nombre de p\u00e8lerins &#8211; si nous excluons l&rsquo;\u00e9poque actuelle &#8211; Santiago est devenu une destination pour les p\u00e8lerins de tout le monde chr\u00e9tien.<\/p>\n<p><strong>Itin\u00e9raire<\/strong><\/p>\n<p>Le Chemin fran\u00e7ais est l&rsquo;itin\u00e9raire jacob\u00e9en ayant la plus longue tradition historique et le plus reconnu internationalement. Son itin\u00e9raire \u00e0 travers le nord de la p\u00e9ninsule ib\u00e9rique a \u00e9t\u00e9 pr\u00e9cis\u00e9ment \u00e9tabli vers 1135 dans le Codex Calixtinus, un livre fondamental de l&rsquo;h\u00e9ritage jacob\u00e9en.<\/p>\n<p>Ce guide, attribu\u00e9 \u00e0 l&rsquo;eccl\u00e9siastique fran\u00e7ais Aymeric Picaud, t\u00e9moigne d&rsquo;une volont\u00e9 politico-religieuse de promouvoir le sanctuaire de Compostelle et d&rsquo;en faciliter l&rsquo;acc\u00e8s, mais il d\u00e9montre \u00e9galement l&rsquo;existence d&rsquo;une demande pour ce type d&rsquo;information. Lorsque ce livre a \u00e9t\u00e9 \u00e9crit, les p\u00e8lerinages ont atteint leur apog\u00e9e et le Chemin Fran\u00e7ais a atteint son plus grand nombre de p\u00e8lerins &#8211; si nous excluons l&rsquo;\u00e9poque actuelle &#8211; Santiago est devenu une destination pour les p\u00e8lerins de tout le monde chr\u00e9tien.<\/p>\n<p><img fetchpriority=\"high\" decoding=\"async\" src=\"https:\/\/www.caminosantiagoacaballo.com\/wp-content\/uploads\/2022\/09\/camino-frances-1.jpg\" alt=\"\" width=\"379\" height=\"253\"><\/p>\n<p>Le Chemin fran\u00e7ais entre en Galice depuis El Bierzo jusqu&rsquo;au col d&rsquo;O Cebreiro (1 300 m), dans la province de Lugo. Il reste 152 kilom\u00e8tres du Camino pour atteindre Saint-Jacques-de-Compostelle.<\/p>\n<p>Au sommet d&rsquo;O Cebreiro se trouve le village de tradition protohistorique, adapt\u00e9 aux conditions climatiques difficiles de la haute montagne. Ce village est \u00e9galement une importante zone ethnographique dont le point de r\u00e9f\u00e9rence le plus visible est sa collection de pallozas, tr\u00e8s caract\u00e9ristiques du nord-ouest de la p\u00e9ninsule ib\u00e9rique.<\/p>\n<p><img decoding=\"async\" src=\"https:\/\/www.caminosantiagoacaballo.com\/wp-content\/uploads\/2022\/09\/camino-frances-10.jpg\" alt=\"\" width=\"500\" height=\"373\"><\/p>\n<p>Depuis O Cebreiro, en continuant \u00e0 travers la zone de montagne et le long d&rsquo;un itin\u00e9raire ouvert sur les cha\u00eenes de montagnes imm\u00e9diates d&rsquo;Os Ancares et d&rsquo;O Courel, vous atteignez Hospital da Condesa et bient\u00f4t le village de Padornelo.<\/p>\n<p>Apr\u00e8s avoir atteint le col d&rsquo;O Poio (1 337 m, le point le plus \u00e9lev\u00e9 du Chemin fran\u00e7ais en Galice), la douce descente vers Fonfr\u00eda commence, et de l\u00e0, au milieu de magnifiques panoramas verdoyants, vous atteignez la ville de Triacastela.<\/p>\n<p><img decoding=\"async\" src=\"https:\/\/www.caminosantiagoacaballo.com\/wp-content\/uploads\/2022\/09\/camino-frances-15.jpg\" alt=\"\" width=\"500\" height=\"373\"><\/p>\n<p>En quittant Triacastela, le Camino bifurque. Vous pouvez continuer directement vers Sarria \u00e0 travers une cha\u00eene de vieux villages de grande tradition jacobine : A Balsa, San XiI, Mont\u00e1n, Pint\u00edn, Calvor et San Mamede do Cami\u00f1o ; ou, par le tron\u00e7on vers la ville de Samos, qui offre non seulement de beaux paysages qui traversent la rivi\u00e8re Sarria et des villages comme San Cristovo ou San Marti\u00f1o, mais poss\u00e8de \u00e9galement un monast\u00e8re qui est consid\u00e9r\u00e9 comme l&rsquo;un des plus anciens de l&rsquo;Ouest.<\/p>\n<p>Que nous suivions l&rsquo;itin\u00e9raire de Samos ou de San Xil, le point de rencontre sera Sarria, la ville la plus peupl\u00e9e du Chemin fran\u00e7ais en Galice, avec plus de sept mille habitants. De l\u00e0, le p\u00e8lerin part par le vieux pont de A \u00c1spera, en direction de Barbadelo, qu&rsquo;il atteint rapidement apr\u00e8s avoir travers\u00e9 l&rsquo;une des plus belles \u00ab\u00a0carballeiras\u00a0\u00bb &#8211; ch\u00eanaies &#8211; du chemin. Traversant une masse continue d&rsquo;arbres, de prairies et de terres agricoles, par des tron\u00e7ons qui r\u00e9v\u00e8lent les vestiges d&rsquo;anciennes routes, le Chemin entre dans la municipalit\u00e9 de Paradela.<\/p>\n<p><img loading=\"lazy\" decoding=\"async\" src=\"https:\/\/www.caminosantiagoacaballo.com\/wp-content\/uploads\/2022\/09\/camino-frances-17.jpg\" alt=\"\" width=\"500\" height=\"373\"><\/p>\n<p>Au milieu d&rsquo;un paysage ouvert et agr\u00e9able, l&rsquo;itin\u00e9raire descend jusqu&rsquo;aux rives de la rivi\u00e8re Mi\u00f1o, o\u00f9 l&rsquo;on peut voir, pour la premi\u00e8re et unique fois sur le Chemin fran\u00e7ais en Galice, les vignobles. Pour entrer dans la ville de Portomar\u00edn, il faut traverser le pont construit au d\u00e9but des ann\u00e9es 1960 pour franchir le r\u00e9servoir de Belesar sur le Mi\u00f1o. Vous pourrez \u00e9galement voir les ruines de l&rsquo;ancienne Portomar\u00edn, d\u00e9truite par les eaux en raison de la construction du r\u00e9servoir, alors qu&rsquo;elle \u00e9tait l&rsquo;une des plus belles et des plus riches villes de Galice. \u00c0 travers le village de Gonzar, le Chemin continue vers Castromaior, Ventas de Nar\u00f3n et Lameiros, maintenant dans la municipalit\u00e9 de Monterroso. Un peu plus loin, dans la ville de Ligonde, on trouve encore des exemples pertinents de typologies architecturales traditionnelles.<\/p>\n<p><img loading=\"lazy\" decoding=\"async\" src=\"https:\/\/www.caminosantiagoacaballo.com\/wp-content\/uploads\/2022\/09\/camino-frances-100.jpg\" alt=\"\" width=\"500\" height=\"373\"><\/p>\n<p>Imm\u00e9diatement apr\u00e8s, l&rsquo;itin\u00e9raire entre dans les terres de Palas de Rei, une municipalit\u00e9 qui doit son nom \u00e0 un pr\u00e9tendu palais royal construit \u00e0 distance dans ses environs. Le chemin quitte Palas par A Ulloa, une terre de production laiti\u00e8re et de savoureux fromages, entre autres produits traditionnels. Aux alentours de ce tron\u00e7on, en faisant un petit d\u00e9tour, vous atteignez le ch\u00e2teau de Pambre, l&rsquo;un des rares ch\u00e2teaux f\u00e9odaux galiciens qui a \u00e9t\u00e9 sauv\u00e9 de la fureur provoqu\u00e9e par les combats des \u00ab\u00a0Irmandi\u00f1os\u00a0\u00bb. Sur le chemin du retour, le Camino commence sa route \u00e0 travers la province de La Corogne, sur le chemin du village de Leboeiro et Furelos, qui est travers\u00e9 par un pont m\u00e9di\u00e9val grandiose.<\/p>\n<p>\u00c0 Melide, ville consid\u00e9r\u00e9e comme le centre g\u00e9ographique de la Galice, o\u00f9 l&rsquo;on peut d\u00e9guster le meilleur poulpe de Galice, le Chemin fran\u00e7ais devient urbain et accueille les p\u00e8lerins du Chemin Primitif. L&rsquo;itin\u00e9raire est int\u00e9gr\u00e9 dans une ville \u00e0 l&rsquo;identit\u00e9 historique jacobine forte. Apr\u00e8s Melide se trouve Boente, Casta\u00f1eda et pr\u00e8s de Arz\u00faa se trouve Ribadiso.<\/p>\n<p><img loading=\"lazy\" decoding=\"async\" src=\"https:\/\/www.caminosantiagoacaballo.com\/wp-content\/uploads\/2022\/09\/camino-frances-25.jpg\" alt=\"\" width=\"500\" height=\"373\"><\/p>\n<p>Dans la ville d&rsquo;Arz\u00faa, c\u00e9l\u00e8bre pour la grande richesse de la production de fromage de la r\u00e9gion, le Chemin fran\u00e7ais accueille les p\u00e8lerins venant du Chemin du Nord. Depuis Arz\u00faa, le Chemin s&rsquo;enfonce \u00e0 nouveau dans les terres parmi les prairies, les ch\u00eanes et les eucalyptus qui entourent de petits villages tels que : Calzada, Salceda, Brea &#8230; et R\u00faa, qui est d\u00e9j\u00e0 aux portes de la municipalit\u00e9 de O Pino, la derni\u00e8re avant Santiago.<\/p>\n<p>D\u00e9j\u00e0 dans la municipalit\u00e9 de Santiago, et apr\u00e8s \u00eatre pass\u00e9 par les environs de l&rsquo;a\u00e9roport de la ville, le p\u00e8lerin arrive \u00e0 A Lavacolla, tout pr\u00e8s du Monte do Gozo, une petite \u00e9l\u00e9vation depuis laquelle les p\u00e8lerins ont, pour la premi\u00e8re fois, la vue lointaine des tours de la cath\u00e9drale de Santiago.<\/p>\n<p>Nous visiterons la ville de Santiago et la cath\u00e9drale, bien s\u00fbr. Enfin, nous vous transf\u00e9rerons \u00e0 l&rsquo;a\u00e9roport ou \u00e0 la gare, o\u00f9 nos services prendront fin.<\/p>\n<p><strong>Une option originale pour faire le Chemin fran\u00e7ais : la cal\u00e8che.<\/strong><\/p>\n<p>Dans Caminos Galicia, nous vous proposons \u00e9galement l&rsquo;alternative de faire le Chemin Fran\u00e7ais depuis Portomar\u00edn en trois \u00e9tapes d&rsquo;un jour chacune. Dans ce cas, nous pouvons choisir de faire l&rsquo;itin\u00e9raire de deux fa\u00e7ons : \u00e0 cheval ou en cal\u00e8che.<\/p>\n","protected":false},"excerpt":{"rendered":"<p>Le Chemin Fran\u00e7ais \u00e0 cheval &#8211; Introduction historique Le Chemin fran\u00e7ais est l&rsquo;itin\u00e9raire jacob\u00e9en ayant la plus longue tradition historique et le plus reconnu internationalement. Son itin\u00e9raire \u00e0 travers le nord de la p\u00e9ninsule ib\u00e9rique a \u00e9t\u00e9 pr\u00e9cis\u00e9ment \u00e9tabli vers 1135 dans le Codex Calixtinus, un livre fondamental de l&rsquo;h\u00e9ritage jacob\u00e9en. Ce guide, attribu\u00e9 \u00e0 [&hellip;]<\/p>\n","protected":false},"author":1,"featured_media":0,"parent":0,"menu_order":0,"comment_status":"closed","ping_status":"closed","template":"","meta":{"_joinchat":[],"footnotes":""},"class_list":["post-453","page","type-page","status-publish","hentry"],"yoast_head":"<!-- This site is optimized with the Yoast SEO plugin v26.9 - https:\/\/yoast.com\/product\/yoast-seo-wordpress\/ -->\n<title>Le Chemin fran\u00e7ais \u00e0 cheval - Camino de Santiago \u00e0 cheval<\/title>\n<meta name=\"description\" content=\"Nous organisons des itin\u00e9raires \u00e9questres le long des routes fran\u00e7aises, portugaises, de la Via de la Plata, anglaises et autres.\" \/>\n<meta name=\"robots\" content=\"index, follow, max-snippet:-1, max-image-preview:large, max-video-preview:-1\" \/>\n<link rel=\"canonical\" href=\"https:\/\/www.caminosantiagoacaballo.com\/fr\/chemin-francais\/\" \/>\n<meta property=\"og:locale\" content=\"fr_FR\" \/>\n<meta property=\"og:type\" content=\"article\" \/>\n<meta property=\"og:title\" content=\"Le Chemin fran\u00e7ais \u00e0 cheval - Camino de Santiago \u00e0 cheval\" \/>\n<meta property=\"og:description\" content=\"Nous organisons des itin\u00e9raires \u00e9questres le long des routes fran\u00e7aises, portugaises, de la Via de la Plata, anglaises et autres.\" \/>\n<meta property=\"og:url\" content=\"https:\/\/www.caminosantiagoacaballo.com\/fr\/chemin-francais\/\" \/>\n<meta property=\"og:site_name\" content=\"Camino de Santiago a Caballo\" \/>\n<meta property=\"article:modified_time\" content=\"2022-10-06T16:21:01+00:00\" \/>\n<meta property=\"og:image\" content=\"https:\/\/www.caminosantiagoacaballo.com\/wp-content\/uploads\/2022\/09\/camino-frances-1.jpg\" \/>\n<meta name=\"twitter:card\" content=\"summary_large_image\" \/>\n<script type=\"application\/ld+json\" class=\"yoast-schema-graph\">{\"@context\":\"https:\/\/schema.org\",\"@graph\":[{\"@type\":\"WebPage\",\"@id\":\"https:\/\/www.caminosantiagoacaballo.com\/fr\/chemin-francais\/\",\"url\":\"https:\/\/www.caminosantiagoacaballo.com\/fr\/chemin-francais\/\",\"name\":\"Le Chemin fran\u00e7ais \u00e0 cheval - Camino de Santiago \u00e0 cheval\",\"isPartOf\":{\"@id\":\"https:\/\/www.caminosantiagoacaballo.com\/fr\/#website\"},\"primaryImageOfPage\":{\"@id\":\"https:\/\/www.caminosantiagoacaballo.com\/fr\/chemin-francais\/#primaryimage\"},\"image\":{\"@id\":\"https:\/\/www.caminosantiagoacaballo.com\/fr\/chemin-francais\/#primaryimage\"},\"thumbnailUrl\":\"https:\/\/www.caminosantiagoacaballo.com\/wp-content\/uploads\/2022\/09\/camino-frances-1.jpg\",\"datePublished\":\"2017-01-08T16:38:43+00:00\",\"dateModified\":\"2022-10-06T16:21:01+00:00\",\"description\":\"Nous organisons des itin\u00e9raires \u00e9questres le long des routes fran\u00e7aises, portugaises, de la Via de la Plata, anglaises et autres.\",\"breadcrumb\":{\"@id\":\"https:\/\/www.caminosantiagoacaballo.com\/fr\/chemin-francais\/#breadcrumb\"},\"inLanguage\":\"fr-FR\",\"potentialAction\":[{\"@type\":\"ReadAction\",\"target\":[\"https:\/\/www.caminosantiagoacaballo.com\/fr\/chemin-francais\/\"]}]},{\"@type\":\"ImageObject\",\"inLanguage\":\"fr-FR\",\"@id\":\"https:\/\/www.caminosantiagoacaballo.com\/fr\/chemin-francais\/#primaryimage\",\"url\":\"https:\/\/www.caminosantiagoacaballo.com\/wp-content\/uploads\/2022\/09\/camino-frances-1.jpg\",\"contentUrl\":\"https:\/\/www.caminosantiagoacaballo.com\/wp-content\/uploads\/2022\/09\/camino-frances-1.jpg\"},{\"@type\":\"BreadcrumbList\",\"@id\":\"https:\/\/www.caminosantiagoacaballo.com\/fr\/chemin-francais\/#breadcrumb\",\"itemListElement\":[{\"@type\":\"ListItem\",\"position\":1,\"name\":\"Portada\",\"item\":\"https:\/\/www.caminosantiagoacaballo.com\/fr\/\"},{\"@type\":\"ListItem\",\"position\":2,\"name\":\"Chemin Fran\u00e7ais\"}]},{\"@type\":\"WebSite\",\"@id\":\"https:\/\/www.caminosantiagoacaballo.com\/fr\/#website\",\"url\":\"https:\/\/www.caminosantiagoacaballo.com\/fr\/\",\"name\":\"Camino de Santiago a Caballo\",\"description\":\"Realiza el Camino de Santiago con la mayor seguridad y comodidad a caballo\",\"publisher\":{\"@id\":\"https:\/\/www.caminosantiagoacaballo.com\/fr\/#organization\"},\"potentialAction\":[{\"@type\":\"SearchAction\",\"target\":{\"@type\":\"EntryPoint\",\"urlTemplate\":\"https:\/\/www.caminosantiagoacaballo.com\/fr\/?s={search_term_string}\"},\"query-input\":{\"@type\":\"PropertyValueSpecification\",\"valueRequired\":true,\"valueName\":\"search_term_string\"}}],\"inLanguage\":\"fr-FR\"},{\"@type\":\"Organization\",\"@id\":\"https:\/\/www.caminosantiagoacaballo.com\/fr\/#organization\",\"name\":\"Camino de Santiago a Caballo\",\"url\":\"https:\/\/www.caminosantiagoacaballo.com\/fr\/\",\"logo\":{\"@type\":\"ImageObject\",\"inLanguage\":\"fr-FR\",\"@id\":\"https:\/\/www.caminosantiagoacaballo.com\/fr\/#\/schema\/logo\/image\/\",\"url\":\"https:\/\/www.caminosantiagoacaballo.com\/wp-content\/uploads\/2022\/09\/camino-santiago-a-caballo-logo.jpg\",\"contentUrl\":\"https:\/\/www.caminosantiagoacaballo.com\/wp-content\/uploads\/2022\/09\/camino-santiago-a-caballo-logo.jpg\",\"width\":199,\"height\":180,\"caption\":\"Camino de Santiago a Caballo\"},\"image\":{\"@id\":\"https:\/\/www.caminosantiagoacaballo.com\/fr\/#\/schema\/logo\/image\/\"}}]}<\/script>\n<!-- \/ Yoast SEO plugin. -->","yoast_head_json":{"title":"Le Chemin fran\u00e7ais \u00e0 cheval - Camino de Santiago \u00e0 cheval","description":"Nous organisons des itin\u00e9raires \u00e9questres le long des routes fran\u00e7aises, portugaises, de la Via de la Plata, anglaises et autres.","robots":{"index":"index","follow":"follow","max-snippet":"max-snippet:-1","max-image-preview":"max-image-preview:large","max-video-preview":"max-video-preview:-1"},"canonical":"https:\/\/www.caminosantiagoacaballo.com\/fr\/chemin-francais\/","og_locale":"fr_FR","og_type":"article","og_title":"Le Chemin fran\u00e7ais \u00e0 cheval - Camino de Santiago \u00e0 cheval","og_description":"Nous organisons des itin\u00e9raires \u00e9questres le long des routes fran\u00e7aises, portugaises, de la Via de la Plata, anglaises et autres.","og_url":"https:\/\/www.caminosantiagoacaballo.com\/fr\/chemin-francais\/","og_site_name":"Camino de Santiago a Caballo","article_modified_time":"2022-10-06T16:21:01+00:00","og_image":[{"url":"https:\/\/www.caminosantiagoacaballo.com\/wp-content\/uploads\/2022\/09\/camino-frances-1.jpg","type":"","width":"","height":""}],"twitter_card":"summary_large_image","schema":{"@context":"https:\/\/schema.org","@graph":[{"@type":"WebPage","@id":"https:\/\/www.caminosantiagoacaballo.com\/fr\/chemin-francais\/","url":"https:\/\/www.caminosantiagoacaballo.com\/fr\/chemin-francais\/","name":"Le Chemin fran\u00e7ais \u00e0 cheval - Camino de Santiago \u00e0 cheval","isPartOf":{"@id":"https:\/\/www.caminosantiagoacaballo.com\/fr\/#website"},"primaryImageOfPage":{"@id":"https:\/\/www.caminosantiagoacaballo.com\/fr\/chemin-francais\/#primaryimage"},"image":{"@id":"https:\/\/www.caminosantiagoacaballo.com\/fr\/chemin-francais\/#primaryimage"},"thumbnailUrl":"https:\/\/www.caminosantiagoacaballo.com\/wp-content\/uploads\/2022\/09\/camino-frances-1.jpg","datePublished":"2017-01-08T16:38:43+00:00","dateModified":"2022-10-06T16:21:01+00:00","description":"Nous organisons des itin\u00e9raires \u00e9questres le long des routes fran\u00e7aises, portugaises, de la Via de la Plata, anglaises et autres.","breadcrumb":{"@id":"https:\/\/www.caminosantiagoacaballo.com\/fr\/chemin-francais\/#breadcrumb"},"inLanguage":"fr-FR","potentialAction":[{"@type":"ReadAction","target":["https:\/\/www.caminosantiagoacaballo.com\/fr\/chemin-francais\/"]}]},{"@type":"ImageObject","inLanguage":"fr-FR","@id":"https:\/\/www.caminosantiagoacaballo.com\/fr\/chemin-francais\/#primaryimage","url":"https:\/\/www.caminosantiagoacaballo.com\/wp-content\/uploads\/2022\/09\/camino-frances-1.jpg","contentUrl":"https:\/\/www.caminosantiagoacaballo.com\/wp-content\/uploads\/2022\/09\/camino-frances-1.jpg"},{"@type":"BreadcrumbList","@id":"https:\/\/www.caminosantiagoacaballo.com\/fr\/chemin-francais\/#breadcrumb","itemListElement":[{"@type":"ListItem","position":1,"name":"Portada","item":"https:\/\/www.caminosantiagoacaballo.com\/fr\/"},{"@type":"ListItem","position":2,"name":"Chemin Fran\u00e7ais"}]},{"@type":"WebSite","@id":"https:\/\/www.caminosantiagoacaballo.com\/fr\/#website","url":"https:\/\/www.caminosantiagoacaballo.com\/fr\/","name":"Camino de Santiago a Caballo","description":"Realiza el Camino de Santiago con la mayor seguridad y comodidad a caballo","publisher":{"@id":"https:\/\/www.caminosantiagoacaballo.com\/fr\/#organization"},"potentialAction":[{"@type":"SearchAction","target":{"@type":"EntryPoint","urlTemplate":"https:\/\/www.caminosantiagoacaballo.com\/fr\/?s={search_term_string}"},"query-input":{"@type":"PropertyValueSpecification","valueRequired":true,"valueName":"search_term_string"}}],"inLanguage":"fr-FR"},{"@type":"Organization","@id":"https:\/\/www.caminosantiagoacaballo.com\/fr\/#organization","name":"Camino de Santiago a Caballo","url":"https:\/\/www.caminosantiagoacaballo.com\/fr\/","logo":{"@type":"ImageObject","inLanguage":"fr-FR","@id":"https:\/\/www.caminosantiagoacaballo.com\/fr\/#\/schema\/logo\/image\/","url":"https:\/\/www.caminosantiagoacaballo.com\/wp-content\/uploads\/2022\/09\/camino-santiago-a-caballo-logo.jpg","contentUrl":"https:\/\/www.caminosantiagoacaballo.com\/wp-content\/uploads\/2022\/09\/camino-santiago-a-caballo-logo.jpg","width":199,"height":180,"caption":"Camino de Santiago a Caballo"},"image":{"@id":"https:\/\/www.caminosantiagoacaballo.com\/fr\/#\/schema\/logo\/image\/"}}]}},"publishpress_future_workflow_manual_trigger":{"enabledWorkflows":[]},"_links":{"self":[{"href":"https:\/\/www.caminosantiagoacaballo.com\/fr\/wp-json\/wp\/v2\/pages\/453","targetHints":{"allow":["GET"]}}],"collection":[{"href":"https:\/\/www.caminosantiagoacaballo.com\/fr\/wp-json\/wp\/v2\/pages"}],"about":[{"href":"https:\/\/www.caminosantiagoacaballo.com\/fr\/wp-json\/wp\/v2\/types\/page"}],"author":[{"embeddable":true,"href":"https:\/\/www.caminosantiagoacaballo.com\/fr\/wp-json\/wp\/v2\/users\/1"}],"replies":[{"embeddable":true,"href":"https:\/\/www.caminosantiagoacaballo.com\/fr\/wp-json\/wp\/v2\/comments?post=453"}],"version-history":[{"count":0,"href":"https:\/\/www.caminosantiagoacaballo.com\/fr\/wp-json\/wp\/v2\/pages\/453\/revisions"}],"wp:attachment":[{"href":"https:\/\/www.caminosantiagoacaballo.com\/fr\/wp-json\/wp\/v2\/media?parent=453"}],"curies":[{"name":"wp","href":"https:\/\/api.w.org\/{rel}","templated":true}]}}