{"id":1163,"date":"2016-10-17T15:55:47","date_gmt":"2016-10-17T13:55:47","guid":{"rendered":"http:\/\/caminosantiagoacaballo.com\/2016\/fr\/condiciones\/"},"modified":"2022-10-20T11:06:01","modified_gmt":"2022-10-20T09:06:01","slug":"conditions-2","status":"publish","type":"page","link":"https:\/\/www.caminosantiagoacaballo.com\/fr\/conditions-2\/","title":{"rendered":"Plan de l&rsquo;itin\u00e9raire \u00e0 cheval"},"content":{"rendered":"<p><strong>Les routes sont d\u00e9velopp\u00e9es comme suit :<\/strong><\/p>\n<h4>Premier jour :<\/h4>\n<p>Transferts de : A\u00e9roports, gares routi\u00e8res\/gares routi\u00e8res\/h\u00f4tels \u00e0 Santiago, Vigo ou point convenu au pr\u00e9alable le plus proche de l&rsquo;\u00e9tape o\u00f9 vous commencerez \u00e0 marcher \u00e0 cheval sur le Camino de Santiago.<br \/>\nR\u00e9ception\/h\u00e9bergement\/d\u00eener<\/p>\n<h4>Deuxi\u00e8me jour :<\/h4>\n<ul>\n<li>Petit-d\u00e9jeuner de 8 heures<\/li>\n<li>9 h \u00e0 cheval<\/li>\n<li>11 heures courte halte (boisson \/ snack \/ caf\u00e9 ect.)<\/li>\n<li>11,30 h \u00e0 cheval<\/li>\n<li>D\u00e9jeuner de 14 heures<\/li>\n<li>16 heures \u00e0 cheval<\/li>\n<li>18\/18,30 heures arriv\u00e9e approximative<br \/>\nRepos \/ temps libre<\/li>\n<li>20\/30, d\u00eener de l&rsquo;apr\u00e8s-midi<\/li>\n<li><\/li>\n<\/ul>\n<h4>\u00c9tapes et jours suivants<\/h4>\n<p>Similaire \u00e0 l&rsquo;ordre du jour du deuxi\u00e8me jour.<\/p>\n<h4>Dernier jour 07\/09\/am<\/h4>\n<ul>\n<li>Il sera possible d&rsquo;entrer dans la PLAZA DO OBRADOIRO (CATH\u00c9DRALE DE SANTIAGO) \u00e0 cheval.<\/li>\n<li>  Retour \u00e0 l&rsquo;h\u00f4tel \/ petit-d\u00e9jeuner<\/li>\n<li>12 h transfert au point de d\u00e9part : a\u00e9roport\/gare ferroviaire ou routi\u00e8re de Saint-Jacques-de-Compostelle, si d\u00e9part le m\u00eame jour<\/li>\n<li>Fin de nos services.<\/li>\n<\/ul>\n<p>Pour faire le chemin de Saint-Jacques \u00e0 cheval, les dates les plus conseill\u00e9es sont entre le 15 mars et le 15 octobre.<\/p>\n<p>Les d\u00e9placements se feraient entre 25 et 35 km pendant 6 \u00e0 7 heures par jour (mode normal).<\/p>\n<p>Les sentiers peuvent \u00e9galement \u00eatre faits en mode plus lent ; 20-25 kms pendant 6-7 heures par jour (mode lent) (pour ce mode, veuillez consulter les \u00e9tapes et les prix).<\/p>\n<p>Le dernier jour, il sera possible de se rendre \u00e0 cheval \u00e0 la Plaza Obradoiro (CATH\u00c9DRALE DE SANTIAGO DE COMPOSTELA) de 7h \u00e0 9h.<\/p>\n<p>Apr\u00e8s avoir laiss\u00e9 les chevaux, nous r\u00e9cup\u00e9rions le COMPOSTELANA au bureau des p\u00e8lerins.<\/p>\n<p>Messe des p\u00e8lerins \u00e0 12h.<\/p>\n<h6>Fin de nos services.<\/h6>\n","protected":false},"excerpt":{"rendered":"<p>Les routes sont d\u00e9velopp\u00e9es comme suit : Premier jour : Transferts de : A\u00e9roports, gares routi\u00e8res\/gares routi\u00e8res\/h\u00f4tels \u00e0 Santiago, Vigo ou point convenu au pr\u00e9alable le plus proche de l&rsquo;\u00e9tape o\u00f9 vous commencerez \u00e0 marcher \u00e0 cheval sur le Camino de Santiago. R\u00e9ception\/h\u00e9bergement\/d\u00eener Deuxi\u00e8me jour : Petit-d\u00e9jeuner de 8 heures 9 h \u00e0 cheval 11 [&hellip;]<\/p>\n","protected":false},"author":1,"featured_media":0,"parent":0,"menu_order":0,"comment_status":"closed","ping_status":"closed","template":"","meta":{"_joinchat":[],"footnotes":""},"class_list":["post-1163","page","type-page","status-publish","hentry"],"yoast_head":"<!-- This site is optimized with the Yoast SEO plugin v26.9 - https:\/\/yoast.com\/product\/yoast-seo-wordpress\/ -->\n<title>Faire le Camino de Santiago \u00e0 cheval. Conditions et services.<\/title>\n<meta name=\"description\" content=\"Nous organisons des itin\u00e9raires \u00e9questres le long des routes fran\u00e7aises, portugaises, de la Via de la Plata, anglaises et autres.\" \/>\n<meta name=\"robots\" content=\"index, follow, max-snippet:-1, max-image-preview:large, max-video-preview:-1\" \/>\n<link rel=\"canonical\" href=\"https:\/\/www.caminosantiagoacaballo.com\/fr\/conditions-2\/\" \/>\n<meta property=\"og:locale\" content=\"fr_FR\" \/>\n<meta property=\"og:type\" content=\"article\" \/>\n<meta property=\"og:title\" content=\"Faire le Camino de Santiago \u00e0 cheval. Conditions et services.\" \/>\n<meta property=\"og:description\" content=\"Nous organisons des itin\u00e9raires \u00e9questres le long des routes fran\u00e7aises, portugaises, de la Via de la Plata, anglaises et autres.\" \/>\n<meta property=\"og:url\" content=\"https:\/\/www.caminosantiagoacaballo.com\/fr\/conditions-2\/\" \/>\n<meta property=\"og:site_name\" content=\"Camino de Santiago a Caballo\" \/>\n<meta property=\"article:modified_time\" content=\"2022-10-20T09:06:01+00:00\" \/>\n<meta name=\"twitter:card\" content=\"summary_large_image\" \/>\n<script type=\"application\/ld+json\" class=\"yoast-schema-graph\">{\"@context\":\"https:\/\/schema.org\",\"@graph\":[{\"@type\":\"WebPage\",\"@id\":\"https:\/\/www.caminosantiagoacaballo.com\/fr\/conditions-2\/\",\"url\":\"https:\/\/www.caminosantiagoacaballo.com\/fr\/conditions-2\/\",\"name\":\"Faire le Camino de Santiago \u00e0 cheval. Conditions et services.\",\"isPartOf\":{\"@id\":\"https:\/\/www.caminosantiagoacaballo.com\/fr\/#website\"},\"datePublished\":\"2016-10-17T13:55:47+00:00\",\"dateModified\":\"2022-10-20T09:06:01+00:00\",\"description\":\"Nous organisons des itin\u00e9raires \u00e9questres le long des routes fran\u00e7aises, portugaises, de la Via de la Plata, anglaises et autres.\",\"breadcrumb\":{\"@id\":\"https:\/\/www.caminosantiagoacaballo.com\/fr\/conditions-2\/#breadcrumb\"},\"inLanguage\":\"fr-FR\",\"potentialAction\":[{\"@type\":\"ReadAction\",\"target\":[\"https:\/\/www.caminosantiagoacaballo.com\/fr\/conditions-2\/\"]}]},{\"@type\":\"BreadcrumbList\",\"@id\":\"https:\/\/www.caminosantiagoacaballo.com\/fr\/conditions-2\/#breadcrumb\",\"itemListElement\":[{\"@type\":\"ListItem\",\"position\":1,\"name\":\"Portada\",\"item\":\"https:\/\/www.caminosantiagoacaballo.com\/fr\/\"},{\"@type\":\"ListItem\",\"position\":2,\"name\":\"Plan de l&rsquo;itin\u00e9raire \u00e0 cheval\"}]},{\"@type\":\"WebSite\",\"@id\":\"https:\/\/www.caminosantiagoacaballo.com\/fr\/#website\",\"url\":\"https:\/\/www.caminosantiagoacaballo.com\/fr\/\",\"name\":\"Camino de Santiago a Caballo\",\"description\":\"Realiza el Camino de Santiago con la mayor seguridad y comodidad a caballo\",\"publisher\":{\"@id\":\"https:\/\/www.caminosantiagoacaballo.com\/fr\/#organization\"},\"potentialAction\":[{\"@type\":\"SearchAction\",\"target\":{\"@type\":\"EntryPoint\",\"urlTemplate\":\"https:\/\/www.caminosantiagoacaballo.com\/fr\/?s={search_term_string}\"},\"query-input\":{\"@type\":\"PropertyValueSpecification\",\"valueRequired\":true,\"valueName\":\"search_term_string\"}}],\"inLanguage\":\"fr-FR\"},{\"@type\":\"Organization\",\"@id\":\"https:\/\/www.caminosantiagoacaballo.com\/fr\/#organization\",\"name\":\"Camino de Santiago a Caballo\",\"url\":\"https:\/\/www.caminosantiagoacaballo.com\/fr\/\",\"logo\":{\"@type\":\"ImageObject\",\"inLanguage\":\"fr-FR\",\"@id\":\"https:\/\/www.caminosantiagoacaballo.com\/fr\/#\/schema\/logo\/image\/\",\"url\":\"https:\/\/www.caminosantiagoacaballo.com\/wp-content\/uploads\/2022\/09\/camino-santiago-a-caballo-logo.jpg\",\"contentUrl\":\"https:\/\/www.caminosantiagoacaballo.com\/wp-content\/uploads\/2022\/09\/camino-santiago-a-caballo-logo.jpg\",\"width\":199,\"height\":180,\"caption\":\"Camino de Santiago a Caballo\"},\"image\":{\"@id\":\"https:\/\/www.caminosantiagoacaballo.com\/fr\/#\/schema\/logo\/image\/\"}}]}<\/script>\n<!-- \/ Yoast SEO plugin. -->","yoast_head_json":{"title":"Faire le Camino de Santiago \u00e0 cheval. Conditions et services.","description":"Nous organisons des itin\u00e9raires \u00e9questres le long des routes fran\u00e7aises, portugaises, de la Via de la Plata, anglaises et autres.","robots":{"index":"index","follow":"follow","max-snippet":"max-snippet:-1","max-image-preview":"max-image-preview:large","max-video-preview":"max-video-preview:-1"},"canonical":"https:\/\/www.caminosantiagoacaballo.com\/fr\/conditions-2\/","og_locale":"fr_FR","og_type":"article","og_title":"Faire le Camino de Santiago \u00e0 cheval. Conditions et services.","og_description":"Nous organisons des itin\u00e9raires \u00e9questres le long des routes fran\u00e7aises, portugaises, de la Via de la Plata, anglaises et autres.","og_url":"https:\/\/www.caminosantiagoacaballo.com\/fr\/conditions-2\/","og_site_name":"Camino de Santiago a Caballo","article_modified_time":"2022-10-20T09:06:01+00:00","twitter_card":"summary_large_image","schema":{"@context":"https:\/\/schema.org","@graph":[{"@type":"WebPage","@id":"https:\/\/www.caminosantiagoacaballo.com\/fr\/conditions-2\/","url":"https:\/\/www.caminosantiagoacaballo.com\/fr\/conditions-2\/","name":"Faire le Camino de Santiago \u00e0 cheval. Conditions et services.","isPartOf":{"@id":"https:\/\/www.caminosantiagoacaballo.com\/fr\/#website"},"datePublished":"2016-10-17T13:55:47+00:00","dateModified":"2022-10-20T09:06:01+00:00","description":"Nous organisons des itin\u00e9raires \u00e9questres le long des routes fran\u00e7aises, portugaises, de la Via de la Plata, anglaises et autres.","breadcrumb":{"@id":"https:\/\/www.caminosantiagoacaballo.com\/fr\/conditions-2\/#breadcrumb"},"inLanguage":"fr-FR","potentialAction":[{"@type":"ReadAction","target":["https:\/\/www.caminosantiagoacaballo.com\/fr\/conditions-2\/"]}]},{"@type":"BreadcrumbList","@id":"https:\/\/www.caminosantiagoacaballo.com\/fr\/conditions-2\/#breadcrumb","itemListElement":[{"@type":"ListItem","position":1,"name":"Portada","item":"https:\/\/www.caminosantiagoacaballo.com\/fr\/"},{"@type":"ListItem","position":2,"name":"Plan de l&rsquo;itin\u00e9raire \u00e0 cheval"}]},{"@type":"WebSite","@id":"https:\/\/www.caminosantiagoacaballo.com\/fr\/#website","url":"https:\/\/www.caminosantiagoacaballo.com\/fr\/","name":"Camino de Santiago a Caballo","description":"Realiza el Camino de Santiago con la mayor seguridad y comodidad a caballo","publisher":{"@id":"https:\/\/www.caminosantiagoacaballo.com\/fr\/#organization"},"potentialAction":[{"@type":"SearchAction","target":{"@type":"EntryPoint","urlTemplate":"https:\/\/www.caminosantiagoacaballo.com\/fr\/?s={search_term_string}"},"query-input":{"@type":"PropertyValueSpecification","valueRequired":true,"valueName":"search_term_string"}}],"inLanguage":"fr-FR"},{"@type":"Organization","@id":"https:\/\/www.caminosantiagoacaballo.com\/fr\/#organization","name":"Camino de Santiago a Caballo","url":"https:\/\/www.caminosantiagoacaballo.com\/fr\/","logo":{"@type":"ImageObject","inLanguage":"fr-FR","@id":"https:\/\/www.caminosantiagoacaballo.com\/fr\/#\/schema\/logo\/image\/","url":"https:\/\/www.caminosantiagoacaballo.com\/wp-content\/uploads\/2022\/09\/camino-santiago-a-caballo-logo.jpg","contentUrl":"https:\/\/www.caminosantiagoacaballo.com\/wp-content\/uploads\/2022\/09\/camino-santiago-a-caballo-logo.jpg","width":199,"height":180,"caption":"Camino de Santiago a Caballo"},"image":{"@id":"https:\/\/www.caminosantiagoacaballo.com\/fr\/#\/schema\/logo\/image\/"}}]}},"publishpress_future_workflow_manual_trigger":{"enabledWorkflows":[]},"_links":{"self":[{"href":"https:\/\/www.caminosantiagoacaballo.com\/fr\/wp-json\/wp\/v2\/pages\/1163","targetHints":{"allow":["GET"]}}],"collection":[{"href":"https:\/\/www.caminosantiagoacaballo.com\/fr\/wp-json\/wp\/v2\/pages"}],"about":[{"href":"https:\/\/www.caminosantiagoacaballo.com\/fr\/wp-json\/wp\/v2\/types\/page"}],"author":[{"embeddable":true,"href":"https:\/\/www.caminosantiagoacaballo.com\/fr\/wp-json\/wp\/v2\/users\/1"}],"replies":[{"embeddable":true,"href":"https:\/\/www.caminosantiagoacaballo.com\/fr\/wp-json\/wp\/v2\/comments?post=1163"}],"version-history":[{"count":0,"href":"https:\/\/www.caminosantiagoacaballo.com\/fr\/wp-json\/wp\/v2\/pages\/1163\/revisions"}],"wp:attachment":[{"href":"https:\/\/www.caminosantiagoacaballo.com\/fr\/wp-json\/wp\/v2\/media?parent=1163"}],"curies":[{"name":"wp","href":"https:\/\/api.w.org\/{rel}","templated":true}]}}