{"id":5205,"date":"2016-10-16T15:02:02","date_gmt":"2016-10-16T13:02:02","guid":{"rendered":"https:\/\/caminosantiagoacaballo.com\/\/via-de-la-plata\/"},"modified":"2022-10-06T12:43:20","modified_gmt":"2022-10-06T10:43:20","slug":"via-de-la-plata","status":"publish","type":"page","link":"https:\/\/www.caminosantiagoacaballo.com\/en\/via-de-la-plata\/","title":{"rendered":"V\u00eda de la Plata"},"content":{"rendered":"<p><center><iframe src=\"https:\/\/www.google.com\/maps\/d\/embed?mid=12qC1OElqjMaK8wgMaPeiAhkOht0\" width=\"95%\" height=\"480\" data-mce-fragment=\"1\"><\/iframe><\/center><strong>It is the longest Galician pilgrimage route<\/strong>.<\/p>\n<p>It passes through the provinces of Ourense, Pontevedra and A Coru\u00f1a, crossing natural areas of great beauty, with a rich cultural and ecological heritage. Due to its long route, there are alternatives and several accesses to Galicia from the northeast of Portugal and through the Sil basin, a traditional entrance to Galicia since ancient times. The Southeast Road is an extension of the Roman road called V\u00eda de la Plata, which linked M\u00e9rida with Astorga, crossing from south to north the west of the peninsula and crossing the Tajo and Duero rivers.<\/p>\n<p>The term &#8220;V\u00eda de la Plata&#8221; derives, precisely, from the original etymological meaning of the Arabic Banatta, with which the Muslims designated that wide cobbled public road with a solid layout that headed towards the Christian north. The name V\u00eda de la Plata does not refer, therefore, to anything that has to do with the exploitation or trade of the precious metal.<\/p>\n<p><strong>ITINERARY<\/strong><\/p>\n<p>The pilgrimage route, an extension of the V\u00eda de la Plata, enters the province of Ourense through the port of Portela da Canda, in the municipality of A Mezquita, and continues to the places of A Canda and A Gudi\u00f1a. Leaving the urban center of A Gudi\u00f1a, the pilgrimage route could take the shortest route of the Verea Sur, towards Laza, or continue to Ver\u00edn, a crossroads. The road continues to Monterrei, starring the silhouette of the county fortress that dominates the entire valley.<\/p>\n<p><img fetchpriority=\"high\" decoding=\"async\" src=\"https:\/\/www.caminosantiagoacaballo.com\/wp-content\/uploads\/2022\/09\/via-de-la-plata-1.jpg\" alt=\"\" width=\"500\" height=\"375\"><\/p>\n<p>A) Monterrei-Trasmiras-Xinzo de Limia<\/p>\n<p>Leaving Monterrei behind, the route continues to the town of Albarellos, whose parish is dedicated to the apostle, to continue to the place of Infesta and enter the municipality of Cualedro, passing through the nucleus of Rebordondo and the place of Pena Verde. It then continues towards As Estivadas, passes through Viladerrei and heads towards Trasmiras, taking advantage of the facilities of the valley of A Limia, passing through the places of Zos and Boado, before reaching Xinzo de Limia.<\/p>\n<p>B) Xinzo de Limia-Sandi\u00e1s-Allariz<\/p>\n<p>The road continues to Vilarillo das Poldras, Couso de Limi and Vilar de Sandi\u00e1s. The route continues to the village of Pi\u00f1eira de Arcos, before crossing the valley that communicates with Allariz. In this municipality. 1 the pilgrim passes through Coedo, Outeiro de Torneiros, Paradilias and Torneiros, before reaching the village of Pened\u00f3s, and then on to the town of Allariz.<\/p>\n<p>C) Allariz-Ourense<\/p>\n<p>After AIlariz the pilgrim continues to A Frieira, crosses the parish of Santiago de Folgoso and passes through Roiriz de Abaixo, Roirizde Arriba, Rubi\u00e1s, Espilieiros, A Vila and Augasantas. The itinerary enters Taboa de la,cmz to the parish of Santiago de Rabeda, continues to Pereiras and enters San Cibrao das Vi\u00f1as, passing through A Castellana and Ponte Noalla. In Ourense it passes through San Breixo de Seixalbo. Leaving behind the urban center of A Gudma, the route takes the Verea Vella or Vere a Sur path that crosses the impressive landscapes of A Serra Seca, passing through the Venda do Espmo and the Venda da Teresa. As there are no populated places in these overwhelming landscapes, the sales continue along the trail. After this rugged route, walking at an altitude of more than a thousand meters, A Serra Seca ends in Santiago de Campo Becerros, where the mta is called A Vrea Vella and where the pilgrims could count on the help of the knights of the Order of Santiago.<\/p>\n<p>The route goes into Porto Camba, in a mountain valley of the Serra de San Mamede that belonged to the monastic sealor\u00edo of Montederramo and the canons regular of Xunqueira de Amb\u00eda. This pilgrimage route comes from Chaves (Portugal), crosses the border and passes through the town of Fecesde Abaixo, on the banks of the T\u00e1mega, and the place of Mand\u00edn. Once in the municipality of Ver\u00edn, continue to Tamaguelos, whose church is dedicated to Santiago, and continue through Mourazos, Tamagos and Cabreiro\u00e1, famous for its lithic water spa, before reaching the center of Verin. After passing near the castle of Monterrei, the route leaves behind the places of A Pousa and Mix\u00f3s.<\/p>\n<p>After passing through Estev\u00cd\u00f1os, Vences and Arcucelos, the route reaches the place of A Retorta, still in the valley of Monterrevieiras. Laza is a crossroads where this itinerary meets the Verea Sur, the old and traditional Camino de Castilla.<\/p>\n<p><img decoding=\"async\" src=\"https:\/\/www.caminosantiagoacaballo.com\/wp-content\/uploads\/2022\/09\/via-de-la-plata-2.jpg\" alt=\"\" width=\"500\" height=\"373\"><\/p>\n<p>D) Laza-Vilar de Barrio-Xunqueira de Amb\u00eda.<\/p>\n<p>After Laza, the road continues to Soutelo Verde and Santa Mar\u00eda de Alberguer\u00eda, an important landmark on this route, as there was an inn for travelers, as well as a charity hospital for pilgrims. Already in Vilar de Barrio, the pilgrim enters the municipal capital, continues to the place of Santa Mar\u00eda de B\u00f3veda, where the mansion of the Marquis of B\u00f3veda de Limia, knight of Santiago, and a chapel founded by him in the parish church, and continues to Vilar de Gumareites. From here the road bears the name of Vrea de Santiago, it is of comfortable width, partly flooded in winter, and has a pavement of very worn stone slabs. Shortly after, it enters the municipality of Xunqueira de Amb\u00eda, passes through the parish of Sobradelo and crosses the Roman road XVIII of the Antonine Itinerary. The route continues to Bovadel and Cima de Vila, before entering Xunqueira de Amb\u00eda.<\/p>\n<p>E)Xunqueira de Amb\u00eda-Ourense<\/p>\n<p>After Xunqueira the road goes to the place of San Xillau and continues to A Pausay leaving behind the chapel of the Virgen del Camino. Then comes the place of Vila Nava, where there are houses emblazoned with crosses of military orders and shells of Santiago, and continues to Salgueiros and Os Casares; from here many pilgrims used to go to Santa Maril1a de Augasantas. The route then crosses the western end of the municipality of Baf\u00edos de Molgas, passing through the place of Gaspar, and enters the lands of Padernede Allariz, leaving behind Canto\u00f1a and Ousende La Verea reaches the municipality of Taboa de la, crosses the parish of Santiago de Rabeda, and continues to Venda do R\u00edoy Pereiras. In Pereiras this itinerary mle to that of Xinzo and Allariz. It then passes through A Castellana, Ponte Noalla, San Breixo de Seixalbo and enters Ourense. The route enters the urban core of the capital of Auriense, to visit the cathedral and its Santo Cristo chapel, the Burgas fountain, the streets, squares and bridges over the river Mi\u00f1o.<\/p>\n<p>F) Ourense-Cea<\/p>\n<p>On leaving Ourense the road passes through Cudeiro and Sart\u00e9digos. Shortly after, it enters the municipality of Amoeiro and crosses the parish of San Paio de B\u00f3veda, before reaching Tamallancos. In the place of Sobreira there is a detour that leads to the pazo-castle of Vilamar\u00edn, former residential fortress of the Counts of Rivadavia. At Ponte Sobreira you cross the Barbanti\u00f1o River over a historic bridge and enter the municipality of Cea, passing through the picturesque places of Faramontaos, Viduedo and As Casas Novas. The road arrives shortly after at the center of San Cristovo de Cea. In the Ourense-Casas Navas (Cea) section there is another more modern alternative that initially follows the direction of the Millo along its right bank and continues to the place of Quinte1a, still in the municipality of Ourense, continues to Li\u00f1ares and Cimadevila, two places in the municipality of Amoeiro, and enters Casas Navas after passing through Mandr\u00e1s and Pulledo.<\/p>\n<p><img decoding=\"async\" src=\"https:\/\/www.caminosantiagoacaballo.com\/wp-content\/uploads\/2022\/09\/via-de-la-plata-3.jpg\" alt=\"\" width=\"500\" height=\"373\"><\/p>\n<p>G) Cea-Castro de Doz\u00f3n-Prado (lal\u00edn)-Silleda<\/p>\n<p>After Cea, many pilgrims turn towards the monastery of Oseira. From Oseira, the route returns to Castro de Doz\u00f3n, passing through Carballeidi\u00f1a and Coiras. Another possibility for the pilgrim is to follow a shorter and more direct route from Cea to Doz\u00f3n, passing through Porto do Souto, Cotelas, Pi\u00f1or, Arenteiro, O Reino and Cargalleda, in the municipality of PUlor. Both possibilities lead the pilgrim to the center of Castro de Moz\u00f3n. The road arrives at the top of Santo Domingo, where a chapel dedicated to this saint is built, enters Lal\u00edn (Pontevedra), crosses the parish of Santiago de Catasos, passing through Puxallos, and continues to Pontenoufe, A Xesta and Medelo. It then continues through Mes\u00f3n de Cu\u00fcarro, Donsi\u00f3n, Empedrada and Prado. The route passes through the parish of Santiago de Tabeada (Silleda), crosses a medieval bridge over the Deza River and continues to the municipal capital.<\/p>\n<p><img loading=\"lazy\" decoding=\"async\" src=\"https:\/\/www.caminosantiagoacaballo.com\/wp-content\/uploads\/2022\/09\/via-de-la-plata-4.jpg\" alt=\"\" width=\"500\" height=\"333\"><\/p>\n<p>H) SilIeda-Santiago<\/p>\n<p>The last stretch of this pilgrimage route passes through the municipalities of Silleda, A Estrada, Vedra, Boqueix\u00f3n and Santiago. Leaving Silleda, the route passes through Foxo, Margaride and Chapa. After crossing Chapa, it continues to Bandeira, Codeseira, Pi\u00f1eiro and Castrovite (A Estrada); the route continues to Santa Mar\u00eda de Loimil. The road passes through Casares and Carballas and crosses the parish of Santo Esteva de Oca.<\/p>\n<p>The route continues to Valboa, Arnois, A Calzada and Veiga. It enters Vedra through Ponte Ulla, crosses the course of the Ulla River over a historic bridge and enters the province of A Coru\u00f1a. The route leads to the places of Eiravedra, Franc\u00e9s, Cumbraos and Sobredo. A little further on it enters the municipality of Boqueix\u00f3n, passing through Ruibal; leaving Rubial and Dexeiro de Arriba behind, the route reaches the municipality of Santiago and leaves behind the town of A Susana. It returns to Vedra, passing through Paradela, and finally enters Santiago through Corexo, Angrois and Cruceiro de Sar, on the outskirts of the historic city. Leaving behind the Collegiate Church of Sar and its interesting Museum of Sacred Art, the pilgrim faces a last effort before entering the historic city, crossing the Vires da Cerca street, leaving behind the baroque convent of the Mercedarian Mothers, Prado. Cross the Porta de Mazarelos, the only remaining part of the city wall, and arrive at Praza da Universidade.<\/p>\n<p>The pilgrim continues along the lively R\u00faa da Caldeireria, descends the Costa de Xelm\u00edrez and arrives at the famous Praza das Praterias, through this southern entrance the pilgrim accesses the Cathedral of Santiago de Compostela, the goal of the western pilgrimage.<\/p>\n","protected":false},"excerpt":{"rendered":"<p>It is the longest Galician pilgrimage route. It passes through the provinces of Ourense, Pontevedra and A Coru\u00f1a, crossing natural areas of great beauty, with a rich cultural and ecological heritage. Due to its long route, there are alternatives and several accesses to Galicia from the northeast of Portugal and through the Sil basin, a [&hellip;]<\/p>\n","protected":false},"author":1,"featured_media":0,"parent":0,"menu_order":0,"comment_status":"closed","ping_status":"closed","template":"","meta":{"_joinchat":[],"footnotes":""},"class_list":["post-5205","page","type-page","status-publish","hentry"],"yoast_head":"<!-- This site is optimized with the Yoast SEO plugin v26.9 - https:\/\/yoast.com\/product\/yoast-seo-wordpress\/ -->\n<title>Via de la Plata - Camino de Santiago on Horseback<\/title>\n<meta name=\"description\" content=\"We organize horseback riding routes along the Camino de Santiago French, Portuguese, Via de la Plata, English and other options.\" \/>\n<meta name=\"robots\" content=\"index, follow, max-snippet:-1, max-image-preview:large, max-video-preview:-1\" \/>\n<link rel=\"canonical\" href=\"https:\/\/www.caminosantiagoacaballo.com\/en\/via-de-la-plata\/\" \/>\n<meta property=\"og:locale\" content=\"en_US\" \/>\n<meta property=\"og:type\" content=\"article\" \/>\n<meta property=\"og:title\" content=\"Via de la Plata - Camino de Santiago on Horseback\" \/>\n<meta property=\"og:description\" content=\"We organize horseback riding routes along the Camino de Santiago French, Portuguese, Via de la Plata, English and other options.\" \/>\n<meta property=\"og:url\" content=\"https:\/\/www.caminosantiagoacaballo.com\/en\/via-de-la-plata\/\" \/>\n<meta property=\"og:site_name\" content=\"Camino de Santiago a Caballo\" \/>\n<meta property=\"article:modified_time\" content=\"2022-10-06T10:43:20+00:00\" \/>\n<meta property=\"og:image\" content=\"https:\/\/www.caminosantiagoacaballo.com\/wp-content\/uploads\/2022\/09\/via-de-la-plata-1.jpg\" \/>\n<meta name=\"twitter:card\" content=\"summary_large_image\" \/>\n<script type=\"application\/ld+json\" class=\"yoast-schema-graph\">{\"@context\":\"https:\/\/schema.org\",\"@graph\":[{\"@type\":\"WebPage\",\"@id\":\"https:\/\/www.caminosantiagoacaballo.com\/en\/via-de-la-plata\/\",\"url\":\"https:\/\/www.caminosantiagoacaballo.com\/en\/via-de-la-plata\/\",\"name\":\"Via de la Plata - Camino de Santiago on Horseback\",\"isPartOf\":{\"@id\":\"https:\/\/www.caminosantiagoacaballo.com\/en\/#website\"},\"primaryImageOfPage\":{\"@id\":\"https:\/\/www.caminosantiagoacaballo.com\/en\/via-de-la-plata\/#primaryimage\"},\"image\":{\"@id\":\"https:\/\/www.caminosantiagoacaballo.com\/en\/via-de-la-plata\/#primaryimage\"},\"thumbnailUrl\":\"https:\/\/www.caminosantiagoacaballo.com\/wp-content\/uploads\/2022\/09\/via-de-la-plata-1.jpg\",\"datePublished\":\"2016-10-16T13:02:02+00:00\",\"dateModified\":\"2022-10-06T10:43:20+00:00\",\"description\":\"We organize horseback riding routes along the Camino de Santiago French, Portuguese, Via de la Plata, English and other options.\",\"breadcrumb\":{\"@id\":\"https:\/\/www.caminosantiagoacaballo.com\/en\/via-de-la-plata\/#breadcrumb\"},\"inLanguage\":\"en-US\",\"potentialAction\":[{\"@type\":\"ReadAction\",\"target\":[\"https:\/\/www.caminosantiagoacaballo.com\/en\/via-de-la-plata\/\"]}]},{\"@type\":\"ImageObject\",\"inLanguage\":\"en-US\",\"@id\":\"https:\/\/www.caminosantiagoacaballo.com\/en\/via-de-la-plata\/#primaryimage\",\"url\":\"https:\/\/www.caminosantiagoacaballo.com\/wp-content\/uploads\/2022\/09\/via-de-la-plata-1.jpg\",\"contentUrl\":\"https:\/\/www.caminosantiagoacaballo.com\/wp-content\/uploads\/2022\/09\/via-de-la-plata-1.jpg\"},{\"@type\":\"BreadcrumbList\",\"@id\":\"https:\/\/www.caminosantiagoacaballo.com\/en\/via-de-la-plata\/#breadcrumb\",\"itemListElement\":[{\"@type\":\"ListItem\",\"position\":1,\"name\":\"Portada\",\"item\":\"https:\/\/www.caminosantiagoacaballo.com\/en\/\"},{\"@type\":\"ListItem\",\"position\":2,\"name\":\"V\u00eda de la Plata\"}]},{\"@type\":\"WebSite\",\"@id\":\"https:\/\/www.caminosantiagoacaballo.com\/en\/#website\",\"url\":\"https:\/\/www.caminosantiagoacaballo.com\/en\/\",\"name\":\"Camino de Santiago a Caballo\",\"description\":\"Realiza el Camino de Santiago con la mayor seguridad y comodidad a caballo\",\"publisher\":{\"@id\":\"https:\/\/www.caminosantiagoacaballo.com\/en\/#organization\"},\"potentialAction\":[{\"@type\":\"SearchAction\",\"target\":{\"@type\":\"EntryPoint\",\"urlTemplate\":\"https:\/\/www.caminosantiagoacaballo.com\/en\/?s={search_term_string}\"},\"query-input\":{\"@type\":\"PropertyValueSpecification\",\"valueRequired\":true,\"valueName\":\"search_term_string\"}}],\"inLanguage\":\"en-US\"},{\"@type\":\"Organization\",\"@id\":\"https:\/\/www.caminosantiagoacaballo.com\/en\/#organization\",\"name\":\"Camino de Santiago a Caballo\",\"url\":\"https:\/\/www.caminosantiagoacaballo.com\/en\/\",\"logo\":{\"@type\":\"ImageObject\",\"inLanguage\":\"en-US\",\"@id\":\"https:\/\/www.caminosantiagoacaballo.com\/en\/#\/schema\/logo\/image\/\",\"url\":\"https:\/\/www.caminosantiagoacaballo.com\/wp-content\/uploads\/2022\/09\/camino-santiago-a-caballo-logo.jpg\",\"contentUrl\":\"https:\/\/www.caminosantiagoacaballo.com\/wp-content\/uploads\/2022\/09\/camino-santiago-a-caballo-logo.jpg\",\"width\":199,\"height\":180,\"caption\":\"Camino de Santiago a Caballo\"},\"image\":{\"@id\":\"https:\/\/www.caminosantiagoacaballo.com\/en\/#\/schema\/logo\/image\/\"}}]}<\/script>\n<!-- \/ Yoast SEO plugin. -->","yoast_head_json":{"title":"Via de la Plata - Camino de Santiago on Horseback","description":"We organize horseback riding routes along the Camino de Santiago French, Portuguese, Via de la Plata, English and other options.","robots":{"index":"index","follow":"follow","max-snippet":"max-snippet:-1","max-image-preview":"max-image-preview:large","max-video-preview":"max-video-preview:-1"},"canonical":"https:\/\/www.caminosantiagoacaballo.com\/en\/via-de-la-plata\/","og_locale":"en_US","og_type":"article","og_title":"Via de la Plata - Camino de Santiago on Horseback","og_description":"We organize horseback riding routes along the Camino de Santiago French, Portuguese, Via de la Plata, English and other options.","og_url":"https:\/\/www.caminosantiagoacaballo.com\/en\/via-de-la-plata\/","og_site_name":"Camino de Santiago a Caballo","article_modified_time":"2022-10-06T10:43:20+00:00","og_image":[{"url":"https:\/\/www.caminosantiagoacaballo.com\/wp-content\/uploads\/2022\/09\/via-de-la-plata-1.jpg","type":"","width":"","height":""}],"twitter_card":"summary_large_image","schema":{"@context":"https:\/\/schema.org","@graph":[{"@type":"WebPage","@id":"https:\/\/www.caminosantiagoacaballo.com\/en\/via-de-la-plata\/","url":"https:\/\/www.caminosantiagoacaballo.com\/en\/via-de-la-plata\/","name":"Via de la Plata - Camino de Santiago on Horseback","isPartOf":{"@id":"https:\/\/www.caminosantiagoacaballo.com\/en\/#website"},"primaryImageOfPage":{"@id":"https:\/\/www.caminosantiagoacaballo.com\/en\/via-de-la-plata\/#primaryimage"},"image":{"@id":"https:\/\/www.caminosantiagoacaballo.com\/en\/via-de-la-plata\/#primaryimage"},"thumbnailUrl":"https:\/\/www.caminosantiagoacaballo.com\/wp-content\/uploads\/2022\/09\/via-de-la-plata-1.jpg","datePublished":"2016-10-16T13:02:02+00:00","dateModified":"2022-10-06T10:43:20+00:00","description":"We organize horseback riding routes along the Camino de Santiago French, Portuguese, Via de la Plata, English and other options.","breadcrumb":{"@id":"https:\/\/www.caminosantiagoacaballo.com\/en\/via-de-la-plata\/#breadcrumb"},"inLanguage":"en-US","potentialAction":[{"@type":"ReadAction","target":["https:\/\/www.caminosantiagoacaballo.com\/en\/via-de-la-plata\/"]}]},{"@type":"ImageObject","inLanguage":"en-US","@id":"https:\/\/www.caminosantiagoacaballo.com\/en\/via-de-la-plata\/#primaryimage","url":"https:\/\/www.caminosantiagoacaballo.com\/wp-content\/uploads\/2022\/09\/via-de-la-plata-1.jpg","contentUrl":"https:\/\/www.caminosantiagoacaballo.com\/wp-content\/uploads\/2022\/09\/via-de-la-plata-1.jpg"},{"@type":"BreadcrumbList","@id":"https:\/\/www.caminosantiagoacaballo.com\/en\/via-de-la-plata\/#breadcrumb","itemListElement":[{"@type":"ListItem","position":1,"name":"Portada","item":"https:\/\/www.caminosantiagoacaballo.com\/en\/"},{"@type":"ListItem","position":2,"name":"V\u00eda de la Plata"}]},{"@type":"WebSite","@id":"https:\/\/www.caminosantiagoacaballo.com\/en\/#website","url":"https:\/\/www.caminosantiagoacaballo.com\/en\/","name":"Camino de Santiago a Caballo","description":"Realiza el Camino de Santiago con la mayor seguridad y comodidad a caballo","publisher":{"@id":"https:\/\/www.caminosantiagoacaballo.com\/en\/#organization"},"potentialAction":[{"@type":"SearchAction","target":{"@type":"EntryPoint","urlTemplate":"https:\/\/www.caminosantiagoacaballo.com\/en\/?s={search_term_string}"},"query-input":{"@type":"PropertyValueSpecification","valueRequired":true,"valueName":"search_term_string"}}],"inLanguage":"en-US"},{"@type":"Organization","@id":"https:\/\/www.caminosantiagoacaballo.com\/en\/#organization","name":"Camino de Santiago a Caballo","url":"https:\/\/www.caminosantiagoacaballo.com\/en\/","logo":{"@type":"ImageObject","inLanguage":"en-US","@id":"https:\/\/www.caminosantiagoacaballo.com\/en\/#\/schema\/logo\/image\/","url":"https:\/\/www.caminosantiagoacaballo.com\/wp-content\/uploads\/2022\/09\/camino-santiago-a-caballo-logo.jpg","contentUrl":"https:\/\/www.caminosantiagoacaballo.com\/wp-content\/uploads\/2022\/09\/camino-santiago-a-caballo-logo.jpg","width":199,"height":180,"caption":"Camino de Santiago a Caballo"},"image":{"@id":"https:\/\/www.caminosantiagoacaballo.com\/en\/#\/schema\/logo\/image\/"}}]}},"publishpress_future_workflow_manual_trigger":{"enabledWorkflows":[]},"_links":{"self":[{"href":"https:\/\/www.caminosantiagoacaballo.com\/en\/wp-json\/wp\/v2\/pages\/5205","targetHints":{"allow":["GET"]}}],"collection":[{"href":"https:\/\/www.caminosantiagoacaballo.com\/en\/wp-json\/wp\/v2\/pages"}],"about":[{"href":"https:\/\/www.caminosantiagoacaballo.com\/en\/wp-json\/wp\/v2\/types\/page"}],"author":[{"embeddable":true,"href":"https:\/\/www.caminosantiagoacaballo.com\/en\/wp-json\/wp\/v2\/users\/1"}],"replies":[{"embeddable":true,"href":"https:\/\/www.caminosantiagoacaballo.com\/en\/wp-json\/wp\/v2\/comments?post=5205"}],"version-history":[{"count":0,"href":"https:\/\/www.caminosantiagoacaballo.com\/en\/wp-json\/wp\/v2\/pages\/5205\/revisions"}],"wp:attachment":[{"href":"https:\/\/www.caminosantiagoacaballo.com\/en\/wp-json\/wp\/v2\/media?parent=5205"}],"curies":[{"name":"wp","href":"https:\/\/api.w.org\/{rel}","templated":true}]}}