{"id":455,"date":"2017-01-08T17:38:43","date_gmt":"2017-01-08T16:38:43","guid":{"rendered":"http:\/\/localhost:70\/caminosantiago\/en\/?page_id=455"},"modified":"2022-10-06T18:20:56","modified_gmt":"2022-10-06T16:20:56","slug":"the-french-route","status":"publish","type":"page","link":"https:\/\/www.caminosantiagoacaballo.com\/en\/the-french-route\/","title":{"rendered":"The French Route"},"content":{"rendered":"<p><center><iframe src=\"https:\/\/www.google.com\/maps\/d\/embed?mid=1rGfJc1F4cmpx3zWeErucWycZm5s\" width=\"95%\" height=\"480\"><\/iframe><\/center>\t\t<\/p>\n<p><strong>The French Way on horseback &#8211; Historical Introduction<\/strong><\/p>\n<p>The French Way is the Jacobean itinerary with the longest historical tradition and the most internationally recognized. Its route through the north of the Iberian Peninsula was fixed with precision around 1135 in the Codex Calixtinus, a fundamental book of the Jacobean heritage.<\/p>\n<p>This guide, attributed to the French cleric Aymeric Picaud, is evidence of the political-religious desire to promote the Compostela sanctuary and facilitate access to it, but it also demonstrates the existence of a demand for this type of information. When this book was written, pilgrimages reached their peak and the French Way reached its greatest affluence &#8211; if we exclude the present time &#8211; Santiago became the destination of pilgrims from all over the Christian world.<\/p>\n<p><strong>Itinerary<\/strong><\/p>\n<p>The French Way is the Jacobean itinerary with the longest historical tradition and the most internationally recognized. Its route through the north of the Iberian Peninsula was fixed with precision around 1135 in the Codex Calixtinus, a fundamental book of the Jacobean heritage.<\/p>\n<p>This guide, attributed to the French cleric Aymeric Picaud, is evidence of the political-religious desire to promote the Compostela sanctuary and facilitate access to it, but it also demonstrates the existence of a demand for this type of information. When this book was written, pilgrimages reached their peak and the French Way reached its greatest affluence &#8211; if we exclude the present time &#8211; Santiago became the destination of pilgrims from all over the Christian world.<\/p>\n<p><img fetchpriority=\"high\" decoding=\"async\" src=\"https:\/\/www.caminosantiagoacaballo.com\/wp-content\/uploads\/2022\/09\/camino-frances-1.jpg\" alt=\"\" width=\"379\" height=\"253\"><\/p>\n<p>The French Way enters Galicia from El Bierzo up to the mountain pass of O Cebreiro (1,300 m), in the province of Lugo. There are 152 kilometers left on the Camino to reach Santiago de Compostela.<\/p>\n<p>At the top of O Cebreiro is the village of protohistoric tradition, adapted to the harsh climatic conditions of the high mountains. This village is also a relevant ethnographic space that has its most visible reference in its set of pallozas, very characteristic of the northwest of the Iberian Peninsula.<\/p>\n<p><img decoding=\"async\" src=\"https:\/\/www.caminosantiagoacaballo.com\/wp-content\/uploads\/2022\/09\/camino-frances-10.jpg\" alt=\"\" width=\"500\" height=\"373\"><\/p>\n<p>From O Cebreiro, continuing through the mountain area and along an itinerary open to the immediate mountain ranges of Os Ancares and O Courel, you reach Hospital da Condesa and soon the village of Padornelo.<\/p>\n<p>After reaching the port of O Poio (1,337 m, maximum height of the French Way in Galicia), begins the gentle descent to Fonfr\u00eda, and from here, among beautiful and green panoramic views, you reach the town of Triacastela.<\/p>\n<p><img decoding=\"async\" src=\"https:\/\/www.caminosantiagoacaballo.com\/wp-content\/uploads\/2022\/09\/camino-frances-15.jpg\" alt=\"\" width=\"500\" height=\"373\"><\/p>\n<p>At the exit of Triacastela the Camino forks. You can continue directly to Sarria through a chain of old villages of great Jacobean tradition: A Balsa, San XiI, Mont\u00e1n, Pint\u00edn, Calvor and San Mamede do Cami\u00f1o; or, by the stretch towards the town of Samos, which offers not only beautiful landscapes that crosses the Sarria River and that of villages such as San Cristovo or San Marti\u00f1o, but also has a monastery that is considered one of the oldest in the West.<\/p>\n<p>Whether we follow the itinerary of Samos or San Xil, the meeting place will be Sarria, the most populated town of the French Way in Galicia, with more than seven thousand inhabitants. From here the pilgrim leaves through the old bridge of A \u00c1spera, on the way to Barbadelo, which is soon reached after crossing one of the most beautiful &#8220;carballeiras&#8221; &#8211; oak groves &#8211; of the route. Crossing between continuous masses of trees, meadows and farmland, through stretches that announce vestiges of ancient roads, the Camino enters the municipality of Paradela.<\/p>\n<p><img loading=\"lazy\" decoding=\"async\" src=\"https:\/\/www.caminosantiagoacaballo.com\/wp-content\/uploads\/2022\/09\/camino-frances-17.jpg\" alt=\"\" width=\"500\" height=\"373\"><\/p>\n<p>In the middle of an open and pleasant landscape, the route descends to the banks of the Mi\u00f1o River, where for the first and only time on the French Route in Galicia, the vineyards can be seen. To enter the town of Portomar\u00edn it is necessary to cross the bridge built in the early 1960s to overcome the Belesar reservoir on the Mi\u00f1o. You can also see the ruins of the old Portomar\u00edn, devastated by the waters, due to the construction of the reservoir, despite being one of the most beautiful and rich in heritage of Galicia. Through the village of Gonzar, the Way continues towards Castromaior, Ventas de Nar\u00f3n and Lameiros, a place already in the municipality of Monterroso. Somewhat further on, in the town of Ligonde, there are still relevant examples of traditional architectural typologies.<\/p>\n<p><img loading=\"lazy\" decoding=\"async\" src=\"https:\/\/www.caminosantiagoacaballo.com\/wp-content\/uploads\/2022\/09\/camino-frances-100.jpg\" alt=\"\" width=\"500\" height=\"373\"><\/p>\n<p>Immediately after, the route enters the lands of Palas de Rei, a municipality that owes its name to an alleged royal palace built remotely in its vicinity. The Camino leaves Palas through A Ulloa, a land of dairy production and tasty cheeses, among other traditional products. In the vicinity of this section, taking a small detour, you reach the castle of Pambre, one of the few Galician feudal castles that was saved from the fury caused by the fights of the &#8220;Irmandi\u00f1os&#8221;. On the way back to the Camino, it begins its journey through the province of A Coru\u00f1a, on the way to the village of Leboeiro and Furelos, which is crossed by a grandiose medieval bridge.<\/p>\n<p>In Melide, a town considered the geographical center of Galicia, where we can enjoy the best Galician octopus, the French Way becomes urban and welcomes pilgrims on the Primitive Way. The route is integrated in a town with an intense historical Jacobean identity. Following Melide is Boente, Casta\u00f1eda and close to Arz\u00faa is Ribadiso.<\/p>\n<p><img loading=\"lazy\" decoding=\"async\" src=\"https:\/\/www.caminosantiagoacaballo.com\/wp-content\/uploads\/2022\/09\/camino-frances-25.jpg\" alt=\"\" width=\"500\" height=\"373\"><\/p>\n<p>In the town of Arz\u00faa, famous for the great wealth of cheese in the region, the French Way welcomes pilgrims coming from the North Way. From Arz\u00faa, the Camino goes again through meadows, oak and eucalyptus trees that surround small villages such as Calzada, Salceda, Brea &#8230; and R\u00faa, which is already at the gates of the municipality of O Pino, the last one before Santiago.<\/p>\n<p>Already in the municipality of Santiago, and after passing through the vicinity of the city&#8217;s airport, the pilgrim arrives at A Lavacolla, very close to Monte do Gozo, a small elevation from which pilgrims have, for the first time, the distant view of the towers of the cathedral of Santiago.<\/p>\n<p>We will visit the city of Santiago and the Cathedral, of course. Finally, we will transfer you to the airport or station, where our services will end.<\/p>\n<p><strong>An original option to do the French Way: Horse-drawn carriage.<\/strong><\/p>\n<p>In Caminos Galicia we also offer you the alternative of doing the French Way from Portomar\u00edn in three stages of one day each. In this case we can choose to do the trail in two ways: on horseback or by horse-drawn carriage.<\/p>\n","protected":false},"excerpt":{"rendered":"<p>The French Way on horseback &#8211; Historical Introduction The French Way is the Jacobean itinerary with the longest historical tradition and the most internationally recognized. Its route through the north of the Iberian Peninsula was fixed with precision around 1135 in the Codex Calixtinus, a fundamental book of the Jacobean heritage. This guide, attributed to [&hellip;]<\/p>\n","protected":false},"author":1,"featured_media":0,"parent":0,"menu_order":0,"comment_status":"closed","ping_status":"closed","template":"","meta":{"_joinchat":[],"footnotes":""},"class_list":["post-455","page","type-page","status-publish","hentry"],"yoast_head":"<!-- This site is optimized with the Yoast SEO plugin v26.9 - https:\/\/yoast.com\/product\/yoast-seo-wordpress\/ -->\n<title>The French Way on horseback - Camino de Santiago on horseback<\/title>\n<meta name=\"description\" content=\"We organize horseback riding routes along the Camino de Santiago French, Portuguese, Via de la Plata, English and other options.\" \/>\n<meta name=\"robots\" content=\"index, follow, max-snippet:-1, max-image-preview:large, max-video-preview:-1\" \/>\n<link rel=\"canonical\" href=\"https:\/\/www.caminosantiagoacaballo.com\/en\/the-french-route\/\" \/>\n<meta property=\"og:locale\" content=\"en_US\" \/>\n<meta property=\"og:type\" content=\"article\" \/>\n<meta property=\"og:title\" content=\"The French Way on horseback - Camino de Santiago on horseback\" \/>\n<meta property=\"og:description\" content=\"We organize horseback riding routes along the Camino de Santiago French, Portuguese, Via de la Plata, English and other options.\" \/>\n<meta property=\"og:url\" content=\"https:\/\/www.caminosantiagoacaballo.com\/en\/the-french-route\/\" \/>\n<meta property=\"og:site_name\" content=\"Camino de Santiago a Caballo\" \/>\n<meta property=\"article:modified_time\" content=\"2022-10-06T16:20:56+00:00\" \/>\n<meta property=\"og:image\" content=\"https:\/\/www.caminosantiagoacaballo.com\/wp-content\/uploads\/2022\/09\/camino-frances-1.jpg\" \/>\n<meta name=\"twitter:card\" content=\"summary_large_image\" \/>\n<script type=\"application\/ld+json\" class=\"yoast-schema-graph\">{\"@context\":\"https:\/\/schema.org\",\"@graph\":[{\"@type\":\"WebPage\",\"@id\":\"https:\/\/www.caminosantiagoacaballo.com\/en\/the-french-route\/\",\"url\":\"https:\/\/www.caminosantiagoacaballo.com\/en\/the-french-route\/\",\"name\":\"The French Way on horseback - Camino de Santiago on horseback\",\"isPartOf\":{\"@id\":\"https:\/\/www.caminosantiagoacaballo.com\/en\/#website\"},\"primaryImageOfPage\":{\"@id\":\"https:\/\/www.caminosantiagoacaballo.com\/en\/the-french-route\/#primaryimage\"},\"image\":{\"@id\":\"https:\/\/www.caminosantiagoacaballo.com\/en\/the-french-route\/#primaryimage\"},\"thumbnailUrl\":\"https:\/\/www.caminosantiagoacaballo.com\/wp-content\/uploads\/2022\/09\/camino-frances-1.jpg\",\"datePublished\":\"2017-01-08T16:38:43+00:00\",\"dateModified\":\"2022-10-06T16:20:56+00:00\",\"description\":\"We organize horseback riding routes along the Camino de Santiago French, Portuguese, Via de la Plata, English and other options.\",\"breadcrumb\":{\"@id\":\"https:\/\/www.caminosantiagoacaballo.com\/en\/the-french-route\/#breadcrumb\"},\"inLanguage\":\"en-US\",\"potentialAction\":[{\"@type\":\"ReadAction\",\"target\":[\"https:\/\/www.caminosantiagoacaballo.com\/en\/the-french-route\/\"]}]},{\"@type\":\"ImageObject\",\"inLanguage\":\"en-US\",\"@id\":\"https:\/\/www.caminosantiagoacaballo.com\/en\/the-french-route\/#primaryimage\",\"url\":\"https:\/\/www.caminosantiagoacaballo.com\/wp-content\/uploads\/2022\/09\/camino-frances-1.jpg\",\"contentUrl\":\"https:\/\/www.caminosantiagoacaballo.com\/wp-content\/uploads\/2022\/09\/camino-frances-1.jpg\"},{\"@type\":\"BreadcrumbList\",\"@id\":\"https:\/\/www.caminosantiagoacaballo.com\/en\/the-french-route\/#breadcrumb\",\"itemListElement\":[{\"@type\":\"ListItem\",\"position\":1,\"name\":\"Portada\",\"item\":\"https:\/\/www.caminosantiagoacaballo.com\/en\/\"},{\"@type\":\"ListItem\",\"position\":2,\"name\":\"The French Route\"}]},{\"@type\":\"WebSite\",\"@id\":\"https:\/\/www.caminosantiagoacaballo.com\/en\/#website\",\"url\":\"https:\/\/www.caminosantiagoacaballo.com\/en\/\",\"name\":\"Camino de Santiago a Caballo\",\"description\":\"Realiza el Camino de Santiago con la mayor seguridad y comodidad a caballo\",\"publisher\":{\"@id\":\"https:\/\/www.caminosantiagoacaballo.com\/en\/#organization\"},\"potentialAction\":[{\"@type\":\"SearchAction\",\"target\":{\"@type\":\"EntryPoint\",\"urlTemplate\":\"https:\/\/www.caminosantiagoacaballo.com\/en\/?s={search_term_string}\"},\"query-input\":{\"@type\":\"PropertyValueSpecification\",\"valueRequired\":true,\"valueName\":\"search_term_string\"}}],\"inLanguage\":\"en-US\"},{\"@type\":\"Organization\",\"@id\":\"https:\/\/www.caminosantiagoacaballo.com\/en\/#organization\",\"name\":\"Camino de Santiago a Caballo\",\"url\":\"https:\/\/www.caminosantiagoacaballo.com\/en\/\",\"logo\":{\"@type\":\"ImageObject\",\"inLanguage\":\"en-US\",\"@id\":\"https:\/\/www.caminosantiagoacaballo.com\/en\/#\/schema\/logo\/image\/\",\"url\":\"https:\/\/www.caminosantiagoacaballo.com\/wp-content\/uploads\/2022\/09\/camino-santiago-a-caballo-logo.jpg\",\"contentUrl\":\"https:\/\/www.caminosantiagoacaballo.com\/wp-content\/uploads\/2022\/09\/camino-santiago-a-caballo-logo.jpg\",\"width\":199,\"height\":180,\"caption\":\"Camino de Santiago a Caballo\"},\"image\":{\"@id\":\"https:\/\/www.caminosantiagoacaballo.com\/en\/#\/schema\/logo\/image\/\"}}]}<\/script>\n<!-- \/ Yoast SEO plugin. -->","yoast_head_json":{"title":"The French Way on horseback - Camino de Santiago on horseback","description":"We organize horseback riding routes along the Camino de Santiago French, Portuguese, Via de la Plata, English and other options.","robots":{"index":"index","follow":"follow","max-snippet":"max-snippet:-1","max-image-preview":"max-image-preview:large","max-video-preview":"max-video-preview:-1"},"canonical":"https:\/\/www.caminosantiagoacaballo.com\/en\/the-french-route\/","og_locale":"en_US","og_type":"article","og_title":"The French Way on horseback - Camino de Santiago on horseback","og_description":"We organize horseback riding routes along the Camino de Santiago French, Portuguese, Via de la Plata, English and other options.","og_url":"https:\/\/www.caminosantiagoacaballo.com\/en\/the-french-route\/","og_site_name":"Camino de Santiago a Caballo","article_modified_time":"2022-10-06T16:20:56+00:00","og_image":[{"url":"https:\/\/www.caminosantiagoacaballo.com\/wp-content\/uploads\/2022\/09\/camino-frances-1.jpg","type":"","width":"","height":""}],"twitter_card":"summary_large_image","schema":{"@context":"https:\/\/schema.org","@graph":[{"@type":"WebPage","@id":"https:\/\/www.caminosantiagoacaballo.com\/en\/the-french-route\/","url":"https:\/\/www.caminosantiagoacaballo.com\/en\/the-french-route\/","name":"The French Way on horseback - Camino de Santiago on horseback","isPartOf":{"@id":"https:\/\/www.caminosantiagoacaballo.com\/en\/#website"},"primaryImageOfPage":{"@id":"https:\/\/www.caminosantiagoacaballo.com\/en\/the-french-route\/#primaryimage"},"image":{"@id":"https:\/\/www.caminosantiagoacaballo.com\/en\/the-french-route\/#primaryimage"},"thumbnailUrl":"https:\/\/www.caminosantiagoacaballo.com\/wp-content\/uploads\/2022\/09\/camino-frances-1.jpg","datePublished":"2017-01-08T16:38:43+00:00","dateModified":"2022-10-06T16:20:56+00:00","description":"We organize horseback riding routes along the Camino de Santiago French, Portuguese, Via de la Plata, English and other options.","breadcrumb":{"@id":"https:\/\/www.caminosantiagoacaballo.com\/en\/the-french-route\/#breadcrumb"},"inLanguage":"en-US","potentialAction":[{"@type":"ReadAction","target":["https:\/\/www.caminosantiagoacaballo.com\/en\/the-french-route\/"]}]},{"@type":"ImageObject","inLanguage":"en-US","@id":"https:\/\/www.caminosantiagoacaballo.com\/en\/the-french-route\/#primaryimage","url":"https:\/\/www.caminosantiagoacaballo.com\/wp-content\/uploads\/2022\/09\/camino-frances-1.jpg","contentUrl":"https:\/\/www.caminosantiagoacaballo.com\/wp-content\/uploads\/2022\/09\/camino-frances-1.jpg"},{"@type":"BreadcrumbList","@id":"https:\/\/www.caminosantiagoacaballo.com\/en\/the-french-route\/#breadcrumb","itemListElement":[{"@type":"ListItem","position":1,"name":"Portada","item":"https:\/\/www.caminosantiagoacaballo.com\/en\/"},{"@type":"ListItem","position":2,"name":"The French Route"}]},{"@type":"WebSite","@id":"https:\/\/www.caminosantiagoacaballo.com\/en\/#website","url":"https:\/\/www.caminosantiagoacaballo.com\/en\/","name":"Camino de Santiago a Caballo","description":"Realiza el Camino de Santiago con la mayor seguridad y comodidad a caballo","publisher":{"@id":"https:\/\/www.caminosantiagoacaballo.com\/en\/#organization"},"potentialAction":[{"@type":"SearchAction","target":{"@type":"EntryPoint","urlTemplate":"https:\/\/www.caminosantiagoacaballo.com\/en\/?s={search_term_string}"},"query-input":{"@type":"PropertyValueSpecification","valueRequired":true,"valueName":"search_term_string"}}],"inLanguage":"en-US"},{"@type":"Organization","@id":"https:\/\/www.caminosantiagoacaballo.com\/en\/#organization","name":"Camino de Santiago a Caballo","url":"https:\/\/www.caminosantiagoacaballo.com\/en\/","logo":{"@type":"ImageObject","inLanguage":"en-US","@id":"https:\/\/www.caminosantiagoacaballo.com\/en\/#\/schema\/logo\/image\/","url":"https:\/\/www.caminosantiagoacaballo.com\/wp-content\/uploads\/2022\/09\/camino-santiago-a-caballo-logo.jpg","contentUrl":"https:\/\/www.caminosantiagoacaballo.com\/wp-content\/uploads\/2022\/09\/camino-santiago-a-caballo-logo.jpg","width":199,"height":180,"caption":"Camino de Santiago a Caballo"},"image":{"@id":"https:\/\/www.caminosantiagoacaballo.com\/en\/#\/schema\/logo\/image\/"}}]}},"publishpress_future_workflow_manual_trigger":{"enabledWorkflows":[]},"_links":{"self":[{"href":"https:\/\/www.caminosantiagoacaballo.com\/en\/wp-json\/wp\/v2\/pages\/455","targetHints":{"allow":["GET"]}}],"collection":[{"href":"https:\/\/www.caminosantiagoacaballo.com\/en\/wp-json\/wp\/v2\/pages"}],"about":[{"href":"https:\/\/www.caminosantiagoacaballo.com\/en\/wp-json\/wp\/v2\/types\/page"}],"author":[{"embeddable":true,"href":"https:\/\/www.caminosantiagoacaballo.com\/en\/wp-json\/wp\/v2\/users\/1"}],"replies":[{"embeddable":true,"href":"https:\/\/www.caminosantiagoacaballo.com\/en\/wp-json\/wp\/v2\/comments?post=455"}],"version-history":[{"count":0,"href":"https:\/\/www.caminosantiagoacaballo.com\/en\/wp-json\/wp\/v2\/pages\/455\/revisions"}],"wp:attachment":[{"href":"https:\/\/www.caminosantiagoacaballo.com\/en\/wp-json\/wp\/v2\/media?parent=455"}],"curies":[{"name":"wp","href":"https:\/\/api.w.org\/{rel}","templated":true}]}}