{"id":580,"date":"2016-10-17T01:45:59","date_gmt":"2016-10-16T23:45:59","guid":{"rendered":"http:\/\/caminosantiagoacaballo.com\/2016\/de\/camino-primitivo\/"},"modified":"2022-10-06T18:20:54","modified_gmt":"2022-10-06T16:20:54","slug":"der-ursprungliche-weg","status":"publish","type":"page","link":"https:\/\/www.caminosantiagoacaballo.com\/de\/der-ursprungliche-weg\/","title":{"rendered":"Primitiver Weg"},"content":{"rendered":"<\/p>\n<p><center><iframe src=\"https:\/\/www.google.com\/maps\/d\/embed?mid=1IAHj_96MtJ57yWGyA9CwST3GUeM\" width=\"95%\" height=\"480\" data-mce-fragment=\"1\"><\/iframe><\/center><center><\/center><\/p>\n<p>Die Tatsache, dass dieser wundersch\u00f6ne Camino als Camino Primitivo bekannt ist, ist offensichtlich kein Zufall. Kurz nach der Entdeckung des Apostelgrabs, durch die sch\u00f6ne Geschichte oder Legende, die der Nachwelt erhalten geblieben ist, war die erste Person, die von der Entdeckung erfuhr, der damalige asturische K\u00f6nig Alfonso II. der Keusche, der auch der erste Monarch war, der die Pilgerreise unternahm, indem er die Stra\u00dfe nahm, die durch das Innere Asturiens in Richtung Lugo und sp\u00e4ter in Richtung der Hauptstadt Compostela f\u00fchrt. Diese primitive, raue und schroffe, aber beeindruckende und sch\u00f6ne Route ist mit all ihrem Charme erhalten geblieben, abgesehen von den gelegentlichen \u00c4nderungen, die moderne Infrastrukturen notwendig machen, wie es bei allen Routen oder Wegen der Fall ist. Das Ende der Route, ganz in der N\u00e4he von Santiago de Compostela, m\u00fcndet in den gro\u00dfen Pilgerweg, den Franz\u00f6sischen Weg. Wir k\u00f6nnen Ihnen versichern, dass der Weg der Pilger durch zahllose reizvolle Ecken, D\u00f6rfer und St\u00e4dte wie Grado, Salas, Tineo, Grandas de Salime und viele andere, und vor allem das alte Lugo, diese Pilgerreise zu einer der interessantesten, liebenswertesten und emblematischsten machen. Der primitive Pilgerweg nach Compostela war derjenige, den die ersten Gl\u00e4ubigen aus dem entstehenden K\u00f6nigreich Asturien benutzten. Es handelt sich also um die erste jakobinische Reiseroute, daher der heutige Name.<\/p>\n<p>Der Primitive Weg hatte seinen Hauptausgangspunkt in der Stadt Oviedo, wurde aber auch von Pilgern aus anderen Teilen Nordspaniens und Europas begangen. Bis zur Mitte des 20. Jahrhunderts k\u00f6nnte es eine sichere und viel befahrene Route gewesen sein. X wurde die aktuelle Franz\u00f6sische Route von Le\u00f3n aus, der neuen Hauptstadt des K\u00f6nigreichs, konsolidiert. Dennoch blieb die Route von Oviedo nach Compostela eine interessante Alternative.<\/p>\n<p><strong>ITINERAR<\/strong><\/p>\n<p>Der Primitive Weg verl\u00e4sst Asturien durch die Stadt Bustelo del Camino. Er erreicht Galicien \u00fcber den sch\u00f6nen und schwierigen Bergpass O Acebo (1.030 m). Von hier aus hat der Pilger noch 144 Kilometer bis nach Santiago vor sich.<\/p>\n<p><img fetchpriority=\"high\" decoding=\"async\" src=\"https:\/\/www.caminosantiagoacaballo.com\/wp-content\/uploads\/2022\/09\/camino-primitivo-1.jpg\" alt=\"\" width=\"500\" height=\"373\"><\/p>\n<p>Inmitten einer spektakul\u00e4ren Hochgebirgslandschaft erreichen Sie bald das erste galicische Dorf auf der Route. Es ist das Dorf Fonfr\u00eda. Eine der Routen f\u00fchrt direkt nach A Fonsagrada (952 m), der Hauptstadt der Gemeinde und der ausgedehnten Region gleichen Namens und der gr\u00f6\u00dften Stadt, bevor Sie die Stadt Lugo erreichen. Von A Fonsagrada aus erreicht der Weg, nachdem er unter anderem die Stadt San Xo\u00e1n de Padr\u00f3n durchquert hat, bald den Ort Montouto, wo die Route wieder zusammenl\u00e4uft. Der Weg, den die Route von Paradanova aus bietet, f\u00fchrt die Pilger nach A Pobra de Bur\u00f3n. Der Verlauf der Pilgerroute durch diese alte Stadt ist aus Dokumenten aus dem 15. Jahrhundert bekannt. XIII, erw\u00e4hnt als &#8222;Cammo d&#8217;Ovedo&#8220;.<\/p>\n<p>Von A Pobra de Bur\u00f3n aus geht der Pilger in Richtung Xestoso und dem nahe gelegenen Krankenhaus von Montouto (1.050 m), wo diese Route wieder auf die von A Fonsagrada kommende trifft. Der Primitive Weg f\u00fchrt weiter durch Schieferland nach Parada Vella, einer sch\u00f6nen Stadt, die viel von ihrem alten Aussehen bewahrt hat. O C\u00e1davo (71 O m), die Hauptstadt der Gemeinde Baleira, ist die zweite wichtige Stadt, die der Pilger auf dem Galicischen Primitiven Weg trifft. Die Pilgerroute f\u00fchrt weiter nach Westen durch den Alto de A Vaqueriza (840 m), um Vilabade zu erreichen.<\/p>\n<p><img decoding=\"async\" src=\"https:\/\/www.caminosantiagoacaballo.com\/wp-content\/uploads\/2022\/09\/camino-primitivo-2.jpg\" alt=\"\" width=\"500\" height=\"373\"><\/p>\n<p>Vilabade liegt bereits vor den Toren von Castroverde (540 m), der Hauptstadt der gleichnamigen Gemeinde. Ab Castroverde gibt es eine Vielzahl von Hinweisen auf den Weg, sowohl dokumentarisch (der Weg wird hier auch &#8222;franz\u00f6sisch&#8220; genannt) als auch toponymisch, sowie kleine D\u00f6rfer. Zwischen kultivierten Feldern und zusammenh\u00e4ngenden D\u00f6rfern durchquert der Weg Orte mit unverwechselbaren jakobinischen Namen, wie die Casa do Hospital. Die D\u00f6rfer Carballido, Fazai und Santiago de Castelo k\u00fcndigen den Eingang zu Lugo (475 m) an.<\/p>\n<p>Der Primitive Way betritt das antike Lucus Augusti durch die Stadtmauer. Nachdem Sie die Stadt verlassen und das Dorf O Franc\u00e9s (auch bekannt als &#8222;Hospital&#8220;) passiert haben, f\u00fchrt der Weg in die Gemeinde Gunt\u00edn. Von hier aus f\u00fchrt die Route \u00fcber alte und fast immer befahrene Stra\u00dfen, die zahllose kleine l\u00e4ndliche D\u00f6rfer wie Seixalbos, Xende, Ferreira, Augas Santas oder Merl\u00e1n miteinander verbinden. Nach der \u00dcberquerung der Gebirgskette Care\u00f3n gelangen Sie in die Provinz A Coru\u00f1a, auf dem Weg zu dem historischen jakobinischen Dorf Melide. Der Primitive Weg endet in der Stadt Meline, wo er auf den Franz\u00f6sischen Weg trifft.<\/p>\n<p>Melide (450m), eine Stadt, die als geographischer Mittelpunkt Galiciens gilt. Nach Melide kommt Casta\u00f1eda und weiter \u00fcberquert der Pilger den Fluss Iso \u00fcber eine kleine Br\u00fccke zum Krankenhaus von Ribadiso. Ab Arz\u00faa f\u00fchrt der Weg durch Wiesen, Eichen- und Eukalyptusb\u00e4ume, die kleine D\u00f6rfer umgeben wie: Calzada, Calle, Ferreiros, Salceda, Brea, Santa Irene, R\u00faa und O Pino, die letzte Gemeinde vor Santiago.<\/p>\n<p><img decoding=\"async\" src=\"https:\/\/www.caminosantiagoacaballo.com\/wp-content\/uploads\/2022\/09\/camino-primitivo-3.jpg\" alt=\"\" width=\"500\" height=\"373\"><\/p>\n<p>Bereits in der Gemeinde Santiago und nachdem er die N\u00e4he des Flughafens der Stadt passiert hat, kommt der Pilger im Zentrum von A Lavacolla an. Wenn Sie Lavacolla hinter sich lassen, ist der Monte do Gozo (380 m) ganz nah. W\u00e4hrend des ersten Teils dieser Strecke verweilten die Pilger fr\u00f6hlich und riefen den ersten der Gruppe, der den Gipfel des Monte do Gozo erreicht hatte, zum &#8222;K\u00f6nig der Pilgerschaft&#8220; aus.<\/p>\n<p><img loading=\"lazy\" decoding=\"async\" src=\"https:\/\/www.caminosantiagoacaballo.com\/wp-content\/uploads\/2022\/09\/camino-primitivo-4.jpg\" alt=\"\" width=\"500\" height=\"373\"><\/p>\n","protected":false},"excerpt":{"rendered":"<p>Die Tatsache, dass dieser wundersch\u00f6ne Camino als Camino Primitivo bekannt ist, ist offensichtlich kein Zufall. Kurz nach der Entdeckung des Apostelgrabs, durch die sch\u00f6ne Geschichte oder Legende, die der Nachwelt erhalten geblieben ist, war die erste Person, die von der Entdeckung erfuhr, der damalige asturische K\u00f6nig Alfonso II. der Keusche, der auch der erste Monarch [&hellip;]<\/p>\n","protected":false},"author":1,"featured_media":0,"parent":0,"menu_order":0,"comment_status":"closed","ping_status":"closed","template":"","meta":{"_joinchat":[],"footnotes":""},"class_list":["post-580","page","type-page","status-publish","hentry"],"yoast_head":"<!-- This site is optimized with the Yoast SEO plugin v26.9 - https:\/\/yoast.com\/product\/yoast-seo-wordpress\/ -->\n<title>Primitiver Weg - Der Jakobsweg zu Pferd<\/title>\n<meta name=\"description\" content=\"Camino Primitivo, Asturien, Lugo, wir organisieren Routen zu Pferd entlang der franz\u00f6sischen, portugiesischen, Via de la Plata, englischen und anderen Optionen.\" \/>\n<meta name=\"robots\" content=\"index, follow, max-snippet:-1, max-image-preview:large, max-video-preview:-1\" \/>\n<link rel=\"canonical\" href=\"https:\/\/www.caminosantiagoacaballo.com\/de\/der-ursprungliche-weg\/\" \/>\n<meta property=\"og:locale\" content=\"de_DE\" \/>\n<meta property=\"og:type\" content=\"article\" \/>\n<meta property=\"og:title\" content=\"Primitiver Weg - Der Jakobsweg zu Pferd\" \/>\n<meta property=\"og:description\" content=\"Camino Primitivo, Asturien, Lugo, wir organisieren Routen zu Pferd entlang der franz\u00f6sischen, portugiesischen, Via de la Plata, englischen und anderen Optionen.\" \/>\n<meta property=\"og:url\" content=\"https:\/\/www.caminosantiagoacaballo.com\/de\/der-ursprungliche-weg\/\" \/>\n<meta property=\"og:site_name\" content=\"Camino de Santiago a Caballo\" \/>\n<meta property=\"article:modified_time\" content=\"2022-10-06T16:20:54+00:00\" \/>\n<meta property=\"og:image\" content=\"https:\/\/www.caminosantiagoacaballo.com\/wp-content\/uploads\/2022\/09\/camino-primitivo-1.jpg\" \/>\n<meta name=\"twitter:card\" content=\"summary_large_image\" \/>\n<script type=\"application\/ld+json\" class=\"yoast-schema-graph\">{\"@context\":\"https:\/\/schema.org\",\"@graph\":[{\"@type\":\"WebPage\",\"@id\":\"https:\/\/www.caminosantiagoacaballo.com\/de\/der-ursprungliche-weg\/\",\"url\":\"https:\/\/www.caminosantiagoacaballo.com\/de\/der-ursprungliche-weg\/\",\"name\":\"Primitiver Weg - Der Jakobsweg zu Pferd\",\"isPartOf\":{\"@id\":\"https:\/\/www.caminosantiagoacaballo.com\/de\/#website\"},\"primaryImageOfPage\":{\"@id\":\"https:\/\/www.caminosantiagoacaballo.com\/de\/der-ursprungliche-weg\/#primaryimage\"},\"image\":{\"@id\":\"https:\/\/www.caminosantiagoacaballo.com\/de\/der-ursprungliche-weg\/#primaryimage\"},\"thumbnailUrl\":\"https:\/\/www.caminosantiagoacaballo.com\/wp-content\/uploads\/2022\/09\/camino-primitivo-1.jpg\",\"datePublished\":\"2016-10-16T23:45:59+00:00\",\"dateModified\":\"2022-10-06T16:20:54+00:00\",\"description\":\"Camino Primitivo, Asturien, Lugo, wir organisieren Routen zu Pferd entlang der franz\u00f6sischen, portugiesischen, Via de la Plata, englischen und anderen Optionen.\",\"breadcrumb\":{\"@id\":\"https:\/\/www.caminosantiagoacaballo.com\/de\/der-ursprungliche-weg\/#breadcrumb\"},\"inLanguage\":\"de\",\"potentialAction\":[{\"@type\":\"ReadAction\",\"target\":[\"https:\/\/www.caminosantiagoacaballo.com\/de\/der-ursprungliche-weg\/\"]}]},{\"@type\":\"ImageObject\",\"inLanguage\":\"de\",\"@id\":\"https:\/\/www.caminosantiagoacaballo.com\/de\/der-ursprungliche-weg\/#primaryimage\",\"url\":\"https:\/\/www.caminosantiagoacaballo.com\/wp-content\/uploads\/2022\/09\/camino-primitivo-1.jpg\",\"contentUrl\":\"https:\/\/www.caminosantiagoacaballo.com\/wp-content\/uploads\/2022\/09\/camino-primitivo-1.jpg\"},{\"@type\":\"BreadcrumbList\",\"@id\":\"https:\/\/www.caminosantiagoacaballo.com\/de\/der-ursprungliche-weg\/#breadcrumb\",\"itemListElement\":[{\"@type\":\"ListItem\",\"position\":1,\"name\":\"Portada\",\"item\":\"https:\/\/www.caminosantiagoacaballo.com\/de\/\"},{\"@type\":\"ListItem\",\"position\":2,\"name\":\"Primitiver Weg\"}]},{\"@type\":\"WebSite\",\"@id\":\"https:\/\/www.caminosantiagoacaballo.com\/de\/#website\",\"url\":\"https:\/\/www.caminosantiagoacaballo.com\/de\/\",\"name\":\"Camino de Santiago a Caballo\",\"description\":\"Realiza el Camino de Santiago con la mayor seguridad y comodidad a caballo\",\"publisher\":{\"@id\":\"https:\/\/www.caminosantiagoacaballo.com\/de\/#organization\"},\"potentialAction\":[{\"@type\":\"SearchAction\",\"target\":{\"@type\":\"EntryPoint\",\"urlTemplate\":\"https:\/\/www.caminosantiagoacaballo.com\/de\/?s={search_term_string}\"},\"query-input\":{\"@type\":\"PropertyValueSpecification\",\"valueRequired\":true,\"valueName\":\"search_term_string\"}}],\"inLanguage\":\"de\"},{\"@type\":\"Organization\",\"@id\":\"https:\/\/www.caminosantiagoacaballo.com\/de\/#organization\",\"name\":\"Camino de Santiago a Caballo\",\"url\":\"https:\/\/www.caminosantiagoacaballo.com\/de\/\",\"logo\":{\"@type\":\"ImageObject\",\"inLanguage\":\"de\",\"@id\":\"https:\/\/www.caminosantiagoacaballo.com\/de\/#\/schema\/logo\/image\/\",\"url\":\"https:\/\/www.caminosantiagoacaballo.com\/wp-content\/uploads\/2022\/09\/camino-santiago-a-caballo-logo.jpg\",\"contentUrl\":\"https:\/\/www.caminosantiagoacaballo.com\/wp-content\/uploads\/2022\/09\/camino-santiago-a-caballo-logo.jpg\",\"width\":199,\"height\":180,\"caption\":\"Camino de Santiago a Caballo\"},\"image\":{\"@id\":\"https:\/\/www.caminosantiagoacaballo.com\/de\/#\/schema\/logo\/image\/\"}}]}<\/script>\n<!-- \/ Yoast SEO plugin. -->","yoast_head_json":{"title":"Primitiver Weg - Der Jakobsweg zu Pferd","description":"Camino Primitivo, Asturien, Lugo, wir organisieren Routen zu Pferd entlang der franz\u00f6sischen, portugiesischen, Via de la Plata, englischen und anderen Optionen.","robots":{"index":"index","follow":"follow","max-snippet":"max-snippet:-1","max-image-preview":"max-image-preview:large","max-video-preview":"max-video-preview:-1"},"canonical":"https:\/\/www.caminosantiagoacaballo.com\/de\/der-ursprungliche-weg\/","og_locale":"de_DE","og_type":"article","og_title":"Primitiver Weg - Der Jakobsweg zu Pferd","og_description":"Camino Primitivo, Asturien, Lugo, wir organisieren Routen zu Pferd entlang der franz\u00f6sischen, portugiesischen, Via de la Plata, englischen und anderen Optionen.","og_url":"https:\/\/www.caminosantiagoacaballo.com\/de\/der-ursprungliche-weg\/","og_site_name":"Camino de Santiago a Caballo","article_modified_time":"2022-10-06T16:20:54+00:00","og_image":[{"url":"https:\/\/www.caminosantiagoacaballo.com\/wp-content\/uploads\/2022\/09\/camino-primitivo-1.jpg","type":"","width":"","height":""}],"twitter_card":"summary_large_image","schema":{"@context":"https:\/\/schema.org","@graph":[{"@type":"WebPage","@id":"https:\/\/www.caminosantiagoacaballo.com\/de\/der-ursprungliche-weg\/","url":"https:\/\/www.caminosantiagoacaballo.com\/de\/der-ursprungliche-weg\/","name":"Primitiver Weg - Der Jakobsweg zu Pferd","isPartOf":{"@id":"https:\/\/www.caminosantiagoacaballo.com\/de\/#website"},"primaryImageOfPage":{"@id":"https:\/\/www.caminosantiagoacaballo.com\/de\/der-ursprungliche-weg\/#primaryimage"},"image":{"@id":"https:\/\/www.caminosantiagoacaballo.com\/de\/der-ursprungliche-weg\/#primaryimage"},"thumbnailUrl":"https:\/\/www.caminosantiagoacaballo.com\/wp-content\/uploads\/2022\/09\/camino-primitivo-1.jpg","datePublished":"2016-10-16T23:45:59+00:00","dateModified":"2022-10-06T16:20:54+00:00","description":"Camino Primitivo, Asturien, Lugo, wir organisieren Routen zu Pferd entlang der franz\u00f6sischen, portugiesischen, Via de la Plata, englischen und anderen Optionen.","breadcrumb":{"@id":"https:\/\/www.caminosantiagoacaballo.com\/de\/der-ursprungliche-weg\/#breadcrumb"},"inLanguage":"de","potentialAction":[{"@type":"ReadAction","target":["https:\/\/www.caminosantiagoacaballo.com\/de\/der-ursprungliche-weg\/"]}]},{"@type":"ImageObject","inLanguage":"de","@id":"https:\/\/www.caminosantiagoacaballo.com\/de\/der-ursprungliche-weg\/#primaryimage","url":"https:\/\/www.caminosantiagoacaballo.com\/wp-content\/uploads\/2022\/09\/camino-primitivo-1.jpg","contentUrl":"https:\/\/www.caminosantiagoacaballo.com\/wp-content\/uploads\/2022\/09\/camino-primitivo-1.jpg"},{"@type":"BreadcrumbList","@id":"https:\/\/www.caminosantiagoacaballo.com\/de\/der-ursprungliche-weg\/#breadcrumb","itemListElement":[{"@type":"ListItem","position":1,"name":"Portada","item":"https:\/\/www.caminosantiagoacaballo.com\/de\/"},{"@type":"ListItem","position":2,"name":"Primitiver Weg"}]},{"@type":"WebSite","@id":"https:\/\/www.caminosantiagoacaballo.com\/de\/#website","url":"https:\/\/www.caminosantiagoacaballo.com\/de\/","name":"Camino de Santiago a Caballo","description":"Realiza el Camino de Santiago con la mayor seguridad y comodidad a caballo","publisher":{"@id":"https:\/\/www.caminosantiagoacaballo.com\/de\/#organization"},"potentialAction":[{"@type":"SearchAction","target":{"@type":"EntryPoint","urlTemplate":"https:\/\/www.caminosantiagoacaballo.com\/de\/?s={search_term_string}"},"query-input":{"@type":"PropertyValueSpecification","valueRequired":true,"valueName":"search_term_string"}}],"inLanguage":"de"},{"@type":"Organization","@id":"https:\/\/www.caminosantiagoacaballo.com\/de\/#organization","name":"Camino de Santiago a Caballo","url":"https:\/\/www.caminosantiagoacaballo.com\/de\/","logo":{"@type":"ImageObject","inLanguage":"de","@id":"https:\/\/www.caminosantiagoacaballo.com\/de\/#\/schema\/logo\/image\/","url":"https:\/\/www.caminosantiagoacaballo.com\/wp-content\/uploads\/2022\/09\/camino-santiago-a-caballo-logo.jpg","contentUrl":"https:\/\/www.caminosantiagoacaballo.com\/wp-content\/uploads\/2022\/09\/camino-santiago-a-caballo-logo.jpg","width":199,"height":180,"caption":"Camino de Santiago a Caballo"},"image":{"@id":"https:\/\/www.caminosantiagoacaballo.com\/de\/#\/schema\/logo\/image\/"}}]}},"publishpress_future_workflow_manual_trigger":{"enabledWorkflows":[]},"_links":{"self":[{"href":"https:\/\/www.caminosantiagoacaballo.com\/de\/wp-json\/wp\/v2\/pages\/580","targetHints":{"allow":["GET"]}}],"collection":[{"href":"https:\/\/www.caminosantiagoacaballo.com\/de\/wp-json\/wp\/v2\/pages"}],"about":[{"href":"https:\/\/www.caminosantiagoacaballo.com\/de\/wp-json\/wp\/v2\/types\/page"}],"author":[{"embeddable":true,"href":"https:\/\/www.caminosantiagoacaballo.com\/de\/wp-json\/wp\/v2\/users\/1"}],"replies":[{"embeddable":true,"href":"https:\/\/www.caminosantiagoacaballo.com\/de\/wp-json\/wp\/v2\/comments?post=580"}],"version-history":[{"count":0,"href":"https:\/\/www.caminosantiagoacaballo.com\/de\/wp-json\/wp\/v2\/pages\/580\/revisions"}],"wp:attachment":[{"href":"https:\/\/www.caminosantiagoacaballo.com\/de\/wp-json\/wp\/v2\/media?parent=580"}],"curies":[{"name":"wp","href":"https:\/\/api.w.org\/{rel}","templated":true}]}}