{"id":5648,"date":"2022-09-20T22:09:40","date_gmt":"2022-09-20T20:09:40","guid":{"rendered":"https:\/\/www.caminosantiagoacaballo.com\/\/rekrutierung-und-buchungspolitik\/"},"modified":"2024-03-15T14:33:39","modified_gmt":"2024-03-15T13:33:39","slug":"rekrutierung-und-buchungspolitik","status":"publish","type":"page","link":"https:\/\/www.caminosantiagoacaballo.com\/de\/rekrutierung-und-buchungspolitik\/","title":{"rendered":"Rekrutierung und Buchungspolitik"},"content":{"rendered":"<p>Mit der Buchung und dem Abschluss eines Vertrages f\u00fcr eine der in diesem Programm enthaltenen Routen akzeptieren Sie diese <strong>Buchungs- und Reservierungspolitik<\/strong> sowie die Verkaufsbedingungen. <a href=\"https:\/\/www.caminosantiagoacaballo.com\/\/terminos-y-condiciones-generales-de-venta\/\"><br \/>\n  <strong>Allgemeine Verkaufsbedingungen.<\/strong><br \/>\n<\/a><\/p>\n<p>Der Kunde ist f\u00fcr die im Buchungsformular angegebenen Daten verantwortlich. CAMINOS DE GALICIA, S.L. ist nicht verantwortlich f\u00fcr die Folgen, die sich aus der Eingabe falscher oder inkorrekter Daten durch den Kunden ergeben k\u00f6nnen.<\/p>\n<h2>ORGANISATION<\/h2>\n<p>Die technische Organisation der in diesem Programm enthaltenen Routen wurde durchgef\u00fchrt von:<\/p>\n<p>CAMINOS DE GALICIA, S.L.<br \/>\nCIF: B36253995<br \/>\nCaritel 2, Ponte Caldelas<br \/>\n36829 Pontevedra<br \/>\n+34 606 716 002<br \/>\ncaminosgalicia@hotmail.com<\/p>\n<p>CAMINOS DE GALICIA, S.L. verf\u00fcgt \u00fcber eine obligatorische Haftpflichtversicherung, die gesetzlich vorgeschrieben ist. Ebenso sind alle unsere Routen mit einer Pannenhilfeversicherung ausgestattet.<\/p>\n<p>&nbsp;<\/p>\n<h2>WAS ENTHALTEN IST<\/h2>\n<p><strong>Unsere Logistik umfasst alle Dienstleistungen und Mittel, die Sie f\u00fcr Ihre Reise zu Pferd ben\u00f6tigen:<\/strong><\/p>\n<ul>\n<li>Transfers vom Flughafen (Santiago de Compostela oder Vigo), Bahnhof oder Busbahnhof zum Startpunkt.<\/li>\n<li>Buchung von Unterk\u00fcnften: Wir \u00fcbernachten in den besten Hotels, Landh\u00e4usern, Pazos, Paradors&#8230;, die entlang der Route und in der N\u00e4he verf\u00fcgbar sind, je nach unserer Erfahrung und Kenntnis. Eine Liste wird Ihnen zugesandt.<\/li>\n<li>Vollpension: Fr\u00fchst\u00fcck, Mittag- und Abendessen mit einer Auswahl an ersten und zweiten G\u00e4ngen an Orten, an denen gutes Essen zubereitet wird, dem wir vertrauen.<\/li>\n<li>Pferde, Ausr\u00fcstung, Satteltaschen und ggf. wasserdichte Kleidung.<\/li>\n<li>Reisef\u00fchrer auf dem Pferder\u00fccken.<\/li>\n<li>Personal, das sich um die Pferde k\u00fcmmert und t\u00e4glich das Gep\u00e4ck zwischen den Lodges wechselt.<\/li>\n<li>Begleitfahrzeug.<\/li>\n<li>Der LKW ist mit Boxen und Ersatzpferden ausgestattet, falls erforderlich. Wir sind der Meinung, dass es aufgrund der zentralen Bedeutung des Pferdes f\u00fcr diese Veranstaltung notwendig sein k\u00f6nnte, Vorsichtsma\u00dfnahmen zu treffen und es in der N\u00e4he zu halten.<\/li>\n<li>T\u00e4tigkeits- und Haftpflichtversicherung.<\/li>\n<li>Um die Beendigung der Route zu belegen, k\u00fcmmern wir uns um die Beantragung des Pilgerausweises und stempeln ihn unterwegs, um am Ende die Compostelana zu erhalten.<\/li>\n<\/ul>\n<p>&nbsp;<\/p>\n<h3>NICHT INBEGRIFFEN<\/h3>\n<ul>\n<li><strong>Die vertraglich vereinbarte Route beinhaltet keine Bezahlung von alkoholischen Getr\u00e4nken oder Snacks an Haltestellen und\/oder Rastpl\u00e4tzen.<\/strong><\/li>\n<\/ul>\n<p>&nbsp;<\/p>\n<h3>WICHTIGE HINWEISE<\/h3>\n<ul>\n<li><strong>Wir behalten uns das Recht auf Einlass vor, wenn wir den Kunden nicht f\u00fcr reiterliche Aktivit\u00e4ten f\u00fcr geeignet halten.<\/strong><\/li>\n<li><strong>Reiten gilt als eine gef\u00e4hrliche Aktivit\u00e4t. Einige Kenntnisse und ein Mindestma\u00df an Erfahrung in dieser T\u00e4tigkeit sind erforderlich.<\/strong><\/li>\n<li>Alle unsere Routen k\u00f6nnen mit einem Besuch der Plaza del Obradoiro (Kathedrale) auf dem Pferder\u00fccken enden.<\/li>\n<li>Es besteht die M\u00f6glichkeit, an verschiedenen Punkten der Strecke einzusteigen.<\/li>\n<li><strong>Unser Service beginnt am ersten Tag um 16 Uhr am Treffpunkt Ihrer Wahl (Flughafen, Busbahnhof oder Bahnhof).<\/strong><\/li>\n<li>Der Service endet am letzten Tag nach dem Fr\u00fchst\u00fcck und Sie werden zum Treffpunkt gebracht, wenn Sie am selben Tag vor 12 Uhr abreisen.<\/li>\n<li>Die angegebenen Preise sind g\u00fcltig f\u00fcr Gruppen von mindestens 4 Personen.<\/li>\n<li>Unsere Preise verstehen sich pro Person bei Doppelbelegung.<\/li>\n<li>Der Service endet am letzten Tag nach dem Fr\u00fchst\u00fcck und dem Transfer zum Treffpunkt.<\/li>\n<li>Ein Zuschlag pro Einzelzimmer wird je nach Anzahl der N\u00e4chte und der gew\u00e4hlten Route berechnet.<\/li>\n<li>Die Preise h\u00e4ngen von der Anzahl der Tage und N\u00e4chte ab. Siehe Informationen im Abschnitt &#8222;Termine und Preise&#8220;.<\/li>\n<li>\n<div dir=\"auto\">Kinder ab 9 Jahren werden in Begleitung ihrer Erziehungsberechtigten und mit unterschriebener Vollmacht aufgenommen.<\/div>\n<\/li>\n<li>Preis f\u00fcr Begleitpersonen zu Fu\u00df oder in einem Begleitfahrzeug, bitte fragen Sie uns.<\/li>\n<li>Die empfohlenen Termine f\u00fcr die Wanderungen liegen zwischen dem 15. M\u00e4rz und dem 15. Oktober.<\/li>\n<\/ul>\n<p>&nbsp;<\/p>\n<h2>SCHRITTE ZUR FORMALISIERUNG DER RESERVIERUNG<\/h2>\n<p><strong>1\/ BUCHUNG UND VERWALTUNG<\/strong><\/p>\n<p>F\u00fcllen Sie eines der Buchungsformulare aus, die Sie unter https:\/\/www.caminosantiagoacaballo.com\/ finden, und schicken Sie es ab.<\/p>\n<p><strong>2\/ BEZAHLUNG DER RESERVIERUNG<\/strong><\/p>\n<p>Machen Sie eine Anzahlung (20% des Gesamtbetrags der Reservierung), um die Reservierung zu formalisieren.<\/p>\n<p>Zahlungsmodalit\u00e4ten:<\/p>\n<ul>\n<li>Bank\u00fcberweisung<br \/>\nInhaber: CAMINOS DE GALICIA, S.L.<br \/>\nIBAN: ES42 0049 1033 8021 1004 7714<br \/>\nName der Bank: BANCO SANTANDER<\/li>\n<li>Kredit- oder Debitkarte<\/li>\n<\/ul>\n<p>&nbsp;<\/p>\n<p><strong>3\/ KOMMUNIKATION<\/strong><\/p>\n<p>Wenn Sie per Bank\u00fcberweisung zahlen, senden Sie bitte eine E-Mail an caminosgalicia@hotmail.com und informieren Sie uns \u00fcber die Zahlung, damit wir den Vorgang beschleunigen k\u00f6nnen. Bei einer Zahlung per Kreditkarte erfolgt die Benachrichtigung per E-Mail automatisch.<\/p>\n<p>&nbsp;<\/p>\n<p><strong>4\/ BUCHUNGSBEST\u00c4TIGUNG<\/strong><\/p>\n<p>Die Buchung gilt erst dann als best\u00e4tigt, wenn wir den vollst\u00e4ndigen Betrag der Buchung und das entsprechende Buchungsformular erhalten haben. Nach der Best\u00e4tigung senden wir Ihnen die Mitteilung mit der offiziellen Buchungsbest\u00e4tigung. Diese Kaution wird mit dem Endpreis der Route verrechnet.<\/p>\n<p>&nbsp;<\/p>\n<p><strong>5\/ ZAHLUNG DES RESTBETRAGS<\/strong><\/p>\n<p>Der Restbetrag muss im Voraus bezahlt werden, so dass der Gesamtbetrag der Tour bei der Ankunft in voller H\u00f6he bezahlt ist. Wir werden uns mit Ihnen in Verbindung setzen, um die Zahlung des Restbetrags f\u00fcr die Strecke zu veranlassen. F\u00fcr die Zahlung des Restbetrags stehen Ihnen folgende Zahlungsmethoden zur Verf\u00fcgung:<\/p>\n<ul>\n<li>Bank\u00fcberweisung (das oben angegebene Konto)<\/li>\n<li>Kredit- oder Debitkarte. Sie k\u00f6nnen die Restzahlung f\u00fcr die Tour am Tag Ihrer Ankunft per Kredit- oder Debitkarte leisten.<\/li>\n<\/ul>\n<p>&nbsp;<\/p>\n<p><strong>6\/ INKLUSIVE UND OPTIONALE DIENSTLEISTUNGEN<\/strong><\/p>\n<p>Die inbegriffenen und optionalen Leistungen sind in den technischen Spezifikationen der verschiedenen Routen angegeben, die auf der Website https:\/\/www.caminosantiagoacaballo.com\/ ver\u00f6ffentlicht sind.<\/p>\n","protected":false},"excerpt":{"rendered":"<p>Mit der Buchung und dem Abschluss eines Vertrages f\u00fcr eine der in diesem Programm enthaltenen Routen akzeptieren Sie diese Buchungs- und Reservierungspolitik sowie die Verkaufsbedingungen. Allgemeine Verkaufsbedingungen. Der Kunde ist f\u00fcr die im Buchungsformular angegebenen Daten verantwortlich. CAMINOS DE GALICIA, S.L. ist nicht verantwortlich f\u00fcr die Folgen, die sich aus der Eingabe falscher oder inkorrekter [&hellip;]<\/p>\n","protected":false},"author":1,"featured_media":0,"parent":0,"menu_order":0,"comment_status":"closed","ping_status":"closed","template":"","meta":{"_joinchat":[],"footnotes":""},"class_list":["post-5648","page","type-page","status-publish","hentry"],"yoast_head":"<!-- This site is optimized with the Yoast SEO plugin v26.9 - https:\/\/yoast.com\/product\/yoast-seo-wordpress\/ -->\n<title>Rekrutierung und Buchungspolitik - Camino de Santiago a Caballo<\/title>\n<meta name=\"robots\" content=\"noindex, follow\" \/>\n<meta property=\"og:locale\" content=\"de_DE\" \/>\n<meta property=\"og:type\" content=\"article\" \/>\n<meta property=\"og:title\" content=\"Rekrutierung und Buchungspolitik - Camino de Santiago a Caballo\" \/>\n<meta property=\"og:description\" content=\"Mit der Buchung und dem Abschluss eines Vertrages f\u00fcr eine der in diesem Programm enthaltenen Routen akzeptieren Sie diese Buchungs- und Reservierungspolitik sowie die Verkaufsbedingungen. Allgemeine Verkaufsbedingungen. Der Kunde ist f\u00fcr die im Buchungsformular angegebenen Daten verantwortlich. CAMINOS DE GALICIA, S.L. ist nicht verantwortlich f\u00fcr die Folgen, die sich aus der Eingabe falscher oder inkorrekter [&hellip;]\" \/>\n<meta property=\"og:url\" content=\"https:\/\/www.caminosantiagoacaballo.com\/de\/rekrutierung-und-buchungspolitik\/\" \/>\n<meta property=\"og:site_name\" content=\"Camino de Santiago a Caballo\" \/>\n<meta property=\"article:modified_time\" content=\"2024-03-15T13:33:39+00:00\" \/>\n<meta name=\"twitter:card\" content=\"summary_large_image\" \/>\n<script type=\"application\/ld+json\" class=\"yoast-schema-graph\">{\"@context\":\"https:\/\/schema.org\",\"@graph\":[{\"@type\":\"WebPage\",\"@id\":\"https:\/\/www.caminosantiagoacaballo.com\/de\/rekrutierung-und-buchungspolitik\/\",\"url\":\"https:\/\/www.caminosantiagoacaballo.com\/de\/rekrutierung-und-buchungspolitik\/\",\"name\":\"Rekrutierung und Buchungspolitik - Camino de Santiago a Caballo\",\"isPartOf\":{\"@id\":\"https:\/\/www.caminosantiagoacaballo.com\/de\/#website\"},\"datePublished\":\"2022-09-20T20:09:40+00:00\",\"dateModified\":\"2024-03-15T13:33:39+00:00\",\"breadcrumb\":{\"@id\":\"https:\/\/www.caminosantiagoacaballo.com\/de\/rekrutierung-und-buchungspolitik\/#breadcrumb\"},\"inLanguage\":\"de\",\"potentialAction\":[{\"@type\":\"ReadAction\",\"target\":[\"https:\/\/www.caminosantiagoacaballo.com\/de\/rekrutierung-und-buchungspolitik\/\"]}]},{\"@type\":\"BreadcrumbList\",\"@id\":\"https:\/\/www.caminosantiagoacaballo.com\/de\/rekrutierung-und-buchungspolitik\/#breadcrumb\",\"itemListElement\":[{\"@type\":\"ListItem\",\"position\":1,\"name\":\"Portada\",\"item\":\"https:\/\/www.caminosantiagoacaballo.com\/de\/\"},{\"@type\":\"ListItem\",\"position\":2,\"name\":\"Rekrutierung und Buchungspolitik\"}]},{\"@type\":\"WebSite\",\"@id\":\"https:\/\/www.caminosantiagoacaballo.com\/de\/#website\",\"url\":\"https:\/\/www.caminosantiagoacaballo.com\/de\/\",\"name\":\"Camino de Santiago a Caballo\",\"description\":\"Realiza el Camino de Santiago con la mayor seguridad y comodidad a caballo\",\"publisher\":{\"@id\":\"https:\/\/www.caminosantiagoacaballo.com\/de\/#organization\"},\"potentialAction\":[{\"@type\":\"SearchAction\",\"target\":{\"@type\":\"EntryPoint\",\"urlTemplate\":\"https:\/\/www.caminosantiagoacaballo.com\/de\/?s={search_term_string}\"},\"query-input\":{\"@type\":\"PropertyValueSpecification\",\"valueRequired\":true,\"valueName\":\"search_term_string\"}}],\"inLanguage\":\"de\"},{\"@type\":\"Organization\",\"@id\":\"https:\/\/www.caminosantiagoacaballo.com\/de\/#organization\",\"name\":\"Camino de Santiago a Caballo\",\"url\":\"https:\/\/www.caminosantiagoacaballo.com\/de\/\",\"logo\":{\"@type\":\"ImageObject\",\"inLanguage\":\"de\",\"@id\":\"https:\/\/www.caminosantiagoacaballo.com\/de\/#\/schema\/logo\/image\/\",\"url\":\"https:\/\/www.caminosantiagoacaballo.com\/wp-content\/uploads\/2022\/09\/camino-santiago-a-caballo-logo.jpg\",\"contentUrl\":\"https:\/\/www.caminosantiagoacaballo.com\/wp-content\/uploads\/2022\/09\/camino-santiago-a-caballo-logo.jpg\",\"width\":199,\"height\":180,\"caption\":\"Camino de Santiago a Caballo\"},\"image\":{\"@id\":\"https:\/\/www.caminosantiagoacaballo.com\/de\/#\/schema\/logo\/image\/\"}}]}<\/script>\n<!-- \/ Yoast SEO plugin. -->","yoast_head_json":{"title":"Rekrutierung und Buchungspolitik - Camino de Santiago a Caballo","robots":{"index":"noindex","follow":"follow"},"og_locale":"de_DE","og_type":"article","og_title":"Rekrutierung und Buchungspolitik - Camino de Santiago a Caballo","og_description":"Mit der Buchung und dem Abschluss eines Vertrages f\u00fcr eine der in diesem Programm enthaltenen Routen akzeptieren Sie diese Buchungs- und Reservierungspolitik sowie die Verkaufsbedingungen. Allgemeine Verkaufsbedingungen. Der Kunde ist f\u00fcr die im Buchungsformular angegebenen Daten verantwortlich. CAMINOS DE GALICIA, S.L. ist nicht verantwortlich f\u00fcr die Folgen, die sich aus der Eingabe falscher oder inkorrekter [&hellip;]","og_url":"https:\/\/www.caminosantiagoacaballo.com\/de\/rekrutierung-und-buchungspolitik\/","og_site_name":"Camino de Santiago a Caballo","article_modified_time":"2024-03-15T13:33:39+00:00","twitter_card":"summary_large_image","schema":{"@context":"https:\/\/schema.org","@graph":[{"@type":"WebPage","@id":"https:\/\/www.caminosantiagoacaballo.com\/de\/rekrutierung-und-buchungspolitik\/","url":"https:\/\/www.caminosantiagoacaballo.com\/de\/rekrutierung-und-buchungspolitik\/","name":"Rekrutierung und Buchungspolitik - Camino de Santiago a Caballo","isPartOf":{"@id":"https:\/\/www.caminosantiagoacaballo.com\/de\/#website"},"datePublished":"2022-09-20T20:09:40+00:00","dateModified":"2024-03-15T13:33:39+00:00","breadcrumb":{"@id":"https:\/\/www.caminosantiagoacaballo.com\/de\/rekrutierung-und-buchungspolitik\/#breadcrumb"},"inLanguage":"de","potentialAction":[{"@type":"ReadAction","target":["https:\/\/www.caminosantiagoacaballo.com\/de\/rekrutierung-und-buchungspolitik\/"]}]},{"@type":"BreadcrumbList","@id":"https:\/\/www.caminosantiagoacaballo.com\/de\/rekrutierung-und-buchungspolitik\/#breadcrumb","itemListElement":[{"@type":"ListItem","position":1,"name":"Portada","item":"https:\/\/www.caminosantiagoacaballo.com\/de\/"},{"@type":"ListItem","position":2,"name":"Rekrutierung und Buchungspolitik"}]},{"@type":"WebSite","@id":"https:\/\/www.caminosantiagoacaballo.com\/de\/#website","url":"https:\/\/www.caminosantiagoacaballo.com\/de\/","name":"Camino de Santiago a Caballo","description":"Realiza el Camino de Santiago con la mayor seguridad y comodidad a caballo","publisher":{"@id":"https:\/\/www.caminosantiagoacaballo.com\/de\/#organization"},"potentialAction":[{"@type":"SearchAction","target":{"@type":"EntryPoint","urlTemplate":"https:\/\/www.caminosantiagoacaballo.com\/de\/?s={search_term_string}"},"query-input":{"@type":"PropertyValueSpecification","valueRequired":true,"valueName":"search_term_string"}}],"inLanguage":"de"},{"@type":"Organization","@id":"https:\/\/www.caminosantiagoacaballo.com\/de\/#organization","name":"Camino de Santiago a Caballo","url":"https:\/\/www.caminosantiagoacaballo.com\/de\/","logo":{"@type":"ImageObject","inLanguage":"de","@id":"https:\/\/www.caminosantiagoacaballo.com\/de\/#\/schema\/logo\/image\/","url":"https:\/\/www.caminosantiagoacaballo.com\/wp-content\/uploads\/2022\/09\/camino-santiago-a-caballo-logo.jpg","contentUrl":"https:\/\/www.caminosantiagoacaballo.com\/wp-content\/uploads\/2022\/09\/camino-santiago-a-caballo-logo.jpg","width":199,"height":180,"caption":"Camino de Santiago a Caballo"},"image":{"@id":"https:\/\/www.caminosantiagoacaballo.com\/de\/#\/schema\/logo\/image\/"}}]}},"publishpress_future_workflow_manual_trigger":{"enabledWorkflows":[]},"_links":{"self":[{"href":"https:\/\/www.caminosantiagoacaballo.com\/de\/wp-json\/wp\/v2\/pages\/5648","targetHints":{"allow":["GET"]}}],"collection":[{"href":"https:\/\/www.caminosantiagoacaballo.com\/de\/wp-json\/wp\/v2\/pages"}],"about":[{"href":"https:\/\/www.caminosantiagoacaballo.com\/de\/wp-json\/wp\/v2\/types\/page"}],"author":[{"embeddable":true,"href":"https:\/\/www.caminosantiagoacaballo.com\/de\/wp-json\/wp\/v2\/users\/1"}],"replies":[{"embeddable":true,"href":"https:\/\/www.caminosantiagoacaballo.com\/de\/wp-json\/wp\/v2\/comments?post=5648"}],"version-history":[{"count":0,"href":"https:\/\/www.caminosantiagoacaballo.com\/de\/wp-json\/wp\/v2\/pages\/5648\/revisions"}],"wp:attachment":[{"href":"https:\/\/www.caminosantiagoacaballo.com\/de\/wp-json\/wp\/v2\/media?parent=5648"}],"curies":[{"name":"wp","href":"https:\/\/api.w.org\/{rel}","templated":true}]}}