{"id":5642,"date":"2022-09-20T22:00:14","date_gmt":"2022-09-20T20:00:14","guid":{"rendered":"https:\/\/www.caminosantiagoacaballo.com\/\/allgemeine-verkaufsbedingungen\/"},"modified":"2022-10-06T12:43:33","modified_gmt":"2022-10-06T10:43:33","slug":"allgemeine-verkaufsbedingungen","status":"publish","type":"page","link":"https:\/\/www.caminosantiagoacaballo.com\/de\/allgemeine-verkaufsbedingungen\/","title":{"rendered":"Allgemeine Verkaufsbedingungen"},"content":{"rendered":"<p>Die Buchung einer der von CAMINOS DE GALICIA, S.L. angebotenen Aktivit\u00e4ten, Ausfl\u00fcge oder Pauschalreisen setzt die vollst\u00e4ndige Annahme dieser Bedingungen voraus.  <strong>Allgemeine Verkaufsbedingungen  <\/strong>und die  <a href=\"https:\/\/www.caminosantiagoacaballo.com\/\/politica-de-contratacion-y-reservas\/\"><strong>Rekrutierung und Buchungspolitik<\/strong><\/a>Diese Bedingungen gelten als automatisch in den Vertrag aufgenommen, ohne dass sie schriftlich in den Vertrag aufgenommen werden m\u00fcssen.<\/p>\n<p>Zus\u00e4tzliche Informationen und m\u00f6gliche \u00c4nderungen (falls zutreffend) werden in den spezifischen Informationen f\u00fcr jedes Produkt aufgef\u00fchrt, die dem Kunden ausgeh\u00e4ndigt werden und die zusammen mit den allgemeinen Gesch\u00e4ftsbedingungen als endg\u00fcltiger Vertrag gelten.<\/p>\n<h2>Auf den Pauschalreisevertrag anwendbare gesetzliche Bestimmungen und Annahme der Allgemeinen Gesch\u00e4ftsbedingungen.<\/h2>\n<p>Diese Allgemeinen Gesch\u00e4ftsbedingungen unterliegen den Bestimmungen des K\u00f6niglichen Gesetzesdekrets 1\/2007 vom 16. November, mit dem der \u00fcberarbeitete Text des Allgemeinen Gesetzes zum Schutz von Verbrauchern und Nutzern (B.O.E.) verabschiedet wurde. 30-11-2007), sowie das Dekret 42\/2001 vom 1. Februar \u00fcber die Neufassung von Reiseb\u00fcros, Fremdenf\u00fchrern und aktivem Tourismus (DOG), das Dekret 25\/2018 vom 22. Februar zur \u00c4nderung von Artikel 16 des Dekrets 42\/2001 vom 1. Februar und das Dekret 25\/2018 vom 22. Februar zur \u00c4nderung von Artikel 16 des Dekrets 42\/2001 vom 1. Februar \u00fcber die Neufassung von Reiseb\u00fcros, Fremdenf\u00fchrern und aktivem Tourismus (DOG), \u00fcber die Neufassung von Reiseb\u00fcros, Fremdenf\u00fchrern und Aktivtourismus, die Richtlinie (EU) 2015\/2302 vom 25. November 2015 \u00fcber Pauschalreisen und verbundene Reiseleistungen sowie das Gesetz 7\/2011 vom 27. Oktober 2011 \u00fcber den Tourismus in Galicien (DOG).<\/p>\n<h2>3.-R\u00fccknahme durch den Verbraucher. Abtretungen, Stornierungen und \u00c4nderungen des Produkts.<\/h2>\n<h3>R\u00fccknahme<\/h3>\n<p>Der Nutzer oder Verbraucher kann jederzeit von den bestellten oder vertraglich vereinbarten Produkten zur\u00fccktreten und hat dabei das Recht auf R\u00fcckerstattung des gesamten oder eines Teils des f\u00fcr die Reservierung der Strecke gezahlten Betrags, muss aber CAMINOS DE GALICIA, S.L. f\u00fcr die unten angegebenen Konzepte entsch\u00e4digen:<\/p>\n<ul>\n<li>Vorbereitung der Pferde<\/li>\n<li>Vorauszahlung f\u00fcr Hotels auf der vertraglich vereinbarten Route<\/li>\n<\/ul>\n<p>F\u00fcr die R\u00fcckerstattung des vom Kunden gezahlten Betrags gelten die folgenden Annahmen:<\/p>\n<ul>\n<li>Stornierung der Route mehr als 15 Tage vor dem Anreisetag.  <strong>100% der Reservierungsgeb\u00fchr werden zur\u00fcckerstattet.<\/strong><\/li>\n<li>Stornierung der Reise 15 Tage (oder weniger) und mehr als 10 Tage vor dem Anreisetag. <strong>50% des Buchungsbetrags werden zur\u00fcckerstattet<\/strong>.<\/li>\n<li>Stornierung der Route 10 Tage (oder weniger) vor dem Anreisetag.  <strong>Es erfolgt keine R\u00fcckerstattung, au\u00dfer im Falle von Stornierungen unter 3.3-Stornierungen.<\/strong><\/li>\n<li>Wenn der Verbraucher am ersten Tag der Reise nicht zur geplanten Abfahrtszeit erscheint, hat er keinen Anspruch auf Erstattung des gezahlten Betrags, es sei denn, die Parteien haben etwas anderes vereinbart.<\/li>\n<\/ul>\n<p>Stornierungen sollten so schnell wie m\u00f6glich per Telefon oder E-Mail mitgeteilt werden. In beiden F\u00e4llen muss die Stornierung schriftlich erfolgen, und zwar mittels eines Stornierungsdokuments, das von CAMINOS DE GALICIA, S.L. mit dem Tag seines Eingangs datiert wird und von dem der Verbraucher eine Kopie erh\u00e4lt.<\/p>\n<h3>3.2.-\u00dcbertragungen<\/h3>\n<p>Der Verbraucher des Produkts kann seine Buchung auf schriftlichen Antrag 10 Tage vor Reisebeginn auf einen Dritten \u00fcbertragen, es sei denn, die Parteien haben im Vertrag eine k\u00fcrzere Frist vereinbart. Der Erwerber muss dieselben Anforderungen erf\u00fcllen wie der Ver\u00e4u\u00dferer, die im Allgemeinen f\u00fcr das Produkt erforderlich sind, und beide haften CAMINOS DE GALICIA, S.L. gegen\u00fcber gesamtschuldnerisch f\u00fcr die Zahlung des Reisepreises und die gerechtfertigten zus\u00e4tzlichen Kosten der \u00dcbertragung.<\/p>\n<h3>Stornierungen<\/h3>\n<p>Im Falle h\u00f6herer Gewalt tr\u00e4gt der Nutzer die alleinige Verantwortung f\u00fcr etwaige Stornierungskosten und Verwaltungskosten.<\/p>\n<p>Unter h\u00f6herer Gewalt sind Ursachen zu verstehen, die den Verbraucher von der Zahlung von Verwaltungskosten und Vertragsstrafen befreien, wenn Umst\u00e4nde eintreten, die nicht vermeidbar oder vorhersehbar sind und die durch Umst\u00e4nde verursacht werden, auf die die beteiligten Parteien keinen Einfluss haben, selbst wenn sie mit der gebotenen Sorgfalt gehandelt haben.<\/p>\n<h3>3.4.-\u00c4nderungen<\/h3>\n<p>Der Nutzer oder Verbraucher kann nach vorheriger Absprache mit CAMINOS DE GALICIA, S.L. und im Falle h\u00f6herer Gewalt oder im Falle einer Vorank\u00fcndigung drei\u00dfig Tage vor dem urspr\u00fcnglichen Reisedatum das Reisedatum \u00e4ndern, ohne dass in diesem Fall eine Vertragsstrafe f\u00e4llig wird.<\/p>\n<h3>  4.-Erstattungen<\/h3>\n<p>Alle R\u00fcckerstattungen, aus welchem Grund auch immer, erfolgen immer \u00fcber CAMINOS DE GALICIA, S.L., und es werden keine R\u00fcckerstattungen f\u00fcr Dienstleistungen geleistet, die der Verbraucher nicht freiwillig in Anspruch genommen hat. In den folgenden F\u00e4llen werden keine R\u00fcckerstattungen geleistet:<\/p>\n<ul>\n<li>Dass es sich um ein &#8222;nicht erstattungsf\u00e4higes&#8220; Angebot handelt. Diese Art von Angebot kann nicht ge\u00e4ndert oder storniert werden.<\/li>\n<li>Nichteinhaltung der Stornierungs- oder \u00c4nderungsfristen. Sie variieren je nach Art des Produkts und sind in jedem Vertrag angegeben.<\/li>\n<\/ul>\n<p>Es erfolgt keine Erstattung oder R\u00fcckerstattung f\u00fcr die Nichtnutzung irgendeiner Art von Dienstleistung, die im Vertragsprodukt enthalten ist, wenn der Grund f\u00fcr die Nichtnutzung in der direkten Verantwortung des Kunden liegt:<\/p>\n<ol>\n<li>Versp\u00e4tungen oder Nichterscheinen zum angegebenen Zeitpunkt f\u00fcr den Beginn der Reise.<\/li>\n<li>Nichtvorhandensein der notwendigen und obligatorischen Dokumente f\u00fcr die Reise und\/oder das Reiseziel.<\/li>\n<li>Dienstleistungen, die vom Kunden nicht freiwillig in Anspruch genommen werden, unabh\u00e4ngig vom Grund der Nichtnutzung.<\/li>\n<li>Freiwilliger Verzicht auf die gesamte oder einen Teil der Reise nach Antritt der Reise.<\/li>\n<li>Unangemessenes Verhalten, das die Gruppe oder die Organisatoren in Gefahr bringt und die Verantwortlichen der Gruppe dazu zwingt, mit der ihnen \u00fcbertragenen Autorit\u00e4t zu reagieren.<\/li>\n<li>Andere Situationen, die durch den Kunden verursacht werden und au\u00dferhalb der Kontrolle von CAMINOS DE GALICIA, S.L. liegen.<\/li>\n<\/ol>\n","protected":false},"excerpt":{"rendered":"<p>Die Buchung einer der von CAMINOS DE GALICIA, S.L. angebotenen Aktivit\u00e4ten, Ausfl\u00fcge oder Pauschalreisen setzt die vollst\u00e4ndige Annahme dieser Bedingungen voraus. Allgemeine Verkaufsbedingungen und die Rekrutierung und BuchungspolitikDiese Bedingungen gelten als automatisch in den Vertrag aufgenommen, ohne dass sie schriftlich in den Vertrag aufgenommen werden m\u00fcssen. Zus\u00e4tzliche Informationen und m\u00f6gliche \u00c4nderungen (falls zutreffend) werden in [&hellip;]<\/p>\n","protected":false},"author":1,"featured_media":0,"parent":0,"menu_order":0,"comment_status":"closed","ping_status":"closed","template":"","meta":{"_joinchat":[],"footnotes":""},"class_list":["post-5642","page","type-page","status-publish","hentry"],"yoast_head":"<!-- This site is optimized with the Yoast SEO plugin v26.9 - https:\/\/yoast.com\/product\/yoast-seo-wordpress\/ -->\n<title>Allgemeine Verkaufsbedingungen - Camino de Santiago a Caballo<\/title>\n<meta name=\"robots\" content=\"noindex, follow\" \/>\n<meta property=\"og:locale\" content=\"de_DE\" \/>\n<meta property=\"og:type\" content=\"article\" \/>\n<meta property=\"og:title\" content=\"Allgemeine Verkaufsbedingungen - Camino de Santiago a Caballo\" \/>\n<meta property=\"og:description\" content=\"Die Buchung einer der von CAMINOS DE GALICIA, S.L. angebotenen Aktivit\u00e4ten, Ausfl\u00fcge oder Pauschalreisen setzt die vollst\u00e4ndige Annahme dieser Bedingungen voraus. Allgemeine Verkaufsbedingungen und die Rekrutierung und BuchungspolitikDiese Bedingungen gelten als automatisch in den Vertrag aufgenommen, ohne dass sie schriftlich in den Vertrag aufgenommen werden m\u00fcssen. Zus\u00e4tzliche Informationen und m\u00f6gliche \u00c4nderungen (falls zutreffend) werden in [&hellip;]\" \/>\n<meta property=\"og:url\" content=\"https:\/\/www.caminosantiagoacaballo.com\/de\/allgemeine-verkaufsbedingungen\/\" \/>\n<meta property=\"og:site_name\" content=\"Camino de Santiago a Caballo\" \/>\n<meta property=\"article:modified_time\" content=\"2022-10-06T10:43:33+00:00\" \/>\n<meta name=\"twitter:card\" content=\"summary_large_image\" \/>\n<script type=\"application\/ld+json\" class=\"yoast-schema-graph\">{\"@context\":\"https:\/\/schema.org\",\"@graph\":[{\"@type\":\"WebPage\",\"@id\":\"https:\/\/www.caminosantiagoacaballo.com\/de\/allgemeine-verkaufsbedingungen\/\",\"url\":\"https:\/\/www.caminosantiagoacaballo.com\/de\/allgemeine-verkaufsbedingungen\/\",\"name\":\"Allgemeine Verkaufsbedingungen - Camino de Santiago a Caballo\",\"isPartOf\":{\"@id\":\"https:\/\/www.caminosantiagoacaballo.com\/de\/#website\"},\"datePublished\":\"2022-09-20T20:00:14+00:00\",\"dateModified\":\"2022-10-06T10:43:33+00:00\",\"breadcrumb\":{\"@id\":\"https:\/\/www.caminosantiagoacaballo.com\/de\/allgemeine-verkaufsbedingungen\/#breadcrumb\"},\"inLanguage\":\"de\",\"potentialAction\":[{\"@type\":\"ReadAction\",\"target\":[\"https:\/\/www.caminosantiagoacaballo.com\/de\/allgemeine-verkaufsbedingungen\/\"]}]},{\"@type\":\"BreadcrumbList\",\"@id\":\"https:\/\/www.caminosantiagoacaballo.com\/de\/allgemeine-verkaufsbedingungen\/#breadcrumb\",\"itemListElement\":[{\"@type\":\"ListItem\",\"position\":1,\"name\":\"Portada\",\"item\":\"https:\/\/www.caminosantiagoacaballo.com\/de\/\"},{\"@type\":\"ListItem\",\"position\":2,\"name\":\"Allgemeine Verkaufsbedingungen\"}]},{\"@type\":\"WebSite\",\"@id\":\"https:\/\/www.caminosantiagoacaballo.com\/de\/#website\",\"url\":\"https:\/\/www.caminosantiagoacaballo.com\/de\/\",\"name\":\"Camino de Santiago a Caballo\",\"description\":\"Realiza el Camino de Santiago con la mayor seguridad y comodidad a caballo\",\"publisher\":{\"@id\":\"https:\/\/www.caminosantiagoacaballo.com\/de\/#organization\"},\"potentialAction\":[{\"@type\":\"SearchAction\",\"target\":{\"@type\":\"EntryPoint\",\"urlTemplate\":\"https:\/\/www.caminosantiagoacaballo.com\/de\/?s={search_term_string}\"},\"query-input\":{\"@type\":\"PropertyValueSpecification\",\"valueRequired\":true,\"valueName\":\"search_term_string\"}}],\"inLanguage\":\"de\"},{\"@type\":\"Organization\",\"@id\":\"https:\/\/www.caminosantiagoacaballo.com\/de\/#organization\",\"name\":\"Camino de Santiago a Caballo\",\"url\":\"https:\/\/www.caminosantiagoacaballo.com\/de\/\",\"logo\":{\"@type\":\"ImageObject\",\"inLanguage\":\"de\",\"@id\":\"https:\/\/www.caminosantiagoacaballo.com\/de\/#\/schema\/logo\/image\/\",\"url\":\"https:\/\/www.caminosantiagoacaballo.com\/wp-content\/uploads\/2022\/09\/camino-santiago-a-caballo-logo.jpg\",\"contentUrl\":\"https:\/\/www.caminosantiagoacaballo.com\/wp-content\/uploads\/2022\/09\/camino-santiago-a-caballo-logo.jpg\",\"width\":199,\"height\":180,\"caption\":\"Camino de Santiago a Caballo\"},\"image\":{\"@id\":\"https:\/\/www.caminosantiagoacaballo.com\/de\/#\/schema\/logo\/image\/\"}}]}<\/script>\n<!-- \/ Yoast SEO plugin. -->","yoast_head_json":{"title":"Allgemeine Verkaufsbedingungen - Camino de Santiago a Caballo","robots":{"index":"noindex","follow":"follow"},"og_locale":"de_DE","og_type":"article","og_title":"Allgemeine Verkaufsbedingungen - Camino de Santiago a Caballo","og_description":"Die Buchung einer der von CAMINOS DE GALICIA, S.L. angebotenen Aktivit\u00e4ten, Ausfl\u00fcge oder Pauschalreisen setzt die vollst\u00e4ndige Annahme dieser Bedingungen voraus. Allgemeine Verkaufsbedingungen und die Rekrutierung und BuchungspolitikDiese Bedingungen gelten als automatisch in den Vertrag aufgenommen, ohne dass sie schriftlich in den Vertrag aufgenommen werden m\u00fcssen. Zus\u00e4tzliche Informationen und m\u00f6gliche \u00c4nderungen (falls zutreffend) werden in [&hellip;]","og_url":"https:\/\/www.caminosantiagoacaballo.com\/de\/allgemeine-verkaufsbedingungen\/","og_site_name":"Camino de Santiago a Caballo","article_modified_time":"2022-10-06T10:43:33+00:00","twitter_card":"summary_large_image","schema":{"@context":"https:\/\/schema.org","@graph":[{"@type":"WebPage","@id":"https:\/\/www.caminosantiagoacaballo.com\/de\/allgemeine-verkaufsbedingungen\/","url":"https:\/\/www.caminosantiagoacaballo.com\/de\/allgemeine-verkaufsbedingungen\/","name":"Allgemeine Verkaufsbedingungen - Camino de Santiago a Caballo","isPartOf":{"@id":"https:\/\/www.caminosantiagoacaballo.com\/de\/#website"},"datePublished":"2022-09-20T20:00:14+00:00","dateModified":"2022-10-06T10:43:33+00:00","breadcrumb":{"@id":"https:\/\/www.caminosantiagoacaballo.com\/de\/allgemeine-verkaufsbedingungen\/#breadcrumb"},"inLanguage":"de","potentialAction":[{"@type":"ReadAction","target":["https:\/\/www.caminosantiagoacaballo.com\/de\/allgemeine-verkaufsbedingungen\/"]}]},{"@type":"BreadcrumbList","@id":"https:\/\/www.caminosantiagoacaballo.com\/de\/allgemeine-verkaufsbedingungen\/#breadcrumb","itemListElement":[{"@type":"ListItem","position":1,"name":"Portada","item":"https:\/\/www.caminosantiagoacaballo.com\/de\/"},{"@type":"ListItem","position":2,"name":"Allgemeine Verkaufsbedingungen"}]},{"@type":"WebSite","@id":"https:\/\/www.caminosantiagoacaballo.com\/de\/#website","url":"https:\/\/www.caminosantiagoacaballo.com\/de\/","name":"Camino de Santiago a Caballo","description":"Realiza el Camino de Santiago con la mayor seguridad y comodidad a caballo","publisher":{"@id":"https:\/\/www.caminosantiagoacaballo.com\/de\/#organization"},"potentialAction":[{"@type":"SearchAction","target":{"@type":"EntryPoint","urlTemplate":"https:\/\/www.caminosantiagoacaballo.com\/de\/?s={search_term_string}"},"query-input":{"@type":"PropertyValueSpecification","valueRequired":true,"valueName":"search_term_string"}}],"inLanguage":"de"},{"@type":"Organization","@id":"https:\/\/www.caminosantiagoacaballo.com\/de\/#organization","name":"Camino de Santiago a Caballo","url":"https:\/\/www.caminosantiagoacaballo.com\/de\/","logo":{"@type":"ImageObject","inLanguage":"de","@id":"https:\/\/www.caminosantiagoacaballo.com\/de\/#\/schema\/logo\/image\/","url":"https:\/\/www.caminosantiagoacaballo.com\/wp-content\/uploads\/2022\/09\/camino-santiago-a-caballo-logo.jpg","contentUrl":"https:\/\/www.caminosantiagoacaballo.com\/wp-content\/uploads\/2022\/09\/camino-santiago-a-caballo-logo.jpg","width":199,"height":180,"caption":"Camino de Santiago a Caballo"},"image":{"@id":"https:\/\/www.caminosantiagoacaballo.com\/de\/#\/schema\/logo\/image\/"}}]}},"publishpress_future_workflow_manual_trigger":{"enabledWorkflows":[]},"_links":{"self":[{"href":"https:\/\/www.caminosantiagoacaballo.com\/de\/wp-json\/wp\/v2\/pages\/5642","targetHints":{"allow":["GET"]}}],"collection":[{"href":"https:\/\/www.caminosantiagoacaballo.com\/de\/wp-json\/wp\/v2\/pages"}],"about":[{"href":"https:\/\/www.caminosantiagoacaballo.com\/de\/wp-json\/wp\/v2\/types\/page"}],"author":[{"embeddable":true,"href":"https:\/\/www.caminosantiagoacaballo.com\/de\/wp-json\/wp\/v2\/users\/1"}],"replies":[{"embeddable":true,"href":"https:\/\/www.caminosantiagoacaballo.com\/de\/wp-json\/wp\/v2\/comments?post=5642"}],"version-history":[{"count":0,"href":"https:\/\/www.caminosantiagoacaballo.com\/de\/wp-json\/wp\/v2\/pages\/5642\/revisions"}],"wp:attachment":[{"href":"https:\/\/www.caminosantiagoacaballo.com\/de\/wp-json\/wp\/v2\/media?parent=5642"}],"curies":[{"name":"wp","href":"https:\/\/api.w.org\/{rel}","templated":true}]}}