{"id":558,"date":"2016-10-17T01:16:13","date_gmt":"2016-10-16T23:16:13","guid":{"rendered":"http:\/\/caminosantiagoacaballo.com\/2016\/de\/camino-ingles\/"},"modified":"2022-10-06T18:20:54","modified_gmt":"2022-10-06T16:20:54","slug":"der-englische-weg","status":"publish","type":"page","link":"https:\/\/www.caminosantiagoacaballo.com\/de\/der-englische-weg\/","title":{"rendered":"Englischer Weg"},"content":{"rendered":"<\/p>\n<p><center><iframe src=\"https:\/\/www.google.com\/maps\/d\/embed?mid=1ZjQjFdEa8HOtFzxhOHFO8gx5b0g\" width=\"95%\" height=\"480\" data-mce-fragment=\"1\"><\/iframe><\/center><center><\/center><\/p>\n<p>Die jakobinische Pilgerreise war im gesamten mittelalterlichen Europa sehr ber\u00fchmt. Skandinavier, Flamen, Engl\u00e4nder, Schotten und Iren nutzten die Seewege mit gro\u00dfer Intensit\u00e4t, um Ribadeo, Viveiro, Ferrol oder A Coru\u00f1a zu erreichen, in der Absicht, die Pilgerreise nach Santiago zu unternehmen. Diese beiden letztgenannten K\u00fcstenenklaven sind dank ihrer au\u00dfergew\u00f6hnlichen strategischen Lage die Ausgangspunkte f\u00fcr die beiden Varianten des English Way. Die Strecke A Coru\u00f1a-Santiago ist 74 km lang; die Abschnitte Ferrol-Santiago summieren sich auf 118 km.<\/p>\n<p><strong>ITINERAR<\/strong><\/p>\n<p>Von Ferrol aus beginnt der Englische Weg an den Docks von Curuxeiras in Richtung der Stadt Nar\u00f3n, f\u00fchrt weiter bis zur Einm\u00fcndung in die Stra\u00dfe nach O Salto, vorbei an der Gezeitenm\u00fchle von As Aceas de Lembeie und \u00fcber die Br\u00fccke \u00fcber den Fluss Xubia nach Neda.<\/p>\n<p><img fetchpriority=\"high\" decoding=\"async\" src=\"https:\/\/www.caminosantiagoacaballo.com\/wp-content\/uploads\/2022\/09\/camino-ingles-1.jpg\" alt=\"\" width=\"500\" height=\"373\"><\/p>\n<p>Wir lassen Neda zur\u00fcck und fahren weiter nach Fene. Nach dem Verlassen der Stadt f\u00fchrt die Route \u00fcber die k\u00f6nigliche Stra\u00dfe nach Cabanas, mitten in der Eume-M\u00fcndung. Hier kann der Pilger am Strand von A Madalena ausruhen, bevor er die Promenade entlang weitergeht, die Br\u00fccke \u00fcberquert und nach Pontedeume kommt.<\/p>\n<p><img decoding=\"async\" src=\"https:\/\/www.caminosantiagoacaballo.com\/wp-content\/uploads\/2022\/09\/camino-ingles-2.jpg\" alt=\"\" width=\"500\" height=\"669\"><\/p>\n<p>Wir lassen Pontedeume hinter uns und gelangen zu einer Kirche, von der aus wir einen hervorragenden Panoramablick \u00fcber die Flussm\u00fcndungen von Ferrol, Betanzos und Ares haben. Weiter geht es in Richtung des Dorfes Bu\u00ed\u00f1a, bis wir Mi\u00f1o erreichen.<\/p>\n<p><img decoding=\"async\" src=\"https:\/\/www.caminosantiagoacaballo.com\/wp-content\/uploads\/2022\/09\/camino-ingles-3.jpg\" alt=\"\" width=\"500\" height=\"373\"><\/p>\n<p>Die Stra\u00dfe f\u00fchrt bergab und beginnt einen neuen Anstieg in Richtung Matacabalos, vorbei an Chantada und Guende. Die Stra\u00dfe f\u00fchrt durch flaches Gel\u00e4nde, bevor sie hinunter nach Betanzos f\u00fchrt, eine Strecke, die einen guten Panoramablick auf die M\u00fcndung des Betanzos und seine S\u00fcmpfe bietet.<\/p>\n<p>Der Pilger \u00fcberquert den Fluss Mandeo bei A Ponte Vella und betritt Betanzos, die alte Hauptstadt einer der sieben Provinzen des K\u00f6nigreichs Galicien, durch die Tore der mittelalterlichen Stadtmauer.<\/p>\n<p><img loading=\"lazy\" decoding=\"async\" src=\"https:\/\/www.caminosantiagoacaballo.com\/wp-content\/uploads\/2022\/09\/camino-ingles-4.jpg\" alt=\"\" width=\"500\" height=\"373\"><\/p>\n<p>Von Betanzos aus gelangen wir nach Coru\u00f1a und verlassen die Stadt in Richtung der Br\u00fccke von Sig\u00fceiro \u00fcber den Fluss Tambre, wo der Pilger die Gemeinde Santiago betritt. Die Route verl\u00e4uft parallel zum Fluss und f\u00fchrt weiter zur sogenannten &#8222;Fonte do Ingl\u00e9s&#8220; und l\u00e4sst das Industriegebiet von Tambre hinter sich.<\/p>\n<p><img loading=\"lazy\" decoding=\"async\" src=\"https:\/\/www.caminosantiagoacaballo.com\/wp-content\/uploads\/2022\/09\/camino-ingles-5.jpg\" alt=\"\" width=\"500\" height=\"373\"><\/p>\n<p>Die Route f\u00fchrt in das Stadtzentrum von Santiago, vorbei am Verwaltungsgeb\u00e4ude der Xunta de Galicia in San Caetano und dem Pilgerdenkmal, das durch eine bewegende Bronzestatue des Bildhauers Jos\u00e9 Mar\u00eda Acu\u00f1a dargestellt wird.<\/p>\n<p>Nach der Besichtigung der Kathedrale von Santiago de Compostela, dem Ankunfts- und Treffpunkt der Pilger, bietet sich dem Besucher die Stadt Santiago in ihrer ganzen historischen Pracht, in ihrer heutigen Vielfalt und Dynamik.<\/p>\n<p><img loading=\"lazy\" decoding=\"async\" src=\"https:\/\/www.caminosantiagoacaballo.com\/wp-content\/uploads\/2022\/09\/camino-ingles-6.jpg\" alt=\"\" width=\"500\" height=\"373\"><\/p>\n<p>Nach \u00dcberquerung der Sig\u00fceiro-Br\u00fccke \u00fcber den Tambre betritt der Pilger die Gemeinde Santiago. Die Route verl\u00e4uft parallel zum Fluss und f\u00fchrt zur Kirche von Barciela. Sie f\u00fchrt weiter zur sogenannten &#8222;Fonte do Ingl\u00e9s&#8220; und l\u00e4sst das Industriegebiet von Tambre hinter sich, indem sie die Stra\u00dfe Galileo und die Stra\u00dfe Tambre passiert. Die Route f\u00fchrt nach Meixonfr\u00edo, wo es ein Gasthaus gab, in dem sich Pilger und Reisende erfrischten.<\/p>\n","protected":false},"excerpt":{"rendered":"<p>Die jakobinische Pilgerreise war im gesamten mittelalterlichen Europa sehr ber\u00fchmt. Skandinavier, Flamen, Engl\u00e4nder, Schotten und Iren nutzten die Seewege mit gro\u00dfer Intensit\u00e4t, um Ribadeo, Viveiro, Ferrol oder A Coru\u00f1a zu erreichen, in der Absicht, die Pilgerreise nach Santiago zu unternehmen. Diese beiden letztgenannten K\u00fcstenenklaven sind dank ihrer au\u00dfergew\u00f6hnlichen strategischen Lage die Ausgangspunkte f\u00fcr die beiden [&hellip;]<\/p>\n","protected":false},"author":1,"featured_media":0,"parent":0,"menu_order":0,"comment_status":"closed","ping_status":"closed","template":"","meta":{"_joinchat":[],"footnotes":""},"class_list":["post-558","page","type-page","status-publish","hentry"],"yoast_head":"<!-- This site is optimized with the Yoast SEO plugin v26.9 - https:\/\/yoast.com\/product\/yoast-seo-wordpress\/ -->\n<title>Englischer Weg - Camino de Santiago zu Pferd<\/title>\n<meta name=\"description\" content=\"Jacobean Pilgerreise, wir organisieren Routen zu Pferd entlang der franz\u00f6sischen, portugiesischen, Via de la Plata, englischen und anderen Optionen.\" \/>\n<meta name=\"robots\" content=\"index, follow, max-snippet:-1, max-image-preview:large, max-video-preview:-1\" \/>\n<link rel=\"canonical\" href=\"https:\/\/www.caminosantiagoacaballo.com\/de\/der-englische-weg\/\" \/>\n<meta property=\"og:locale\" content=\"de_DE\" \/>\n<meta property=\"og:type\" content=\"article\" \/>\n<meta property=\"og:title\" content=\"Englischer Weg - Camino de Santiago zu Pferd\" \/>\n<meta property=\"og:description\" content=\"Jacobean Pilgerreise, wir organisieren Routen zu Pferd entlang der franz\u00f6sischen, portugiesischen, Via de la Plata, englischen und anderen Optionen.\" \/>\n<meta property=\"og:url\" content=\"https:\/\/www.caminosantiagoacaballo.com\/de\/der-englische-weg\/\" \/>\n<meta property=\"og:site_name\" content=\"Camino de Santiago a Caballo\" \/>\n<meta property=\"article:modified_time\" content=\"2022-10-06T16:20:54+00:00\" \/>\n<meta property=\"og:image\" content=\"https:\/\/www.caminosantiagoacaballo.com\/wp-content\/uploads\/2022\/09\/camino-ingles-1.jpg\" \/>\n<meta name=\"twitter:card\" content=\"summary_large_image\" \/>\n<script type=\"application\/ld+json\" class=\"yoast-schema-graph\">{\"@context\":\"https:\/\/schema.org\",\"@graph\":[{\"@type\":\"WebPage\",\"@id\":\"https:\/\/www.caminosantiagoacaballo.com\/de\/der-englische-weg\/\",\"url\":\"https:\/\/www.caminosantiagoacaballo.com\/de\/der-englische-weg\/\",\"name\":\"Englischer Weg - Camino de Santiago zu Pferd\",\"isPartOf\":{\"@id\":\"https:\/\/www.caminosantiagoacaballo.com\/de\/#website\"},\"primaryImageOfPage\":{\"@id\":\"https:\/\/www.caminosantiagoacaballo.com\/de\/der-englische-weg\/#primaryimage\"},\"image\":{\"@id\":\"https:\/\/www.caminosantiagoacaballo.com\/de\/der-englische-weg\/#primaryimage\"},\"thumbnailUrl\":\"https:\/\/www.caminosantiagoacaballo.com\/wp-content\/uploads\/2022\/09\/camino-ingles-1.jpg\",\"datePublished\":\"2016-10-16T23:16:13+00:00\",\"dateModified\":\"2022-10-06T16:20:54+00:00\",\"description\":\"Jacobean Pilgerreise, wir organisieren Routen zu Pferd entlang der franz\u00f6sischen, portugiesischen, Via de la Plata, englischen und anderen Optionen.\",\"breadcrumb\":{\"@id\":\"https:\/\/www.caminosantiagoacaballo.com\/de\/der-englische-weg\/#breadcrumb\"},\"inLanguage\":\"de\",\"potentialAction\":[{\"@type\":\"ReadAction\",\"target\":[\"https:\/\/www.caminosantiagoacaballo.com\/de\/der-englische-weg\/\"]}]},{\"@type\":\"ImageObject\",\"inLanguage\":\"de\",\"@id\":\"https:\/\/www.caminosantiagoacaballo.com\/de\/der-englische-weg\/#primaryimage\",\"url\":\"https:\/\/www.caminosantiagoacaballo.com\/wp-content\/uploads\/2022\/09\/camino-ingles-1.jpg\",\"contentUrl\":\"https:\/\/www.caminosantiagoacaballo.com\/wp-content\/uploads\/2022\/09\/camino-ingles-1.jpg\"},{\"@type\":\"BreadcrumbList\",\"@id\":\"https:\/\/www.caminosantiagoacaballo.com\/de\/der-englische-weg\/#breadcrumb\",\"itemListElement\":[{\"@type\":\"ListItem\",\"position\":1,\"name\":\"Portada\",\"item\":\"https:\/\/www.caminosantiagoacaballo.com\/de\/\"},{\"@type\":\"ListItem\",\"position\":2,\"name\":\"Englischer Weg\"}]},{\"@type\":\"WebSite\",\"@id\":\"https:\/\/www.caminosantiagoacaballo.com\/de\/#website\",\"url\":\"https:\/\/www.caminosantiagoacaballo.com\/de\/\",\"name\":\"Camino de Santiago a Caballo\",\"description\":\"Realiza el Camino de Santiago con la mayor seguridad y comodidad a caballo\",\"publisher\":{\"@id\":\"https:\/\/www.caminosantiagoacaballo.com\/de\/#organization\"},\"potentialAction\":[{\"@type\":\"SearchAction\",\"target\":{\"@type\":\"EntryPoint\",\"urlTemplate\":\"https:\/\/www.caminosantiagoacaballo.com\/de\/?s={search_term_string}\"},\"query-input\":{\"@type\":\"PropertyValueSpecification\",\"valueRequired\":true,\"valueName\":\"search_term_string\"}}],\"inLanguage\":\"de\"},{\"@type\":\"Organization\",\"@id\":\"https:\/\/www.caminosantiagoacaballo.com\/de\/#organization\",\"name\":\"Camino de Santiago a Caballo\",\"url\":\"https:\/\/www.caminosantiagoacaballo.com\/de\/\",\"logo\":{\"@type\":\"ImageObject\",\"inLanguage\":\"de\",\"@id\":\"https:\/\/www.caminosantiagoacaballo.com\/de\/#\/schema\/logo\/image\/\",\"url\":\"https:\/\/www.caminosantiagoacaballo.com\/wp-content\/uploads\/2022\/09\/camino-santiago-a-caballo-logo.jpg\",\"contentUrl\":\"https:\/\/www.caminosantiagoacaballo.com\/wp-content\/uploads\/2022\/09\/camino-santiago-a-caballo-logo.jpg\",\"width\":199,\"height\":180,\"caption\":\"Camino de Santiago a Caballo\"},\"image\":{\"@id\":\"https:\/\/www.caminosantiagoacaballo.com\/de\/#\/schema\/logo\/image\/\"}}]}<\/script>\n<!-- \/ Yoast SEO plugin. -->","yoast_head_json":{"title":"Englischer Weg - Camino de Santiago zu Pferd","description":"Jacobean Pilgerreise, wir organisieren Routen zu Pferd entlang der franz\u00f6sischen, portugiesischen, Via de la Plata, englischen und anderen Optionen.","robots":{"index":"index","follow":"follow","max-snippet":"max-snippet:-1","max-image-preview":"max-image-preview:large","max-video-preview":"max-video-preview:-1"},"canonical":"https:\/\/www.caminosantiagoacaballo.com\/de\/der-englische-weg\/","og_locale":"de_DE","og_type":"article","og_title":"Englischer Weg - Camino de Santiago zu Pferd","og_description":"Jacobean Pilgerreise, wir organisieren Routen zu Pferd entlang der franz\u00f6sischen, portugiesischen, Via de la Plata, englischen und anderen Optionen.","og_url":"https:\/\/www.caminosantiagoacaballo.com\/de\/der-englische-weg\/","og_site_name":"Camino de Santiago a Caballo","article_modified_time":"2022-10-06T16:20:54+00:00","og_image":[{"url":"https:\/\/www.caminosantiagoacaballo.com\/wp-content\/uploads\/2022\/09\/camino-ingles-1.jpg","type":"","width":"","height":""}],"twitter_card":"summary_large_image","schema":{"@context":"https:\/\/schema.org","@graph":[{"@type":"WebPage","@id":"https:\/\/www.caminosantiagoacaballo.com\/de\/der-englische-weg\/","url":"https:\/\/www.caminosantiagoacaballo.com\/de\/der-englische-weg\/","name":"Englischer Weg - Camino de Santiago zu Pferd","isPartOf":{"@id":"https:\/\/www.caminosantiagoacaballo.com\/de\/#website"},"primaryImageOfPage":{"@id":"https:\/\/www.caminosantiagoacaballo.com\/de\/der-englische-weg\/#primaryimage"},"image":{"@id":"https:\/\/www.caminosantiagoacaballo.com\/de\/der-englische-weg\/#primaryimage"},"thumbnailUrl":"https:\/\/www.caminosantiagoacaballo.com\/wp-content\/uploads\/2022\/09\/camino-ingles-1.jpg","datePublished":"2016-10-16T23:16:13+00:00","dateModified":"2022-10-06T16:20:54+00:00","description":"Jacobean Pilgerreise, wir organisieren Routen zu Pferd entlang der franz\u00f6sischen, portugiesischen, Via de la Plata, englischen und anderen Optionen.","breadcrumb":{"@id":"https:\/\/www.caminosantiagoacaballo.com\/de\/der-englische-weg\/#breadcrumb"},"inLanguage":"de","potentialAction":[{"@type":"ReadAction","target":["https:\/\/www.caminosantiagoacaballo.com\/de\/der-englische-weg\/"]}]},{"@type":"ImageObject","inLanguage":"de","@id":"https:\/\/www.caminosantiagoacaballo.com\/de\/der-englische-weg\/#primaryimage","url":"https:\/\/www.caminosantiagoacaballo.com\/wp-content\/uploads\/2022\/09\/camino-ingles-1.jpg","contentUrl":"https:\/\/www.caminosantiagoacaballo.com\/wp-content\/uploads\/2022\/09\/camino-ingles-1.jpg"},{"@type":"BreadcrumbList","@id":"https:\/\/www.caminosantiagoacaballo.com\/de\/der-englische-weg\/#breadcrumb","itemListElement":[{"@type":"ListItem","position":1,"name":"Portada","item":"https:\/\/www.caminosantiagoacaballo.com\/de\/"},{"@type":"ListItem","position":2,"name":"Englischer Weg"}]},{"@type":"WebSite","@id":"https:\/\/www.caminosantiagoacaballo.com\/de\/#website","url":"https:\/\/www.caminosantiagoacaballo.com\/de\/","name":"Camino de Santiago a Caballo","description":"Realiza el Camino de Santiago con la mayor seguridad y comodidad a caballo","publisher":{"@id":"https:\/\/www.caminosantiagoacaballo.com\/de\/#organization"},"potentialAction":[{"@type":"SearchAction","target":{"@type":"EntryPoint","urlTemplate":"https:\/\/www.caminosantiagoacaballo.com\/de\/?s={search_term_string}"},"query-input":{"@type":"PropertyValueSpecification","valueRequired":true,"valueName":"search_term_string"}}],"inLanguage":"de"},{"@type":"Organization","@id":"https:\/\/www.caminosantiagoacaballo.com\/de\/#organization","name":"Camino de Santiago a Caballo","url":"https:\/\/www.caminosantiagoacaballo.com\/de\/","logo":{"@type":"ImageObject","inLanguage":"de","@id":"https:\/\/www.caminosantiagoacaballo.com\/de\/#\/schema\/logo\/image\/","url":"https:\/\/www.caminosantiagoacaballo.com\/wp-content\/uploads\/2022\/09\/camino-santiago-a-caballo-logo.jpg","contentUrl":"https:\/\/www.caminosantiagoacaballo.com\/wp-content\/uploads\/2022\/09\/camino-santiago-a-caballo-logo.jpg","width":199,"height":180,"caption":"Camino de Santiago a Caballo"},"image":{"@id":"https:\/\/www.caminosantiagoacaballo.com\/de\/#\/schema\/logo\/image\/"}}]}},"publishpress_future_workflow_manual_trigger":{"enabledWorkflows":[]},"_links":{"self":[{"href":"https:\/\/www.caminosantiagoacaballo.com\/de\/wp-json\/wp\/v2\/pages\/558","targetHints":{"allow":["GET"]}}],"collection":[{"href":"https:\/\/www.caminosantiagoacaballo.com\/de\/wp-json\/wp\/v2\/pages"}],"about":[{"href":"https:\/\/www.caminosantiagoacaballo.com\/de\/wp-json\/wp\/v2\/types\/page"}],"author":[{"embeddable":true,"href":"https:\/\/www.caminosantiagoacaballo.com\/de\/wp-json\/wp\/v2\/users\/1"}],"replies":[{"embeddable":true,"href":"https:\/\/www.caminosantiagoacaballo.com\/de\/wp-json\/wp\/v2\/comments?post=558"}],"version-history":[{"count":0,"href":"https:\/\/www.caminosantiagoacaballo.com\/de\/wp-json\/wp\/v2\/pages\/558\/revisions"}],"wp:attachment":[{"href":"https:\/\/www.caminosantiagoacaballo.com\/de\/wp-json\/wp\/v2\/media?parent=558"}],"curies":[{"name":"wp","href":"https:\/\/api.w.org\/{rel}","templated":true}]}}