{"id":534,"date":"2016-10-16T16:49:37","date_gmt":"2016-10-16T14:49:37","guid":{"rendered":"http:\/\/caminosantiagoacaballo.com\/2016\/de\/camino-del-norte\/"},"modified":"2022-10-06T12:43:31","modified_gmt":"2022-10-06T10:43:31","slug":"der-nordliche-weg","status":"publish","type":"page","link":"https:\/\/www.caminosantiagoacaballo.com\/de\/der-nordliche-weg\/","title":{"rendered":"Camino Del Norte"},"content":{"rendered":"<p><center><iframe src=\"https:\/\/www.google.com\/maps\/d\/embed?mid=1PzaUzx61T0gevQZVa6oKC3XCMcE\" width=\"95%\" height=\"480\" data-mce-fragment=\"1\"><\/iframe><\/center><\/p>\n<p>Der Ursprung der Pilgerfahrt nach Santiago entlang der asturisch-galizischen K\u00fcstenroute geht auf die Zeit unmittelbar nach der Entdeckung des Grabes des Apostels Jakobus des Gro\u00dfen (um 820) zur\u00fcck.<\/p>\n<p>Der galicische Abschnitt dieses Weges ist derzeit auf seinen 170 Kilometern zwischen R\u00edbadeo und Santiago mit Steinhaufen ausgeschildert, die mit einer Jakobsmuschel aus Keramik verziert sind und wertvolle Informationen f\u00fcr den Pilger enthalten: den Kilometerpunkt, an dem er sich befindet. Zus\u00e4tzlich zu dem ber\u00fchmten gelben Pfeil helfen diese Meilensteine dabei, den Camino problemlos zu finden, da sie sich an strategischen Orten wie Kreuzungen und Umwegen befinden.<\/p>\n<p>Die Stadt R\u00edbadeo, eine wichtige touristische Enklave und Gemeindehauptstadt, ist der Ausgangspunkt des Nordwegs auf seinem Weg nach Galicien. Ribadeo ist das Tor zum n\u00f6rdlichsten Pilgerweg, der die Heiligt\u00fcmer von Oviedo und Santiago miteinander verbindet. Es sei daran erinnert, dass es zwischen dem 13. und 18.<\/p>\n<p>Wenn Sie die K\u00fcstenstadt verlassen, fahren Sie in Richtung Obe und weiter zum Berg Santa Cruz, wo sich die Einsiedelei Santa Cruz befindet.<\/p>\n<p><img fetchpriority=\"high\" decoding=\"async\" src=\"https:\/\/www.caminosantiagoacaballo.com\/wp-content\/uploads\/2022\/09\/camino-del-norte-1.jpg\" alt=\"\" width=\"500\" height=\"333\"><\/p>\n<p>Der Nordweg f\u00fchrt dann nach Vilela, Cedofeita und weiter nach Lourenz\u00e1, Cubelas, Vilamart\u00edn, Vilanova, Gond\u00e1n und Curveiro. Die Route folgt dann ihrem Verlauf durch die Kapelle San Nicol\u00e1s und die Orte L\u00f3ngaras, San Esteban, Trapa&#8230;<\/p>\n<p>Nach dem Verlassen von Vilanova de Lourenz\u00e1 f\u00fchrt die alte jakobinische Route des Nordens in diesem Abschnitt weiter \u00fcber die mittelalterliche &#8222;Pech&#8220;-Stra\u00dfe: eine Stra\u00dfenachse, die von Asturien in Richtung Lugo f\u00fchrt und \u00fcber die mittelalterliche und eindrucksvolle Ponte do Pasa Tempo nach Mondo\u00f1edo f\u00fchrt.<\/p>\n<p><img decoding=\"async\" src=\"https:\/\/www.caminosantiagoacaballo.com\/wp-content\/uploads\/2022\/09\/camino-del-norte-2.jpg\" alt=\"\" width=\"500\" height=\"373\"><\/p>\n<p>Die Stadt Mondo\u00f1edo ist einer der galicischen Bischofssitze mit der l\u00e4ngsten kulturellen Tradition und eines der wichtigsten historischen Zentren in Galicien. Der Weg f\u00fchrt durch das Viertel Os Mu\u00ed\u00f1os, r\u00faa de Sind\u00edn, das mit dem Stadtzentrum innerhalb der Stadtmauern in Verbindung stand und das in Wahrheit die k\u00f6nigliche Stra\u00dfe war, die in die Stadt f\u00fchrte. In Mondo\u00f1edo gibt es weitere historische Geb\u00e4ude wie Kirchen, Krankenh\u00e4user oder Pal\u00e4ste, die die Stra\u00dfen und Pl\u00e4tze der Stadt versch\u00f6nern.<\/p>\n<p>Am Rande des Klosters von San Marti\u00f1o de Vilalourente, &#8222;Os Picos&#8220; (18. Jahrhundert). Vilalba kann nun mit der Anziehungskraft der Stadt Lugo konkurrieren und dazu beitragen, eine k\u00fcrzere Route nach Compostela zu schaffen. Diese niedrige mittelalterliche Stra\u00dfe verl\u00e4sst Mondo\u00f1edo und f\u00fchrt \u00fcber Vali\u00f1adares und Mariz hinauf zu den kleinen D\u00f6rfern San Caetano. Die mittelalterliche Route f\u00fchrt entlang der Talsohle, die vom Fluss Vali\u00f1adares durchflossen wird, durch die D\u00f6rfer Vali\u00f1a, Pacios und Lousada&#8230;<\/p>\n<p>Dann geht es weiter nach P\u00e9da Ponte, As corgas, Gont\u00e1n, Pobecende und in die Stadt Abad\u00edn. Von Abad\u00edn aus f\u00fchrt der Weg durch die Terra Ch\u00e1 durch die Gemeinden Castromaior, Goiriz, Ponterroxal, \u00fcberquert den Fluss Arnela \u00fcber eine mittelalterliche Br\u00fccke, erreicht Castromaior und \u00fcberquert die herrliche mittelalterliche Br\u00fccke von Pontevella, die die Pilger durch ein unbewohntes Gebiet f\u00fchrt. Die Route f\u00fchrt weiter nach Santiago, folgt dem kleinen Dorf O Franc\u00e9s (ein Ortsname, der eindeutig mit dem Ph\u00e4nomen der Pilgerfahrten nach Santiago verbunden ist), geht weiter nach As Chonzas und erreicht Vilalba. Von Vilalba aus f\u00fchrt die Route weiter nach Baamonde und verl\u00e4sst Baamonde auf der Stra\u00dfe N-VI, die parallel zur Eisenbahn und dem Fluss Parga verl\u00e4uft, um Santa Leocadia de Parga zu erreichen.<\/p>\n<p><img decoding=\"async\" src=\"https:\/\/www.caminosantiagoacaballo.com\/wp-content\/uploads\/2022\/09\/camino-del-norte-3.jpg\" alt=\"\" width=\"500\" height=\"373\"><\/p>\n<p>Der Weg f\u00fchrt weiter \u00fcber Ponte Leijosa und erreicht Santiago de Miraz, Pedramaior und Marco das P\u00edas, an der Grenze zur Provinz Lugo. Von hier aus erreichen Sie \u00fcber Esgueva Sobrado dos Monxes (A Coru\u00f1a) und Carelle. Dann erreichen wir Corredoiras und passieren eine Kreuzung, bevor wir nach Boimorto und G\u00e1ndara fahren.<\/p>\n<p>In der Stadt Arz\u00faa trifft der Nordweg schlie\u00dflich auf den Franz\u00f6sischen Weg.<\/p>\n<p><img loading=\"lazy\" decoding=\"async\" src=\"https:\/\/www.caminosantiagoacaballo.com\/wp-content\/uploads\/2022\/09\/camino-del-norte-4.jpg\" alt=\"\" width=\"500\" height=\"373\"><\/p>\n","protected":false},"excerpt":{"rendered":"<p>Der Ursprung der Pilgerfahrt nach Santiago entlang der asturisch-galizischen K\u00fcstenroute geht auf die Zeit unmittelbar nach der Entdeckung des Grabes des Apostels Jakobus des Gro\u00dfen (um 820) zur\u00fcck. Der galicische Abschnitt dieses Weges ist derzeit auf seinen 170 Kilometern zwischen R\u00edbadeo und Santiago mit Steinhaufen ausgeschildert, die mit einer Jakobsmuschel aus Keramik verziert sind und [&hellip;]<\/p>\n","protected":false},"author":1,"featured_media":0,"parent":0,"menu_order":0,"comment_status":"closed","ping_status":"closed","template":"","meta":{"_joinchat":[],"footnotes":""},"class_list":["post-534","page","type-page","status-publish","hentry"],"yoast_head":"<!-- This site is optimized with the Yoast SEO plugin v26.9 - https:\/\/yoast.com\/product\/yoast-seo-wordpress\/ -->\n<title>Camino del Norte - Camino de Santiago zu Pferd<\/title>\n<meta name=\"description\" content=\"Galicien, Cantabrico, Santiago, Oviedo, wir organisieren Reittouren entlang der Franz\u00f6sischen, Portugiesischen, Via de la Plata, Englischen und anderen Optionen.\" \/>\n<meta name=\"robots\" content=\"index, follow, max-snippet:-1, max-image-preview:large, max-video-preview:-1\" \/>\n<link rel=\"canonical\" href=\"https:\/\/www.caminosantiagoacaballo.com\/de\/der-nordliche-weg\/\" \/>\n<meta property=\"og:locale\" content=\"de_DE\" \/>\n<meta property=\"og:type\" content=\"article\" \/>\n<meta property=\"og:title\" content=\"Camino del Norte - Camino de Santiago zu Pferd\" \/>\n<meta property=\"og:description\" content=\"Galicien, Cantabrico, Santiago, Oviedo, wir organisieren Reittouren entlang der Franz\u00f6sischen, Portugiesischen, Via de la Plata, Englischen und anderen Optionen.\" \/>\n<meta property=\"og:url\" content=\"https:\/\/www.caminosantiagoacaballo.com\/de\/der-nordliche-weg\/\" \/>\n<meta property=\"og:site_name\" content=\"Camino de Santiago a Caballo\" \/>\n<meta property=\"article:modified_time\" content=\"2022-10-06T10:43:31+00:00\" \/>\n<meta property=\"og:image\" content=\"https:\/\/www.caminosantiagoacaballo.com\/wp-content\/uploads\/2022\/09\/camino-del-norte-1.jpg\" \/>\n<meta name=\"twitter:card\" content=\"summary_large_image\" \/>\n<script type=\"application\/ld+json\" class=\"yoast-schema-graph\">{\"@context\":\"https:\/\/schema.org\",\"@graph\":[{\"@type\":\"WebPage\",\"@id\":\"https:\/\/www.caminosantiagoacaballo.com\/de\/der-nordliche-weg\/\",\"url\":\"https:\/\/www.caminosantiagoacaballo.com\/de\/der-nordliche-weg\/\",\"name\":\"Camino del Norte - Camino de Santiago zu Pferd\",\"isPartOf\":{\"@id\":\"https:\/\/www.caminosantiagoacaballo.com\/de\/#website\"},\"primaryImageOfPage\":{\"@id\":\"https:\/\/www.caminosantiagoacaballo.com\/de\/der-nordliche-weg\/#primaryimage\"},\"image\":{\"@id\":\"https:\/\/www.caminosantiagoacaballo.com\/de\/der-nordliche-weg\/#primaryimage\"},\"thumbnailUrl\":\"https:\/\/www.caminosantiagoacaballo.com\/wp-content\/uploads\/2022\/09\/camino-del-norte-1.jpg\",\"datePublished\":\"2016-10-16T14:49:37+00:00\",\"dateModified\":\"2022-10-06T10:43:31+00:00\",\"description\":\"Galicien, Cantabrico, Santiago, Oviedo, wir organisieren Reittouren entlang der Franz\u00f6sischen, Portugiesischen, Via de la Plata, Englischen und anderen Optionen.\",\"breadcrumb\":{\"@id\":\"https:\/\/www.caminosantiagoacaballo.com\/de\/der-nordliche-weg\/#breadcrumb\"},\"inLanguage\":\"de\",\"potentialAction\":[{\"@type\":\"ReadAction\",\"target\":[\"https:\/\/www.caminosantiagoacaballo.com\/de\/der-nordliche-weg\/\"]}]},{\"@type\":\"ImageObject\",\"inLanguage\":\"de\",\"@id\":\"https:\/\/www.caminosantiagoacaballo.com\/de\/der-nordliche-weg\/#primaryimage\",\"url\":\"https:\/\/www.caminosantiagoacaballo.com\/wp-content\/uploads\/2022\/09\/camino-del-norte-1.jpg\",\"contentUrl\":\"https:\/\/www.caminosantiagoacaballo.com\/wp-content\/uploads\/2022\/09\/camino-del-norte-1.jpg\"},{\"@type\":\"BreadcrumbList\",\"@id\":\"https:\/\/www.caminosantiagoacaballo.com\/de\/der-nordliche-weg\/#breadcrumb\",\"itemListElement\":[{\"@type\":\"ListItem\",\"position\":1,\"name\":\"Portada\",\"item\":\"https:\/\/www.caminosantiagoacaballo.com\/de\/\"},{\"@type\":\"ListItem\",\"position\":2,\"name\":\"Camino Del Norte\"}]},{\"@type\":\"WebSite\",\"@id\":\"https:\/\/www.caminosantiagoacaballo.com\/de\/#website\",\"url\":\"https:\/\/www.caminosantiagoacaballo.com\/de\/\",\"name\":\"Camino de Santiago a Caballo\",\"description\":\"Realiza el Camino de Santiago con la mayor seguridad y comodidad a caballo\",\"publisher\":{\"@id\":\"https:\/\/www.caminosantiagoacaballo.com\/de\/#organization\"},\"potentialAction\":[{\"@type\":\"SearchAction\",\"target\":{\"@type\":\"EntryPoint\",\"urlTemplate\":\"https:\/\/www.caminosantiagoacaballo.com\/de\/?s={search_term_string}\"},\"query-input\":{\"@type\":\"PropertyValueSpecification\",\"valueRequired\":true,\"valueName\":\"search_term_string\"}}],\"inLanguage\":\"de\"},{\"@type\":\"Organization\",\"@id\":\"https:\/\/www.caminosantiagoacaballo.com\/de\/#organization\",\"name\":\"Camino de Santiago a Caballo\",\"url\":\"https:\/\/www.caminosantiagoacaballo.com\/de\/\",\"logo\":{\"@type\":\"ImageObject\",\"inLanguage\":\"de\",\"@id\":\"https:\/\/www.caminosantiagoacaballo.com\/de\/#\/schema\/logo\/image\/\",\"url\":\"https:\/\/www.caminosantiagoacaballo.com\/wp-content\/uploads\/2022\/09\/camino-santiago-a-caballo-logo.jpg\",\"contentUrl\":\"https:\/\/www.caminosantiagoacaballo.com\/wp-content\/uploads\/2022\/09\/camino-santiago-a-caballo-logo.jpg\",\"width\":199,\"height\":180,\"caption\":\"Camino de Santiago a Caballo\"},\"image\":{\"@id\":\"https:\/\/www.caminosantiagoacaballo.com\/de\/#\/schema\/logo\/image\/\"}}]}<\/script>\n<!-- \/ Yoast SEO plugin. -->","yoast_head_json":{"title":"Camino del Norte - Camino de Santiago zu Pferd","description":"Galicien, Cantabrico, Santiago, Oviedo, wir organisieren Reittouren entlang der Franz\u00f6sischen, Portugiesischen, Via de la Plata, Englischen und anderen Optionen.","robots":{"index":"index","follow":"follow","max-snippet":"max-snippet:-1","max-image-preview":"max-image-preview:large","max-video-preview":"max-video-preview:-1"},"canonical":"https:\/\/www.caminosantiagoacaballo.com\/de\/der-nordliche-weg\/","og_locale":"de_DE","og_type":"article","og_title":"Camino del Norte - Camino de Santiago zu Pferd","og_description":"Galicien, Cantabrico, Santiago, Oviedo, wir organisieren Reittouren entlang der Franz\u00f6sischen, Portugiesischen, Via de la Plata, Englischen und anderen Optionen.","og_url":"https:\/\/www.caminosantiagoacaballo.com\/de\/der-nordliche-weg\/","og_site_name":"Camino de Santiago a Caballo","article_modified_time":"2022-10-06T10:43:31+00:00","og_image":[{"url":"https:\/\/www.caminosantiagoacaballo.com\/wp-content\/uploads\/2022\/09\/camino-del-norte-1.jpg","type":"","width":"","height":""}],"twitter_card":"summary_large_image","schema":{"@context":"https:\/\/schema.org","@graph":[{"@type":"WebPage","@id":"https:\/\/www.caminosantiagoacaballo.com\/de\/der-nordliche-weg\/","url":"https:\/\/www.caminosantiagoacaballo.com\/de\/der-nordliche-weg\/","name":"Camino del Norte - Camino de Santiago zu Pferd","isPartOf":{"@id":"https:\/\/www.caminosantiagoacaballo.com\/de\/#website"},"primaryImageOfPage":{"@id":"https:\/\/www.caminosantiagoacaballo.com\/de\/der-nordliche-weg\/#primaryimage"},"image":{"@id":"https:\/\/www.caminosantiagoacaballo.com\/de\/der-nordliche-weg\/#primaryimage"},"thumbnailUrl":"https:\/\/www.caminosantiagoacaballo.com\/wp-content\/uploads\/2022\/09\/camino-del-norte-1.jpg","datePublished":"2016-10-16T14:49:37+00:00","dateModified":"2022-10-06T10:43:31+00:00","description":"Galicien, Cantabrico, Santiago, Oviedo, wir organisieren Reittouren entlang der Franz\u00f6sischen, Portugiesischen, Via de la Plata, Englischen und anderen Optionen.","breadcrumb":{"@id":"https:\/\/www.caminosantiagoacaballo.com\/de\/der-nordliche-weg\/#breadcrumb"},"inLanguage":"de","potentialAction":[{"@type":"ReadAction","target":["https:\/\/www.caminosantiagoacaballo.com\/de\/der-nordliche-weg\/"]}]},{"@type":"ImageObject","inLanguage":"de","@id":"https:\/\/www.caminosantiagoacaballo.com\/de\/der-nordliche-weg\/#primaryimage","url":"https:\/\/www.caminosantiagoacaballo.com\/wp-content\/uploads\/2022\/09\/camino-del-norte-1.jpg","contentUrl":"https:\/\/www.caminosantiagoacaballo.com\/wp-content\/uploads\/2022\/09\/camino-del-norte-1.jpg"},{"@type":"BreadcrumbList","@id":"https:\/\/www.caminosantiagoacaballo.com\/de\/der-nordliche-weg\/#breadcrumb","itemListElement":[{"@type":"ListItem","position":1,"name":"Portada","item":"https:\/\/www.caminosantiagoacaballo.com\/de\/"},{"@type":"ListItem","position":2,"name":"Camino Del Norte"}]},{"@type":"WebSite","@id":"https:\/\/www.caminosantiagoacaballo.com\/de\/#website","url":"https:\/\/www.caminosantiagoacaballo.com\/de\/","name":"Camino de Santiago a Caballo","description":"Realiza el Camino de Santiago con la mayor seguridad y comodidad a caballo","publisher":{"@id":"https:\/\/www.caminosantiagoacaballo.com\/de\/#organization"},"potentialAction":[{"@type":"SearchAction","target":{"@type":"EntryPoint","urlTemplate":"https:\/\/www.caminosantiagoacaballo.com\/de\/?s={search_term_string}"},"query-input":{"@type":"PropertyValueSpecification","valueRequired":true,"valueName":"search_term_string"}}],"inLanguage":"de"},{"@type":"Organization","@id":"https:\/\/www.caminosantiagoacaballo.com\/de\/#organization","name":"Camino de Santiago a Caballo","url":"https:\/\/www.caminosantiagoacaballo.com\/de\/","logo":{"@type":"ImageObject","inLanguage":"de","@id":"https:\/\/www.caminosantiagoacaballo.com\/de\/#\/schema\/logo\/image\/","url":"https:\/\/www.caminosantiagoacaballo.com\/wp-content\/uploads\/2022\/09\/camino-santiago-a-caballo-logo.jpg","contentUrl":"https:\/\/www.caminosantiagoacaballo.com\/wp-content\/uploads\/2022\/09\/camino-santiago-a-caballo-logo.jpg","width":199,"height":180,"caption":"Camino de Santiago a Caballo"},"image":{"@id":"https:\/\/www.caminosantiagoacaballo.com\/de\/#\/schema\/logo\/image\/"}}]}},"publishpress_future_workflow_manual_trigger":{"enabledWorkflows":[]},"_links":{"self":[{"href":"https:\/\/www.caminosantiagoacaballo.com\/de\/wp-json\/wp\/v2\/pages\/534","targetHints":{"allow":["GET"]}}],"collection":[{"href":"https:\/\/www.caminosantiagoacaballo.com\/de\/wp-json\/wp\/v2\/pages"}],"about":[{"href":"https:\/\/www.caminosantiagoacaballo.com\/de\/wp-json\/wp\/v2\/types\/page"}],"author":[{"embeddable":true,"href":"https:\/\/www.caminosantiagoacaballo.com\/de\/wp-json\/wp\/v2\/users\/1"}],"replies":[{"embeddable":true,"href":"https:\/\/www.caminosantiagoacaballo.com\/de\/wp-json\/wp\/v2\/comments?post=534"}],"version-history":[{"count":0,"href":"https:\/\/www.caminosantiagoacaballo.com\/de\/wp-json\/wp\/v2\/pages\/534\/revisions"}],"wp:attachment":[{"href":"https:\/\/www.caminosantiagoacaballo.com\/de\/wp-json\/wp\/v2\/media?parent=534"}],"curies":[{"name":"wp","href":"https:\/\/api.w.org\/{rel}","templated":true}]}}