{"id":495,"date":"2017-01-08T18:43:44","date_gmt":"2017-01-08T17:43:44","guid":{"rendered":"http:\/\/localhost:70\/caminosantiago\/de\/?page_id=495"},"modified":"2022-10-06T18:21:03","modified_gmt":"2022-10-06T16:21:03","slug":"die-meeresroute","status":"publish","type":"page","link":"https:\/\/www.caminosantiagoacaballo.com\/de\/die-meeresroute\/","title":{"rendered":"Route des Meeres"},"content":{"rendered":"<p><center><iframe src=\"https:\/\/www.google.com\/maps\/d\/embed?mid=1xQkdDBopIa7atgy0sBrkO2dTtrc\" width=\"95%\" height=\"480\" data-mce-fragment=\"1\"><\/iframe><\/center>\t\t<\/p>\n<p>Der Seeweg, auf dem der K\u00f6rper des Apostels eintrat, ist ein besonderer, wunderbarer Weg mit spektakul\u00e4ren Ausblicken auf das Meer, den Himmel und das Land, von dem aus Sie fast die gesamten R\u00edas Bajas sehen k\u00f6nnen. Es ist ein interessanter, spielerischer und tugendhafter Weg.<\/p>\n<p><img fetchpriority=\"high\" decoding=\"async\" src=\"https:\/\/www.caminosantiagoacaballo.com\/wp-content\/uploads\/2022\/09\/ruta-del-mar-1.jpg\" alt=\"\" width=\"500\" height=\"333\"><\/p>\n<p>Hier finden Sie die besten Paradors, Pazos, Landh\u00e4user und Hotels zum Ausruhen sowie Restaurants, in denen Sie die besten Meeresfr\u00fcchte, Fisch, Fleisch und Weine probieren k\u00f6nnen, die dieses Land charakterisieren. Es ist ein Weg, um vom Alltag abzuschalten, sich zu entspannen und das Pferd und Freundschaften zu genie\u00dfen und gleichzeitig unserem besten Freund und Reiter, dem APOSTEL SANTIAGO, einen Besuch abzustatten, damit er weiterhin \u00fcber uns wacht und uns Gesundheit schenkt, damit wir das Leben genie\u00dfen k\u00f6nnen.<\/p>\n<p><img decoding=\"async\" src=\"https:\/\/www.caminosantiagoacaballo.com\/wp-content\/uploads\/2022\/09\/ruta-del-mar-2.jpg\" alt=\"\" width=\"500\" height=\"373\"><\/p>\n<p>Wenn Sie eine touristische Route auf dem Pferder\u00fccken, zu Pferd, in der Freizeit, zum Vergn\u00fcgen, in den S\u00fcden Galiciens &#8211; Las R\u00edas Bajas-, zur Weinroute, zur Route der Maultiertreiber, zu den Albari\u00f1o-Weinkellereien, zu den Restaurants, zu den Kurorten, zu den Fischereih\u00e4fen, zu den Fischm\u00e4rkten, zu den Str\u00e4nden, zu den Fl\u00fcssen, zu den D\u00f6rfern, zu den Denkm\u00e4lern, &#8230; genie\u00dfen m\u00f6chten, dann z\u00f6gern Sie nicht, diese Route zu machen, Sie werden es nicht bereuen. Es ist eine unschlagbare Route, um sie zu Pferd zu bew\u00e4ltigen.<\/p>\n<p><img decoding=\"async\" src=\"https:\/\/www.caminosantiagoacaballo.com\/wp-content\/uploads\/2022\/09\/ruta-del-mar-3.jpg\" alt=\"\" width=\"500\" height=\"373\"><\/p>\n<p>Die Seeroute sollte in Tuy, an der Grenze zwischen Galicien und Portugal, beginnen. Sie w\u00fcrde von Tuy aus 10 Tage und 9 N\u00e4chte dauern und \u00fcber La Guardia, Baiona, Vigo, R\u00eda de Arcade (Austern), Puentesampaio, Pontevedra, Alto de los Montes de Poyo, den Golfplatz von Meis, Sanxenxo, Portonovo, den Strand von La Lanzada, El Grove (Fischerhafen), Isla de la Toja, Cambados, Villagarc\u00eda, Catoira, Padr\u00f3n und Santiago f\u00fchren. Je nach Zeitverf\u00fcgbarkeit kann sie k\u00fcrzer oder l\u00e4nger sein.<\/p>\n<p><img loading=\"lazy\" decoding=\"async\" src=\"https:\/\/www.caminosantiagoacaballo.com\/wp-content\/uploads\/2022\/09\/ruta-del-mar-4.jpg\" alt=\"\" width=\"500\" height=\"375\"><\/p>\n<p>Caminos Galicia bietet Ihnen zwei M\u00f6glichkeiten, die Strecke zu bew\u00e4ltigen: mit unseren Pferden oder, wenn Sie es w\u00fcnschen, mit Ihren eigenen Pferden. Wir bieten einen Transportservice an, wenn die Gruppe etwa 8 Pferde umfasst (nur im Gebiet der Halbinsel).<\/p>\n<p><img loading=\"lazy\" decoding=\"async\" src=\"https:\/\/www.caminosantiagoacaballo.com\/wp-content\/uploads\/2022\/09\/ruta-del-mar-5.jpg\" alt=\"\" width=\"500\" height=\"333\"><\/p>\n<p>Am Ende der Tageswanderung bleiben wir \u00fcber Nacht und genie\u00dfen ein Abschiedsessen. Am n\u00e4chsten Tag fr\u00fchst\u00fccken wir und begleiten Sie zu Ihrem Ausgangspunkt zur\u00fcck nach Hause. Wir hoffen, dass Sie den Camino und unseren Service genossen haben und freuen uns darauf, Sie wiederzusehen. Ich w\u00fcnsche Ihnen eine gute Reise!<\/p>\n<p><img loading=\"lazy\" decoding=\"async\" src=\"https:\/\/www.caminosantiagoacaballo.com\/wp-content\/uploads\/2022\/09\/ruta-del-mar-6.jpg\" alt=\"\" width=\"500\" height=\"333\"><\/p>\n","protected":false},"excerpt":{"rendered":"<p>Der Seeweg, auf dem der K\u00f6rper des Apostels eintrat, ist ein besonderer, wunderbarer Weg mit spektakul\u00e4ren Ausblicken auf das Meer, den Himmel und das Land, von dem aus Sie fast die gesamten R\u00edas Bajas sehen k\u00f6nnen. Es ist ein interessanter, spielerischer und tugendhafter Weg. Hier finden Sie die besten Paradors, Pazos, Landh\u00e4user und Hotels zum [&hellip;]<\/p>\n","protected":false},"author":1,"featured_media":0,"parent":0,"menu_order":0,"comment_status":"closed","ping_status":"closed","template":"","meta":{"_joinchat":[],"footnotes":""},"class_list":["post-495","page","type-page","status-publish","hentry"],"yoast_head":"<!-- This site is optimized with the Yoast SEO plugin v26.9 - https:\/\/yoast.com\/product\/yoast-seo-wordpress\/ -->\n<title>Route des Meeres - Spirituelle Variante - Der Jakobsweg zu Pferd<\/title>\n<meta name=\"description\" content=\"Wir organisieren Reitrouten entlang der Franz\u00f6sischen, Portugiesischen, Via de la Plata, Englischen und anderen Optionen.\" \/>\n<meta name=\"robots\" content=\"index, follow, max-snippet:-1, max-image-preview:large, max-video-preview:-1\" \/>\n<link rel=\"canonical\" href=\"https:\/\/www.caminosantiagoacaballo.com\/de\/die-meeresroute\/\" \/>\n<meta property=\"og:locale\" content=\"de_DE\" \/>\n<meta property=\"og:type\" content=\"article\" \/>\n<meta property=\"og:title\" content=\"Route des Meeres - Spirituelle Variante - Der Jakobsweg zu Pferd\" \/>\n<meta property=\"og:description\" content=\"Wir organisieren Reitrouten entlang der Franz\u00f6sischen, Portugiesischen, Via de la Plata, Englischen und anderen Optionen.\" \/>\n<meta property=\"og:url\" content=\"https:\/\/www.caminosantiagoacaballo.com\/de\/die-meeresroute\/\" \/>\n<meta property=\"og:site_name\" content=\"Camino de Santiago a Caballo\" \/>\n<meta property=\"article:modified_time\" content=\"2022-10-06T16:21:03+00:00\" \/>\n<meta property=\"og:image\" content=\"https:\/\/www.caminosantiagoacaballo.com\/wp-content\/uploads\/2022\/09\/ruta-del-mar-1.jpg\" \/>\n<meta name=\"twitter:card\" content=\"summary_large_image\" \/>\n<script type=\"application\/ld+json\" class=\"yoast-schema-graph\">{\"@context\":\"https:\/\/schema.org\",\"@graph\":[{\"@type\":\"WebPage\",\"@id\":\"https:\/\/www.caminosantiagoacaballo.com\/de\/die-meeresroute\/\",\"url\":\"https:\/\/www.caminosantiagoacaballo.com\/de\/die-meeresroute\/\",\"name\":\"Route des Meeres - Spirituelle Variante - Der Jakobsweg zu Pferd\",\"isPartOf\":{\"@id\":\"https:\/\/www.caminosantiagoacaballo.com\/de\/#website\"},\"primaryImageOfPage\":{\"@id\":\"https:\/\/www.caminosantiagoacaballo.com\/de\/die-meeresroute\/#primaryimage\"},\"image\":{\"@id\":\"https:\/\/www.caminosantiagoacaballo.com\/de\/die-meeresroute\/#primaryimage\"},\"thumbnailUrl\":\"https:\/\/www.caminosantiagoacaballo.com\/wp-content\/uploads\/2022\/09\/ruta-del-mar-1.jpg\",\"datePublished\":\"2017-01-08T17:43:44+00:00\",\"dateModified\":\"2022-10-06T16:21:03+00:00\",\"description\":\"Wir organisieren Reitrouten entlang der Franz\u00f6sischen, Portugiesischen, Via de la Plata, Englischen und anderen Optionen.\",\"breadcrumb\":{\"@id\":\"https:\/\/www.caminosantiagoacaballo.com\/de\/die-meeresroute\/#breadcrumb\"},\"inLanguage\":\"de\",\"potentialAction\":[{\"@type\":\"ReadAction\",\"target\":[\"https:\/\/www.caminosantiagoacaballo.com\/de\/die-meeresroute\/\"]}]},{\"@type\":\"ImageObject\",\"inLanguage\":\"de\",\"@id\":\"https:\/\/www.caminosantiagoacaballo.com\/de\/die-meeresroute\/#primaryimage\",\"url\":\"https:\/\/www.caminosantiagoacaballo.com\/wp-content\/uploads\/2022\/09\/ruta-del-mar-1.jpg\",\"contentUrl\":\"https:\/\/www.caminosantiagoacaballo.com\/wp-content\/uploads\/2022\/09\/ruta-del-mar-1.jpg\"},{\"@type\":\"BreadcrumbList\",\"@id\":\"https:\/\/www.caminosantiagoacaballo.com\/de\/die-meeresroute\/#breadcrumb\",\"itemListElement\":[{\"@type\":\"ListItem\",\"position\":1,\"name\":\"Portada\",\"item\":\"https:\/\/www.caminosantiagoacaballo.com\/de\/\"},{\"@type\":\"ListItem\",\"position\":2,\"name\":\"Route des Meeres\"}]},{\"@type\":\"WebSite\",\"@id\":\"https:\/\/www.caminosantiagoacaballo.com\/de\/#website\",\"url\":\"https:\/\/www.caminosantiagoacaballo.com\/de\/\",\"name\":\"Camino de Santiago a Caballo\",\"description\":\"Realiza el Camino de Santiago con la mayor seguridad y comodidad a caballo\",\"publisher\":{\"@id\":\"https:\/\/www.caminosantiagoacaballo.com\/de\/#organization\"},\"potentialAction\":[{\"@type\":\"SearchAction\",\"target\":{\"@type\":\"EntryPoint\",\"urlTemplate\":\"https:\/\/www.caminosantiagoacaballo.com\/de\/?s={search_term_string}\"},\"query-input\":{\"@type\":\"PropertyValueSpecification\",\"valueRequired\":true,\"valueName\":\"search_term_string\"}}],\"inLanguage\":\"de\"},{\"@type\":\"Organization\",\"@id\":\"https:\/\/www.caminosantiagoacaballo.com\/de\/#organization\",\"name\":\"Camino de Santiago a Caballo\",\"url\":\"https:\/\/www.caminosantiagoacaballo.com\/de\/\",\"logo\":{\"@type\":\"ImageObject\",\"inLanguage\":\"de\",\"@id\":\"https:\/\/www.caminosantiagoacaballo.com\/de\/#\/schema\/logo\/image\/\",\"url\":\"https:\/\/www.caminosantiagoacaballo.com\/wp-content\/uploads\/2022\/09\/camino-santiago-a-caballo-logo.jpg\",\"contentUrl\":\"https:\/\/www.caminosantiagoacaballo.com\/wp-content\/uploads\/2022\/09\/camino-santiago-a-caballo-logo.jpg\",\"width\":199,\"height\":180,\"caption\":\"Camino de Santiago a Caballo\"},\"image\":{\"@id\":\"https:\/\/www.caminosantiagoacaballo.com\/de\/#\/schema\/logo\/image\/\"}}]}<\/script>\n<!-- \/ Yoast SEO plugin. -->","yoast_head_json":{"title":"Route des Meeres - Spirituelle Variante - Der Jakobsweg zu Pferd","description":"Wir organisieren Reitrouten entlang der Franz\u00f6sischen, Portugiesischen, Via de la Plata, Englischen und anderen Optionen.","robots":{"index":"index","follow":"follow","max-snippet":"max-snippet:-1","max-image-preview":"max-image-preview:large","max-video-preview":"max-video-preview:-1"},"canonical":"https:\/\/www.caminosantiagoacaballo.com\/de\/die-meeresroute\/","og_locale":"de_DE","og_type":"article","og_title":"Route des Meeres - Spirituelle Variante - Der Jakobsweg zu Pferd","og_description":"Wir organisieren Reitrouten entlang der Franz\u00f6sischen, Portugiesischen, Via de la Plata, Englischen und anderen Optionen.","og_url":"https:\/\/www.caminosantiagoacaballo.com\/de\/die-meeresroute\/","og_site_name":"Camino de Santiago a Caballo","article_modified_time":"2022-10-06T16:21:03+00:00","og_image":[{"url":"https:\/\/www.caminosantiagoacaballo.com\/wp-content\/uploads\/2022\/09\/ruta-del-mar-1.jpg","type":"","width":"","height":""}],"twitter_card":"summary_large_image","schema":{"@context":"https:\/\/schema.org","@graph":[{"@type":"WebPage","@id":"https:\/\/www.caminosantiagoacaballo.com\/de\/die-meeresroute\/","url":"https:\/\/www.caminosantiagoacaballo.com\/de\/die-meeresroute\/","name":"Route des Meeres - Spirituelle Variante - Der Jakobsweg zu Pferd","isPartOf":{"@id":"https:\/\/www.caminosantiagoacaballo.com\/de\/#website"},"primaryImageOfPage":{"@id":"https:\/\/www.caminosantiagoacaballo.com\/de\/die-meeresroute\/#primaryimage"},"image":{"@id":"https:\/\/www.caminosantiagoacaballo.com\/de\/die-meeresroute\/#primaryimage"},"thumbnailUrl":"https:\/\/www.caminosantiagoacaballo.com\/wp-content\/uploads\/2022\/09\/ruta-del-mar-1.jpg","datePublished":"2017-01-08T17:43:44+00:00","dateModified":"2022-10-06T16:21:03+00:00","description":"Wir organisieren Reitrouten entlang der Franz\u00f6sischen, Portugiesischen, Via de la Plata, Englischen und anderen Optionen.","breadcrumb":{"@id":"https:\/\/www.caminosantiagoacaballo.com\/de\/die-meeresroute\/#breadcrumb"},"inLanguage":"de","potentialAction":[{"@type":"ReadAction","target":["https:\/\/www.caminosantiagoacaballo.com\/de\/die-meeresroute\/"]}]},{"@type":"ImageObject","inLanguage":"de","@id":"https:\/\/www.caminosantiagoacaballo.com\/de\/die-meeresroute\/#primaryimage","url":"https:\/\/www.caminosantiagoacaballo.com\/wp-content\/uploads\/2022\/09\/ruta-del-mar-1.jpg","contentUrl":"https:\/\/www.caminosantiagoacaballo.com\/wp-content\/uploads\/2022\/09\/ruta-del-mar-1.jpg"},{"@type":"BreadcrumbList","@id":"https:\/\/www.caminosantiagoacaballo.com\/de\/die-meeresroute\/#breadcrumb","itemListElement":[{"@type":"ListItem","position":1,"name":"Portada","item":"https:\/\/www.caminosantiagoacaballo.com\/de\/"},{"@type":"ListItem","position":2,"name":"Route des Meeres"}]},{"@type":"WebSite","@id":"https:\/\/www.caminosantiagoacaballo.com\/de\/#website","url":"https:\/\/www.caminosantiagoacaballo.com\/de\/","name":"Camino de Santiago a Caballo","description":"Realiza el Camino de Santiago con la mayor seguridad y comodidad a caballo","publisher":{"@id":"https:\/\/www.caminosantiagoacaballo.com\/de\/#organization"},"potentialAction":[{"@type":"SearchAction","target":{"@type":"EntryPoint","urlTemplate":"https:\/\/www.caminosantiagoacaballo.com\/de\/?s={search_term_string}"},"query-input":{"@type":"PropertyValueSpecification","valueRequired":true,"valueName":"search_term_string"}}],"inLanguage":"de"},{"@type":"Organization","@id":"https:\/\/www.caminosantiagoacaballo.com\/de\/#organization","name":"Camino de Santiago a Caballo","url":"https:\/\/www.caminosantiagoacaballo.com\/de\/","logo":{"@type":"ImageObject","inLanguage":"de","@id":"https:\/\/www.caminosantiagoacaballo.com\/de\/#\/schema\/logo\/image\/","url":"https:\/\/www.caminosantiagoacaballo.com\/wp-content\/uploads\/2022\/09\/camino-santiago-a-caballo-logo.jpg","contentUrl":"https:\/\/www.caminosantiagoacaballo.com\/wp-content\/uploads\/2022\/09\/camino-santiago-a-caballo-logo.jpg","width":199,"height":180,"caption":"Camino de Santiago a Caballo"},"image":{"@id":"https:\/\/www.caminosantiagoacaballo.com\/de\/#\/schema\/logo\/image\/"}}]}},"publishpress_future_workflow_manual_trigger":{"enabledWorkflows":[]},"_links":{"self":[{"href":"https:\/\/www.caminosantiagoacaballo.com\/de\/wp-json\/wp\/v2\/pages\/495","targetHints":{"allow":["GET"]}}],"collection":[{"href":"https:\/\/www.caminosantiagoacaballo.com\/de\/wp-json\/wp\/v2\/pages"}],"about":[{"href":"https:\/\/www.caminosantiagoacaballo.com\/de\/wp-json\/wp\/v2\/types\/page"}],"author":[{"embeddable":true,"href":"https:\/\/www.caminosantiagoacaballo.com\/de\/wp-json\/wp\/v2\/users\/1"}],"replies":[{"embeddable":true,"href":"https:\/\/www.caminosantiagoacaballo.com\/de\/wp-json\/wp\/v2\/comments?post=495"}],"version-history":[{"count":0,"href":"https:\/\/www.caminosantiagoacaballo.com\/de\/wp-json\/wp\/v2\/pages\/495\/revisions"}],"wp:attachment":[{"href":"https:\/\/www.caminosantiagoacaballo.com\/de\/wp-json\/wp\/v2\/media?parent=495"}],"curies":[{"name":"wp","href":"https:\/\/api.w.org\/{rel}","templated":true}]}}