{"id":4776,"date":"2022-09-05T17:11:30","date_gmt":"2022-09-05T15:11:30","guid":{"rendered":"https:\/\/caminosantiagoacaballo.com\/\/datenschutzbestimmungen\/"},"modified":"2022-10-06T12:43:22","modified_gmt":"2022-10-06T10:43:22","slug":"datenschutzbestimmungen","status":"publish","type":"page","link":"https:\/\/www.caminosantiagoacaballo.com\/de\/datenschutzbestimmungen\/","title":{"rendered":"Datenschutzbestimmungen"},"content":{"rendered":"<ol>\n<li>\n<h2>BENUTZERINFORMATIONEN<\/h2>\n<\/li>\n<\/ol>\n<h3>Wer ist f\u00fcr die Verarbeitung Ihrer pers\u00f6nlichen Daten verantwortlich?<\/h3>\n<p>CAMINOS GALICIA SL ist f\u00fcr die Verarbeitung der personenbezogenen Daten des BENUTZERS VERANTWORTLICH und informiert Sie, dass diese Daten gem\u00e4\u00df den Bestimmungen der Verordnung (EU) 2016\/679 vom 27. April (GDPR) und dem Organgesetz 3\/2018 vom 5. Dezember (LOPDGDD) verarbeitet werden.<\/p>\n<h3>Wozu verarbeiten wir Ihre pers\u00f6nlichen Daten?<\/h3>\n<p>Zur Aufrechterhaltung einer Gesch\u00e4ftsbeziehung mit dem Nutzer. F\u00fcr die Durchf\u00fchrung der Verarbeitung sind folgende Vorg\u00e4nge vorgesehen:<\/p>\n<ul>\n<li>Das Versenden kommerzieller Werbemitteilungen per E-Mail, Fax, SMS, MMS, soziale Netzwerke oder andere gegenw\u00e4rtige oder zuk\u00fcnftige elektronische oder physische Mittel, die kommerzielle Mitteilungen erm\u00f6glichen. Diese Mitteilungen werden vom VERANTWORTLICHEN gemacht und beziehen sich auf seine Produkte und Dienstleistungen oder die seiner Mitarbeiter oder Lieferanten, mit denen er eine Werbevereinbarung getroffen hat. In diesem Fall haben Dritte niemals Zugang zu pers\u00f6nlichen Daten.<\/li>\n<li>F\u00fchren Sie Marktforschung und statistische Analysen durch.<\/li>\n<li>Bearbeitung von Bestellungen, Anfragen, Beantwortung von R\u00fcckfragen oder Anfragen jeglicher Art, die der BENUTZER \u00fcber eines der auf der Website des VERANTWORTLICHEN zur Verf\u00fcgung gestellten Kontaktformulare stellt.<\/li>\n<li>F\u00fcr den Versand des Online-Newsletters \u00fcber Neuigkeiten, Angebote und Aktionen in unserer T\u00e4tigkeit.<\/li>\n<\/ul>\n<h3>Warum d\u00fcrfen wir Ihre personenbezogenen Daten verarbeiten?<\/h3>\n<p>Weil die Verarbeitung durch Artikel 6 der DSGVO wie folgt legitimiert ist:<\/p>\n<ul>\n<li>Mit Zustimmung des BENUTZERS: Zusendung von kommerziellen Mitteilungen und des Newsletters.<\/li>\n<li>F\u00fcr das berechtigte Interesse des VERANTWORTLICHEN: zur Durchf\u00fchrung von Marktforschung, statistischen Analysen usw. und zur Bearbeitung von Bestellungen, Anfragen usw. auf Anfrage des BENUTZERS.<\/li>\n<\/ul>\n<h3>Wie lange werden wir Ihre pers\u00f6nlichen Daten aufbewahren?<\/h3>\n<p>Sie werden nur so lange aufbewahrt, wie es f\u00fcr die Aufrechterhaltung des Zwecks der Verarbeitung erforderlich ist, oder es gibt gesetzliche Vorschriften, die ihre Aufbewahrung vorschreiben, und wenn sie f\u00fcr diesen Zweck nicht mehr erforderlich sind, werden sie mit geeigneten Sicherheitsma\u00dfnahmen gel\u00f6scht, um die Anonymisierung der Daten oder ihre vollst\u00e4ndige Vernichtung zu gew\u00e4hrleisten.<\/p>\n<h3>An wen geben wir Ihre pers\u00f6nlichen Daten weiter?<\/h3>\n<p>Es ist keine Weitergabe personenbezogener Daten an Dritte vorgesehen, au\u00dfer, wenn dies f\u00fcr die Entwicklung und Ausf\u00fchrung der Zwecke der Verarbeitung erforderlich ist, an unsere Dienstleister im Zusammenhang mit der Kommunikation, mit denen der VERANTWORTLICHE die von den geltenden Datenschutzbestimmungen vorgeschriebenen Vertraulichkeits- und Datenverarbeitungsvertr\u00e4ge unterzeichnet hat.<\/p>\n<h3>Was sind Ihre Rechte?<\/h3>\n<p>Die Rechte des BENUTZERS sind:<\/p>\n<ul>\n<li>Recht auf jederzeitigen Widerruf der Zustimmung.<\/li>\n<li>Das Recht auf Zugang, Berichtigung, \u00dcbertragbarkeit und L\u00f6schung Ihrer Daten sowie das Recht, die Verarbeitung einzuschr\u00e4nken oder ihr zu widersprechen.<\/li>\n<li>Das Recht, eine Beschwerde bei der Aufsichtsbeh\u00f6rde (www.aepd.es) einzureichen, wenn Sie der Meinung sind, dass die Verarbeitung nicht mit den geltenden Vorschriften \u00fcbereinstimmt.<\/li>\n<\/ul>\n<p>Kontaktinformationen f\u00fcr die Aus\u00fcbung Ihrer Rechte:<\/p>\n<p>CAMINOS GALICIA SL. Caritel 2. Pontecaldelas (36820), Pontevedra. E-mail: caminosgalicia@hotmail.com<\/p>\n<ol start=\"2\">\n<li>\n<h2>OBLIGATORISCHER ODER FAKULTATIVER CHARAKTER DER VOM BENUTZER BEREITGESTELLTEN INFORMATIONEN<\/h2>\n<\/li>\n<\/ol>\n<p>BENUTZER akzeptieren durch Ankreuzen der entsprechenden K\u00e4stchen und durch Eingabe von Daten in die mit einem Sternchen (*) gekennzeichneten Felder im Kontaktformular oder in Download-Formularen ausdr\u00fccklich und frei und unmissverst\u00e4ndlich, dass ihre Daten f\u00fcr die Bearbeitung ihrer Anfrage durch den Anbieter erforderlich sind, wobei die Angabe von Daten in den \u00fcbrigen Feldern freiwillig ist. Der BENUTZER garantiert, dass die der VERANTWORTLICHEN PARTEI zur Verf\u00fcgung gestellten pers\u00f6nlichen Daten wahrheitsgem\u00e4\u00df sind, und ist daf\u00fcr verantwortlich, alle \u00c4nderungen daran mitzuteilen.<\/p>\n<p>Der VERANTWORTLICHE informiert, dass alle \u00fcber die Website angeforderten Daten obligatorisch sind, da sie f\u00fcr die Bereitstellung eines optimalen Service f\u00fcr den BENUTZER erforderlich sind. Wenn nicht alle Daten angegeben werden, gibt es keine Garantie daf\u00fcr, dass die angebotenen Informationen und Dienste vollst\u00e4ndig auf Ihre Bed\u00fcrfnisse zugeschnitten sind.<\/p>\n<ol start=\"3\">\n<li>\n<h2>SICHERHEITSMASSNAHMEN<\/h2>\n<\/li>\n<\/ol>\n<p>dass der VERANTWORTLICHE in \u00dcbereinstimmung mit den Bestimmungen der geltenden Vorschriften zum Schutz personenbezogener Daten alle Bestimmungen der DSGVO und der LOPDGDD f\u00fcr die Verarbeitung personenbezogener Daten unter seiner Verantwortung einh\u00e4lt und sich offenkundig an die in Artikel 5 der DSGVO beschriebenen Grunds\u00e4tze h\u00e4lt, wonach die Daten rechtm\u00e4\u00dfig, nach Treu und Glauben und in transparenter Weise gegen\u00fcber der betroffenen Person verarbeitet werden und angemessen, relevant und auf das im Hinblick auf die Zwecke, f\u00fcr die sie verarbeitet werden, erforderliche Ma\u00df beschr\u00e4nkt sind.<\/p>\n<p>Der VERANTWORTLICHE garantiert, dass er geeignete technische und organisatorische Ma\u00dfnahmen ergriffen hat, um die von der DSGVO und der LOPDGDD festgelegten Sicherheitsma\u00dfnahmen anzuwenden, um die Rechte und Freiheiten der NUTZER zu sch\u00fctzen, und dass er ihnen die entsprechenden Informationen mitgeteilt hat, damit sie diese aus\u00fcben k\u00f6nnen.<\/p>\n<p>F\u00fcr weitere Informationen \u00fcber Datenschutzgarantien k\u00f6nnen Sie die VERANTWORTLICHE PARTEI \u00fcber CAMINOS GALICIA SL kontaktieren. Caritel 2. Pontecaldelas (36820), Pontevedra. E-mail: caminosgalicia@hotmail.com<\/p>\n","protected":false},"excerpt":{"rendered":"<p>BENUTZERINFORMATIONEN Wer ist f\u00fcr die Verarbeitung Ihrer pers\u00f6nlichen Daten verantwortlich? CAMINOS GALICIA SL ist f\u00fcr die Verarbeitung der personenbezogenen Daten des BENUTZERS VERANTWORTLICH und informiert Sie, dass diese Daten gem\u00e4\u00df den Bestimmungen der Verordnung (EU) 2016\/679 vom 27. April (GDPR) und dem Organgesetz 3\/2018 vom 5. Dezember (LOPDGDD) verarbeitet werden. Wozu verarbeiten wir Ihre pers\u00f6nlichen [&hellip;]<\/p>\n","protected":false},"author":1,"featured_media":0,"parent":0,"menu_order":0,"comment_status":"closed","ping_status":"closed","template":"","meta":{"_joinchat":[],"footnotes":""},"class_list":["post-4776","page","type-page","status-publish","hentry"],"yoast_head":"<!-- This site is optimized with the Yoast SEO plugin v26.9 - https:\/\/yoast.com\/product\/yoast-seo-wordpress\/ -->\n<title>Datenschutzbestimmungen - Camino de Santiago a Caballo<\/title>\n<meta name=\"robots\" content=\"noindex, follow\" \/>\n<meta property=\"og:locale\" content=\"de_DE\" \/>\n<meta property=\"og:type\" content=\"article\" \/>\n<meta property=\"og:title\" content=\"Datenschutzbestimmungen - Camino de Santiago a Caballo\" \/>\n<meta property=\"og:description\" content=\"BENUTZERINFORMATIONEN Wer ist f\u00fcr die Verarbeitung Ihrer pers\u00f6nlichen Daten verantwortlich? CAMINOS GALICIA SL ist f\u00fcr die Verarbeitung der personenbezogenen Daten des BENUTZERS VERANTWORTLICH und informiert Sie, dass diese Daten gem\u00e4\u00df den Bestimmungen der Verordnung (EU) 2016\/679 vom 27. April (GDPR) und dem Organgesetz 3\/2018 vom 5. Dezember (LOPDGDD) verarbeitet werden. Wozu verarbeiten wir Ihre pers\u00f6nlichen [&hellip;]\" \/>\n<meta property=\"og:url\" content=\"https:\/\/www.caminosantiagoacaballo.com\/de\/datenschutzbestimmungen\/\" \/>\n<meta property=\"og:site_name\" content=\"Camino de Santiago a Caballo\" \/>\n<meta property=\"article:modified_time\" content=\"2022-10-06T10:43:22+00:00\" \/>\n<meta name=\"twitter:card\" content=\"summary_large_image\" \/>\n<script type=\"application\/ld+json\" class=\"yoast-schema-graph\">{\"@context\":\"https:\/\/schema.org\",\"@graph\":[{\"@type\":\"WebPage\",\"@id\":\"https:\/\/www.caminosantiagoacaballo.com\/de\/datenschutzbestimmungen\/\",\"url\":\"https:\/\/www.caminosantiagoacaballo.com\/de\/datenschutzbestimmungen\/\",\"name\":\"Datenschutzbestimmungen - Camino de Santiago a Caballo\",\"isPartOf\":{\"@id\":\"https:\/\/www.caminosantiagoacaballo.com\/de\/#website\"},\"datePublished\":\"2022-09-05T15:11:30+00:00\",\"dateModified\":\"2022-10-06T10:43:22+00:00\",\"breadcrumb\":{\"@id\":\"https:\/\/www.caminosantiagoacaballo.com\/de\/datenschutzbestimmungen\/#breadcrumb\"},\"inLanguage\":\"de\",\"potentialAction\":[{\"@type\":\"ReadAction\",\"target\":[\"https:\/\/www.caminosantiagoacaballo.com\/de\/datenschutzbestimmungen\/\"]}]},{\"@type\":\"BreadcrumbList\",\"@id\":\"https:\/\/www.caminosantiagoacaballo.com\/de\/datenschutzbestimmungen\/#breadcrumb\",\"itemListElement\":[{\"@type\":\"ListItem\",\"position\":1,\"name\":\"Portada\",\"item\":\"https:\/\/www.caminosantiagoacaballo.com\/de\/\"},{\"@type\":\"ListItem\",\"position\":2,\"name\":\"Datenschutzbestimmungen\"}]},{\"@type\":\"WebSite\",\"@id\":\"https:\/\/www.caminosantiagoacaballo.com\/de\/#website\",\"url\":\"https:\/\/www.caminosantiagoacaballo.com\/de\/\",\"name\":\"Camino de Santiago a Caballo\",\"description\":\"Realiza el Camino de Santiago con la mayor seguridad y comodidad a caballo\",\"publisher\":{\"@id\":\"https:\/\/www.caminosantiagoacaballo.com\/de\/#organization\"},\"potentialAction\":[{\"@type\":\"SearchAction\",\"target\":{\"@type\":\"EntryPoint\",\"urlTemplate\":\"https:\/\/www.caminosantiagoacaballo.com\/de\/?s={search_term_string}\"},\"query-input\":{\"@type\":\"PropertyValueSpecification\",\"valueRequired\":true,\"valueName\":\"search_term_string\"}}],\"inLanguage\":\"de\"},{\"@type\":\"Organization\",\"@id\":\"https:\/\/www.caminosantiagoacaballo.com\/de\/#organization\",\"name\":\"Camino de Santiago a Caballo\",\"url\":\"https:\/\/www.caminosantiagoacaballo.com\/de\/\",\"logo\":{\"@type\":\"ImageObject\",\"inLanguage\":\"de\",\"@id\":\"https:\/\/www.caminosantiagoacaballo.com\/de\/#\/schema\/logo\/image\/\",\"url\":\"https:\/\/www.caminosantiagoacaballo.com\/wp-content\/uploads\/2022\/09\/camino-santiago-a-caballo-logo.jpg\",\"contentUrl\":\"https:\/\/www.caminosantiagoacaballo.com\/wp-content\/uploads\/2022\/09\/camino-santiago-a-caballo-logo.jpg\",\"width\":199,\"height\":180,\"caption\":\"Camino de Santiago a Caballo\"},\"image\":{\"@id\":\"https:\/\/www.caminosantiagoacaballo.com\/de\/#\/schema\/logo\/image\/\"}}]}<\/script>\n<!-- \/ Yoast SEO plugin. -->","yoast_head_json":{"title":"Datenschutzbestimmungen - Camino de Santiago a Caballo","robots":{"index":"noindex","follow":"follow"},"og_locale":"de_DE","og_type":"article","og_title":"Datenschutzbestimmungen - Camino de Santiago a Caballo","og_description":"BENUTZERINFORMATIONEN Wer ist f\u00fcr die Verarbeitung Ihrer pers\u00f6nlichen Daten verantwortlich? CAMINOS GALICIA SL ist f\u00fcr die Verarbeitung der personenbezogenen Daten des BENUTZERS VERANTWORTLICH und informiert Sie, dass diese Daten gem\u00e4\u00df den Bestimmungen der Verordnung (EU) 2016\/679 vom 27. April (GDPR) und dem Organgesetz 3\/2018 vom 5. Dezember (LOPDGDD) verarbeitet werden. Wozu verarbeiten wir Ihre pers\u00f6nlichen [&hellip;]","og_url":"https:\/\/www.caminosantiagoacaballo.com\/de\/datenschutzbestimmungen\/","og_site_name":"Camino de Santiago a Caballo","article_modified_time":"2022-10-06T10:43:22+00:00","twitter_card":"summary_large_image","schema":{"@context":"https:\/\/schema.org","@graph":[{"@type":"WebPage","@id":"https:\/\/www.caminosantiagoacaballo.com\/de\/datenschutzbestimmungen\/","url":"https:\/\/www.caminosantiagoacaballo.com\/de\/datenschutzbestimmungen\/","name":"Datenschutzbestimmungen - Camino de Santiago a Caballo","isPartOf":{"@id":"https:\/\/www.caminosantiagoacaballo.com\/de\/#website"},"datePublished":"2022-09-05T15:11:30+00:00","dateModified":"2022-10-06T10:43:22+00:00","breadcrumb":{"@id":"https:\/\/www.caminosantiagoacaballo.com\/de\/datenschutzbestimmungen\/#breadcrumb"},"inLanguage":"de","potentialAction":[{"@type":"ReadAction","target":["https:\/\/www.caminosantiagoacaballo.com\/de\/datenschutzbestimmungen\/"]}]},{"@type":"BreadcrumbList","@id":"https:\/\/www.caminosantiagoacaballo.com\/de\/datenschutzbestimmungen\/#breadcrumb","itemListElement":[{"@type":"ListItem","position":1,"name":"Portada","item":"https:\/\/www.caminosantiagoacaballo.com\/de\/"},{"@type":"ListItem","position":2,"name":"Datenschutzbestimmungen"}]},{"@type":"WebSite","@id":"https:\/\/www.caminosantiagoacaballo.com\/de\/#website","url":"https:\/\/www.caminosantiagoacaballo.com\/de\/","name":"Camino de Santiago a Caballo","description":"Realiza el Camino de Santiago con la mayor seguridad y comodidad a caballo","publisher":{"@id":"https:\/\/www.caminosantiagoacaballo.com\/de\/#organization"},"potentialAction":[{"@type":"SearchAction","target":{"@type":"EntryPoint","urlTemplate":"https:\/\/www.caminosantiagoacaballo.com\/de\/?s={search_term_string}"},"query-input":{"@type":"PropertyValueSpecification","valueRequired":true,"valueName":"search_term_string"}}],"inLanguage":"de"},{"@type":"Organization","@id":"https:\/\/www.caminosantiagoacaballo.com\/de\/#organization","name":"Camino de Santiago a Caballo","url":"https:\/\/www.caminosantiagoacaballo.com\/de\/","logo":{"@type":"ImageObject","inLanguage":"de","@id":"https:\/\/www.caminosantiagoacaballo.com\/de\/#\/schema\/logo\/image\/","url":"https:\/\/www.caminosantiagoacaballo.com\/wp-content\/uploads\/2022\/09\/camino-santiago-a-caballo-logo.jpg","contentUrl":"https:\/\/www.caminosantiagoacaballo.com\/wp-content\/uploads\/2022\/09\/camino-santiago-a-caballo-logo.jpg","width":199,"height":180,"caption":"Camino de Santiago a Caballo"},"image":{"@id":"https:\/\/www.caminosantiagoacaballo.com\/de\/#\/schema\/logo\/image\/"}}]}},"publishpress_future_workflow_manual_trigger":{"enabledWorkflows":[]},"_links":{"self":[{"href":"https:\/\/www.caminosantiagoacaballo.com\/de\/wp-json\/wp\/v2\/pages\/4776","targetHints":{"allow":["GET"]}}],"collection":[{"href":"https:\/\/www.caminosantiagoacaballo.com\/de\/wp-json\/wp\/v2\/pages"}],"about":[{"href":"https:\/\/www.caminosantiagoacaballo.com\/de\/wp-json\/wp\/v2\/types\/page"}],"author":[{"embeddable":true,"href":"https:\/\/www.caminosantiagoacaballo.com\/de\/wp-json\/wp\/v2\/users\/1"}],"replies":[{"embeddable":true,"href":"https:\/\/www.caminosantiagoacaballo.com\/de\/wp-json\/wp\/v2\/comments?post=4776"}],"version-history":[{"count":0,"href":"https:\/\/www.caminosantiagoacaballo.com\/de\/wp-json\/wp\/v2\/pages\/4776\/revisions"}],"wp:attachment":[{"href":"https:\/\/www.caminosantiagoacaballo.com\/de\/wp-json\/wp\/v2\/media?parent=4776"}],"curies":[{"name":"wp","href":"https:\/\/api.w.org\/{rel}","templated":true}]}}