{"id":4767,"date":"2022-09-08T14:17:04","date_gmt":"2022-09-08T12:17:04","guid":{"rendered":"https:\/\/caminosantiagoacaballo.com\/\/cookies-politik\/"},"modified":"2022-10-06T12:43:18","modified_gmt":"2022-10-06T10:43:18","slug":"cookies-politik","status":"publish","type":"page","link":"https:\/\/www.caminosantiagoacaballo.com\/de\/cookies-politik\/","title":{"rendered":"Cookies Politik"},"content":{"rendered":"<h3>INFORMATIONEN \u00dcBER COOKIES<\/h3>\n<p>In \u00dcbereinstimmung mit dem Gesetz 34\/2002 vom 11. Juli 2002 \u00fcber die Dienste <strong>der Informationsgesellschaft<\/strong>und den elektronischen Gesch\u00e4ftsverkehr (LSSI), in<br \/>\n der Information und des elektronischen Handels (LSSI) ist es im Zusammenhang mit der Verordnung (EU) 2016\/679 des Europ\u00e4ischen Parlaments und des Rates vom 27. April 2016, der Allgemeinen Datenschutzverordnung (GDPR) und dem Organgesetz 3\/2018 vom 5. Dezember \u00fcber den Datenschutz und die Gew\u00e4hrleistung digitaler Rechte (LOPDGDD) obligatorisch, die ausdr\u00fcckliche Zustimmung des Benutzers aller Websites, die entbehrliche Cookies verwenden, einzuholen, bevor der Benutzer sie besucht. <\/p>\n<h3>WAS SIND COOKIES?<\/h3>\n<p>Cookies und andere \u00e4hnliche Technologien wie Local Shared Objects, Flash-Cookies oder Pixel sind Hilfsmittel, die von Webservern verwendet werden, um Informationen \u00fcber ihre Besucher zu speichern und abzurufen sowie die korrekte Funktion der Website zu gew\u00e4hrleisten.<br \/>\nDie Verwendung dieser Ger\u00e4te erm\u00f6glicht es dem Webserver, sich einige Daten \u00fcber den Benutzer zu merken, z. B. seine Vorlieben f\u00fcr die Anzeige der Seiten dieses Servers, seinen Namen und sein Passwort, die Produkte, f\u00fcr die er sich am meisten interessiert, usw.<\/p>\n<h3>COOKIES, DIE VON DER VERORDNUNG BETROFFEN SIND, UND AUSGENOMMENE COOKIES<\/h3>\n<p>Gem\u00e4\u00df der EU-Richtlinie handelt es sich bei den Cookies, die die informierte Zustimmung des Nutzers erfordern, um analytische Cookies sowie Werbe- und Partnerschafts-Cookies, mit Ausnahme von technischen Cookies und solchen, die f\u00fcr den Betrieb der Website oder die Erbringung von Dienstleistungen, die vom Nutzer ausdr\u00fccklich angefordert wurden, erforderlich sind.<\/p>\n<h3>ARTEN VON COOKIES<\/h3>\n<h4>JE NACH ZWECK<\/h4>\n<p><strong>Technische und funktionale Cookies:<\/strong> Diese erm\u00f6glichen es dem Benutzer, auf einer Website, Plattform oder Anwendung zu surfen und die verschiedenen Optionen oder Dienste zu nutzen, die es dort gibt.<br \/>\n<strong>Analytische Cookies:<\/strong> Dies sind Cookies, die es der f\u00fcr sie verantwortlichen Partei erm\u00f6glichen, das Verhalten der Nutzer der Websites, mit denen sie verkn\u00fcpft sind, zu \u00fcberwachen und zu analysieren.<br \/>\nDie durch diese Art von Cookies gesammelten Informationen werden zur Messung der Aktivit\u00e4t der Websites, Anwendungen oder Plattformen und zur Erstellung von Browsing-Profilen der Nutzer dieser Websites, Anwendungen und Plattformen verwendet, um Verbesserungen auf der Grundlage der Analyse der Daten \u00fcber die Nutzung des Dienstes durch die Nutzer einzuf\u00fchren.<\/p>\n<p><strong>Werbe-Cookies:<\/strong>  sind solche, die eine m\u00f6glichst effiziente Verwaltung der Werbefl\u00e4chen erm\u00f6glichen, die der Herausgeber gegebenenfalls auf einer Website, einer Anwendung oder einer Plattform, von der aus er den angeforderten Dienst anbietet, auf der Grundlage von Kriterien wie dem bearbeiteten Inhalt oder der H\u00e4ufigkeit, mit der die Werbung angezeigt wird, eingerichtet hat.<\/p>\n<p><strong>Cookies f\u00fcr verhaltensbasierte Werbung:<\/strong>  Informationen \u00fcber die Pr\u00e4ferenzen und pers\u00f6nlichen Entscheidungen des Nutzers zu sammeln (Retargeting), um eine m\u00f6glichst effiziente Verwaltung der Werbefl\u00e4chen zu erm\u00f6glichen, die der Herausgeber gegebenenfalls auf einer Website, einer Anwendung oder einer Plattform eingerichtet hat, von der aus er den angeforderten Dienst anbietet.<br \/>\n<strong>Soziale Cookies:<\/strong> Diese werden von sozialen Medienplattformen auf Diensten gesetzt, die es Ihnen erm\u00f6glichen, Inhalte mit Ihren Freunden und Netzwerken zu teilen.<br \/>\nSoziale Medienplattformen haben die M\u00f6glichkeit, Ihre Online-Aktivit\u00e4ten au\u00dferhalb der Dienste zu verfolgen.<br \/>\nDies kann sich auf die Inhalte und Nachrichten auswirken, die Sie auf anderen Diensten sehen, die Sie besuchen.<br \/>\n<strong>Partner-Cookies:<\/strong> erm\u00f6glichen die Nachverfolgung der Besuche von anderen Websites, mit denen die Website ein Partnerschaftsabkommen geschlossen hat (Partnerunternehmen).<br \/>\n<strong>Sicherheits-Cookies:<\/strong> Diese speichern verschl\u00fcsselte Informationen, um zu verhindern, dass die in ihnen gespeicherten Daten durch b\u00f6swillige Angriffe Dritter gef\u00e4hrdet werden.<\/p>\n<h4>JE NACH EIGENTUMSVERH\u00c4LTNISSEN<\/h4>\n<p><strong>Erstanbieter-Cookies:<\/strong> Dies sind Cookies, die von einem Computer oder einer Dom\u00e4ne, die vom Herausgeber selbst verwaltet wird und von der aus der vom Benutzer angeforderte Dienst bereitgestellt wird, an das Endger\u00e4t des Benutzers gesendet werden.<br \/>\n<strong>Cookies von Drittanbietern:<\/strong> Dies sind Cookies, die von einem Computer oder einer Dom\u00e4ne, die nicht vom Herausgeber verwaltet wird, an das Endger\u00e4t des Benutzers gesendet werden, sondern von einer anderen Einrichtung, die die durch die Cookies erhaltenen Daten verarbeitet.<\/p>\n<h4>ENTSPRECHEND DER HALTBARKEITSDAUER<\/h4>\n<p><strong>Sitzungscookies:<\/strong> Dies sind Cookies, die dazu dienen, Daten zu sammeln und zu speichern, w\u00e4hrend der Benutzer auf eine Website zugreift.<br \/>\n<strong>Dauerhafte Cookies:<\/strong> Hierbei handelt es sich um eine Art von Cookie, bei dem die Daten auf dem Terminal gespeichert bleiben und f\u00fcr einen von der f\u00fcr das Cookie verantwortlichen Partei festgelegten Zeitraum, der von einigen Minuten bis zu mehreren Jahren reichen kann, abgerufen und verarbeitet werden k\u00f6nnen.<\/p>\n<div class=\"elementor-element elementor-element-14ea10e elementor-widget elementor-widget-text-editor\" data-id=\"14ea10e\" data-element_type=\"widget\" data-widget_type=\"text-editor.default\">\n<div class=\"elementor-widget-container\">\n<h3>AUF DIESER WEBSITE VERWENDETE COOKIES<\/h3>\n<h4>VOM HERAUSGEBER KONTROLLIERTE COOKIES<\/h4>\n<p><strong>Technisch und funktionell  <\/strong><\/p>\n<p>[tabla]<\/p>\n<\/div>\n<div class=\"elementor-element elementor-element-b47eba0 elementor-widget elementor-widget-text-editor\" data-id=\"b47eba0\" data-element_type=\"widget\" data-widget_type=\"text-editor.default\">\n<div class=\"elementor-widget-container\">\n<h4>DRITTANBIETER-COOKIES<\/h4>\n<p>Die Dienste von Drittanbietern liegen au\u00dferhalb der Kontrolle des Herausgebers.<br \/>\nDie Anbieter k\u00f6nnen ihre Nutzungsbedingungen, den Zweck und die Verwendung von Cookies usw. jederzeit \u00e4ndern. <\/p>\n<p><strong>Externe Anbieter dieser Website:<\/strong><br \/>\nEs werden keine von Dritten kontrollierten Cookies installiert<\/p>\n<\/div>\n<\/div>\n<div class=\"elementor-element elementor-element-f9d8284 elementor-widget elementor-widget-text-editor\" data-id=\"f9d8284\" data-element_type=\"widget\" data-widget_type=\"text-editor.default\">\n<div class=\"elementor-widget-container\">\n<h4>PANEL F\u00dcR COOKIE-EINSTELLUNGEN<\/h4>\n<p>\u00dcber dieses Panel k\u00f6nnen Sie die Cookies konfigurieren, die die Website in Ihrem Browser installieren kann, mit Ausnahme von technischen oder funktionalen Cookies, die f\u00fcr das Surfen und die Nutzung der verschiedenen angebotenen Optionen oder Dienste erforderlich sind.<\/p>\n<table class=\"jet-table jet-table--fa5-compat\">\n<thead class=\"jet-table__head\">\n<tr class=\"jet-table__head-row\">\n<th class=\"jet-table__cell elementor-repeater-item-03c38e1 jet-table__head-cell\" colspan=\"2\" scope=\"col\">\n<div class=\"jet-table__cell-inner\">\n<div class=\"jet-table__cell-content\">\n<div class=\"jet-table__cell-text\">WIE SIE COOKIES \u00dcBER IHREN BROWSER VERWALTEN K\u00d6NNEN<\/div>\n<\/div>\n<\/div>\n<\/th>\n<\/tr>\n<\/thead>\n<tbody class=\"jet-table__body\">\n<tr class=\"jet-table__body-row elementor-repeater-item-c2f763a\">\n<td class=\"jet-table__cell elementor-repeater-item-4660697 jet-table__body-cell\">\n<div class=\"jet-table__cell-inner\">\n<div class=\"jet-table__cell-content\">\n<div class=\"jet-table__cell-text\">L\u00f6schen Sie Cookies von Ihrem Ger\u00e4t<\/div>\n<\/div>\n<\/div>\n<\/td>\n<td class=\"jet-table__cell elementor-repeater-item-db232ab jet-table__body-cell\">\n<div class=\"jet-table__cell-inner\">\n<div class=\"jet-table__cell-content\">\n<div class=\"jet-table__cell-text\">Cookies, die sich bereits auf einem Ger\u00e4t befinden, k\u00f6nnen gel\u00f6scht werden, indem Sie den Browserverlauf l\u00f6schen, wodurch Cookies von allen besuchten Websites gel\u00f6scht werden.<br \/>\nAllerdings k\u00f6nnen auch einige der gespeicherten Informationen (z.B. Anmeldedaten oder Website-Einstellungen) verloren gehen. <\/div>\n<\/div>\n<\/div>\n<\/td>\n<\/tr>\n<tr class=\"jet-table__body-row elementor-repeater-item-6c5c715\">\n<td class=\"jet-table__cell elementor-repeater-item-39c5ee8 jet-table__body-cell\">\n<div class=\"jet-table__cell-inner\">\n<div class=\"jet-table__cell-content\">\n<div class=\"jet-table__cell-text\">Verwalten Sie standortspezifische Cookies<\/div>\n<\/div>\n<\/div>\n<\/td>\n<td class=\"jet-table__cell elementor-repeater-item-2f4bcef jet-table__body-cell\">\n<div class=\"jet-table__cell-inner\">\n<div class=\"jet-table__cell-content\">\n<div class=\"jet-table__cell-text\">Um eine genauere Kontrolle \u00fcber standortspezifische Cookies zu haben, k\u00f6nnen Benutzer ihre Datenschutz- und Cookie-Einstellungen in ihrem Browser anpassen.<\/div>\n<\/div>\n<\/div>\n<\/td>\n<\/tr>\n<tr class=\"jet-table__body-row elementor-repeater-item-b7f53eb\">\n<td class=\"jet-table__cell elementor-repeater-item-d54172c jet-table__body-cell\">\n<div class=\"jet-table__cell-inner\">\n<div class=\"jet-table__cell-content\">\n<div class=\"jet-table__cell-text\">Cookies blockieren<\/div>\n<\/div>\n<\/div>\n<\/td>\n<td class=\"jet-table__cell elementor-repeater-item-17cceae jet-table__body-cell\">\n<div class=\"jet-table__cell-inner\">\n<div class=\"jet-table__cell-content\">\n<div class=\"jet-table__cell-text\">Obwohl die meisten modernen Browser so konfiguriert werden k\u00f6nnen, dass sie die Installation von Cookies auf Ihrem Ger\u00e4t verhindern, kann es erforderlich sein, dass Sie bei jedem Besuch einer Website oder Seite bestimmte Einstellungen manuell vornehmen m\u00fcssen.<br \/>\nAu\u00dferdem funktionieren einige Dienste und Funktionen m\u00f6glicherweise nicht richtig (z. B. Profilanmeldungen). <\/div>\n<\/div>\n<\/div>\n<\/td>\n<\/tr>\n<\/tbody>\n<\/table>\n<\/div>\n<\/div>\n<\/div>\n<p>&nbsp;<\/p>\n<table class=\"jet-table jet-table--fa5-compat\">\n<thead class=\"jet-table__head\">\n<tr class=\"jet-table__head-row\">\n<th class=\"jet-table__cell elementor-repeater-item-03c38e1 jet-table__head-cell\" colspan=\"2\" scope=\"col\">\n<div class=\"jet-table__cell-inner\">\n<div class=\"jet-table__cell-content\">\n<div class=\"jet-table__cell-text\">WIE SIE COOKIES AUS DEN G\u00c4NGIGSTEN BROWSERN L\u00d6SCHEN<\/div>\n<\/div>\n<\/div>\n<\/th>\n<\/tr>\n<\/thead>\n<tbody class=\"jet-table__body\">\n<tr class=\"jet-table__body-row elementor-repeater-item-c2f763a\">\n<td class=\"jet-table__cell elementor-repeater-item-4660697 jet-table__body-cell\">\n<div class=\"jet-table__cell-inner\">\n<div class=\"jet-table__cell-content\">\n<div class=\"jet-table__cell-text\">Chrom<\/div>\n<\/div>\n<\/div>\n<\/td>\n<td class=\"jet-table__cell elementor-repeater-item-db232ab jet-table__body-cell\">\n<div class=\"jet-table__cell-inner\">\n<div class=\"jet-table__cell-content\">\n<div class=\"jet-table__cell-text\">http:\/\/support.google.com\/chrome\/answer\/95647?hl=es<\/div>\n<\/div>\n<\/div>\n<\/td>\n<\/tr>\n<tr class=\"jet-table__body-row elementor-repeater-item-6c5c715\">\n<td class=\"jet-table__cell elementor-repeater-item-39c5ee8 jet-table__body-cell\">\n<div class=\"jet-table__cell-inner\">\n<div class=\"jet-table__cell-content\">\n<div class=\"jet-table__cell-text\">Rand<\/div>\n<\/div>\n<\/div>\n<\/td>\n<td class=\"jet-table__cell elementor-repeater-item-2f4bcef jet-table__body-cell\">\n<div class=\"jet-table__cell-inner\">\n<div class=\"jet-table__cell-content\">\n<div class=\"jet-table__cell-text\">https:\/\/support.microsoft.com\/es-es\/microsoft-edge\/eliminar-las-cookies-en-microsoft-edge-63947406-40ac-c3b8-57b9-2a946a29ae09<\/div>\n<\/div>\n<\/div>\n<\/td>\n<\/tr>\n<tr class=\"jet-table__body-row elementor-repeater-item-b7f53eb\">\n<td class=\"jet-table__cell elementor-repeater-item-d54172c jet-table__body-cell\">\n<div class=\"jet-table__cell-inner\">\n<div class=\"jet-table__cell-content\">\n<div class=\"jet-table__cell-text\">Entdecker<\/div>\n<\/div>\n<\/div>\n<\/td>\n<td class=\"jet-table__cell elementor-repeater-item-17cceae jet-table__body-cell\">\n<div class=\"jet-table__cell-inner\">\n<div class=\"jet-table__cell-content\">\n<div class=\"jet-table__cell-text\">https:\/\/support.microsoft.com\/es-es\/help\/278835\/how-to-delete-cookie-files-in-internet-explorer<\/div>\n<\/div>\n<\/div>\n<\/td>\n<\/tr>\n<tr class=\"jet-table__body-row elementor-repeater-item-c5c77d7\">\n<td class=\"jet-table__cell elementor-repeater-item-00333c1 jet-table__body-cell\">\n<div class=\"jet-table__cell-inner\">\n<div class=\"jet-table__cell-content\">\n<div class=\"jet-table__cell-text\">Firefox<\/div>\n<\/div>\n<\/div>\n<\/td>\n<td class=\"jet-table__cell elementor-repeater-item-7f07460 jet-table__body-cell\">\n<div class=\"jet-table__cell-inner\">\n<div class=\"jet-table__cell-content\">\n<div class=\"jet-table__cell-text\">https:\/\/www.mozilla.org\/es-ES\/privacy\/websites\/#cookies<\/div>\n<\/div>\n<\/div>\n<\/td>\n<\/tr>\n<tr class=\"jet-table__body-row elementor-repeater-item-7ade4dc\">\n<td class=\"jet-table__cell elementor-repeater-item-b5a3701 jet-table__body-cell\">\n<div class=\"jet-table__cell-inner\">\n<div class=\"jet-table__cell-content\">\n<div class=\"jet-table__cell-text\">Safari<\/div>\n<\/div>\n<\/div>\n<\/td>\n<td class=\"jet-table__cell elementor-repeater-item-281da8b jet-table__body-cell\">\n<div class=\"jet-table__cell-inner\">\n<div class=\"jet-table__cell-content\">\n<div class=\"jet-table__cell-text\">https:\/\/support.apple.com\/es-es\/guide\/safari\/sfri11471\/mac<\/div>\n<\/div>\n<\/div>\n<\/td>\n<\/tr>\n<tr class=\"jet-table__body-row elementor-repeater-item-beaef64\">\n<td class=\"jet-table__cell elementor-repeater-item-d004d68 jet-table__body-cell\">\n<div class=\"jet-table__cell-inner\">\n<div class=\"jet-table__cell-content\">\n<div class=\"jet-table__cell-text\">Oper<\/div>\n<\/div>\n<\/div>\n<\/td>\n<td class=\"jet-table__cell elementor-repeater-item-038884d jet-table__body-cell\">\n<div class=\"jet-table__cell-inner\">\n<div class=\"jet-table__cell-content\">\n<div class=\"jet-table__cell-text\">https:\/\/help.opera.com\/en\/latest\/security-and-privacy\/#clearBrowsingData<\/div>\n<\/div>\n<\/div>\n<\/td>\n<\/tr>\n<\/tbody>\n<\/table>\n","protected":false},"excerpt":{"rendered":"<p>INFORMATIONEN \u00dcBER COOKIES In \u00dcbereinstimmung mit dem Gesetz 34\/2002 vom 11. Juli 2002 \u00fcber die Dienste der Informationsgesellschaftund den elektronischen Gesch\u00e4ftsverkehr (LSSI), in der Information und des elektronischen Handels (LSSI) ist es im Zusammenhang mit der Verordnung (EU) 2016\/679 des Europ\u00e4ischen Parlaments und des Rates vom 27. April 2016, der Allgemeinen Datenschutzverordnung (GDPR) und dem [&hellip;]<\/p>\n","protected":false},"author":1,"featured_media":0,"parent":0,"menu_order":0,"comment_status":"closed","ping_status":"closed","template":"","meta":{"_joinchat":[],"footnotes":""},"class_list":["post-4767","page","type-page","status-publish","hentry"],"yoast_head":"<!-- This site is optimized with the Yoast SEO plugin v26.9 - https:\/\/yoast.com\/product\/yoast-seo-wordpress\/ -->\n<title>Cookies Politik - Camino de Santiago a Caballo<\/title>\n<meta name=\"robots\" content=\"noindex, follow\" \/>\n<meta property=\"og:locale\" content=\"de_DE\" \/>\n<meta property=\"og:type\" content=\"article\" \/>\n<meta property=\"og:title\" content=\"Cookies Politik - Camino de Santiago a Caballo\" \/>\n<meta property=\"og:description\" content=\"INFORMATIONEN \u00dcBER COOKIES In \u00dcbereinstimmung mit dem Gesetz 34\/2002 vom 11. Juli 2002 \u00fcber die Dienste der Informationsgesellschaftund den elektronischen Gesch\u00e4ftsverkehr (LSSI), in der Information und des elektronischen Handels (LSSI) ist es im Zusammenhang mit der Verordnung (EU) 2016\/679 des Europ\u00e4ischen Parlaments und des Rates vom 27. April 2016, der Allgemeinen Datenschutzverordnung (GDPR) und dem [&hellip;]\" \/>\n<meta property=\"og:url\" content=\"https:\/\/www.caminosantiagoacaballo.com\/de\/cookies-politik\/\" \/>\n<meta property=\"og:site_name\" content=\"Camino de Santiago a Caballo\" \/>\n<meta property=\"article:modified_time\" content=\"2022-10-06T10:43:18+00:00\" \/>\n<meta name=\"twitter:card\" content=\"summary_large_image\" \/>\n<script type=\"application\/ld+json\" class=\"yoast-schema-graph\">{\"@context\":\"https:\/\/schema.org\",\"@graph\":[{\"@type\":\"WebPage\",\"@id\":\"https:\/\/www.caminosantiagoacaballo.com\/de\/cookies-politik\/\",\"url\":\"https:\/\/www.caminosantiagoacaballo.com\/de\/cookies-politik\/\",\"name\":\"Cookies Politik - Camino de Santiago a Caballo\",\"isPartOf\":{\"@id\":\"https:\/\/www.caminosantiagoacaballo.com\/de\/#website\"},\"datePublished\":\"2022-09-08T12:17:04+00:00\",\"dateModified\":\"2022-10-06T10:43:18+00:00\",\"breadcrumb\":{\"@id\":\"https:\/\/www.caminosantiagoacaballo.com\/de\/cookies-politik\/#breadcrumb\"},\"inLanguage\":\"de\",\"potentialAction\":[{\"@type\":\"ReadAction\",\"target\":[\"https:\/\/www.caminosantiagoacaballo.com\/de\/cookies-politik\/\"]}]},{\"@type\":\"BreadcrumbList\",\"@id\":\"https:\/\/www.caminosantiagoacaballo.com\/de\/cookies-politik\/#breadcrumb\",\"itemListElement\":[{\"@type\":\"ListItem\",\"position\":1,\"name\":\"Portada\",\"item\":\"https:\/\/www.caminosantiagoacaballo.com\/de\/\"},{\"@type\":\"ListItem\",\"position\":2,\"name\":\"Cookies Politik\"}]},{\"@type\":\"WebSite\",\"@id\":\"https:\/\/www.caminosantiagoacaballo.com\/de\/#website\",\"url\":\"https:\/\/www.caminosantiagoacaballo.com\/de\/\",\"name\":\"Camino de Santiago a Caballo\",\"description\":\"Realiza el Camino de Santiago con la mayor seguridad y comodidad a caballo\",\"publisher\":{\"@id\":\"https:\/\/www.caminosantiagoacaballo.com\/de\/#organization\"},\"potentialAction\":[{\"@type\":\"SearchAction\",\"target\":{\"@type\":\"EntryPoint\",\"urlTemplate\":\"https:\/\/www.caminosantiagoacaballo.com\/de\/?s={search_term_string}\"},\"query-input\":{\"@type\":\"PropertyValueSpecification\",\"valueRequired\":true,\"valueName\":\"search_term_string\"}}],\"inLanguage\":\"de\"},{\"@type\":\"Organization\",\"@id\":\"https:\/\/www.caminosantiagoacaballo.com\/de\/#organization\",\"name\":\"Camino de Santiago a Caballo\",\"url\":\"https:\/\/www.caminosantiagoacaballo.com\/de\/\",\"logo\":{\"@type\":\"ImageObject\",\"inLanguage\":\"de\",\"@id\":\"https:\/\/www.caminosantiagoacaballo.com\/de\/#\/schema\/logo\/image\/\",\"url\":\"https:\/\/www.caminosantiagoacaballo.com\/wp-content\/uploads\/2022\/09\/camino-santiago-a-caballo-logo.jpg\",\"contentUrl\":\"https:\/\/www.caminosantiagoacaballo.com\/wp-content\/uploads\/2022\/09\/camino-santiago-a-caballo-logo.jpg\",\"width\":199,\"height\":180,\"caption\":\"Camino de Santiago a Caballo\"},\"image\":{\"@id\":\"https:\/\/www.caminosantiagoacaballo.com\/de\/#\/schema\/logo\/image\/\"}}]}<\/script>\n<!-- \/ Yoast SEO plugin. -->","yoast_head_json":{"title":"Cookies Politik - Camino de Santiago a Caballo","robots":{"index":"noindex","follow":"follow"},"og_locale":"de_DE","og_type":"article","og_title":"Cookies Politik - Camino de Santiago a Caballo","og_description":"INFORMATIONEN \u00dcBER COOKIES In \u00dcbereinstimmung mit dem Gesetz 34\/2002 vom 11. Juli 2002 \u00fcber die Dienste der Informationsgesellschaftund den elektronischen Gesch\u00e4ftsverkehr (LSSI), in der Information und des elektronischen Handels (LSSI) ist es im Zusammenhang mit der Verordnung (EU) 2016\/679 des Europ\u00e4ischen Parlaments und des Rates vom 27. April 2016, der Allgemeinen Datenschutzverordnung (GDPR) und dem [&hellip;]","og_url":"https:\/\/www.caminosantiagoacaballo.com\/de\/cookies-politik\/","og_site_name":"Camino de Santiago a Caballo","article_modified_time":"2022-10-06T10:43:18+00:00","twitter_card":"summary_large_image","schema":{"@context":"https:\/\/schema.org","@graph":[{"@type":"WebPage","@id":"https:\/\/www.caminosantiagoacaballo.com\/de\/cookies-politik\/","url":"https:\/\/www.caminosantiagoacaballo.com\/de\/cookies-politik\/","name":"Cookies Politik - Camino de Santiago a Caballo","isPartOf":{"@id":"https:\/\/www.caminosantiagoacaballo.com\/de\/#website"},"datePublished":"2022-09-08T12:17:04+00:00","dateModified":"2022-10-06T10:43:18+00:00","breadcrumb":{"@id":"https:\/\/www.caminosantiagoacaballo.com\/de\/cookies-politik\/#breadcrumb"},"inLanguage":"de","potentialAction":[{"@type":"ReadAction","target":["https:\/\/www.caminosantiagoacaballo.com\/de\/cookies-politik\/"]}]},{"@type":"BreadcrumbList","@id":"https:\/\/www.caminosantiagoacaballo.com\/de\/cookies-politik\/#breadcrumb","itemListElement":[{"@type":"ListItem","position":1,"name":"Portada","item":"https:\/\/www.caminosantiagoacaballo.com\/de\/"},{"@type":"ListItem","position":2,"name":"Cookies Politik"}]},{"@type":"WebSite","@id":"https:\/\/www.caminosantiagoacaballo.com\/de\/#website","url":"https:\/\/www.caminosantiagoacaballo.com\/de\/","name":"Camino de Santiago a Caballo","description":"Realiza el Camino de Santiago con la mayor seguridad y comodidad a caballo","publisher":{"@id":"https:\/\/www.caminosantiagoacaballo.com\/de\/#organization"},"potentialAction":[{"@type":"SearchAction","target":{"@type":"EntryPoint","urlTemplate":"https:\/\/www.caminosantiagoacaballo.com\/de\/?s={search_term_string}"},"query-input":{"@type":"PropertyValueSpecification","valueRequired":true,"valueName":"search_term_string"}}],"inLanguage":"de"},{"@type":"Organization","@id":"https:\/\/www.caminosantiagoacaballo.com\/de\/#organization","name":"Camino de Santiago a Caballo","url":"https:\/\/www.caminosantiagoacaballo.com\/de\/","logo":{"@type":"ImageObject","inLanguage":"de","@id":"https:\/\/www.caminosantiagoacaballo.com\/de\/#\/schema\/logo\/image\/","url":"https:\/\/www.caminosantiagoacaballo.com\/wp-content\/uploads\/2022\/09\/camino-santiago-a-caballo-logo.jpg","contentUrl":"https:\/\/www.caminosantiagoacaballo.com\/wp-content\/uploads\/2022\/09\/camino-santiago-a-caballo-logo.jpg","width":199,"height":180,"caption":"Camino de Santiago a Caballo"},"image":{"@id":"https:\/\/www.caminosantiagoacaballo.com\/de\/#\/schema\/logo\/image\/"}}]}},"publishpress_future_workflow_manual_trigger":{"enabledWorkflows":[]},"_links":{"self":[{"href":"https:\/\/www.caminosantiagoacaballo.com\/de\/wp-json\/wp\/v2\/pages\/4767","targetHints":{"allow":["GET"]}}],"collection":[{"href":"https:\/\/www.caminosantiagoacaballo.com\/de\/wp-json\/wp\/v2\/pages"}],"about":[{"href":"https:\/\/www.caminosantiagoacaballo.com\/de\/wp-json\/wp\/v2\/types\/page"}],"author":[{"embeddable":true,"href":"https:\/\/www.caminosantiagoacaballo.com\/de\/wp-json\/wp\/v2\/users\/1"}],"replies":[{"embeddable":true,"href":"https:\/\/www.caminosantiagoacaballo.com\/de\/wp-json\/wp\/v2\/comments?post=4767"}],"version-history":[{"count":0,"href":"https:\/\/www.caminosantiagoacaballo.com\/de\/wp-json\/wp\/v2\/pages\/4767\/revisions"}],"wp:attachment":[{"href":"https:\/\/www.caminosantiagoacaballo.com\/de\/wp-json\/wp\/v2\/media?parent=4767"}],"curies":[{"name":"wp","href":"https:\/\/api.w.org\/{rel}","templated":true}]}}