{"id":4764,"date":"2016-10-13T17:31:24","date_gmt":"2016-10-13T15:31:24","guid":{"rendered":"https:\/\/caminosantiagoacaballo.com\/\/home-page\/"},"modified":"2022-10-06T12:43:27","modified_gmt":"2022-10-06T10:43:27","slug":"hauptseite","status":"publish","type":"page","link":"https:\/\/www.caminosantiagoacaballo.com\/de\/","title":{"rendered":"Home Page"},"content":{"rendered":"\t\t<div data-elementor-type=\"wp-page\" data-elementor-id=\"4764\" class=\"elementor elementor-4764 elementor-18 elementor-bc-flex-widget\" data-elementor-post-type=\"page\">\n\t\t\t\t\t\t<section class=\"elementor-section elementor-top-section elementor-element elementor-element-227cb89f elementor-section-boxed elementor-section-height-default elementor-section-height-default\" data-id=\"227cb89f\" data-element_type=\"section\" data-e-type=\"section\">\n\t\t\t\t\t\t<div class=\"elementor-container elementor-column-gap-default\">\n\t\t\t\t\t<div class=\"elementor-column elementor-col-100 elementor-top-column elementor-element elementor-element-1222dac2\" data-id=\"1222dac2\" data-element_type=\"column\" data-e-type=\"column\">\n\t\t\t<div class=\"elementor-widget-wrap elementor-element-populated\">\n\t\t\t\t\t\t<div class=\"elementor-element elementor-element-d0b67d8 elementor-pagination-position-outside elementor-widget elementor-widget-image-carousel\" data-id=\"d0b67d8\" data-element_type=\"widget\" data-e-type=\"widget\" data-settings=\"{&quot;slides_to_show&quot;:&quot;1&quot;,&quot;navigation&quot;:&quot;dots&quot;,&quot;lazyload&quot;:&quot;yes&quot;,&quot;autoplay&quot;:&quot;yes&quot;,&quot;pause_on_hover&quot;:&quot;yes&quot;,&quot;pause_on_interaction&quot;:&quot;yes&quot;,&quot;autoplay_speed&quot;:5000,&quot;infinite&quot;:&quot;yes&quot;,&quot;effect&quot;:&quot;slide&quot;,&quot;speed&quot;:500}\" data-widget_type=\"image-carousel.default\">\n\t\t\t\t<div class=\"elementor-widget-container\">\n\t\t\t\t\t\t\t<div class=\"elementor-image-carousel-wrapper swiper\" role=\"region\" aria-roledescription=\"carousel\" aria-label=\"Bild Karussell\" dir=\"ltr\">\n\t\t\t<div class=\"elementor-image-carousel swiper-wrapper\" aria-live=\"off\">\n\t\t\t\t\t\t\t\t<div class=\"swiper-slide\" role=\"group\" aria-roledescription=\"slide\" aria-label=\"1 von 6\"><figure class=\"swiper-slide-inner\"><img class=\"swiper-slide-image swiper-lazy\" data-src=\"https:\/\/www.caminosantiagoacaballo.com\/wp-content\/uploads\/elementor\/thumbs\/camino-santiago-caballo-slider-6-pubvktp8k5t86t1e4lyon9qkhw1qrj0jop53o0sywc.jpg\" alt=\"camino-santiago-caballo-slider-6\" \/><div class=\"swiper-lazy-preloader\"><\/div><\/figure><\/div><div class=\"swiper-slide\" role=\"group\" aria-roledescription=\"slide\" aria-label=\"2 von 6\"><figure class=\"swiper-slide-inner\"><img class=\"swiper-slide-image swiper-lazy\" data-src=\"https:\/\/www.caminosantiagoacaballo.com\/wp-content\/uploads\/elementor\/thumbs\/camino-santiago-caballo-slider-1-pubvkun2qzuiif00z4db7ri139x3z84a0tsl5arkq4.jpg\" alt=\"camino-santiago-caballo-slider-1\" \/><div class=\"swiper-lazy-preloader\"><\/div><\/figure><\/div><div class=\"swiper-slide\" role=\"group\" aria-roledescription=\"slide\" aria-label=\"3 von 6\"><figure class=\"swiper-slide-inner\"><img class=\"swiper-slide-image swiper-lazy\" data-src=\"https:\/\/www.caminosantiagoacaballo.com\/wp-content\/uploads\/elementor\/thumbs\/camino-santiago-caballo-slider-2-pubvkun2qzuiif00z4db7ri139x3z84a0tsl5arkq4.jpg\" alt=\"camino-santiago-caballo-slider-2\" \/><div class=\"swiper-lazy-preloader\"><\/div><\/figure><\/div><div class=\"swiper-slide\" role=\"group\" aria-roledescription=\"slide\" aria-label=\"4 von 6\"><figure class=\"swiper-slide-inner\"><img class=\"swiper-slide-image swiper-lazy\" data-src=\"https:\/\/www.caminosantiagoacaballo.com\/wp-content\/uploads\/elementor\/thumbs\/camino-santiago-caballo-slider-3-pubvkvkwxtvsu0yntmrxs99honsh6x80cyg2mkq6jw.jpg\" alt=\"camino-santiago-caballo-slider-3\" \/><div class=\"swiper-lazy-preloader\"><\/div><\/figure><\/div><div class=\"swiper-slide\" role=\"group\" aria-roledescription=\"slide\" aria-label=\"5 von 6\"><figure class=\"swiper-slide-inner\"><img class=\"swiper-slide-image swiper-lazy\" data-src=\"https:\/\/www.caminosantiagoacaballo.com\/wp-content\/uploads\/elementor\/thumbs\/camino-santiago-caballo-slider-4-pubvkwir4nx35mxao56kcr0ya1nuembqp33k3uosdo.jpg\" alt=\"camino-santiago-caballo-slider-4\" \/><div class=\"swiper-lazy-preloader\"><\/div><\/figure><\/div><div class=\"swiper-slide\" role=\"group\" aria-roledescription=\"slide\" aria-label=\"6 von 6\"><figure class=\"swiper-slide-inner\"><img class=\"swiper-slide-image swiper-lazy\" data-src=\"https:\/\/www.caminosantiagoacaballo.com\/wp-content\/uploads\/elementor\/thumbs\/camino-santiago-caballo-slider-5-pubvkwir4nx35mxao56kcr0ya1nuembqp33k3uosdo.jpg\" alt=\"camino-santiago-caballo-slider-5\" \/><div class=\"swiper-lazy-preloader\"><\/div><\/figure><\/div>\t\t\t<\/div>\n\t\t\t\t\t\t\t\n\t\t\t\t\t\t\t\t\t<div class=\"swiper-pagination\"><\/div>\n\t\t\t\t\t\t\t\t\t<\/div>\n\t\t\t\t\t\t<\/div>\n\t\t\t\t<\/div>\n\t\t\t\t<div class=\"elementor-element elementor-element-4a5b57cd elementor-widget elementor-widget-text-editor\" data-id=\"4a5b57cd\" data-element_type=\"widget\" data-e-type=\"widget\" data-widget_type=\"text-editor.default\">\n\t\t\t\t<div class=\"elementor-widget-container\">\n\t\t\t\t\t\t\t\t\t<p style=\"text-align: center; color: #852d48;\"><strong><a href=\"http:\/\/caminosantiagoacaballo.com\/fechas\">DATEN UND PREISE<\/a><\/strong><\/p>\n<p style=\"text-align: center; color: #852d48;\"><strong><a href=\"http:\/\/caminosantiagoacaballo.com\/ofertas-especiales\">SONDERANGEBOTE<\/a><\/strong><\/p>\n\t\t\t\t\t\t\t\t<\/div>\n\t\t\t\t<\/div>\n\t\t\t\t<div class=\"elementor-element elementor-element-fb75032 elementor-widget elementor-widget-image\" data-id=\"fb75032\" data-element_type=\"widget\" data-e-type=\"widget\" data-widget_type=\"image.default\">\n\t\t\t\t<div class=\"elementor-widget-container\">\n\t\t\t\t\t\t\t\t\t\t\t\t\t\t\t<img fetchpriority=\"high\" decoding=\"async\" width=\"538\" height=\"409\" src=\"https:\/\/www.caminosantiagoacaballo.com\/wp-content\/uploads\/2022\/09\/mapa_rutas.jpg\" class=\"attachment-full size-full wp-image-4193\" alt=\"\" srcset=\"https:\/\/www.caminosantiagoacaballo.com\/wp-content\/uploads\/2022\/09\/mapa_rutas.jpg 538w, https:\/\/www.caminosantiagoacaballo.com\/wp-content\/uploads\/2022\/09\/mapa_rutas-300x228.jpg 300w\" sizes=\"(max-width: 538px) 100vw, 538px\" \/>\t\t\t\t\t\t\t\t\t\t\t\t\t\t\t<\/div>\n\t\t\t\t<\/div>\n\t\t\t\t<div class=\"elementor-element elementor-element-84c2e89 elementor-widget elementor-widget-text-editor\" data-id=\"84c2e89\" data-element_type=\"widget\" data-e-type=\"widget\" data-widget_type=\"text-editor.default\">\n\t\t\t\t<div class=\"elementor-widget-container\">\n\t\t\t\t\t\t\t\t\t<h1>CAMINO DE SANTIAGO A CABALLO<\/h1>\n<p>Willkommen auf der Website Camino de Santiago zu Pferd.<\/p>\n<p>Mit uns k\u00f6nnen Sie den Jakobsweg mit der gr\u00f6\u00dften Sicherheit und dem gr\u00f6\u00dften Komfort auf dem Pferder\u00fccken zur\u00fccklegen. Unsere Erfahrung und unser Wissen erm\u00f6glichen es uns, Ihnen alle Mittel zur Verf\u00fcgung zu stellen, die Sie ben\u00f6tigen, um die Attraktionen dieses gr\u00fcnen und bezaubernden Galiciens zu genie\u00dfen, und das auch noch zu Pferd.<\/p>\n<p>Diese jakobinische Route ist eines der gro\u00dfen Erlebnisse f\u00fcr Liebhaber von Reitwegen weltweit. Es geht darum, k\u00f6rperliche Bewegung mit einem gesunden Kontakt zur Natur zu verbinden und dabei die Umwelt und die Tiere zu respektieren. Eine Pilgerreise nach Santiago ist eine Begegnung mit den religi\u00f6sen und historischen Wurzeln Europas, eine Wanderung im Rhythmus der Jahrhunderte auf den Spuren der unz\u00e4hligen Pilger, ein k\u00f6rperliches, sportliches, erholsames und geistiges Abenteuer, das man gleichzeitig genie\u00dfen kann.<\/p>\n<p><em><strong>F\u00fcr diese Strecken stellen wir Ihnen unsere ganze Erfahrung und unser Wissen zur Verf\u00fcgung.<\/strong><\/em><\/p>\n<p>Wir sind mit diesen L\u00e4ndern, D\u00f6rfern, Landschaften, Wegen, Traditionen und Br\u00e4uchen bestens vertraut, da wir diese L\u00e4nder und das Reisen auf dem Pferder\u00fccken wirklich genie\u00dfen. Es wird uns ein Vergn\u00fcgen sein, Sie zu begleiten, um sie kennenzulernen und mit Ihnen solche angenehmen Momente zu teilen.<\/p>\n\t\t\t\t\t\t\t\t<\/div>\n\t\t\t\t<\/div>\n\t\t\t\t\t<\/div>\n\t\t<\/div>\n\t\t\t\t\t<\/div>\n\t\t<\/section>\n\t\t\t\t<\/div>\n\t\t","protected":false},"excerpt":{"rendered":"<p>DATEN UND PREISE SONDERANGEBOTE CAMINO DE SANTIAGO A CABALLO Willkommen auf der Website Camino de Santiago zu Pferd. Mit uns k\u00f6nnen Sie den Jakobsweg mit der gr\u00f6\u00dften Sicherheit und dem gr\u00f6\u00dften Komfort auf dem Pferder\u00fccken zur\u00fccklegen. Unsere Erfahrung und unser Wissen erm\u00f6glichen es uns, Ihnen alle Mittel zur Verf\u00fcgung zu stellen, die Sie ben\u00f6tigen, um [&hellip;]<\/p>\n","protected":false},"author":1,"featured_media":0,"parent":0,"menu_order":0,"comment_status":"closed","ping_status":"closed","template":"","meta":{"_joinchat":[],"footnotes":""},"class_list":["post-4764","page","type-page","status-publish","hentry"],"yoast_head":"<!-- This site is optimized with the Yoast SEO plugin v26.9 - https:\/\/yoast.com\/product\/yoast-seo-wordpress\/ -->\n<title>Camino de Santiago zu Pferd. Compostela-Route auf dem Pferder\u00fccken. Franz\u00f6sischer Weg<\/title>\n<meta name=\"description\" content=\"Wir organisieren Reitrouten entlang der Franz\u00f6sischen, Portugiesischen, Via de la Plata, Englischen und anderen Optionen.\" \/>\n<meta name=\"robots\" content=\"index, follow, max-snippet:-1, max-image-preview:large, max-video-preview:-1\" \/>\n<link rel=\"canonical\" href=\"https:\/\/www.caminosantiagoacaballo.com\/de\/\" \/>\n<meta property=\"og:locale\" content=\"de_DE\" \/>\n<meta property=\"og:type\" content=\"article\" \/>\n<meta property=\"og:title\" content=\"Camino de Santiago zu Pferd. Compostela-Route auf dem Pferder\u00fccken. Franz\u00f6sischer Weg\" \/>\n<meta property=\"og:description\" content=\"Wir organisieren Reitrouten entlang der Franz\u00f6sischen, Portugiesischen, Via de la Plata, Englischen und anderen Optionen.\" \/>\n<meta property=\"og:url\" content=\"https:\/\/www.caminosantiagoacaballo.com\/de\/\" \/>\n<meta property=\"og:site_name\" content=\"Camino de Santiago a Caballo\" \/>\n<meta property=\"article:modified_time\" content=\"2022-10-06T10:43:27+00:00\" \/>\n<meta property=\"og:image\" content=\"https:\/\/www.caminosantiagoacaballo.com\/wp-content\/uploads\/elementor\/thumbs\/camino-santiago-caballo-slider-6-pubvktp8k5t86t1e4lyon9qkhw1qrj0jop53o0sywc.jpg\" \/>\n<meta name=\"twitter:card\" content=\"summary_large_image\" \/>\n<script type=\"application\/ld+json\" class=\"yoast-schema-graph\">{\"@context\":\"https:\/\/schema.org\",\"@graph\":[{\"@type\":\"WebPage\",\"@id\":\"https:\/\/www.caminosantiagoacaballo.com\/de\/\",\"url\":\"https:\/\/www.caminosantiagoacaballo.com\/de\/\",\"name\":\"Camino de Santiago zu Pferd. Compostela-Route auf dem Pferder\u00fccken. Franz\u00f6sischer Weg\",\"isPartOf\":{\"@id\":\"https:\/\/www.caminosantiagoacaballo.com\/de\/#website\"},\"primaryImageOfPage\":{\"@id\":\"https:\/\/www.caminosantiagoacaballo.com\/de\/#primaryimage\"},\"image\":{\"@id\":\"https:\/\/www.caminosantiagoacaballo.com\/de\/#primaryimage\"},\"thumbnailUrl\":\"https:\/\/www.caminosantiagoacaballo.com\/wp-content\/uploads\/elementor\/thumbs\/camino-santiago-caballo-slider-6-pubvktp8k5t86t1e4lyon9qkhw1qrj0jop53o0sywc.jpg\",\"datePublished\":\"2016-10-13T15:31:24+00:00\",\"dateModified\":\"2022-10-06T10:43:27+00:00\",\"description\":\"Wir organisieren Reitrouten entlang der Franz\u00f6sischen, Portugiesischen, Via de la Plata, Englischen und anderen Optionen.\",\"breadcrumb\":{\"@id\":\"https:\/\/www.caminosantiagoacaballo.com\/de\/#breadcrumb\"},\"inLanguage\":\"de\",\"potentialAction\":[{\"@type\":\"ReadAction\",\"target\":[\"https:\/\/www.caminosantiagoacaballo.com\/de\/\"]}]},{\"@type\":\"ImageObject\",\"inLanguage\":\"de\",\"@id\":\"https:\/\/www.caminosantiagoacaballo.com\/de\/#primaryimage\",\"url\":\"https:\/\/www.caminosantiagoacaballo.com\/wp-content\/uploads\/elementor\/thumbs\/camino-santiago-caballo-slider-6-pubvktp8k5t86t1e4lyon9qkhw1qrj0jop53o0sywc.jpg\",\"contentUrl\":\"https:\/\/www.caminosantiagoacaballo.com\/wp-content\/uploads\/elementor\/thumbs\/camino-santiago-caballo-slider-6-pubvktp8k5t86t1e4lyon9qkhw1qrj0jop53o0sywc.jpg\"},{\"@type\":\"BreadcrumbList\",\"@id\":\"https:\/\/www.caminosantiagoacaballo.com\/de\/#breadcrumb\",\"itemListElement\":[{\"@type\":\"ListItem\",\"position\":1,\"name\":\"Portada\",\"item\":\"https:\/\/www.caminosantiagoacaballo.com\/de\/\"},{\"@type\":\"ListItem\",\"position\":2,\"name\":\"Home Page\"}]},{\"@type\":\"WebSite\",\"@id\":\"https:\/\/www.caminosantiagoacaballo.com\/de\/#website\",\"url\":\"https:\/\/www.caminosantiagoacaballo.com\/de\/\",\"name\":\"Camino de Santiago a Caballo\",\"description\":\"Realiza el Camino de Santiago con la mayor seguridad y comodidad a caballo\",\"publisher\":{\"@id\":\"https:\/\/www.caminosantiagoacaballo.com\/de\/#organization\"},\"potentialAction\":[{\"@type\":\"SearchAction\",\"target\":{\"@type\":\"EntryPoint\",\"urlTemplate\":\"https:\/\/www.caminosantiagoacaballo.com\/de\/?s={search_term_string}\"},\"query-input\":{\"@type\":\"PropertyValueSpecification\",\"valueRequired\":true,\"valueName\":\"search_term_string\"}}],\"inLanguage\":\"de\"},{\"@type\":\"Organization\",\"@id\":\"https:\/\/www.caminosantiagoacaballo.com\/de\/#organization\",\"name\":\"Camino de Santiago a Caballo\",\"url\":\"https:\/\/www.caminosantiagoacaballo.com\/de\/\",\"logo\":{\"@type\":\"ImageObject\",\"inLanguage\":\"de\",\"@id\":\"https:\/\/www.caminosantiagoacaballo.com\/de\/#\/schema\/logo\/image\/\",\"url\":\"https:\/\/www.caminosantiagoacaballo.com\/wp-content\/uploads\/2022\/09\/camino-santiago-a-caballo-logo.jpg\",\"contentUrl\":\"https:\/\/www.caminosantiagoacaballo.com\/wp-content\/uploads\/2022\/09\/camino-santiago-a-caballo-logo.jpg\",\"width\":199,\"height\":180,\"caption\":\"Camino de Santiago a Caballo\"},\"image\":{\"@id\":\"https:\/\/www.caminosantiagoacaballo.com\/de\/#\/schema\/logo\/image\/\"}}]}<\/script>\n<!-- \/ Yoast SEO plugin. -->","yoast_head_json":{"title":"Camino de Santiago zu Pferd. Compostela-Route auf dem Pferder\u00fccken. Franz\u00f6sischer Weg","description":"Wir organisieren Reitrouten entlang der Franz\u00f6sischen, Portugiesischen, Via de la Plata, Englischen und anderen Optionen.","robots":{"index":"index","follow":"follow","max-snippet":"max-snippet:-1","max-image-preview":"max-image-preview:large","max-video-preview":"max-video-preview:-1"},"canonical":"https:\/\/www.caminosantiagoacaballo.com\/de\/","og_locale":"de_DE","og_type":"article","og_title":"Camino de Santiago zu Pferd. Compostela-Route auf dem Pferder\u00fccken. Franz\u00f6sischer Weg","og_description":"Wir organisieren Reitrouten entlang der Franz\u00f6sischen, Portugiesischen, Via de la Plata, Englischen und anderen Optionen.","og_url":"https:\/\/www.caminosantiagoacaballo.com\/de\/","og_site_name":"Camino de Santiago a Caballo","article_modified_time":"2022-10-06T10:43:27+00:00","og_image":[{"url":"https:\/\/www.caminosantiagoacaballo.com\/wp-content\/uploads\/elementor\/thumbs\/camino-santiago-caballo-slider-6-pubvktp8k5t86t1e4lyon9qkhw1qrj0jop53o0sywc.jpg","type":"","width":"","height":""}],"twitter_card":"summary_large_image","schema":{"@context":"https:\/\/schema.org","@graph":[{"@type":"WebPage","@id":"https:\/\/www.caminosantiagoacaballo.com\/de\/","url":"https:\/\/www.caminosantiagoacaballo.com\/de\/","name":"Camino de Santiago zu Pferd. Compostela-Route auf dem Pferder\u00fccken. Franz\u00f6sischer Weg","isPartOf":{"@id":"https:\/\/www.caminosantiagoacaballo.com\/de\/#website"},"primaryImageOfPage":{"@id":"https:\/\/www.caminosantiagoacaballo.com\/de\/#primaryimage"},"image":{"@id":"https:\/\/www.caminosantiagoacaballo.com\/de\/#primaryimage"},"thumbnailUrl":"https:\/\/www.caminosantiagoacaballo.com\/wp-content\/uploads\/elementor\/thumbs\/camino-santiago-caballo-slider-6-pubvktp8k5t86t1e4lyon9qkhw1qrj0jop53o0sywc.jpg","datePublished":"2016-10-13T15:31:24+00:00","dateModified":"2022-10-06T10:43:27+00:00","description":"Wir organisieren Reitrouten entlang der Franz\u00f6sischen, Portugiesischen, Via de la Plata, Englischen und anderen Optionen.","breadcrumb":{"@id":"https:\/\/www.caminosantiagoacaballo.com\/de\/#breadcrumb"},"inLanguage":"de","potentialAction":[{"@type":"ReadAction","target":["https:\/\/www.caminosantiagoacaballo.com\/de\/"]}]},{"@type":"ImageObject","inLanguage":"de","@id":"https:\/\/www.caminosantiagoacaballo.com\/de\/#primaryimage","url":"https:\/\/www.caminosantiagoacaballo.com\/wp-content\/uploads\/elementor\/thumbs\/camino-santiago-caballo-slider-6-pubvktp8k5t86t1e4lyon9qkhw1qrj0jop53o0sywc.jpg","contentUrl":"https:\/\/www.caminosantiagoacaballo.com\/wp-content\/uploads\/elementor\/thumbs\/camino-santiago-caballo-slider-6-pubvktp8k5t86t1e4lyon9qkhw1qrj0jop53o0sywc.jpg"},{"@type":"BreadcrumbList","@id":"https:\/\/www.caminosantiagoacaballo.com\/de\/#breadcrumb","itemListElement":[{"@type":"ListItem","position":1,"name":"Portada","item":"https:\/\/www.caminosantiagoacaballo.com\/de\/"},{"@type":"ListItem","position":2,"name":"Home Page"}]},{"@type":"WebSite","@id":"https:\/\/www.caminosantiagoacaballo.com\/de\/#website","url":"https:\/\/www.caminosantiagoacaballo.com\/de\/","name":"Camino de Santiago a Caballo","description":"Realiza el Camino de Santiago con la mayor seguridad y comodidad a caballo","publisher":{"@id":"https:\/\/www.caminosantiagoacaballo.com\/de\/#organization"},"potentialAction":[{"@type":"SearchAction","target":{"@type":"EntryPoint","urlTemplate":"https:\/\/www.caminosantiagoacaballo.com\/de\/?s={search_term_string}"},"query-input":{"@type":"PropertyValueSpecification","valueRequired":true,"valueName":"search_term_string"}}],"inLanguage":"de"},{"@type":"Organization","@id":"https:\/\/www.caminosantiagoacaballo.com\/de\/#organization","name":"Camino de Santiago a Caballo","url":"https:\/\/www.caminosantiagoacaballo.com\/de\/","logo":{"@type":"ImageObject","inLanguage":"de","@id":"https:\/\/www.caminosantiagoacaballo.com\/de\/#\/schema\/logo\/image\/","url":"https:\/\/www.caminosantiagoacaballo.com\/wp-content\/uploads\/2022\/09\/camino-santiago-a-caballo-logo.jpg","contentUrl":"https:\/\/www.caminosantiagoacaballo.com\/wp-content\/uploads\/2022\/09\/camino-santiago-a-caballo-logo.jpg","width":199,"height":180,"caption":"Camino de Santiago a Caballo"},"image":{"@id":"https:\/\/www.caminosantiagoacaballo.com\/de\/#\/schema\/logo\/image\/"}}]}},"publishpress_future_workflow_manual_trigger":{"enabledWorkflows":[]},"_links":{"self":[{"href":"https:\/\/www.caminosantiagoacaballo.com\/de\/wp-json\/wp\/v2\/pages\/4764","targetHints":{"allow":["GET"]}}],"collection":[{"href":"https:\/\/www.caminosantiagoacaballo.com\/de\/wp-json\/wp\/v2\/pages"}],"about":[{"href":"https:\/\/www.caminosantiagoacaballo.com\/de\/wp-json\/wp\/v2\/types\/page"}],"author":[{"embeddable":true,"href":"https:\/\/www.caminosantiagoacaballo.com\/de\/wp-json\/wp\/v2\/users\/1"}],"replies":[{"embeddable":true,"href":"https:\/\/www.caminosantiagoacaballo.com\/de\/wp-json\/wp\/v2\/comments?post=4764"}],"version-history":[{"count":0,"href":"https:\/\/www.caminosantiagoacaballo.com\/de\/wp-json\/wp\/v2\/pages\/4764\/revisions"}],"wp:attachment":[{"href":"https:\/\/www.caminosantiagoacaballo.com\/de\/wp-json\/wp\/v2\/media?parent=4764"}],"curies":[{"name":"wp","href":"https:\/\/api.w.org\/{rel}","templated":true}]}}