{"id":476,"date":"2017-01-08T18:25:28","date_gmt":"2017-01-08T17:25:28","guid":{"rendered":"http:\/\/localhost:70\/caminosantiago\/de\/?page_id=476"},"modified":"2022-10-06T18:20:58","modified_gmt":"2022-10-06T16:20:58","slug":"der-portugiesische-weg","status":"publish","type":"page","link":"https:\/\/www.caminosantiagoacaballo.com\/de\/der-portugiesische-weg\/","title":{"rendered":"Portugiesische Weg"},"content":{"rendered":"<p><center><iframe src=\"https:\/\/www.google.com\/maps\/d\/embed?mid=13_yiBiNC3jBXQrxY_wIN_91i454\" width=\"95%\" height=\"480\"><\/iframe><\/center>\t\t<\/p>\n<p>Br\u00fccken, l\u00e4ndliche Kapellen, Heiligt\u00fcmer, Cruceiros (Kreuzungen), Pazos (Landg\u00fcter) und historische St\u00e4dte liegen entlang einer Route, die am Ufer des Mi\u00f1o in der Stadt Tui beginnt und vor dem Grab des Heiligen Jakobus endet. Der Portugiesische Weg in Galicien ist eine Route mit bemerkenswerten monumentalen Zeugnissen und einer starken kulturellen Realit\u00e4t, die \u00fcber die architektonischen und musealen Aspekte hinausgeht, um einen privilegierten Raum f\u00fcr Ausritte unter Freunden zu kennzeichnen. Wenn der Pilger es w\u00fcnscht, ist der Portugiesische Weg auch von der Stadt Braga aus m\u00f6glich.<\/p>\n<p><img fetchpriority=\"high\" decoding=\"async\" src=\"https:\/\/www.caminosantiagoacaballo.com\/wp-content\/uploads\/2022\/09\/camino-portugues-30.jpg\" alt=\"\" width=\"500\" height=\"373\"><\/p>\n<p>Tui ist der Startpunkt des Portugiesischen Weges in Galicien. Nach der Ponte das Febres haben Sie zwei M\u00f6glichkeiten: Sie k\u00f6nnen den Weg vor der Br\u00fccke fortsetzen, der im Winter schwer zu \u00fcberqueren ist, oder Sie nehmen den Weg links und machen einen kleinen Umweg. Beide M\u00f6glichkeiten f\u00fchren zu dem Ort A Madalena.<\/p>\n<p><img decoding=\"async\" src=\"https:\/\/www.caminosantiagoacaballo.com\/wp-content\/uploads\/2022\/09\/camino-portugues-2.jpg\" alt=\"\" width=\"500\" height=\"375\"><\/p>\n<p>Der R\u00f6merstra\u00dfe folgend, m\u00fcndet die Route in die N-550 und erreicht Redondela auf der H\u00f6he des Klosters Vilavella. In Redondela f\u00fchrt die Route mitten durch das Dorf, wo sich eine historische Herberge aus dem 16. Jahrhundert namens &#8218;Casa da Torre&#8216; befindet, die eine der wichtigsten auf dem Portugiesischen Weg ist.<\/p>\n<p>Wenn Sie Redondela verlassen und die Eisenbahnbr\u00fccke hinter sich gelassen haben, f\u00fchrt der Weg in einen Wald in Richtung des Dorfes Soutoxusto. Umgeben von Pinien steigen wir durch Sete fontes hinunter, um Arcade zu durchqueren, einen Ort, der f\u00fcr seine leckeren Meeresfr\u00fcchte aus der Flussm\u00fcndung bekannt ist, die wir probieren k\u00f6nnen.<\/p>\n<p>Nach der Mariscada erreichen wir das historische Pontesampaio: der Camino \u00fcberquert den Fluss Verdugo \u00fcber die Br\u00fccke, auf der im Unabh\u00e4ngigkeitskrieg eine der gr\u00f6\u00dften Niederlagen der napoleonischen Armee in Galicien durch das bewaffnete Volk stattfand.<\/p>\n<p><img decoding=\"async\" src=\"https:\/\/www.caminosantiagoacaballo.com\/wp-content\/uploads\/2022\/09\/camino-portugues-31.jpg\" alt=\"\" width=\"500\" height=\"373\"><\/p>\n<p>Der Camino n\u00e4hert sich Pontevedra und l\u00e4sst Orte wie B\u00e9rtola hinter sich. Nach dem Betreten der Stadt f\u00fchrt der Camino vom Pilgerweg direkt zum Ferreira-Platz.<\/p>\n<p>Der Weg verl\u00e4sst Pontevedra \u00fcber die R\u00faa da Santi\u00f1a. Nachdem Sie einen ruhigen Kastanienhain rechts des Weges hinter sich gelassen haben, verl\u00e4uft die Route parallel zu den Bahngleisen nach Pontecabras und f\u00fchrt Sie weiter zur Kirche und zum Pfarrhaus von Santa Mar\u00eda de Alba inmitten von Pinien und Eukalyptusb\u00e4umen.<\/p>\n<p><img loading=\"lazy\" decoding=\"async\" src=\"https:\/\/www.caminosantiagoacaballo.com\/wp-content\/uploads\/2022\/09\/camino-portugues-32.jpg\" alt=\"\" width=\"500\" height=\"373\"><\/p>\n<p>Von hier aus geht es weiter durch die D\u00f6rfer Casal de Eirixio und O Pino und in tiefe W\u00e4lder, die inmitten des Rauschens von Wasser in der N\u00e4he von alten M\u00fchlen verlaufen. Bei der M\u00fchle von Solleiros macht der Weg eine leichte Kurve, bis er Valga erreicht und weiter nach Padr\u00f3n in der Provinz A Coru\u00f1a f\u00fchrt.<\/p>\n<p><img loading=\"lazy\" decoding=\"async\" src=\"https:\/\/www.caminosantiagoacaballo.com\/wp-content\/uploads\/2022\/09\/camino-portugues-33.jpg\" alt=\"\" width=\"500\" height=\"373\"><\/p>\n<p>die H\u00e4nde des bewaffneten Volkes. Pilger k\u00f6nnen eine Pause einlegen und sich bei Santiagui\u00f1o do Monte ausruhen, einem Ort mit einem sch\u00f6nen Aussichtspunkt, einer Santiago gewidmeten Kapelle und einem Altar mit dem Bildnis von Santiago auf einigen Felsen.<\/p>\n<p>In Santiago angekommen, f\u00fchrt der Weg \u00fcber den Platz &#8222;Obradoiro&#8220;, an dem sich die Hauptfassade der jakobinischen Basilika befindet, deren Eingang den Pilger zum P\u00f3rtico de la Gloria (Portikus des Ruhmes) f\u00fchrt. Eine andere M\u00f6glichkeit, in das Innere der Basilika zu gelangen &#8211; die von Pilgern bevorzugt wird &#8211; ist, der Calle Fonseca zu folgen, die an den s\u00fcdlichen Fl\u00fcgel des Kreuzgangs grenzt, bis zur Plaza de As Prater\u00edas, wo sich die S\u00fcdfassade der Kathedrale befindet.<\/p>\n<p>Nach der Besichtigung der Kathedrale und ihrer Umgebung bringen wir Sie zum Flughafen oder Bahnhof, wo unser Service endet.<\/p>\n<p><img loading=\"lazy\" decoding=\"async\" src=\"https:\/\/www.caminosantiagoacaballo.com\/wp-content\/uploads\/2022\/09\/camino-portugues-6.jpg\" alt=\"\" width=\"500\" height=\"375\"><\/p>\n","protected":false},"excerpt":{"rendered":"<p>Br\u00fccken, l\u00e4ndliche Kapellen, Heiligt\u00fcmer, Cruceiros (Kreuzungen), Pazos (Landg\u00fcter) und historische St\u00e4dte liegen entlang einer Route, die am Ufer des Mi\u00f1o in der Stadt Tui beginnt und vor dem Grab des Heiligen Jakobus endet. Der Portugiesische Weg in Galicien ist eine Route mit bemerkenswerten monumentalen Zeugnissen und einer starken kulturellen Realit\u00e4t, die \u00fcber die architektonischen und [&hellip;]<\/p>\n","protected":false},"author":1,"featured_media":0,"parent":0,"menu_order":0,"comment_status":"closed","ping_status":"closed","template":"","meta":{"_joinchat":[],"footnotes":""},"class_list":["post-476","page","type-page","status-publish","hentry"],"yoast_head":"<!-- This site is optimized with the Yoast SEO plugin v26.9 - https:\/\/yoast.com\/product\/yoast-seo-wordpress\/ -->\n<title>Der Portugiesische Weg - Camino de Santiago zu Pferd<\/title>\n<meta name=\"description\" content=\"Portugal, Braga, Tui, Fluss, Mi\u00f1o, wir organisieren Reittouren entlang der franz\u00f6sischen, portugiesischen, Via de la Plata, englischen und anderen Optionen.\" \/>\n<meta name=\"robots\" content=\"index, follow, max-snippet:-1, max-image-preview:large, max-video-preview:-1\" \/>\n<link rel=\"canonical\" href=\"https:\/\/www.caminosantiagoacaballo.com\/de\/der-portugiesische-weg\/\" \/>\n<meta property=\"og:locale\" content=\"de_DE\" \/>\n<meta property=\"og:type\" content=\"article\" \/>\n<meta property=\"og:title\" content=\"Der Portugiesische Weg - Camino de Santiago zu Pferd\" \/>\n<meta property=\"og:description\" content=\"Portugal, Braga, Tui, Fluss, Mi\u00f1o, wir organisieren Reittouren entlang der franz\u00f6sischen, portugiesischen, Via de la Plata, englischen und anderen Optionen.\" \/>\n<meta property=\"og:url\" content=\"https:\/\/www.caminosantiagoacaballo.com\/de\/der-portugiesische-weg\/\" \/>\n<meta property=\"og:site_name\" content=\"Camino de Santiago a Caballo\" \/>\n<meta property=\"article:modified_time\" content=\"2022-10-06T16:20:58+00:00\" \/>\n<meta property=\"og:image\" content=\"https:\/\/www.caminosantiagoacaballo.com\/wp-content\/uploads\/2022\/09\/camino-portugues-30.jpg\" \/>\n<meta name=\"twitter:card\" content=\"summary_large_image\" \/>\n<script type=\"application\/ld+json\" class=\"yoast-schema-graph\">{\"@context\":\"https:\/\/schema.org\",\"@graph\":[{\"@type\":\"WebPage\",\"@id\":\"https:\/\/www.caminosantiagoacaballo.com\/de\/der-portugiesische-weg\/\",\"url\":\"https:\/\/www.caminosantiagoacaballo.com\/de\/der-portugiesische-weg\/\",\"name\":\"Der Portugiesische Weg - Camino de Santiago zu Pferd\",\"isPartOf\":{\"@id\":\"https:\/\/www.caminosantiagoacaballo.com\/de\/#website\"},\"primaryImageOfPage\":{\"@id\":\"https:\/\/www.caminosantiagoacaballo.com\/de\/der-portugiesische-weg\/#primaryimage\"},\"image\":{\"@id\":\"https:\/\/www.caminosantiagoacaballo.com\/de\/der-portugiesische-weg\/#primaryimage\"},\"thumbnailUrl\":\"https:\/\/www.caminosantiagoacaballo.com\/wp-content\/uploads\/2022\/09\/camino-portugues-30.jpg\",\"datePublished\":\"2017-01-08T17:25:28+00:00\",\"dateModified\":\"2022-10-06T16:20:58+00:00\",\"description\":\"Portugal, Braga, Tui, Fluss, Mi\u00f1o, wir organisieren Reittouren entlang der franz\u00f6sischen, portugiesischen, Via de la Plata, englischen und anderen Optionen.\",\"breadcrumb\":{\"@id\":\"https:\/\/www.caminosantiagoacaballo.com\/de\/der-portugiesische-weg\/#breadcrumb\"},\"inLanguage\":\"de\",\"potentialAction\":[{\"@type\":\"ReadAction\",\"target\":[\"https:\/\/www.caminosantiagoacaballo.com\/de\/der-portugiesische-weg\/\"]}]},{\"@type\":\"ImageObject\",\"inLanguage\":\"de\",\"@id\":\"https:\/\/www.caminosantiagoacaballo.com\/de\/der-portugiesische-weg\/#primaryimage\",\"url\":\"https:\/\/www.caminosantiagoacaballo.com\/wp-content\/uploads\/2022\/09\/camino-portugues-30.jpg\",\"contentUrl\":\"https:\/\/www.caminosantiagoacaballo.com\/wp-content\/uploads\/2022\/09\/camino-portugues-30.jpg\"},{\"@type\":\"BreadcrumbList\",\"@id\":\"https:\/\/www.caminosantiagoacaballo.com\/de\/der-portugiesische-weg\/#breadcrumb\",\"itemListElement\":[{\"@type\":\"ListItem\",\"position\":1,\"name\":\"Portada\",\"item\":\"https:\/\/www.caminosantiagoacaballo.com\/de\/\"},{\"@type\":\"ListItem\",\"position\":2,\"name\":\"Portugiesische Weg\"}]},{\"@type\":\"WebSite\",\"@id\":\"https:\/\/www.caminosantiagoacaballo.com\/de\/#website\",\"url\":\"https:\/\/www.caminosantiagoacaballo.com\/de\/\",\"name\":\"Camino de Santiago a Caballo\",\"description\":\"Realiza el Camino de Santiago con la mayor seguridad y comodidad a caballo\",\"publisher\":{\"@id\":\"https:\/\/www.caminosantiagoacaballo.com\/de\/#organization\"},\"potentialAction\":[{\"@type\":\"SearchAction\",\"target\":{\"@type\":\"EntryPoint\",\"urlTemplate\":\"https:\/\/www.caminosantiagoacaballo.com\/de\/?s={search_term_string}\"},\"query-input\":{\"@type\":\"PropertyValueSpecification\",\"valueRequired\":true,\"valueName\":\"search_term_string\"}}],\"inLanguage\":\"de\"},{\"@type\":\"Organization\",\"@id\":\"https:\/\/www.caminosantiagoacaballo.com\/de\/#organization\",\"name\":\"Camino de Santiago a Caballo\",\"url\":\"https:\/\/www.caminosantiagoacaballo.com\/de\/\",\"logo\":{\"@type\":\"ImageObject\",\"inLanguage\":\"de\",\"@id\":\"https:\/\/www.caminosantiagoacaballo.com\/de\/#\/schema\/logo\/image\/\",\"url\":\"https:\/\/www.caminosantiagoacaballo.com\/wp-content\/uploads\/2022\/09\/camino-santiago-a-caballo-logo.jpg\",\"contentUrl\":\"https:\/\/www.caminosantiagoacaballo.com\/wp-content\/uploads\/2022\/09\/camino-santiago-a-caballo-logo.jpg\",\"width\":199,\"height\":180,\"caption\":\"Camino de Santiago a Caballo\"},\"image\":{\"@id\":\"https:\/\/www.caminosantiagoacaballo.com\/de\/#\/schema\/logo\/image\/\"}}]}<\/script>\n<!-- \/ Yoast SEO plugin. -->","yoast_head_json":{"title":"Der Portugiesische Weg - Camino de Santiago zu Pferd","description":"Portugal, Braga, Tui, Fluss, Mi\u00f1o, wir organisieren Reittouren entlang der franz\u00f6sischen, portugiesischen, Via de la Plata, englischen und anderen Optionen.","robots":{"index":"index","follow":"follow","max-snippet":"max-snippet:-1","max-image-preview":"max-image-preview:large","max-video-preview":"max-video-preview:-1"},"canonical":"https:\/\/www.caminosantiagoacaballo.com\/de\/der-portugiesische-weg\/","og_locale":"de_DE","og_type":"article","og_title":"Der Portugiesische Weg - Camino de Santiago zu Pferd","og_description":"Portugal, Braga, Tui, Fluss, Mi\u00f1o, wir organisieren Reittouren entlang der franz\u00f6sischen, portugiesischen, Via de la Plata, englischen und anderen Optionen.","og_url":"https:\/\/www.caminosantiagoacaballo.com\/de\/der-portugiesische-weg\/","og_site_name":"Camino de Santiago a Caballo","article_modified_time":"2022-10-06T16:20:58+00:00","og_image":[{"url":"https:\/\/www.caminosantiagoacaballo.com\/wp-content\/uploads\/2022\/09\/camino-portugues-30.jpg","type":"","width":"","height":""}],"twitter_card":"summary_large_image","schema":{"@context":"https:\/\/schema.org","@graph":[{"@type":"WebPage","@id":"https:\/\/www.caminosantiagoacaballo.com\/de\/der-portugiesische-weg\/","url":"https:\/\/www.caminosantiagoacaballo.com\/de\/der-portugiesische-weg\/","name":"Der Portugiesische Weg - Camino de Santiago zu Pferd","isPartOf":{"@id":"https:\/\/www.caminosantiagoacaballo.com\/de\/#website"},"primaryImageOfPage":{"@id":"https:\/\/www.caminosantiagoacaballo.com\/de\/der-portugiesische-weg\/#primaryimage"},"image":{"@id":"https:\/\/www.caminosantiagoacaballo.com\/de\/der-portugiesische-weg\/#primaryimage"},"thumbnailUrl":"https:\/\/www.caminosantiagoacaballo.com\/wp-content\/uploads\/2022\/09\/camino-portugues-30.jpg","datePublished":"2017-01-08T17:25:28+00:00","dateModified":"2022-10-06T16:20:58+00:00","description":"Portugal, Braga, Tui, Fluss, Mi\u00f1o, wir organisieren Reittouren entlang der franz\u00f6sischen, portugiesischen, Via de la Plata, englischen und anderen Optionen.","breadcrumb":{"@id":"https:\/\/www.caminosantiagoacaballo.com\/de\/der-portugiesische-weg\/#breadcrumb"},"inLanguage":"de","potentialAction":[{"@type":"ReadAction","target":["https:\/\/www.caminosantiagoacaballo.com\/de\/der-portugiesische-weg\/"]}]},{"@type":"ImageObject","inLanguage":"de","@id":"https:\/\/www.caminosantiagoacaballo.com\/de\/der-portugiesische-weg\/#primaryimage","url":"https:\/\/www.caminosantiagoacaballo.com\/wp-content\/uploads\/2022\/09\/camino-portugues-30.jpg","contentUrl":"https:\/\/www.caminosantiagoacaballo.com\/wp-content\/uploads\/2022\/09\/camino-portugues-30.jpg"},{"@type":"BreadcrumbList","@id":"https:\/\/www.caminosantiagoacaballo.com\/de\/der-portugiesische-weg\/#breadcrumb","itemListElement":[{"@type":"ListItem","position":1,"name":"Portada","item":"https:\/\/www.caminosantiagoacaballo.com\/de\/"},{"@type":"ListItem","position":2,"name":"Portugiesische Weg"}]},{"@type":"WebSite","@id":"https:\/\/www.caminosantiagoacaballo.com\/de\/#website","url":"https:\/\/www.caminosantiagoacaballo.com\/de\/","name":"Camino de Santiago a Caballo","description":"Realiza el Camino de Santiago con la mayor seguridad y comodidad a caballo","publisher":{"@id":"https:\/\/www.caminosantiagoacaballo.com\/de\/#organization"},"potentialAction":[{"@type":"SearchAction","target":{"@type":"EntryPoint","urlTemplate":"https:\/\/www.caminosantiagoacaballo.com\/de\/?s={search_term_string}"},"query-input":{"@type":"PropertyValueSpecification","valueRequired":true,"valueName":"search_term_string"}}],"inLanguage":"de"},{"@type":"Organization","@id":"https:\/\/www.caminosantiagoacaballo.com\/de\/#organization","name":"Camino de Santiago a Caballo","url":"https:\/\/www.caminosantiagoacaballo.com\/de\/","logo":{"@type":"ImageObject","inLanguage":"de","@id":"https:\/\/www.caminosantiagoacaballo.com\/de\/#\/schema\/logo\/image\/","url":"https:\/\/www.caminosantiagoacaballo.com\/wp-content\/uploads\/2022\/09\/camino-santiago-a-caballo-logo.jpg","contentUrl":"https:\/\/www.caminosantiagoacaballo.com\/wp-content\/uploads\/2022\/09\/camino-santiago-a-caballo-logo.jpg","width":199,"height":180,"caption":"Camino de Santiago a Caballo"},"image":{"@id":"https:\/\/www.caminosantiagoacaballo.com\/de\/#\/schema\/logo\/image\/"}}]}},"publishpress_future_workflow_manual_trigger":{"enabledWorkflows":[]},"_links":{"self":[{"href":"https:\/\/www.caminosantiagoacaballo.com\/de\/wp-json\/wp\/v2\/pages\/476","targetHints":{"allow":["GET"]}}],"collection":[{"href":"https:\/\/www.caminosantiagoacaballo.com\/de\/wp-json\/wp\/v2\/pages"}],"about":[{"href":"https:\/\/www.caminosantiagoacaballo.com\/de\/wp-json\/wp\/v2\/types\/page"}],"author":[{"embeddable":true,"href":"https:\/\/www.caminosantiagoacaballo.com\/de\/wp-json\/wp\/v2\/users\/1"}],"replies":[{"embeddable":true,"href":"https:\/\/www.caminosantiagoacaballo.com\/de\/wp-json\/wp\/v2\/comments?post=476"}],"version-history":[{"count":0,"href":"https:\/\/www.caminosantiagoacaballo.com\/de\/wp-json\/wp\/v2\/pages\/476\/revisions"}],"wp:attachment":[{"href":"https:\/\/www.caminosantiagoacaballo.com\/de\/wp-json\/wp\/v2\/media?parent=476"}],"curies":[{"name":"wp","href":"https:\/\/api.w.org\/{rel}","templated":true}]}}