{"id":4747,"date":"2016-10-16T15:02:02","date_gmt":"2016-10-16T13:02:02","guid":{"rendered":"https:\/\/caminosantiagoacaballo.com\/\/?page_id=4747"},"modified":"2022-10-06T12:43:18","modified_gmt":"2022-10-06T10:43:18","slug":"der-silberweg","status":"publish","type":"page","link":"https:\/\/www.caminosantiagoacaballo.com\/de\/der-silberweg\/","title":{"rendered":"Via de la Plata"},"content":{"rendered":"<p><center><iframe src=\"https:\/\/www.google.com\/maps\/d\/embed?mid=12qC1OElqjMaK8wgMaPeiAhkOht0\" width=\"95%\" height=\"480\" data-mce-fragment=\"1\"><\/iframe><\/center><strong>Es ist die l\u00e4ngste galicische Pilgerroute<\/strong>.<\/p>\n<p>Sie f\u00fchrt durch die Provinzen Ourense, Pontevedra und A Coru\u00f1a und durchquert Naturgebiete von gro\u00dfer Sch\u00f6nheit mit einem reichen kulturellen und \u00f6kologischen Erbe. Aufgrund der langen Strecke gibt es Alternativen und mehrere Zug\u00e4nge nach Galicien aus dem Nordosten Portugals und durch das Sil-Becken, das seit der Antike ein traditioneller Zugang zu Galicien ist. Der S\u00fcdostweg ist eine Verl\u00e4ngerung der als V\u00eda de la Plata bekannten R\u00f6merstra\u00dfe, die M\u00e9rida mit Astorga verband und den Westen der Halbinsel von S\u00fcden nach Norden durchquerte und dabei die Fl\u00fcsse Tajo und Duero \u00fcberquerte.<\/p>\n<p>Der Begriff &#8218;V\u00eda de la Plata&#8216; leitet sich genau von der urspr\u00fcnglichen etymologischen Bedeutung des arabischen Wortes Banatta ab, mit dem die Muslime jene breite, gepflasterte \u00f6ffentliche Stra\u00dfe mit festem Grundriss bezeichneten, die in den christlichen Norden f\u00fchrte. Der Name V\u00eda de la Plata hat also nichts mit der Ausbeutung oder dem Handel mit dem Edelmetall zu tun.<\/p>\n<p><strong>ITINERAR<\/strong><\/p>\n<p>Der Pilgerweg, eine Erweiterung der Silberstra\u00dfe, betritt die Provinz Ourense \u00fcber den Hafen von Portela da Canda in der Gemeinde A Mezquita und f\u00fchrt weiter zu den Orten A Canda und A Gudi\u00f1a. Wenn Sie das Stadtzentrum von A Gudi\u00f1a verlassen, k\u00f6nnen Sie den k\u00fcrzeren Weg \u00fcber die Verea Sur in Richtung Laza nehmen oder weiter nach Ver\u00edn, einer Kreuzung, gehen. Die Stra\u00dfe f\u00fchrt weiter nach Monterrei, wo die Silhouette der Grafschaftsfestung das ganze Tal dominiert.<\/p>\n<p><img fetchpriority=\"high\" decoding=\"async\" src=\"https:\/\/www.caminosantiagoacaballo.com\/wp-content\/uploads\/2022\/09\/via-de-la-plata-1.jpg\" alt=\"\" width=\"500\" height=\"375\"><\/p>\n<p>A) Monterrei-Trasmiras-Xinzo de Limia<\/p>\n<p>Nachdem Sie Monterrei hinter sich gelassen haben, geht es weiter zum Dorf Albarellos, dessen Pfarrkirche dem Apostel gewidmet ist, um dann weiter zum Dorf Infesta zu fahren und in die Gemeinde Cualedro einzutreten, vorbei am Dorf Rebordondo und dem Dorf Pena Verde. Dann geht es weiter in Richtung As Estivadas, durch Viladerrei und weiter in Richtung Trasmiras, wobei Sie die M\u00f6glichkeiten des Tals von A Limia nutzen und durch die Orte Zos und Boado fahren, bevor Sie Xinzo de Limia erreichen.<\/p>\n<p>B) Xinzo de Limia-Sandi\u00e1s-Allariz<\/p>\n<p>Die Route f\u00fchrt weiter nach Vilarillo das Poldras, Couso de Limi und Vilar de Sandi\u00e1s. Die Route f\u00fchrt weiter in das Dorf Pi\u00f1eira de Arcos, bevor sie das Tal durchquert, das mit Allariz verbunden ist. In dieser Gemeinde. 1 kommt der Pilger durch Coedo, Outeiro de Torneiros, Paradilias und Torneiros, bevor er das Dorf Pened\u00f3s und dann die Stadt Allariz erreicht.<\/p>\n<p>C) AIlariz-Ourense<\/p>\n<p>Nach AIlariz geht der Pilger weiter nach A Frieira, durchquert die Gemeinde Santiago de Folgoso und kommt durch Roiriz de Abaixo, Roirizde Arriba, Rubi\u00e1s, Espilieiros, A Vila und Augasantas. Die Route f\u00fchrt nach Taboa de la,cmz in die Gemeinde Santiago de Rabeda, weiter nach Pereiras und nach San Cibrao das Vi\u00f1as, vorbei an A Castellana und Ponte Noalla. In Ourense f\u00fchrt sie durch San Breixo de Seixalbo. Nachdem Sie die Stadt A Gudma hinter sich gelassen haben, nehmen Sie den Weg Verea Vella oder Vere a Sur, der die beeindruckende Landschaft von A Serra Seca durchquert und durch die Venda do Espmo und die Venda da Teresa f\u00fchrt. Da es in dieser \u00fcberw\u00e4ltigenden Landschaft keine bewohnten Orte gibt, wird der Verkauf entlang des Wadis fortgesetzt. Nach dieser zerkl\u00fcfteten Route, die \u00fcber tausend H\u00f6henmeter f\u00fchrt, endet A Serra Seca in Santiago de Campo Becerros, wo die Mta A Vrea Vella genannt wird und wo die Pilger auf die Hilfe der Ritter des Santiagoordens z\u00e4hlen konnten.<\/p>\n<p>Die Route f\u00fchrt nach Porto Camba, in ein Gebirgstal der Serra de San Mamede, das zum kl\u00f6sterlichen Siegelor\u00edo von Montederramo und den Chorherren von Xunqueira de Amb\u00eda geh\u00f6rte. Diese Pilgerroute kommt von Chaves (Portugal), \u00fcberquert die Grenze und f\u00fchrt durch das Dorf Fecesde Abaixo, am Ufer des T\u00e1mega, und den Ort Mand\u00edn. In der Gemeinde Ver\u00edn angekommen, geht es weiter nach Tamaguelos, dessen Kirche Santiago gewidmet ist, und weiter durch Mourazos, Tamagos und Cabreiro\u00e1, das f\u00fcr sein Thermalbad aus Stein bekannt ist, bevor Sie das Zentrum von Verin erreichen. Nachdem Sie in der N\u00e4he der Burg von Monterrei vorbeigefahren sind, l\u00e4sst die Route die Orte A Pousa und Mix\u00f3s hinter sich.<\/p>\n<p>Nachdem Sie Estev\u00cd\u00f1os, Vences und Arcucelos passiert haben, erreicht die Route A Retorta, immer noch im Tal von Monterrevieiras. Laza ist ein Kreuzungspunkt, an dem diese Route auf die Verea Sur trifft, den alten und traditionellen Camino de Castilla.<\/p>\n<p><img decoding=\"async\" src=\"https:\/\/www.caminosantiagoacaballo.com\/wp-content\/uploads\/2022\/09\/via-de-la-plata-2.jpg\" alt=\"\" width=\"500\" height=\"373\"><\/p>\n<p>D) Laza-Vilar de Barrio-Xunqueira de Amb\u00eda.<\/p>\n<p>Nach Laza geht es weiter nach Soutelo Verde und Santa Mar\u00eda de Alberguer\u00eda, einem wichtigen Orientierungspunkt auf dieser Route, denn hier gab es eine Herberge f\u00fcr Reisende und ein karitatives Krankenhaus f\u00fcr Pilger. In Vilar de Barrio angekommen, betritt der Pilger die Gemeindehauptstadt, geht weiter zum Ort Santa Mar\u00eda de B\u00f3veda, wo sich das Herrenhaus des Marquis von B\u00f3veda de Limia, Ritter von Santiago, und eine von ihm gegr\u00fcndete Kapelle in der Pfarrkirche befinden, und weiter nach Vilar de Gumareites. Ab diesem Punkt hei\u00dft der Weg Vrea de Santiago, ist angenehm breit, im Winter teilweise \u00fcberschwemmt und hat einen Belag aus stark abgenutzten Steinplatten. Kurz darauf betritt sie die Gemeinde Xunqueira de Amb\u00eda, durchquert die Gemeinde Sobradelo und kreuzt die R\u00f6merstra\u00dfe XVIII der Antoninischen Reiseroute. Die Route f\u00fchrt weiter nach Bovadel und Cima de Vila, bevor Sie Xunqueira de Amb\u00eda erreichen.<\/p>\n<p>E)Xunqueira de Amb\u00eda-Ourense<\/p>\n<p>Nach Xunqueira f\u00fchrt die Stra\u00dfe zum Ort San Xillau und weiter nach A Pausa, wobei Sie die Kapelle der Virgen del Camino hinter sich lassen. Dann kommt der Ort Vila Nava, wo es H\u00e4user gibt, die mit Kreuzen von milit\u00e4rischen Orden und Muscheln von Santiago geschm\u00fcckt sind, und weiter geht es nach Salgueiros und Os Casares; von hier aus machten viele Pilger einen Abstecher nach Santa Maril1a de Augasantas. Die Route durchquert dann das westliche Ende der Gemeinde Baf\u00edos de Molgas, f\u00fchrt durch Gaspar und betritt die L\u00e4ndereien von Padernede Allariz, wobei sie Canto\u00f1a und Ousende hinter sich l\u00e4sst. La Verea erreicht die Gemeinde Taboa de la, durchquert die Gemeinde Santiago de Rabeda und f\u00e4hrt weiter nach Venda do R\u00edoy Pereiras. In Pereiras trifft diese Route auf die von Xinzo und Allariz. Sie f\u00fchrt dann durch A Castellana, Ponte Noalla, San Breixo de Seixalbo und erreicht Ourense. Die Route f\u00fchrt in das Stadtzentrum der Hauptstadt Auriense, wo Sie die Kathedrale und ihre Kapelle Santo Cristo, den Burgas-Brunnen, die Stra\u00dfen, Pl\u00e4tze und Br\u00fccken \u00fcber den Mi\u00f1o-Fluss besichtigen.<\/p>\n<p>F) Ourense-Cea<\/p>\n<p>Wenn Sie Ourense verlassen, f\u00fchrt die Route durch Cudeiro und Sart\u00e9digos. Kurz darauf betritt sie die Gemeinde Amoeiro und durchquert die Gemeinde San Paio de B\u00f3veda, bevor sie Tamallancos erreicht. In Sobreira gibt es eine Abzweigung, die zur Pazo-Burg von Vilamar\u00edn f\u00fchrt, der ehemaligen Wohnfestung der Grafen von Rivadavia. In Ponte Sobreira \u00fcberqueren Sie den Fluss Barbanti\u00f1o \u00fcber eine historische Br\u00fccke und gelangen in die Gemeinde Cea, vorbei an den malerischen D\u00f6rfern Faramontaos, Viduedo und As Casas Novas. Der Weg erreicht kurz darauf das Zentrum von San Cristovo de Cea. Auf dem Abschnitt Ourense-Casas Navas (Cea) gibt es eine andere, modernere Variante, die zun\u00e4chst dem rechten Ufer des Millo folgt und bis zum Ort Quinte1a f\u00fchrt, der noch in der Gemeinde Ourense liegt, dann weiter nach Li\u00f1ares und Cimadevila, zwei Orte in der Gemeinde Amoeiro, und nach der Durchquerung von Mandr\u00e1s und Pulledo nach Casas Navas f\u00fchrt.<\/p>\n<p><img decoding=\"async\" src=\"https:\/\/www.caminosantiagoacaballo.com\/wp-content\/uploads\/2022\/09\/via-de-la-plata-3.jpg\" alt=\"\" width=\"500\" height=\"373\"><\/p>\n<p>G) Cea-Castro de Doz\u00f3n-Prado (lal\u00edn)-Silleda<\/p>\n<p>Nach Cea biegen viele Pilger in Richtung des Klosters Oseira ab. Von Oseira f\u00fchrt die Route \u00fcber Carballeidi\u00f1a und Coiras zur\u00fcck nach Castro de Doz\u00f3n. Eine andere M\u00f6glichkeit f\u00fcr den Pilger besteht darin, eine k\u00fcrzere und direktere Route von Cea nach Doz\u00f3n zu nehmen, die \u00fcber Porto do Souto, Cotelas, Pi\u00f1or, Arenteiro, O Reino und Cargalleda in der Gemeinde PUlor f\u00fchrt. Beide M\u00f6glichkeiten f\u00fchren den Pilger in das Zentrum von Castro de Moz\u00f3n. Die Route erreicht den Alto de Santo Domingo, wo sich eine diesem Heiligen gewidmete Kapelle befindet, f\u00fchrt nach Lal\u00edn (Pontevedra), durchquert die Gemeinde Santiago de Catasos, passiert Puxallos und f\u00fchrt weiter nach Pontenoufe, A Xesta und Medelo. Dann geht es weiter durch Mes\u00f3n de Cu\u00fcarro, Donsi\u00f3n, Empedrada und Prado. Die Route f\u00fchrt durch die Gemeinde Santiago de Tabeada (Silleda), \u00fcber eine mittelalterliche Br\u00fccke \u00fcber den Fluss Deza und weiter in die Gemeindehauptstadt.<\/p>\n<p><img loading=\"lazy\" decoding=\"async\" src=\"https:\/\/www.caminosantiagoacaballo.com\/wp-content\/uploads\/2022\/09\/via-de-la-plata-4.jpg\" alt=\"\" width=\"500\" height=\"333\"><\/p>\n<p>H) SilIeda-Santiago<\/p>\n<p>Der letzte Abschnitt dieser Pilgerroute f\u00fchrt durch die Gemeinden Silleda, A Estrada, Vedra, Boqueix\u00f3n und Santiago. Nach dem Verlassen von Silleda f\u00fchrt die Route durch Foxo, Margaride und Chapa. Nachdem Sie Chapa durchquert haben, geht es weiter nach Bandeira, Codeseira, Pi\u00f1eiro und Castrovite (A Estrada); die Route f\u00fchrt weiter nach Santa Mar\u00eda de Loimil. Die Route f\u00fchrt durch Casares und Carballas und durchquert die Gemeinde von Santo Esteva de Oca.<\/p>\n<p>Die Route f\u00fchrt weiter nach Valboa, Arnois, A Calzada und Veiga. Sie erreicht Vedra \u00fcber Ponte Ulla, \u00fcberquert den Flusslauf der Ulla \u00fcber eine historische Br\u00fccke und erreicht die Provinz A Coru\u00f1a. Die Route f\u00fchrt zu den Orten Eiravedra, Franc\u00e9s, Cumbraos und Sobredo. Wenig sp\u00e4ter erreicht sie die Gemeinde Boqueix\u00f3n und f\u00fchrt durch Ruibal. Nachdem Sie Rubial und Dexeiro de Arriba hinter sich gelassen haben, erreicht die Route die Gemeinde Santiago und l\u00e4sst das Dorf A Susana hinter sich. \u00dcber Paradela geht es zur\u00fcck nach Vedra und schlie\u00dflich \u00fcber Corexo, Angrois und Cruceiro de Sar, am Rande der historischen Stadt, nach Santiago. Nachdem Sie die Stiftskirche von Sar und ihr interessantes Museum f\u00fcr sakrale Kunst hinter sich gelassen haben, m\u00fcssen Sie eine letzte Anstrengung unternehmen, bevor Sie die historische Stadt betreten. Sie \u00fcberqueren die R\u00faa Vires da Cerca und lassen das barocke Kloster der Mercedarierinnen, Prado, hinter sich. \u00dcberqueren Sie die Porta de Mazarelos, den einzigen verbliebenen Teil der Stadtmauer, und erreichen Sie die Praza da Universidade.<\/p>\n<p>Der Pilger geht weiter \u00fcber die belebte R\u00faa da Caldeireria, steigt die Costa de Xelm\u00edrez hinunter und erreicht die ber\u00fchmte Praza das Praterias. Durch dieses s\u00fcdliche Tor betritt der Pilger die Kathedrale von Santiago de Compostela, das Ziel der westlichen Pilgerreise.<\/p>\n","protected":false},"excerpt":{"rendered":"<p>Es ist die l\u00e4ngste galicische Pilgerroute. Sie f\u00fchrt durch die Provinzen Ourense, Pontevedra und A Coru\u00f1a und durchquert Naturgebiete von gro\u00dfer Sch\u00f6nheit mit einem reichen kulturellen und \u00f6kologischen Erbe. Aufgrund der langen Strecke gibt es Alternativen und mehrere Zug\u00e4nge nach Galicien aus dem Nordosten Portugals und durch das Sil-Becken, das seit der Antike ein traditioneller [&hellip;]<\/p>\n","protected":false},"author":1,"featured_media":0,"parent":0,"menu_order":0,"comment_status":"closed","ping_status":"closed","template":"","meta":{"_joinchat":[],"footnotes":""},"class_list":["post-4747","page","type-page","status-publish","hentry"],"yoast_head":"<!-- This site is optimized with the Yoast SEO plugin v26.9 - https:\/\/yoast.com\/product\/yoast-seo-wordpress\/ -->\n<title>Via de la plata - Camino de Santiago zu Pferd<\/title>\n<meta name=\"description\" content=\"Wir organisieren Reitrouten entlang der Franz\u00f6sischen, Portugiesischen, Via de la Plata, Englischen und anderen Optionen.\" \/>\n<meta name=\"robots\" content=\"index, follow, max-snippet:-1, max-image-preview:large, max-video-preview:-1\" \/>\n<link rel=\"canonical\" href=\"https:\/\/www.caminosantiagoacaballo.com\/de\/der-silberweg\/\" \/>\n<meta property=\"og:locale\" content=\"de_DE\" \/>\n<meta property=\"og:type\" content=\"article\" \/>\n<meta property=\"og:title\" content=\"Via de la plata - Camino de Santiago zu Pferd\" \/>\n<meta property=\"og:description\" content=\"Wir organisieren Reitrouten entlang der Franz\u00f6sischen, Portugiesischen, Via de la Plata, Englischen und anderen Optionen.\" \/>\n<meta property=\"og:url\" content=\"https:\/\/www.caminosantiagoacaballo.com\/de\/der-silberweg\/\" \/>\n<meta property=\"og:site_name\" content=\"Camino de Santiago a Caballo\" \/>\n<meta property=\"article:modified_time\" content=\"2022-10-06T10:43:18+00:00\" \/>\n<meta property=\"og:image\" content=\"https:\/\/www.caminosantiagoacaballo.com\/wp-content\/uploads\/2022\/09\/via-de-la-plata-1.jpg\" \/>\n<meta name=\"twitter:card\" content=\"summary_large_image\" \/>\n<script type=\"application\/ld+json\" class=\"yoast-schema-graph\">{\"@context\":\"https:\/\/schema.org\",\"@graph\":[{\"@type\":\"WebPage\",\"@id\":\"https:\/\/www.caminosantiagoacaballo.com\/de\/der-silberweg\/\",\"url\":\"https:\/\/www.caminosantiagoacaballo.com\/de\/der-silberweg\/\",\"name\":\"Via de la plata - Camino de Santiago zu Pferd\",\"isPartOf\":{\"@id\":\"https:\/\/www.caminosantiagoacaballo.com\/de\/#website\"},\"primaryImageOfPage\":{\"@id\":\"https:\/\/www.caminosantiagoacaballo.com\/de\/der-silberweg\/#primaryimage\"},\"image\":{\"@id\":\"https:\/\/www.caminosantiagoacaballo.com\/de\/der-silberweg\/#primaryimage\"},\"thumbnailUrl\":\"https:\/\/www.caminosantiagoacaballo.com\/wp-content\/uploads\/2022\/09\/via-de-la-plata-1.jpg\",\"datePublished\":\"2016-10-16T13:02:02+00:00\",\"dateModified\":\"2022-10-06T10:43:18+00:00\",\"description\":\"Wir organisieren Reitrouten entlang der Franz\u00f6sischen, Portugiesischen, Via de la Plata, Englischen und anderen Optionen.\",\"breadcrumb\":{\"@id\":\"https:\/\/www.caminosantiagoacaballo.com\/de\/der-silberweg\/#breadcrumb\"},\"inLanguage\":\"de\",\"potentialAction\":[{\"@type\":\"ReadAction\",\"target\":[\"https:\/\/www.caminosantiagoacaballo.com\/de\/der-silberweg\/\"]}]},{\"@type\":\"ImageObject\",\"inLanguage\":\"de\",\"@id\":\"https:\/\/www.caminosantiagoacaballo.com\/de\/der-silberweg\/#primaryimage\",\"url\":\"https:\/\/www.caminosantiagoacaballo.com\/wp-content\/uploads\/2022\/09\/via-de-la-plata-1.jpg\",\"contentUrl\":\"https:\/\/www.caminosantiagoacaballo.com\/wp-content\/uploads\/2022\/09\/via-de-la-plata-1.jpg\"},{\"@type\":\"BreadcrumbList\",\"@id\":\"https:\/\/www.caminosantiagoacaballo.com\/de\/der-silberweg\/#breadcrumb\",\"itemListElement\":[{\"@type\":\"ListItem\",\"position\":1,\"name\":\"Portada\",\"item\":\"https:\/\/www.caminosantiagoacaballo.com\/de\/\"},{\"@type\":\"ListItem\",\"position\":2,\"name\":\"Via de la Plata\"}]},{\"@type\":\"WebSite\",\"@id\":\"https:\/\/www.caminosantiagoacaballo.com\/de\/#website\",\"url\":\"https:\/\/www.caminosantiagoacaballo.com\/de\/\",\"name\":\"Camino de Santiago a Caballo\",\"description\":\"Realiza el Camino de Santiago con la mayor seguridad y comodidad a caballo\",\"publisher\":{\"@id\":\"https:\/\/www.caminosantiagoacaballo.com\/de\/#organization\"},\"potentialAction\":[{\"@type\":\"SearchAction\",\"target\":{\"@type\":\"EntryPoint\",\"urlTemplate\":\"https:\/\/www.caminosantiagoacaballo.com\/de\/?s={search_term_string}\"},\"query-input\":{\"@type\":\"PropertyValueSpecification\",\"valueRequired\":true,\"valueName\":\"search_term_string\"}}],\"inLanguage\":\"de\"},{\"@type\":\"Organization\",\"@id\":\"https:\/\/www.caminosantiagoacaballo.com\/de\/#organization\",\"name\":\"Camino de Santiago a Caballo\",\"url\":\"https:\/\/www.caminosantiagoacaballo.com\/de\/\",\"logo\":{\"@type\":\"ImageObject\",\"inLanguage\":\"de\",\"@id\":\"https:\/\/www.caminosantiagoacaballo.com\/de\/#\/schema\/logo\/image\/\",\"url\":\"https:\/\/www.caminosantiagoacaballo.com\/wp-content\/uploads\/2022\/09\/camino-santiago-a-caballo-logo.jpg\",\"contentUrl\":\"https:\/\/www.caminosantiagoacaballo.com\/wp-content\/uploads\/2022\/09\/camino-santiago-a-caballo-logo.jpg\",\"width\":199,\"height\":180,\"caption\":\"Camino de Santiago a Caballo\"},\"image\":{\"@id\":\"https:\/\/www.caminosantiagoacaballo.com\/de\/#\/schema\/logo\/image\/\"}}]}<\/script>\n<!-- \/ Yoast SEO plugin. -->","yoast_head_json":{"title":"Via de la plata - Camino de Santiago zu Pferd","description":"Wir organisieren Reitrouten entlang der Franz\u00f6sischen, Portugiesischen, Via de la Plata, Englischen und anderen Optionen.","robots":{"index":"index","follow":"follow","max-snippet":"max-snippet:-1","max-image-preview":"max-image-preview:large","max-video-preview":"max-video-preview:-1"},"canonical":"https:\/\/www.caminosantiagoacaballo.com\/de\/der-silberweg\/","og_locale":"de_DE","og_type":"article","og_title":"Via de la plata - Camino de Santiago zu Pferd","og_description":"Wir organisieren Reitrouten entlang der Franz\u00f6sischen, Portugiesischen, Via de la Plata, Englischen und anderen Optionen.","og_url":"https:\/\/www.caminosantiagoacaballo.com\/de\/der-silberweg\/","og_site_name":"Camino de Santiago a Caballo","article_modified_time":"2022-10-06T10:43:18+00:00","og_image":[{"url":"https:\/\/www.caminosantiagoacaballo.com\/wp-content\/uploads\/2022\/09\/via-de-la-plata-1.jpg","type":"","width":"","height":""}],"twitter_card":"summary_large_image","schema":{"@context":"https:\/\/schema.org","@graph":[{"@type":"WebPage","@id":"https:\/\/www.caminosantiagoacaballo.com\/de\/der-silberweg\/","url":"https:\/\/www.caminosantiagoacaballo.com\/de\/der-silberweg\/","name":"Via de la plata - Camino de Santiago zu Pferd","isPartOf":{"@id":"https:\/\/www.caminosantiagoacaballo.com\/de\/#website"},"primaryImageOfPage":{"@id":"https:\/\/www.caminosantiagoacaballo.com\/de\/der-silberweg\/#primaryimage"},"image":{"@id":"https:\/\/www.caminosantiagoacaballo.com\/de\/der-silberweg\/#primaryimage"},"thumbnailUrl":"https:\/\/www.caminosantiagoacaballo.com\/wp-content\/uploads\/2022\/09\/via-de-la-plata-1.jpg","datePublished":"2016-10-16T13:02:02+00:00","dateModified":"2022-10-06T10:43:18+00:00","description":"Wir organisieren Reitrouten entlang der Franz\u00f6sischen, Portugiesischen, Via de la Plata, Englischen und anderen Optionen.","breadcrumb":{"@id":"https:\/\/www.caminosantiagoacaballo.com\/de\/der-silberweg\/#breadcrumb"},"inLanguage":"de","potentialAction":[{"@type":"ReadAction","target":["https:\/\/www.caminosantiagoacaballo.com\/de\/der-silberweg\/"]}]},{"@type":"ImageObject","inLanguage":"de","@id":"https:\/\/www.caminosantiagoacaballo.com\/de\/der-silberweg\/#primaryimage","url":"https:\/\/www.caminosantiagoacaballo.com\/wp-content\/uploads\/2022\/09\/via-de-la-plata-1.jpg","contentUrl":"https:\/\/www.caminosantiagoacaballo.com\/wp-content\/uploads\/2022\/09\/via-de-la-plata-1.jpg"},{"@type":"BreadcrumbList","@id":"https:\/\/www.caminosantiagoacaballo.com\/de\/der-silberweg\/#breadcrumb","itemListElement":[{"@type":"ListItem","position":1,"name":"Portada","item":"https:\/\/www.caminosantiagoacaballo.com\/de\/"},{"@type":"ListItem","position":2,"name":"Via de la Plata"}]},{"@type":"WebSite","@id":"https:\/\/www.caminosantiagoacaballo.com\/de\/#website","url":"https:\/\/www.caminosantiagoacaballo.com\/de\/","name":"Camino de Santiago a Caballo","description":"Realiza el Camino de Santiago con la mayor seguridad y comodidad a caballo","publisher":{"@id":"https:\/\/www.caminosantiagoacaballo.com\/de\/#organization"},"potentialAction":[{"@type":"SearchAction","target":{"@type":"EntryPoint","urlTemplate":"https:\/\/www.caminosantiagoacaballo.com\/de\/?s={search_term_string}"},"query-input":{"@type":"PropertyValueSpecification","valueRequired":true,"valueName":"search_term_string"}}],"inLanguage":"de"},{"@type":"Organization","@id":"https:\/\/www.caminosantiagoacaballo.com\/de\/#organization","name":"Camino de Santiago a Caballo","url":"https:\/\/www.caminosantiagoacaballo.com\/de\/","logo":{"@type":"ImageObject","inLanguage":"de","@id":"https:\/\/www.caminosantiagoacaballo.com\/de\/#\/schema\/logo\/image\/","url":"https:\/\/www.caminosantiagoacaballo.com\/wp-content\/uploads\/2022\/09\/camino-santiago-a-caballo-logo.jpg","contentUrl":"https:\/\/www.caminosantiagoacaballo.com\/wp-content\/uploads\/2022\/09\/camino-santiago-a-caballo-logo.jpg","width":199,"height":180,"caption":"Camino de Santiago a Caballo"},"image":{"@id":"https:\/\/www.caminosantiagoacaballo.com\/de\/#\/schema\/logo\/image\/"}}]}},"publishpress_future_workflow_manual_trigger":{"enabledWorkflows":[]},"_links":{"self":[{"href":"https:\/\/www.caminosantiagoacaballo.com\/de\/wp-json\/wp\/v2\/pages\/4747","targetHints":{"allow":["GET"]}}],"collection":[{"href":"https:\/\/www.caminosantiagoacaballo.com\/de\/wp-json\/wp\/v2\/pages"}],"about":[{"href":"https:\/\/www.caminosantiagoacaballo.com\/de\/wp-json\/wp\/v2\/types\/page"}],"author":[{"embeddable":true,"href":"https:\/\/www.caminosantiagoacaballo.com\/de\/wp-json\/wp\/v2\/users\/1"}],"replies":[{"embeddable":true,"href":"https:\/\/www.caminosantiagoacaballo.com\/de\/wp-json\/wp\/v2\/comments?post=4747"}],"version-history":[{"count":0,"href":"https:\/\/www.caminosantiagoacaballo.com\/de\/wp-json\/wp\/v2\/pages\/4747\/revisions"}],"wp:attachment":[{"href":"https:\/\/www.caminosantiagoacaballo.com\/de\/wp-json\/wp\/v2\/media?parent=4747"}],"curies":[{"name":"wp","href":"https:\/\/api.w.org\/{rel}","templated":true}]}}