{"id":461,"date":"2017-01-08T17:38:43","date_gmt":"2017-01-08T16:38:43","guid":{"rendered":"http:\/\/localhost:70\/caminosantiago\/de\/?page_id=461"},"modified":"2022-10-06T18:20:59","modified_gmt":"2022-10-06T16:20:59","slug":"der-franzoesische-weg","status":"publish","type":"page","link":"https:\/\/www.caminosantiagoacaballo.com\/de\/der-franzoesische-weg\/","title":{"rendered":"Franz\u00f6sische Weg"},"content":{"rendered":"<p><center><iframe src=\"https:\/\/www.google.com\/maps\/d\/embed?mid=1rGfJc1F4cmpx3zWeErucWycZm5s\" width=\"95%\" height=\"480\"><\/iframe><\/center>\t\t<\/p>\n<p><strong>Der franz\u00f6sische Weg zu Pferd &#8211; Historische Einf\u00fchrung<\/strong><\/p>\n<p>Der Franz\u00f6sische Weg ist die jakobinische Route mit der l\u00e4ngsten historischen Tradition und der gr\u00f6\u00dften internationalen Anerkennung. Seine Route durch den Norden der Iberischen Halbinsel wurde um 1135 im Codex Calixtinus, einem grundlegenden Buch des jakobinischen Erbes, genau festgelegt.<\/p>\n<p>Dieser F\u00fchrer, der dem franz\u00f6sischen Geistlichen Aymeric Picaud zugeschrieben wird, zeugt von dem politisch-religi\u00f6sen Wunsch, das Heiligtum von Compostela zu f\u00f6rdern und den Zugang zu ihm zu erleichtern, zeigt aber auch, dass es eine Nachfrage nach dieser Art von Informationen gab. Als dieses Buch geschrieben wurde, erreichten die Pilgerfahrten ihren H\u00f6hepunkt und der Franz\u00f6sische Weg seine gr\u00f6\u00dfte Zahl an Pilgern &#8211; wenn wir die heutige Zeit ausklammern &#8211; Santiago wurde zu einem Ziel f\u00fcr Pilger aus der ganzen christlichen Welt.<\/p>\n<p><strong>Reiseplan<\/strong><\/p>\n<p>Der Franz\u00f6sische Weg ist die jakobinische Route mit der l\u00e4ngsten historischen Tradition und der gr\u00f6\u00dften internationalen Anerkennung. Seine Route durch den Norden der Iberischen Halbinsel wurde um 1135 im Codex Calixtinus, einem grundlegenden Buch des jakobinischen Erbes, genau festgelegt.<\/p>\n<p>Dieser F\u00fchrer, der dem franz\u00f6sischen Geistlichen Aymeric Picaud zugeschrieben wird, zeugt von dem politisch-religi\u00f6sen Wunsch, das Heiligtum von Compostela zu f\u00f6rdern und den Zugang zu ihm zu erleichtern, zeigt aber auch, dass es eine Nachfrage nach dieser Art von Informationen gab. Als dieses Buch geschrieben wurde, erreichten die Pilgerfahrten ihren H\u00f6hepunkt und der Franz\u00f6sische Weg seine gr\u00f6\u00dfte Zahl an Pilgern &#8211; wenn wir die heutige Zeit ausklammern &#8211; Santiago wurde zu einem Ziel f\u00fcr Pilger aus der ganzen christlichen Welt.<\/p>\n<p><img fetchpriority=\"high\" decoding=\"async\" src=\"https:\/\/www.caminosantiagoacaballo.com\/wp-content\/uploads\/2022\/09\/camino-frances-1.jpg\" alt=\"\" width=\"379\" height=\"253\"><\/p>\n<p>Der Franz\u00f6sische Weg betritt Galicien von El Bierzo bis zum Bergpass von O Cebreiro (1.300 m) in der Provinz Lugo. Es sind noch 152 Kilometer des Camino bis nach Santiago de Compostela.<\/p>\n<p>Auf dem Gipfel von O Cebreiro befindet sich das Dorf mit protohistorischer Tradition, das an die rauen klimatischen Bedingungen des Hochgebirges angepasst ist. Dieses Dorf ist auch ein wichtiges ethnographisches Gebiet, dessen sichtbarster Bezugspunkt die Sammlung von Pallozas ist, die sehr charakteristisch f\u00fcr den Nordwesten der Iberischen Halbinsel sind.<\/p>\n<p><img decoding=\"async\" src=\"https:\/\/www.caminosantiagoacaballo.com\/wp-content\/uploads\/2022\/09\/camino-frances-10.jpg\" alt=\"\" width=\"500\" height=\"373\"><\/p>\n<p>Von O Cebreiro aus geht es weiter durch das Berggebiet und auf einem Weg, der zu den nahegelegenen Bergketten Os Ancares und O Courel f\u00fchrt, erreichen Sie Hospital da Condesa und bald das Dorf Padornelo.<\/p>\n<p>Nachdem Sie den O Poio-Pass (1.337 m, der h\u00f6chste Punkt des Franz\u00f6sischen Weges in Galicien) erreicht haben, beginnt der sanfte Abstieg in Richtung Fonfr\u00eda. Von hier aus erreichen Sie inmitten eines wundersch\u00f6nen gr\u00fcnen Panoramas die Stadt Triacastela.<\/p>\n<p><img decoding=\"async\" src=\"https:\/\/www.caminosantiagoacaballo.com\/wp-content\/uploads\/2022\/09\/camino-frances-15.jpg\" alt=\"\" width=\"500\" height=\"373\"><\/p>\n<p>Beim Verlassen von Triacastela gabelt sich der Camino. Sie k\u00f6nnen direkt nach Sarria weiterfahren, durch eine Kette alter D\u00f6rfer mit gro\u00dfer jakobinischer Tradition: A Balsa, San XiI, Mont\u00e1n, Pint\u00edn, Calvor und San Mamede do Cami\u00f1o. Oder Sie nehmen die Strecke in Richtung der Stadt Samos, die nicht nur sch\u00f6ne Landschaften bietet, die den Fluss Sarria \u00fcberqueren, und D\u00f6rfer wie San Cristovo oder San Marti\u00f1o, sondern auch ein Kloster, das als eines der \u00e4ltesten im Westen gilt.<\/p>\n<p>Unabh\u00e4ngig davon, ob wir der Samos- oder der San Xil-Route folgen, treffen wir uns in Sarria, der mit mehr als siebentausend Einwohnern bev\u00f6lkerungsreichsten Stadt an der Franz\u00f6sischen Route in Galicien. Von hier aus macht sich der Pilger \u00fcber die alte Br\u00fccke von A \u00c1spera auf den Weg nach Barbadelo, das man bald erreicht, nachdem man einen der sch\u00f6nsten &#8222;carballeiras&#8220; &#8211; Eichenw\u00e4lder &#8211; auf der Route durchquert hat. Der Weg f\u00fchrt durch ein zusammenh\u00e4ngendes Gebiet von B\u00e4umen, Wiesen und Ackerland, durch Abschnitte, die die \u00dcberreste alter Stra\u00dfen erkennen lassen, und erreicht die Gemeinde Paradela.<\/p>\n<p><img loading=\"lazy\" decoding=\"async\" src=\"https:\/\/www.caminosantiagoacaballo.com\/wp-content\/uploads\/2022\/09\/camino-frances-17.jpg\" alt=\"\" width=\"500\" height=\"373\"><\/p>\n<p>Inmitten einer offenen und angenehmen Landschaft f\u00fchrt die Route hinunter zu den Ufern des Flusses Mi\u00f1o, wo zum ersten und einzigen Mal auf der Franz\u00f6sischen Route in Galicien die Weinberge zu sehen sind. Um in die Stadt Portomar\u00edn zu gelangen, m\u00fcssen Sie die Br\u00fccke \u00fcberqueren, die in den fr\u00fchen 1960er Jahren gebaut wurde, um den Belesar-Stausee am Mi\u00f1o zu \u00fcberqueren. Sie k\u00f6nnen auch die Ruinen des alten Portomar\u00edn sehen, das durch den Bau des Stausees vom Wasser zerst\u00f6rt wurde, obwohl es eine der sch\u00f6nsten und reichsten St\u00e4dte Galiciens war. Durch das Dorf Gonzar f\u00fchrt der Weg weiter nach Castromaior, Ventas de Nar\u00f3n und Lameiros, das heute zur Gemeinde Monterroso geh\u00f6rt. Etwas weiter entfernt, in der Stadt Ligonde, gibt es noch immer wichtige Beispiele f\u00fcr traditionelle architektonische Typologien.<\/p>\n<p><img loading=\"lazy\" decoding=\"async\" src=\"https:\/\/www.caminosantiagoacaballo.com\/wp-content\/uploads\/2022\/09\/camino-frances-100.jpg\" alt=\"\" width=\"500\" height=\"373\"><\/p>\n<p>Unmittelbar danach betritt die Route die L\u00e4ndereien von Palas de Rei, einer Gemeinde, die ihren Namen einem angeblichen K\u00f6nigspalast verdankt, der weit entfernt in ihrer N\u00e4he errichtet wurde. Der Weg verl\u00e4sst Palas durch A Ulloa, ein Land der Milchproduktion und des k\u00f6stlichen K\u00e4ses, neben anderen traditionellen Produkten. In der N\u00e4he dieses Abschnitts erreichen Sie \u00fcber einen kleinen Umweg die Burg von Pambre, eine der wenigen galicischen Feudalburgen, die vor der Wut der K\u00e4mpfe der &#8222;Irmandi\u00f1os&#8220; bewahrt wurde. Auf dem R\u00fcckweg zum Camino beginnt die Reise durch die Provinz A Coru\u00f1a, auf dem Weg zum Dorf Leboeiro und Furelos, das von einer grandiosen mittelalterlichen Br\u00fccke \u00fcberquert wird.<\/p>\n<p>In Melide, einer Stadt, die als geographischer Mittelpunkt Galiciens gilt und in der man den besten galicischen Tintenfisch genie\u00dfen kann, wird der Franz\u00f6sische Weg st\u00e4dtisch und empf\u00e4ngt die Pilger des Primitiven Weges. Die Route ist in eine Stadt mit einer starken historischen jakobinischen Identit\u00e4t integriert. Nach Melide folgt Boente, Casta\u00f1eda und in der N\u00e4he von Arz\u00faa liegt Ribadiso.<\/p>\n<p><img loading=\"lazy\" decoding=\"async\" src=\"https:\/\/www.caminosantiagoacaballo.com\/wp-content\/uploads\/2022\/09\/camino-frances-25.jpg\" alt=\"\" width=\"500\" height=\"373\"><\/p>\n<p>In der Stadt Arz\u00faa, die f\u00fcr den gro\u00dfen Reichtum der K\u00e4seproduktion in der Region bekannt ist, empf\u00e4ngt der Franz\u00f6sische Weg die Pilger, die vom Nordweg kommen. Von Arz\u00faa aus f\u00fchrt der Weg wieder ins Landesinnere zwischen Wiesen, Eichen und Eukalyptusb\u00e4umen, die kleine D\u00f6rfer wie Calzada, Salceda, Brea &#8230; und R\u00faa umgeben, das bereits vor den Toren der Gemeinde O Pino liegt, der letzten vor Santiago.<\/p>\n<p>Bereits in der Gemeinde Santiago und nachdem er die N\u00e4he des Flughafens der Stadt passiert hat, kommt der Pilger in A Lavacolla an, ganz in der N\u00e4he des Monte do Gozo, einer kleinen Anh\u00f6he, von der aus die Pilger zum ersten Mal einen Fernblick auf die T\u00fcrme der Kathedrale von Santiago haben.<\/p>\n<p>Wir werden die Stadt Santiago und nat\u00fcrlich die Kathedrale besuchen. Schlie\u00dflich bringen wir Sie zum Flughafen oder Bahnhof, wo unser Service endet.<\/p>\n<p><strong>Eine originelle M\u00f6glichkeit, den Franz\u00f6sischen Weg zu gehen: die Pferdekutsche.<\/strong><\/p>\n<p>Bei Caminos Galicia bieten wir Ihnen auch die Alternative, den Franz\u00f6sischen Weg von Portomar\u00edn aus in drei Tagesetappen zu gehen. In diesem Fall k\u00f6nnen wir die Strecke auf zwei Arten zur\u00fccklegen: zu Pferd oder mit der Pferdekutsche.<\/p>\n","protected":false},"excerpt":{"rendered":"<p>Der franz\u00f6sische Weg zu Pferd &#8211; Historische Einf\u00fchrung Der Franz\u00f6sische Weg ist die jakobinische Route mit der l\u00e4ngsten historischen Tradition und der gr\u00f6\u00dften internationalen Anerkennung. Seine Route durch den Norden der Iberischen Halbinsel wurde um 1135 im Codex Calixtinus, einem grundlegenden Buch des jakobinischen Erbes, genau festgelegt. Dieser F\u00fchrer, der dem franz\u00f6sischen Geistlichen Aymeric Picaud [&hellip;]<\/p>\n","protected":false},"author":1,"featured_media":0,"parent":0,"menu_order":0,"comment_status":"closed","ping_status":"closed","template":"","meta":{"_joinchat":[],"footnotes":""},"class_list":["post-461","page","type-page","status-publish","hentry"],"yoast_head":"<!-- This site is optimized with the Yoast SEO plugin v26.9 - https:\/\/yoast.com\/product\/yoast-seo-wordpress\/ -->\n<title>Der Franz\u00f6sische Weg zu Pferd - Camino de Santiago zu Pferd<\/title>\n<meta name=\"description\" content=\"Wir organisieren Reitrouten entlang der Franz\u00f6sischen, Portugiesischen, Via de la Plata, Englischen und anderen Optionen.\" \/>\n<meta name=\"robots\" content=\"index, follow, max-snippet:-1, max-image-preview:large, max-video-preview:-1\" \/>\n<link rel=\"canonical\" href=\"https:\/\/www.caminosantiagoacaballo.com\/de\/der-franzoesische-weg\/\" \/>\n<meta property=\"og:locale\" content=\"de_DE\" \/>\n<meta property=\"og:type\" content=\"article\" \/>\n<meta property=\"og:title\" content=\"Der Franz\u00f6sische Weg zu Pferd - Camino de Santiago zu Pferd\" \/>\n<meta property=\"og:description\" content=\"Wir organisieren Reitrouten entlang der Franz\u00f6sischen, Portugiesischen, Via de la Plata, Englischen und anderen Optionen.\" \/>\n<meta property=\"og:url\" content=\"https:\/\/www.caminosantiagoacaballo.com\/de\/der-franzoesische-weg\/\" \/>\n<meta property=\"og:site_name\" content=\"Camino de Santiago a Caballo\" \/>\n<meta property=\"article:modified_time\" content=\"2022-10-06T16:20:59+00:00\" \/>\n<meta property=\"og:image\" content=\"https:\/\/www.caminosantiagoacaballo.com\/wp-content\/uploads\/2022\/09\/camino-frances-1.jpg\" \/>\n<meta name=\"twitter:card\" content=\"summary_large_image\" \/>\n<script type=\"application\/ld+json\" class=\"yoast-schema-graph\">{\"@context\":\"https:\/\/schema.org\",\"@graph\":[{\"@type\":\"WebPage\",\"@id\":\"https:\/\/www.caminosantiagoacaballo.com\/de\/der-franzoesische-weg\/\",\"url\":\"https:\/\/www.caminosantiagoacaballo.com\/de\/der-franzoesische-weg\/\",\"name\":\"Der Franz\u00f6sische Weg zu Pferd - Camino de Santiago zu Pferd\",\"isPartOf\":{\"@id\":\"https:\/\/www.caminosantiagoacaballo.com\/de\/#website\"},\"primaryImageOfPage\":{\"@id\":\"https:\/\/www.caminosantiagoacaballo.com\/de\/der-franzoesische-weg\/#primaryimage\"},\"image\":{\"@id\":\"https:\/\/www.caminosantiagoacaballo.com\/de\/der-franzoesische-weg\/#primaryimage\"},\"thumbnailUrl\":\"https:\/\/www.caminosantiagoacaballo.com\/wp-content\/uploads\/2022\/09\/camino-frances-1.jpg\",\"datePublished\":\"2017-01-08T16:38:43+00:00\",\"dateModified\":\"2022-10-06T16:20:59+00:00\",\"description\":\"Wir organisieren Reitrouten entlang der Franz\u00f6sischen, Portugiesischen, Via de la Plata, Englischen und anderen Optionen.\",\"breadcrumb\":{\"@id\":\"https:\/\/www.caminosantiagoacaballo.com\/de\/der-franzoesische-weg\/#breadcrumb\"},\"inLanguage\":\"de\",\"potentialAction\":[{\"@type\":\"ReadAction\",\"target\":[\"https:\/\/www.caminosantiagoacaballo.com\/de\/der-franzoesische-weg\/\"]}]},{\"@type\":\"ImageObject\",\"inLanguage\":\"de\",\"@id\":\"https:\/\/www.caminosantiagoacaballo.com\/de\/der-franzoesische-weg\/#primaryimage\",\"url\":\"https:\/\/www.caminosantiagoacaballo.com\/wp-content\/uploads\/2022\/09\/camino-frances-1.jpg\",\"contentUrl\":\"https:\/\/www.caminosantiagoacaballo.com\/wp-content\/uploads\/2022\/09\/camino-frances-1.jpg\"},{\"@type\":\"BreadcrumbList\",\"@id\":\"https:\/\/www.caminosantiagoacaballo.com\/de\/der-franzoesische-weg\/#breadcrumb\",\"itemListElement\":[{\"@type\":\"ListItem\",\"position\":1,\"name\":\"Portada\",\"item\":\"https:\/\/www.caminosantiagoacaballo.com\/de\/\"},{\"@type\":\"ListItem\",\"position\":2,\"name\":\"Franz\u00f6sische Weg\"}]},{\"@type\":\"WebSite\",\"@id\":\"https:\/\/www.caminosantiagoacaballo.com\/de\/#website\",\"url\":\"https:\/\/www.caminosantiagoacaballo.com\/de\/\",\"name\":\"Camino de Santiago a Caballo\",\"description\":\"Realiza el Camino de Santiago con la mayor seguridad y comodidad a caballo\",\"publisher\":{\"@id\":\"https:\/\/www.caminosantiagoacaballo.com\/de\/#organization\"},\"potentialAction\":[{\"@type\":\"SearchAction\",\"target\":{\"@type\":\"EntryPoint\",\"urlTemplate\":\"https:\/\/www.caminosantiagoacaballo.com\/de\/?s={search_term_string}\"},\"query-input\":{\"@type\":\"PropertyValueSpecification\",\"valueRequired\":true,\"valueName\":\"search_term_string\"}}],\"inLanguage\":\"de\"},{\"@type\":\"Organization\",\"@id\":\"https:\/\/www.caminosantiagoacaballo.com\/de\/#organization\",\"name\":\"Camino de Santiago a Caballo\",\"url\":\"https:\/\/www.caminosantiagoacaballo.com\/de\/\",\"logo\":{\"@type\":\"ImageObject\",\"inLanguage\":\"de\",\"@id\":\"https:\/\/www.caminosantiagoacaballo.com\/de\/#\/schema\/logo\/image\/\",\"url\":\"https:\/\/www.caminosantiagoacaballo.com\/wp-content\/uploads\/2022\/09\/camino-santiago-a-caballo-logo.jpg\",\"contentUrl\":\"https:\/\/www.caminosantiagoacaballo.com\/wp-content\/uploads\/2022\/09\/camino-santiago-a-caballo-logo.jpg\",\"width\":199,\"height\":180,\"caption\":\"Camino de Santiago a Caballo\"},\"image\":{\"@id\":\"https:\/\/www.caminosantiagoacaballo.com\/de\/#\/schema\/logo\/image\/\"}}]}<\/script>\n<!-- \/ Yoast SEO plugin. -->","yoast_head_json":{"title":"Der Franz\u00f6sische Weg zu Pferd - Camino de Santiago zu Pferd","description":"Wir organisieren Reitrouten entlang der Franz\u00f6sischen, Portugiesischen, Via de la Plata, Englischen und anderen Optionen.","robots":{"index":"index","follow":"follow","max-snippet":"max-snippet:-1","max-image-preview":"max-image-preview:large","max-video-preview":"max-video-preview:-1"},"canonical":"https:\/\/www.caminosantiagoacaballo.com\/de\/der-franzoesische-weg\/","og_locale":"de_DE","og_type":"article","og_title":"Der Franz\u00f6sische Weg zu Pferd - Camino de Santiago zu Pferd","og_description":"Wir organisieren Reitrouten entlang der Franz\u00f6sischen, Portugiesischen, Via de la Plata, Englischen und anderen Optionen.","og_url":"https:\/\/www.caminosantiagoacaballo.com\/de\/der-franzoesische-weg\/","og_site_name":"Camino de Santiago a Caballo","article_modified_time":"2022-10-06T16:20:59+00:00","og_image":[{"url":"https:\/\/www.caminosantiagoacaballo.com\/wp-content\/uploads\/2022\/09\/camino-frances-1.jpg","type":"","width":"","height":""}],"twitter_card":"summary_large_image","schema":{"@context":"https:\/\/schema.org","@graph":[{"@type":"WebPage","@id":"https:\/\/www.caminosantiagoacaballo.com\/de\/der-franzoesische-weg\/","url":"https:\/\/www.caminosantiagoacaballo.com\/de\/der-franzoesische-weg\/","name":"Der Franz\u00f6sische Weg zu Pferd - Camino de Santiago zu Pferd","isPartOf":{"@id":"https:\/\/www.caminosantiagoacaballo.com\/de\/#website"},"primaryImageOfPage":{"@id":"https:\/\/www.caminosantiagoacaballo.com\/de\/der-franzoesische-weg\/#primaryimage"},"image":{"@id":"https:\/\/www.caminosantiagoacaballo.com\/de\/der-franzoesische-weg\/#primaryimage"},"thumbnailUrl":"https:\/\/www.caminosantiagoacaballo.com\/wp-content\/uploads\/2022\/09\/camino-frances-1.jpg","datePublished":"2017-01-08T16:38:43+00:00","dateModified":"2022-10-06T16:20:59+00:00","description":"Wir organisieren Reitrouten entlang der Franz\u00f6sischen, Portugiesischen, Via de la Plata, Englischen und anderen Optionen.","breadcrumb":{"@id":"https:\/\/www.caminosantiagoacaballo.com\/de\/der-franzoesische-weg\/#breadcrumb"},"inLanguage":"de","potentialAction":[{"@type":"ReadAction","target":["https:\/\/www.caminosantiagoacaballo.com\/de\/der-franzoesische-weg\/"]}]},{"@type":"ImageObject","inLanguage":"de","@id":"https:\/\/www.caminosantiagoacaballo.com\/de\/der-franzoesische-weg\/#primaryimage","url":"https:\/\/www.caminosantiagoacaballo.com\/wp-content\/uploads\/2022\/09\/camino-frances-1.jpg","contentUrl":"https:\/\/www.caminosantiagoacaballo.com\/wp-content\/uploads\/2022\/09\/camino-frances-1.jpg"},{"@type":"BreadcrumbList","@id":"https:\/\/www.caminosantiagoacaballo.com\/de\/der-franzoesische-weg\/#breadcrumb","itemListElement":[{"@type":"ListItem","position":1,"name":"Portada","item":"https:\/\/www.caminosantiagoacaballo.com\/de\/"},{"@type":"ListItem","position":2,"name":"Franz\u00f6sische Weg"}]},{"@type":"WebSite","@id":"https:\/\/www.caminosantiagoacaballo.com\/de\/#website","url":"https:\/\/www.caminosantiagoacaballo.com\/de\/","name":"Camino de Santiago a Caballo","description":"Realiza el Camino de Santiago con la mayor seguridad y comodidad a caballo","publisher":{"@id":"https:\/\/www.caminosantiagoacaballo.com\/de\/#organization"},"potentialAction":[{"@type":"SearchAction","target":{"@type":"EntryPoint","urlTemplate":"https:\/\/www.caminosantiagoacaballo.com\/de\/?s={search_term_string}"},"query-input":{"@type":"PropertyValueSpecification","valueRequired":true,"valueName":"search_term_string"}}],"inLanguage":"de"},{"@type":"Organization","@id":"https:\/\/www.caminosantiagoacaballo.com\/de\/#organization","name":"Camino de Santiago a Caballo","url":"https:\/\/www.caminosantiagoacaballo.com\/de\/","logo":{"@type":"ImageObject","inLanguage":"de","@id":"https:\/\/www.caminosantiagoacaballo.com\/de\/#\/schema\/logo\/image\/","url":"https:\/\/www.caminosantiagoacaballo.com\/wp-content\/uploads\/2022\/09\/camino-santiago-a-caballo-logo.jpg","contentUrl":"https:\/\/www.caminosantiagoacaballo.com\/wp-content\/uploads\/2022\/09\/camino-santiago-a-caballo-logo.jpg","width":199,"height":180,"caption":"Camino de Santiago a Caballo"},"image":{"@id":"https:\/\/www.caminosantiagoacaballo.com\/de\/#\/schema\/logo\/image\/"}}]}},"publishpress_future_workflow_manual_trigger":{"enabledWorkflows":[]},"_links":{"self":[{"href":"https:\/\/www.caminosantiagoacaballo.com\/de\/wp-json\/wp\/v2\/pages\/461","targetHints":{"allow":["GET"]}}],"collection":[{"href":"https:\/\/www.caminosantiagoacaballo.com\/de\/wp-json\/wp\/v2\/pages"}],"about":[{"href":"https:\/\/www.caminosantiagoacaballo.com\/de\/wp-json\/wp\/v2\/types\/page"}],"author":[{"embeddable":true,"href":"https:\/\/www.caminosantiagoacaballo.com\/de\/wp-json\/wp\/v2\/users\/1"}],"replies":[{"embeddable":true,"href":"https:\/\/www.caminosantiagoacaballo.com\/de\/wp-json\/wp\/v2\/comments?post=461"}],"version-history":[{"count":0,"href":"https:\/\/www.caminosantiagoacaballo.com\/de\/wp-json\/wp\/v2\/pages\/461\/revisions"}],"wp:attachment":[{"href":"https:\/\/www.caminosantiagoacaballo.com\/de\/wp-json\/wp\/v2\/media?parent=461"}],"curies":[{"name":"wp","href":"https:\/\/api.w.org\/{rel}","templated":true}]}}