{"id":1176,"date":"2016-10-17T16:09:45","date_gmt":"2016-10-17T14:09:45","guid":{"rendered":"http:\/\/caminosantiagoacaballo.com\/2016\/de\/fechas-y-precios-para-el-2017\/"},"modified":"2022-09-08T22:59:41","modified_gmt":"2022-09-08T20:59:41","slug":"bestaetig-weg","status":"publish","type":"page","link":"https:\/\/www.caminosantiagoacaballo.com\/de\/bestaetig-weg\/","title":{"rendered":"Termine und Preise 2022"},"content":{"rendered":"<p>&nbsp;<\/p>\n<h2 class=\"Estilo1\" style=\"text-align: left;\" align=\"center\">FRANZ\u00d6SISCHER WEG<\/h2>\n<ul>\n<li>21 M\u00c4RZ &#8211; 26 M\u00c4RZ<\/li>\n<li>01 APRIL &#8211; 29 APRIL<\/li>\n<\/ul>\n<p>&nbsp;<\/p>\n<p align=\"left\"><b><u>Von anderen Abfahrtsorten: siehe Termine und Preise<\/u><\/b><\/p>\n<p align=\"left\"><img decoding=\"async\" src=\"http:\/\/caminosantiagoacaballo.com\/images\/layout\/fechas_clip_image009.gif\" alt=\"DD\" width=\"25\" height=\"14\"><strong class=\"destacado2\"><u>Preis \/ Person auf dem Pferder\u00fccken:<\/u><\/strong><\/p>\n<ul>\n<li><strong class=\"destacado2\">von Sarria<\/strong> (6 TAGE &#8211; 5 N\u00c4CHTE) <span class=\"destacadoprecios\"><br \/>\n  <u>1.650 \u20ac<\/u><br \/>\n<\/span><\/li>\n<li><strong class=\"destacado2\">von O Cebreiro<\/strong> (7 TAGE &#8211; 6 N\u00c4CHTE) <span class=\"destacadoprecios\"><br \/>\n  <u>1.875\u20ac<\/u><br \/>\n<\/span><\/li>\n<li><strong class=\"destacado2\">von Astorga<\/strong> (10 TAGE &#8211; 9 N\u00c4CHTE) <span class=\"destacadoprecios\"><br \/>\n  <u>2.900 \u20ac<\/u><br \/>\n<\/span><\/li>\n<li><strong class=\"destacado2\">aus Le\u00f3n<\/strong>  <span style=\"text-decoration: underline;\"><br \/>\n  <span class=\"destacadoprecios\">3.600 \u20ac<\/span><br \/>\n<\/span><\/li>\n<li><strong class=\"destacado2\">aus Burgos<\/strong>  <span style=\"text-decoration: underline;\"><br \/>\n  <span class=\"destacadoprecios\">5.100 \u20ac<\/span><br \/>\n<\/span><\/li>\n<li><strong class=\"destacado2\">von Logro\u00f1o<\/strong> (22 TAGE &#8211; 21 N\u00c4CHTE) <span style=\"text-decoration: underline;\"><br \/>\n  <span class=\"destacadoprecios\">6.250\u20ac<\/span><br \/>\n<\/span><\/li>\n<li><strong class=\"destacado2\">aus Pamplona<\/strong>  <span style=\"text-decoration: underline;\"><br \/>\n  <span class=\"destacadoprecios\">6.500 \u20ac<\/span><br \/>\n<\/span><\/li>\n<li><strong class=\"destacado2\">von Roncesvalles<\/strong> (29 TAGE &#8211; 28 N\u00c4CHTE) <span style=\"text-decoration: underline;\"><br \/>\n  <span class=\"destacadoprecios\">8.300 \u20ac<\/span><br \/>\n<\/span><\/li>\n<li><strong class=\"destacado2\">Stra\u00dfe nach Finisterre <\/strong>(6 TAGE &#8211; 5 N\u00c4CHTE) <span class=\"destacadoprecios\"><br \/>\n  <u>1.650 \u20ac<\/u><br \/>\n<\/span><\/li>\n<li>  (5 TAGE &#8211; 4 N\u00c4CHTE) <span class=\"destacadoprecios\"><br \/>\n  <u>1.400 \u20ac<\/u><br \/>\n<\/span><\/li>\n<li><strong class=\"destacado2\">Stra\u00dfe nach Finisterre (Fortsetzung der vorherigen Route) <\/strong>(4 TAGE &#8211; 3 NACHTEN) <span class=\"destacadoprecios\"><br \/>\n  <u>1.200 \u20ac<\/u><br \/>\n<\/span><\/li>\n<\/ul>\n<p>&nbsp;<\/p>\n<h2 class=\"Estilo1\" style=\"text-align: left;\" align=\"center\">PORTUGIESISCHER WEG<\/h2>\n<ul>\n<li>30 APRIL &#8211; 03 MAI<\/li>\n<li>08 MAI &#8211; 15 MAI<\/li>\n<\/ul>\n<p>&nbsp;<\/p>\n<p align=\"left\"><b><u>Von anderen Abfahrtsorten: siehe Termine und Preise<\/u><\/b><\/p>\n<p align=\"left\"><img decoding=\"async\" src=\"http:\/\/caminosantiagoacaballo.com\/images\/layout\/fechas_clip_image009.gif\" alt=\"DD\" width=\"25\" height=\"14\"><strong class=\"destacado2\"><u>Preis \/ Person auf dem Pferder\u00fccken:<\/u><\/strong><\/p>\n<ul>\n<li style=\"text-align: left;\"><strong class=\"destacado2\">ab Pontevedra<\/strong> (4 TAGE &#8211; 3 N\u00c4CHTE) <span class=\"destacadoprecios\"><br \/>\n  <u>1.200 \u20ac<\/u><br \/>\n<\/span><\/li>\n<li style=\"text-align: left;\"><strong class=\"destacado2\">von Redondela<\/strong> (5 TAGE &#8211; 4 N\u00c4CHTE) <span class=\"destacadoprecios\"><br \/>\n  <u>1.500 \u20ac<\/u><br \/>\n<\/span><\/li>\n<li style=\"text-align: left;\"><strong class=\"destacado2\">von Tui<\/strong> (6 TAGE &#8211; 5 N\u00c4CHTE) <span class=\"destacadoprecios\"><br \/>\n  <u>1.750\u20ac<\/u><br \/>\n<\/span><\/li>\n<li style=\"text-align: left;\"><strong class=\"destacado2\">ab Ponte de Lima<\/strong> (7 TAGE &#8211; 6 N\u00c4CHTE) <span class=\"destacadoprecios\"><br \/>\n  <u>2.000 \u20ac<\/u><br \/>\n<\/span><\/li>\n<li style=\"text-align: left;\"><strong class=\"destacado2\">ab Barcelos<\/strong> (8 TAGE &#8211; 7 N\u00c4CHTE) <span class=\"destacadoprecios\"><br \/>\n  <u>2.300 \u20ac<\/u><br \/>\n<\/span><\/li>\n<li style=\"text-align: left;\"><strong class=\"destacado2\">von Viana do Castelo pola costa ( <\/strong>12 TAGE &#8211; 11 NACHTEN) <span class=\"destacadoprecios\"><br \/>\n  <u>3.600 \u20ac<\/u><br \/>\n<\/span><\/li>\n<li style=\"text-align: left;\"><strong class=\"destacado2\">ab Porto<\/strong> (10 TAGE &#8211; 9 N\u00c4CHTE) <span class=\"destacadoprecios\"><br \/>\n  <u>3.000 \u20ac<\/u><br \/>\n<\/span><\/li>\n<\/ul>\n<p>&nbsp;<\/p>\n<h2 class=\"Estilo1\" style=\"text-align: left;\" align=\"center\">N\u00d6RDLICHER WEG<\/h2>\n<div class=\"textos\" align=\"center\">\n<p align=\"left\"><b><u>Von anderen Abfahrtsorten: siehe Termine und Preise<\/u><\/b><\/p>\n<p align=\"left\"><img decoding=\"async\" src=\"http:\/\/caminosantiagoacaballo.com\/images\/layout\/fechas_clip_image009.gif\" alt=\"DD\" width=\"25\" height=\"14\"><strong class=\"destacado2\"><u>Preis \/ Person auf dem Pferder\u00fccken:<\/u><\/strong><\/p>\n<ul>\n<li>\n<div align=\"left\">\n<div align=\"left\"><strong class=\"destacado2\">ab Abad\u00edn<\/strong> (7 TAGE &#8211; 6 N\u00c4CHTE) <span class=\"destacadoprecios\"><br \/>\n  <u>2.100 \u20ac<\/u><br \/>\n<\/span><\/div>\n<\/div>\n<\/li>\n<li>\n<div align=\"left\">\n<div align=\"left\"><strong class=\"destacado2\">ab Mondo\u00f1edo <\/strong>(8 TAGE &#8211; 7 N\u00c4CHTE) <span class=\"destacadoprecios\"><br \/>\n  <u>2.400 \u20ac<\/u><br \/>\n<\/span><\/div>\n<\/div>\n<\/li>\n<li>\n<div align=\"left\"><strong class=\"destacado2\">ab Ribadeo <\/strong>(9 TAGE &#8211; 8 N\u00c4CHTE) <span class=\"destacadoprecios\"><br \/>\n  <u>2.700 \u20ac<\/u><br \/>\n<\/span><\/div>\n<\/li>\n<li>\n<div align=\"left\"><strong class=\"destacado2\">von Vegadeo <\/strong>(9 TAGE &#8211; 8 N\u00c4CHTE) <span class=\"destacadoprecios\"><br \/>\n  <u>2.700 \u20ac<\/u><br \/>\n<\/span><\/div>\n<\/li>\n<li>\n<div align=\"left\"><strong class=\"destacado2\">von Luarca <\/strong>(10 TAGE &#8211; 9 N\u00c4CHTE) <span class=\"destacadoprecios\"><br \/>\n  <u>3.000 \u20ac<\/u><br \/>\n<\/span><\/div>\n<\/li>\n<\/ul>\n<\/div>\n<p>&nbsp;<\/p>\n<h2 class=\"Estilo1\" style=\"text-align: left;\" align=\"center\">ROUTE DES MEERES<\/h2>\n<ul>\n<li>03 MAI &#8211; 08 MAI<\/li>\n<li>08 MAI &#8211; 15 MAI<\/li>\n<\/ul>\n<p>&nbsp;<\/p>\n<div class=\"textos\" style=\"text-align: justify;\" align=\"center\"><b style=\"text-align: left;\"><u>Von anderen Abfahrtsorten: siehe Termine und Preise<\/u><\/b><\/div>\n<div class=\"textos\" align=\"center\">\n<p style=\"text-align: left;\"><img decoding=\"async\" src=\"http:\/\/caminosantiagoacaballo.com\/images\/layout\/fechas_clip_image009.gif\" width=\"25\" height=\"14\"><strong class=\"destacado2\"><u>Preis \/ Person auf dem Pferder\u00fccken:<\/u><\/strong><\/p>\n<ul>\n<li style=\"text-align: left;\"><strong class=\"destacado2\">ab Pontevedra entlang der K\u00fcste <\/strong>(6 TAGE &#8211; 5 N\u00c4CHTE) <span class=\"destacadoprecios\"><br \/>\n  <u>1.800 \u20ac<\/u><br \/>\n<\/span><\/li>\n<li style=\"text-align: left;\"><strong class=\"destacado2\">von Vigo <\/strong>(7 TAGE &#8211; 6 N\u00c4CHTE ) <span class=\"destacadoprecios\"><br \/>\n  <u>2.100 \u20ac<\/u><br \/>\n<\/span><\/li>\n<li style=\"text-align: left;\"><strong class=\"destacado2\">ab Baiona <\/strong>(9 TAGE &#8211; 8 N\u00c4CHTE) <span class=\"destacadoprecios\"><br \/>\n  <u>2.700 \u20ac<\/u><br \/>\n<\/span><\/li>\n<li style=\"text-align: left;\"><strong class=\"destacado2\">von A Guardia <\/strong>(10 TAGE &#8211; 9 N\u00c4CHTE) <span class=\"destacadoprecios\"><br \/>\n  <u>3.000 \u20ac<\/u><br \/>\n<\/span><\/li>\n<\/ul>\n<\/div>\n<p>&nbsp;<\/p>\n<h2 class=\"Estilo1\" style=\"text-align: left;\" align=\"center\">PRIMITIVSTRASSE<\/h2>\n<p align=\"left\"><b><u>Von anderen Abfahrtsorten: siehe Termine und Preise<\/u><\/b><\/p>\n<p><img decoding=\"async\" src=\"http:\/\/caminosantiagoacaballo.com\/images\/layout\/fechas_clip_image009.gif\" width=\"25\" height=\"14\"><strong class=\"destacado2\"><u>Preis \/ Person auf dem Pferder\u00fccken:<\/u><\/strong><\/p>\n<ul>\n<li><strong class=\"destacado2\">ab Pola de Allande<\/strong> (10 TAGE &#8211; 9 N\u00c4CHTE) <span class=\"destacadoprecios\"><br \/>\n  <u>3.000<\/u><br \/>\n<\/span><span class=\"destacadoprecios\"><br \/>\n  <u>\u20ac<\/u><br \/>\n<\/span><\/li>\n<li><strong class=\"destacado2\">von Oviedo <\/strong>(14 TAGE &#8211; 13 N\u00c4CHTE) <span class=\"destacadoprecios\"><br \/>\n  <u>4.200\u20ac<\/u><br \/>\n<\/span><\/li>\n<\/ul>\n<p>&nbsp;<\/p>\n<h2 class=\"Estilo1\" style=\"text-align: left;\" align=\"center\">FINISTERRE<\/h2>\n<p align=\"left\"><b><u>Daten konsultieren<\/u><\/b><\/p>\n<p>Um die Route zu vervollst\u00e4ndigen, k\u00f6nnen Sie eine der hier genannten Routen 4 Tage lang bis nach Fisterra fortsetzen. (1.200\u20ac)<\/p>\n<p><img decoding=\"async\" src=\"http:\/\/caminosantiagoacaballo.com\/images\/layout\/fechas_clip_image009.gif\" alt=\"s\" width=\"25\" height=\"14\"><strong class=\"destacado2\"><u>Preis \/ Person auf dem Pferder\u00fccken:<\/u><\/strong><\/p>\n<ul>\n<li><strong class=\"destacado2\">Stra\u00dfe nach Finisterre <\/strong>(6 TAGE &#8211; 5 N\u00c4CHTE) <u><\/u><span class=\"destacadoprecios\"><br \/>\n  <u>1.750\u20ac<\/u><br \/>\n<\/span><\/li>\n<li><strong class=\"destacado2\">Stra\u00dfe nach Finisterre <\/strong>(5 TAGE &#8211; 4 N\u00c4CHTE) <span class=\"destacadoprecios\"><br \/>\n  <u>1.500 \u20ac<\/u><br \/>\n<\/span><\/li>\n<li><strong class=\"destacado2\">Stra\u00dfe nach Finisterre (Fortsetzung der vorherigen Route) <\/strong>(4 TAGE &#8211; 3 NACHTEN) <span class=\"destacadoprecios\"><br \/>\n  <u>1.200 \u20ac<\/u><br \/>\n<\/span><\/li>\n<\/ul>\n<p><span class=\"destacadoprecios\"><u>F\u00fcr andere Strecken: siehe Termine und Preise.<\/u><\/span><\/p>\n<p><strong><a href=\"#\">KLICKEN SIE HIER, UM DIE BEDINGUNGEN ZU SEHEN<\/a><\/strong><\/p>\n<p><span class=\"destacadoprecios\"><u>WICHTIGE HINWEISE<\/u><u><\/u><\/span><\/p>\n<ul>\n<li>Alle unsere Routen k\u00f6nnen an der Plaza del Obradoiro (Kathedrale) enden, wo Sie sie zu Pferd besichtigen k\u00f6nnen.<\/li>\n<li>Es besteht die M\u00f6glichkeit, an verschiedenen Punkten der Strecke einzusteigen.<\/li>\n<li><span dir=\"ltr\">Unser Service beginnt am ersten Tag um 16 Uhr am Treffpunkt Ihrer Wahl. (Flugh\u00e4fen, Bus- oder Bahnh\u00f6fe&#8230;)<\/span><\/li>\n<li><span dir=\"ltr\">Die obige Preisliste gilt f\u00fcr Gruppen von mindestens 4 Personen.<\/span><\/li>\n<li>Bei einer Mindestanzahl von 2 Pilgern kann eine Gruppe er\u00f6ffnet werden, mit der M\u00f6glichkeit, die Anzahl der Teilnehmer zwischen 2 und 20 zu erh\u00f6hen.<\/li>\n<li><span dir=\"ltr\">Der Service endet am letzten Tag nach dem Fr\u00fchst\u00fcck und dem Transfer zum Treffpunkt, wenn Sie am selben Tag zur\u00fcckkehren<\/span>.<\/li>\n<li><span dir=\"ltr\">Bei Doppelzimmern zur Einzelnutzung wird der entsprechende Zuschlag berechnet.<\/span><\/li>\n<li>Preis f\u00fcr Begleitpersonen, zu Fu\u00df oder in einem Begleitfahrzeug, bitte fragen Sie uns.<\/li>\n<\/ul>\n","protected":false},"excerpt":{"rendered":"<p>&nbsp; FRANZ\u00d6SISCHER WEG 21 M\u00c4RZ &#8211; 26 M\u00c4RZ 01 APRIL &#8211; 29 APRIL &nbsp; Von anderen Abfahrtsorten: siehe Termine und Preise Preis \/ Person auf dem Pferder\u00fccken: von Sarria (6 TAGE &#8211; 5 N\u00c4CHTE) 1.650 \u20ac von O Cebreiro (7 TAGE &#8211; 6 N\u00c4CHTE) 1.875\u20ac von Astorga (10 TAGE &#8211; 9 N\u00c4CHTE) 2.900 \u20ac aus [&hellip;]<\/p>\n","protected":false},"author":1,"featured_media":0,"parent":0,"menu_order":0,"comment_status":"closed","ping_status":"closed","template":"","meta":{"_joinchat":[],"footnotes":""},"class_list":["post-1176","page","type-page","status-publish","hentry"],"yoast_head":"<!-- This site is optimized with the Yoast SEO plugin v26.9 - https:\/\/yoast.com\/product\/yoast-seo-wordpress\/ -->\n<title>Termine und Preise - Camino de Santiago a Caballo<\/title>\n<meta name=\"description\" content=\"Wir organisieren Reiten auf dem Camino de Santiago Franz\u00f6sisch, Portugiesisch, \u00fcber de la Plata, Englisch und andere Optionen.\" \/>\n<meta name=\"robots\" content=\"index, follow, max-snippet:-1, max-image-preview:large, max-video-preview:-1\" \/>\n<link rel=\"canonical\" href=\"https:\/\/www.caminosantiagoacaballo.com\/de\/bestaetig-weg\/\" \/>\n<meta property=\"og:locale\" content=\"de_DE\" \/>\n<meta property=\"og:type\" content=\"article\" \/>\n<meta property=\"og:title\" content=\"Termine und Preise - Camino de Santiago a Caballo\" \/>\n<meta property=\"og:description\" content=\"Wir organisieren Reiten auf dem Camino de Santiago Franz\u00f6sisch, Portugiesisch, \u00fcber de la Plata, Englisch und andere Optionen.\" \/>\n<meta property=\"og:url\" content=\"https:\/\/www.caminosantiagoacaballo.com\/de\/bestaetig-weg\/\" \/>\n<meta property=\"og:site_name\" content=\"Camino de Santiago a Caballo\" \/>\n<meta property=\"article:modified_time\" content=\"2022-09-08T20:59:41+00:00\" \/>\n<meta property=\"og:image\" content=\"http:\/\/caminosantiagoacaballo.com\/images\/layout\/fechas_clip_image009.gif\" \/>\n<meta name=\"twitter:card\" content=\"summary_large_image\" \/>\n<script type=\"application\/ld+json\" class=\"yoast-schema-graph\">{\"@context\":\"https:\/\/schema.org\",\"@graph\":[{\"@type\":\"WebPage\",\"@id\":\"https:\/\/www.caminosantiagoacaballo.com\/de\/bestaetig-weg\/\",\"url\":\"https:\/\/www.caminosantiagoacaballo.com\/de\/bestaetig-weg\/\",\"name\":\"Termine und Preise - Camino de Santiago a Caballo\",\"isPartOf\":{\"@id\":\"https:\/\/www.caminosantiagoacaballo.com\/de\/#website\"},\"primaryImageOfPage\":{\"@id\":\"https:\/\/www.caminosantiagoacaballo.com\/de\/bestaetig-weg\/#primaryimage\"},\"image\":{\"@id\":\"https:\/\/www.caminosantiagoacaballo.com\/de\/bestaetig-weg\/#primaryimage\"},\"thumbnailUrl\":\"http:\/\/caminosantiagoacaballo.com\/images\/layout\/fechas_clip_image009.gif\",\"datePublished\":\"2016-10-17T14:09:45+00:00\",\"dateModified\":\"2022-09-08T20:59:41+00:00\",\"description\":\"Wir organisieren Reiten auf dem Camino de Santiago Franz\u00f6sisch, Portugiesisch, \u00fcber de la Plata, Englisch und andere Optionen.\",\"breadcrumb\":{\"@id\":\"https:\/\/www.caminosantiagoacaballo.com\/de\/bestaetig-weg\/#breadcrumb\"},\"inLanguage\":\"de\",\"potentialAction\":[{\"@type\":\"ReadAction\",\"target\":[\"https:\/\/www.caminosantiagoacaballo.com\/de\/bestaetig-weg\/\"]}]},{\"@type\":\"ImageObject\",\"inLanguage\":\"de\",\"@id\":\"https:\/\/www.caminosantiagoacaballo.com\/de\/bestaetig-weg\/#primaryimage\",\"url\":\"http:\/\/caminosantiagoacaballo.com\/images\/layout\/fechas_clip_image009.gif\",\"contentUrl\":\"http:\/\/caminosantiagoacaballo.com\/images\/layout\/fechas_clip_image009.gif\"},{\"@type\":\"BreadcrumbList\",\"@id\":\"https:\/\/www.caminosantiagoacaballo.com\/de\/bestaetig-weg\/#breadcrumb\",\"itemListElement\":[{\"@type\":\"ListItem\",\"position\":1,\"name\":\"Portada\",\"item\":\"https:\/\/www.caminosantiagoacaballo.com\/de\/\"},{\"@type\":\"ListItem\",\"position\":2,\"name\":\"Termine und Preise 2022\"}]},{\"@type\":\"WebSite\",\"@id\":\"https:\/\/www.caminosantiagoacaballo.com\/de\/#website\",\"url\":\"https:\/\/www.caminosantiagoacaballo.com\/de\/\",\"name\":\"Camino de Santiago a Caballo\",\"description\":\"Realiza el Camino de Santiago con la mayor seguridad y comodidad a caballo\",\"publisher\":{\"@id\":\"https:\/\/www.caminosantiagoacaballo.com\/de\/#organization\"},\"potentialAction\":[{\"@type\":\"SearchAction\",\"target\":{\"@type\":\"EntryPoint\",\"urlTemplate\":\"https:\/\/www.caminosantiagoacaballo.com\/de\/?s={search_term_string}\"},\"query-input\":{\"@type\":\"PropertyValueSpecification\",\"valueRequired\":true,\"valueName\":\"search_term_string\"}}],\"inLanguage\":\"de\"},{\"@type\":\"Organization\",\"@id\":\"https:\/\/www.caminosantiagoacaballo.com\/de\/#organization\",\"name\":\"Camino de Santiago a Caballo\",\"url\":\"https:\/\/www.caminosantiagoacaballo.com\/de\/\",\"logo\":{\"@type\":\"ImageObject\",\"inLanguage\":\"de\",\"@id\":\"https:\/\/www.caminosantiagoacaballo.com\/de\/#\/schema\/logo\/image\/\",\"url\":\"https:\/\/www.caminosantiagoacaballo.com\/wp-content\/uploads\/2022\/09\/camino-santiago-a-caballo-logo.jpg\",\"contentUrl\":\"https:\/\/www.caminosantiagoacaballo.com\/wp-content\/uploads\/2022\/09\/camino-santiago-a-caballo-logo.jpg\",\"width\":199,\"height\":180,\"caption\":\"Camino de Santiago a Caballo\"},\"image\":{\"@id\":\"https:\/\/www.caminosantiagoacaballo.com\/de\/#\/schema\/logo\/image\/\"}}]}<\/script>\n<!-- \/ Yoast SEO plugin. -->","yoast_head_json":{"title":"Termine und Preise - Camino de Santiago a Caballo","description":"Wir organisieren Reiten auf dem Camino de Santiago Franz\u00f6sisch, Portugiesisch, \u00fcber de la Plata, Englisch und andere Optionen.","robots":{"index":"index","follow":"follow","max-snippet":"max-snippet:-1","max-image-preview":"max-image-preview:large","max-video-preview":"max-video-preview:-1"},"canonical":"https:\/\/www.caminosantiagoacaballo.com\/de\/bestaetig-weg\/","og_locale":"de_DE","og_type":"article","og_title":"Termine und Preise - Camino de Santiago a Caballo","og_description":"Wir organisieren Reiten auf dem Camino de Santiago Franz\u00f6sisch, Portugiesisch, \u00fcber de la Plata, Englisch und andere Optionen.","og_url":"https:\/\/www.caminosantiagoacaballo.com\/de\/bestaetig-weg\/","og_site_name":"Camino de Santiago a Caballo","article_modified_time":"2022-09-08T20:59:41+00:00","og_image":[{"url":"http:\/\/caminosantiagoacaballo.com\/images\/layout\/fechas_clip_image009.gif","type":"","width":"","height":""}],"twitter_card":"summary_large_image","schema":{"@context":"https:\/\/schema.org","@graph":[{"@type":"WebPage","@id":"https:\/\/www.caminosantiagoacaballo.com\/de\/bestaetig-weg\/","url":"https:\/\/www.caminosantiagoacaballo.com\/de\/bestaetig-weg\/","name":"Termine und Preise - Camino de Santiago a Caballo","isPartOf":{"@id":"https:\/\/www.caminosantiagoacaballo.com\/de\/#website"},"primaryImageOfPage":{"@id":"https:\/\/www.caminosantiagoacaballo.com\/de\/bestaetig-weg\/#primaryimage"},"image":{"@id":"https:\/\/www.caminosantiagoacaballo.com\/de\/bestaetig-weg\/#primaryimage"},"thumbnailUrl":"http:\/\/caminosantiagoacaballo.com\/images\/layout\/fechas_clip_image009.gif","datePublished":"2016-10-17T14:09:45+00:00","dateModified":"2022-09-08T20:59:41+00:00","description":"Wir organisieren Reiten auf dem Camino de Santiago Franz\u00f6sisch, Portugiesisch, \u00fcber de la Plata, Englisch und andere Optionen.","breadcrumb":{"@id":"https:\/\/www.caminosantiagoacaballo.com\/de\/bestaetig-weg\/#breadcrumb"},"inLanguage":"de","potentialAction":[{"@type":"ReadAction","target":["https:\/\/www.caminosantiagoacaballo.com\/de\/bestaetig-weg\/"]}]},{"@type":"ImageObject","inLanguage":"de","@id":"https:\/\/www.caminosantiagoacaballo.com\/de\/bestaetig-weg\/#primaryimage","url":"http:\/\/caminosantiagoacaballo.com\/images\/layout\/fechas_clip_image009.gif","contentUrl":"http:\/\/caminosantiagoacaballo.com\/images\/layout\/fechas_clip_image009.gif"},{"@type":"BreadcrumbList","@id":"https:\/\/www.caminosantiagoacaballo.com\/de\/bestaetig-weg\/#breadcrumb","itemListElement":[{"@type":"ListItem","position":1,"name":"Portada","item":"https:\/\/www.caminosantiagoacaballo.com\/de\/"},{"@type":"ListItem","position":2,"name":"Termine und Preise 2022"}]},{"@type":"WebSite","@id":"https:\/\/www.caminosantiagoacaballo.com\/de\/#website","url":"https:\/\/www.caminosantiagoacaballo.com\/de\/","name":"Camino de Santiago a Caballo","description":"Realiza el Camino de Santiago con la mayor seguridad y comodidad a caballo","publisher":{"@id":"https:\/\/www.caminosantiagoacaballo.com\/de\/#organization"},"potentialAction":[{"@type":"SearchAction","target":{"@type":"EntryPoint","urlTemplate":"https:\/\/www.caminosantiagoacaballo.com\/de\/?s={search_term_string}"},"query-input":{"@type":"PropertyValueSpecification","valueRequired":true,"valueName":"search_term_string"}}],"inLanguage":"de"},{"@type":"Organization","@id":"https:\/\/www.caminosantiagoacaballo.com\/de\/#organization","name":"Camino de Santiago a Caballo","url":"https:\/\/www.caminosantiagoacaballo.com\/de\/","logo":{"@type":"ImageObject","inLanguage":"de","@id":"https:\/\/www.caminosantiagoacaballo.com\/de\/#\/schema\/logo\/image\/","url":"https:\/\/www.caminosantiagoacaballo.com\/wp-content\/uploads\/2022\/09\/camino-santiago-a-caballo-logo.jpg","contentUrl":"https:\/\/www.caminosantiagoacaballo.com\/wp-content\/uploads\/2022\/09\/camino-santiago-a-caballo-logo.jpg","width":199,"height":180,"caption":"Camino de Santiago a Caballo"},"image":{"@id":"https:\/\/www.caminosantiagoacaballo.com\/de\/#\/schema\/logo\/image\/"}}]}},"publishpress_future_workflow_manual_trigger":{"enabledWorkflows":[]},"_links":{"self":[{"href":"https:\/\/www.caminosantiagoacaballo.com\/de\/wp-json\/wp\/v2\/pages\/1176","targetHints":{"allow":["GET"]}}],"collection":[{"href":"https:\/\/www.caminosantiagoacaballo.com\/de\/wp-json\/wp\/v2\/pages"}],"about":[{"href":"https:\/\/www.caminosantiagoacaballo.com\/de\/wp-json\/wp\/v2\/types\/page"}],"author":[{"embeddable":true,"href":"https:\/\/www.caminosantiagoacaballo.com\/de\/wp-json\/wp\/v2\/users\/1"}],"replies":[{"embeddable":true,"href":"https:\/\/www.caminosantiagoacaballo.com\/de\/wp-json\/wp\/v2\/comments?post=1176"}],"version-history":[{"count":0,"href":"https:\/\/www.caminosantiagoacaballo.com\/de\/wp-json\/wp\/v2\/pages\/1176\/revisions"}],"wp:attachment":[{"href":"https:\/\/www.caminosantiagoacaballo.com\/de\/wp-json\/wp\/v2\/media?parent=1176"}],"curies":[{"name":"wp","href":"https:\/\/api.w.org\/{rel}","templated":true}]}}