{"id":1166,"date":"2016-10-17T15:55:47","date_gmt":"2016-10-17T13:55:47","guid":{"rendered":"http:\/\/caminosantiagoacaballo.com\/2016\/de\/condiciones\/"},"modified":"2022-10-06T18:21:00","modified_gmt":"2022-10-06T16:21:00","slug":"bedingungen","status":"publish","type":"page","link":"https:\/\/www.caminosantiagoacaballo.com\/de\/bedingungen\/","title":{"rendered":"Plan der Reitroute"},"content":{"rendered":"<p><strong>Die Routen werden wie folgt entwickelt:<\/strong><\/p>\n<h4>Tag eins:<\/h4>\n<p>\u00dcberweisungen von: Flugh\u00e4fen, Bahnh\u00f6fe\/Busbahnh\u00f6fe\/Hotels in Santiago, Vigo oder an einem vorher vereinbarten Ort, der der Etappe am n\u00e4chsten liegt, an der Sie den Jakobsweg zu Pferd beginnen werden.<br \/>\nEmpfang\/Unterkunft\/Abendessen<\/p>\n<h4>Tag zwei:<\/h4>\n<ul>\n<li>8 Uhr Fr\u00fchst\u00fcck<\/li>\n<li>9 Uhr auf dem Pferder\u00fccken<\/li>\n<li>11 Uhr kurzer Zwischenstopp (Getr\u00e4nk \/ Snack \/ Kaffee ect.)<\/li>\n<li>11,30 Uhr auf dem Pferder\u00fccken<\/li>\n<li>14 Uhr Mittagessen<\/li>\n<li>16 Uhr auf dem Pferder\u00fccken<\/li>\n<li>18\/18,30 Uhr ca. Ankunft<br \/>\nRuhe \/ Freizeit<\/li>\n<li>20\/30, pm Abendessen<\/li>\n<li>22 Uhr Pause \/ freie Zeit<\/li>\n<\/ul>\n<h4>N\u00e4chste Etappen und Tage<\/h4>\n<p>\u00c4hnlich wie die Agenda des zweiten Tages.<\/p>\n<h4>Letzter Tag 07\/09\/am<\/h4>\n<ul>\n<li>Es ist m\u00f6glich, den PLAZA DO OBRADOIRO (KATHEDRALE VON SANTIAGO) zu Pferd zu betreten.<\/li>\n<li>  R\u00fcckkehr zum Hotel \/ Fr\u00fchst\u00fcck<\/li>\n<li>12 Uhr Transfer zum Abfahrtsort: Flughafen\/Bahnhof oder Busbahnhof in Santiago de Compostela, wenn Sie am selben Tag abreisen<\/li>\n<li>Das Ende unserer Dienste.<\/li>\n<\/ul>\n<p>Um den Jakobsweg zu Pferd zu absolvieren, ist der Zeitraum zwischen dem 15. M\u00e4rz und dem 15. Oktober am besten geeignet.<\/p>\n<p>Sie w\u00fcrden zwischen 25-35 km f\u00fcr 6-7 Stunden pro Tag fahren (normaler Modus).<\/p>\n<p>Die Wanderungen k\u00f6nnen auch in einem langsameren Modus absolviert werden: 20-25 km in 6-7 Stunden pro Tag (langsamer Modus) (f\u00fcr diesen Modus konsultieren Sie bitte die Etappen und Preise).<\/p>\n<p>Am letzten Tag haben Sie die M\u00f6glichkeit, von 7 bis 9 Uhr zur Plaza Obradoiro (KATHEDRALE VON SANTIAGO DE COMPOSTELA) zu reiten.<\/p>\n<p>Nachdem wir die Pferde verlassen hatten, holten wir die COMPOSTELANA im Pilgerb\u00fcro ab.<\/p>\n<p>Pilgermesse um 12 Uhr.<\/p>\n<h6>Das Ende unserer Dienste.<\/h6>\n","protected":false},"excerpt":{"rendered":"<p>Die Routen werden wie folgt entwickelt: Tag eins: \u00dcberweisungen von: Flugh\u00e4fen, Bahnh\u00f6fe\/Busbahnh\u00f6fe\/Hotels in Santiago, Vigo oder an einem vorher vereinbarten Ort, der der Etappe am n\u00e4chsten liegt, an der Sie den Jakobsweg zu Pferd beginnen werden. Empfang\/Unterkunft\/Abendessen Tag zwei: 8 Uhr Fr\u00fchst\u00fcck 9 Uhr auf dem Pferder\u00fccken 11 Uhr kurzer Zwischenstopp (Getr\u00e4nk \/ Snack \/ [&hellip;]<\/p>\n","protected":false},"author":1,"featured_media":0,"parent":0,"menu_order":0,"comment_status":"closed","ping_status":"closed","template":"","meta":{"_joinchat":[],"footnotes":""},"class_list":["post-1166","page","type-page","status-publish","hentry"],"yoast_head":"<!-- This site is optimized with the Yoast SEO plugin v26.9 - https:\/\/yoast.com\/product\/yoast-seo-wordpress\/ -->\n<title>Den Jakobsweg zu Pferd zur\u00fccklegen. Bedingungen und Dienstleistungen.<\/title>\n<meta name=\"description\" content=\"Wir organisieren Reitrouten entlang der Franz\u00f6sischen, Portugiesischen, Via de la Plata, Englischen und anderen Optionen.\" \/>\n<meta name=\"robots\" content=\"index, follow, max-snippet:-1, max-image-preview:large, max-video-preview:-1\" \/>\n<link rel=\"canonical\" href=\"https:\/\/www.caminosantiagoacaballo.com\/de\/bedingungen\/\" \/>\n<meta property=\"og:locale\" content=\"de_DE\" \/>\n<meta property=\"og:type\" content=\"article\" \/>\n<meta property=\"og:title\" content=\"Den Jakobsweg zu Pferd zur\u00fccklegen. Bedingungen und Dienstleistungen.\" \/>\n<meta property=\"og:description\" content=\"Wir organisieren Reitrouten entlang der Franz\u00f6sischen, Portugiesischen, Via de la Plata, Englischen und anderen Optionen.\" \/>\n<meta property=\"og:url\" content=\"https:\/\/www.caminosantiagoacaballo.com\/de\/bedingungen\/\" \/>\n<meta property=\"og:site_name\" content=\"Camino de Santiago a Caballo\" \/>\n<meta property=\"article:modified_time\" content=\"2022-10-06T16:21:00+00:00\" \/>\n<meta name=\"twitter:card\" content=\"summary_large_image\" \/>\n<script type=\"application\/ld+json\" class=\"yoast-schema-graph\">{\"@context\":\"https:\/\/schema.org\",\"@graph\":[{\"@type\":\"WebPage\",\"@id\":\"https:\/\/www.caminosantiagoacaballo.com\/de\/bedingungen\/\",\"url\":\"https:\/\/www.caminosantiagoacaballo.com\/de\/bedingungen\/\",\"name\":\"Den Jakobsweg zu Pferd zur\u00fccklegen. Bedingungen und Dienstleistungen.\",\"isPartOf\":{\"@id\":\"https:\/\/www.caminosantiagoacaballo.com\/de\/#website\"},\"datePublished\":\"2016-10-17T13:55:47+00:00\",\"dateModified\":\"2022-10-06T16:21:00+00:00\",\"description\":\"Wir organisieren Reitrouten entlang der Franz\u00f6sischen, Portugiesischen, Via de la Plata, Englischen und anderen Optionen.\",\"breadcrumb\":{\"@id\":\"https:\/\/www.caminosantiagoacaballo.com\/de\/bedingungen\/#breadcrumb\"},\"inLanguage\":\"de\",\"potentialAction\":[{\"@type\":\"ReadAction\",\"target\":[\"https:\/\/www.caminosantiagoacaballo.com\/de\/bedingungen\/\"]}]},{\"@type\":\"BreadcrumbList\",\"@id\":\"https:\/\/www.caminosantiagoacaballo.com\/de\/bedingungen\/#breadcrumb\",\"itemListElement\":[{\"@type\":\"ListItem\",\"position\":1,\"name\":\"Portada\",\"item\":\"https:\/\/www.caminosantiagoacaballo.com\/de\/\"},{\"@type\":\"ListItem\",\"position\":2,\"name\":\"Plan der Reitroute\"}]},{\"@type\":\"WebSite\",\"@id\":\"https:\/\/www.caminosantiagoacaballo.com\/de\/#website\",\"url\":\"https:\/\/www.caminosantiagoacaballo.com\/de\/\",\"name\":\"Camino de Santiago a Caballo\",\"description\":\"Realiza el Camino de Santiago con la mayor seguridad y comodidad a caballo\",\"publisher\":{\"@id\":\"https:\/\/www.caminosantiagoacaballo.com\/de\/#organization\"},\"potentialAction\":[{\"@type\":\"SearchAction\",\"target\":{\"@type\":\"EntryPoint\",\"urlTemplate\":\"https:\/\/www.caminosantiagoacaballo.com\/de\/?s={search_term_string}\"},\"query-input\":{\"@type\":\"PropertyValueSpecification\",\"valueRequired\":true,\"valueName\":\"search_term_string\"}}],\"inLanguage\":\"de\"},{\"@type\":\"Organization\",\"@id\":\"https:\/\/www.caminosantiagoacaballo.com\/de\/#organization\",\"name\":\"Camino de Santiago a Caballo\",\"url\":\"https:\/\/www.caminosantiagoacaballo.com\/de\/\",\"logo\":{\"@type\":\"ImageObject\",\"inLanguage\":\"de\",\"@id\":\"https:\/\/www.caminosantiagoacaballo.com\/de\/#\/schema\/logo\/image\/\",\"url\":\"https:\/\/www.caminosantiagoacaballo.com\/wp-content\/uploads\/2022\/09\/camino-santiago-a-caballo-logo.jpg\",\"contentUrl\":\"https:\/\/www.caminosantiagoacaballo.com\/wp-content\/uploads\/2022\/09\/camino-santiago-a-caballo-logo.jpg\",\"width\":199,\"height\":180,\"caption\":\"Camino de Santiago a Caballo\"},\"image\":{\"@id\":\"https:\/\/www.caminosantiagoacaballo.com\/de\/#\/schema\/logo\/image\/\"}}]}<\/script>\n<!-- \/ Yoast SEO plugin. -->","yoast_head_json":{"title":"Den Jakobsweg zu Pferd zur\u00fccklegen. Bedingungen und Dienstleistungen.","description":"Wir organisieren Reitrouten entlang der Franz\u00f6sischen, Portugiesischen, Via de la Plata, Englischen und anderen Optionen.","robots":{"index":"index","follow":"follow","max-snippet":"max-snippet:-1","max-image-preview":"max-image-preview:large","max-video-preview":"max-video-preview:-1"},"canonical":"https:\/\/www.caminosantiagoacaballo.com\/de\/bedingungen\/","og_locale":"de_DE","og_type":"article","og_title":"Den Jakobsweg zu Pferd zur\u00fccklegen. Bedingungen und Dienstleistungen.","og_description":"Wir organisieren Reitrouten entlang der Franz\u00f6sischen, Portugiesischen, Via de la Plata, Englischen und anderen Optionen.","og_url":"https:\/\/www.caminosantiagoacaballo.com\/de\/bedingungen\/","og_site_name":"Camino de Santiago a Caballo","article_modified_time":"2022-10-06T16:21:00+00:00","twitter_card":"summary_large_image","schema":{"@context":"https:\/\/schema.org","@graph":[{"@type":"WebPage","@id":"https:\/\/www.caminosantiagoacaballo.com\/de\/bedingungen\/","url":"https:\/\/www.caminosantiagoacaballo.com\/de\/bedingungen\/","name":"Den Jakobsweg zu Pferd zur\u00fccklegen. Bedingungen und Dienstleistungen.","isPartOf":{"@id":"https:\/\/www.caminosantiagoacaballo.com\/de\/#website"},"datePublished":"2016-10-17T13:55:47+00:00","dateModified":"2022-10-06T16:21:00+00:00","description":"Wir organisieren Reitrouten entlang der Franz\u00f6sischen, Portugiesischen, Via de la Plata, Englischen und anderen Optionen.","breadcrumb":{"@id":"https:\/\/www.caminosantiagoacaballo.com\/de\/bedingungen\/#breadcrumb"},"inLanguage":"de","potentialAction":[{"@type":"ReadAction","target":["https:\/\/www.caminosantiagoacaballo.com\/de\/bedingungen\/"]}]},{"@type":"BreadcrumbList","@id":"https:\/\/www.caminosantiagoacaballo.com\/de\/bedingungen\/#breadcrumb","itemListElement":[{"@type":"ListItem","position":1,"name":"Portada","item":"https:\/\/www.caminosantiagoacaballo.com\/de\/"},{"@type":"ListItem","position":2,"name":"Plan der Reitroute"}]},{"@type":"WebSite","@id":"https:\/\/www.caminosantiagoacaballo.com\/de\/#website","url":"https:\/\/www.caminosantiagoacaballo.com\/de\/","name":"Camino de Santiago a Caballo","description":"Realiza el Camino de Santiago con la mayor seguridad y comodidad a caballo","publisher":{"@id":"https:\/\/www.caminosantiagoacaballo.com\/de\/#organization"},"potentialAction":[{"@type":"SearchAction","target":{"@type":"EntryPoint","urlTemplate":"https:\/\/www.caminosantiagoacaballo.com\/de\/?s={search_term_string}"},"query-input":{"@type":"PropertyValueSpecification","valueRequired":true,"valueName":"search_term_string"}}],"inLanguage":"de"},{"@type":"Organization","@id":"https:\/\/www.caminosantiagoacaballo.com\/de\/#organization","name":"Camino de Santiago a Caballo","url":"https:\/\/www.caminosantiagoacaballo.com\/de\/","logo":{"@type":"ImageObject","inLanguage":"de","@id":"https:\/\/www.caminosantiagoacaballo.com\/de\/#\/schema\/logo\/image\/","url":"https:\/\/www.caminosantiagoacaballo.com\/wp-content\/uploads\/2022\/09\/camino-santiago-a-caballo-logo.jpg","contentUrl":"https:\/\/www.caminosantiagoacaballo.com\/wp-content\/uploads\/2022\/09\/camino-santiago-a-caballo-logo.jpg","width":199,"height":180,"caption":"Camino de Santiago a Caballo"},"image":{"@id":"https:\/\/www.caminosantiagoacaballo.com\/de\/#\/schema\/logo\/image\/"}}]}},"publishpress_future_workflow_manual_trigger":{"enabledWorkflows":[]},"_links":{"self":[{"href":"https:\/\/www.caminosantiagoacaballo.com\/de\/wp-json\/wp\/v2\/pages\/1166","targetHints":{"allow":["GET"]}}],"collection":[{"href":"https:\/\/www.caminosantiagoacaballo.com\/de\/wp-json\/wp\/v2\/pages"}],"about":[{"href":"https:\/\/www.caminosantiagoacaballo.com\/de\/wp-json\/wp\/v2\/types\/page"}],"author":[{"embeddable":true,"href":"https:\/\/www.caminosantiagoacaballo.com\/de\/wp-json\/wp\/v2\/users\/1"}],"replies":[{"embeddable":true,"href":"https:\/\/www.caminosantiagoacaballo.com\/de\/wp-json\/wp\/v2\/comments?post=1166"}],"version-history":[{"count":0,"href":"https:\/\/www.caminosantiagoacaballo.com\/de\/wp-json\/wp\/v2\/pages\/1166\/revisions"}],"wp:attachment":[{"href":"https:\/\/www.caminosantiagoacaballo.com\/de\/wp-json\/wp\/v2\/media?parent=1166"}],"curies":[{"name":"wp","href":"https:\/\/api.w.org\/{rel}","templated":true}]}}